{"id":77,"date":"2015-03-16T06:54:56","date_gmt":"2015-03-16T06:54:56","guid":{"rendered":"http:\/\/blogsaverroes.juntadeandalucia.es\/pre\/ceip\/?page_id=77"},"modified":"2026-03-09T12:15:19","modified_gmt":"2026-03-09T12:15:19","slug":"secretaria","status":"publish","type":"page","link":"https:\/\/blogsaverroes.juntadeandalucia.es\/iesveladalhamar\/secretaria\/","title":{"rendered":"Secretar\u00eda"},"content":{"rendered":"<p><span style=\"color: #000000\">\n\t\t\t<div class='et-tabs-container et_sliderfx_fade et_sliderauto_false et_sliderauto_speed_5000 et_slidertype_top_tabs'>\n\t\t\t\t<ul class='et-tabs-control'>\n\t\t\t<li><a href='#'>\n\t\t\tHorario\n\t\t<\/a><\/li> \n\t\t<li><a href='#'>\n\t\t\tEscolarizaci\u00f3n\n\t\t<\/a><\/li> \n\t\t<li><a href='#'>\n\t\t\tImpresos\n\t\t<\/a><\/li> \n\t\t<li><a href='#'>\n\t\t\tBecas y ayudas\n\t\t<\/a><\/li>\n\t\t<\/ul> \n\t\t<div class='et-tabs-content'>\n\t\t\t<div class='et-tabs-content-main-wrap'>\n\t\t\t\t<div class='et-tabs-content-wrapper'>\n\t\t\t\t\t<div class='et_slidecontent'>\n\t\t\t<\/span><\/p>\n<p><span style=\"color: #000000\">El horario de secretar\u00eda de <strong>atenci\u00f3n al p\u00fablico<\/strong> es el siguiente: <\/span><\/p>\n<p><span style=\"color: #000000\">Martes: 08:15h &#8211; 09:15h.<\/span><\/p>\n<p><span style=\"color: #000000\">Mi\u00e9rcoles: 8:15h &#8211; 10:15h .<\/span><\/p>\n<p><span style=\"color: #000000\">Jueves: 10:35h &#8211; 11:35h. <\/span><\/p>\n<p><span style=\"color: #000000\">Viernes: 09:15h &#8211; 10:15h. <\/span><\/p>\n<p><strong><span style=\"color: #000000\">Datos de contacto: <\/span><\/strong><\/p>\n<p><span style=\"color: #000000\">Tel\u00e9fonos: 950 419901, 600141540 y 600 141541<\/span><\/p>\n<p><span style=\"color: #000000\">Correo electr\u00f3nico: 04700491@g.educaand.es<\/span><span style=\"color: #000000\">\n\t\t<\/div> \n\t\t<div class='et_slidecontent'>\n\t\t\tPlazos de escolarizaci\u00f3n: <\/span><\/p>\n<p><span style=\"color: #000000\"><strong>Educaci\u00f3n Secundaria Obligatoria<\/strong><\/span><\/p>\n<p><span style=\"color: #000000\">Plazo ordinario: del 1 al 10 de julio de 2025.<\/span><\/p>\n<p><span style=\"color: #000000\">Una vez que se inicien los plazos administrativos&nbsp;<strong>(1 al 10 de julio)<\/strong>&nbsp;se establecer\u00e1 desde la web de la&nbsp;<a style=\"color: #000000\" href=\"https:\/\/www.juntadeandalucia.es\/educacion\/secretariavirtual\/solicitudes\/\" target=\"_blank\" rel=\"noopener noreferrer\">Secretar\u00eda Virtual<\/a> un enlace al sobre electr\u00f3nico de matr\u00edcula.<\/span><\/p>\n<p><span style=\"color: #000000\"><strong>Educaci\u00f3n Secundaria para Personas Adultas<\/strong><\/span><\/p>\n<p><span style=\"color: #000000\"><strong>Solicitudes de admisi\u00f3n<\/strong>: <span class=\"texto\">Del<\/span> <strong>1 <\/strong>al<strong> 16<\/strong>&nbsp;<strong><span class=\"texto\">de<\/span>&nbsp;<span class=\"fecha-mes\">junio<\/span>&nbsp;<span class=\"texto\">de<\/span>&nbsp;<span class=\"fecha-anyo\">2025<\/span><\/strong><\/span><\/p>\n<p><span style=\"color: #000000\"><strong>Matriculaci\u00f3n para los alumnos admitidos<\/strong>:<\/span><\/p>\n<ul>\n<li><span style=\"color: #000000\">Plazo ordinario: <span class=\"texto\">Del<\/span>&nbsp;<strong><span class=\"fecha-dia\">01<\/span><\/strong>&nbsp;<span class=\"texto\">al<\/span>&nbsp;<strong><span class=\"fecha-dia\">10<\/span>&nbsp;<span class=\"texto\">de<\/span>&nbsp;<span class=\"fecha-mes\">julio<\/span>&nbsp;<span class=\"texto\">de<\/span>&nbsp;<span class=\"fecha-anyo\">2025<\/span><\/strong><\/span><\/li>\n<li><span style=\"color: #000000\">Plazo extraordinario: <span class=\"texto\">Del<\/span>&nbsp;<strong><span class=\"fecha-dia\">15<\/span>&nbsp;<span class=\"texto\">de<\/span>&nbsp;<span class=\"fecha-mes\">septiembre<\/span><\/strong>&nbsp;<span class=\"texto\">al<\/span>&nbsp;<strong><span class=\"fecha-dia\">22<\/span>&nbsp;<span class=\"texto\">de<\/span>&nbsp;<span class=\"fecha-mes\">diciembre<\/span>&nbsp;<span class=\"texto\">de<\/span>&nbsp;<span class=\"fecha-anyo\">2025<\/span><\/strong><\/span><\/li>\n<\/ul>\n<p class=\"zfr3Q CDt4Ke \" dir=\"ltr\"><span style=\"color: #000000\"><span class=\"jgG6ef C9DxTc \">Puede encontrar toda la informaci\u00f3n relativa al procedimiento en:<\/span><a class=\"XqQF9c\" style=\"color: #000000\" href=\"https:\/\/portales.ced.junta-andalucia.es\/educacion\/portales\/web\/escolarizacion\/infantil-a-bachillerato\" target=\"_blank\" rel=\"noopener\"><span class=\"jgG6ef C9DxTc \">&nbsp;<\/span><\/a><\/span><\/p>\n<p class=\"zfr3Q CDt4Ke \" dir=\"ltr\"><a class=\"XqQF9c\" href=\"https:\/\/portales.ced.junta-andalucia.es\/educacion\/portales\/web\/escolarizacion\/infantil-a-bachillerato\" target=\"_blank\" rel=\"noopener\"><span class=\"jgG6ef C9DxTc \">https:\/\/portales.ced.junta-andalucia.es\/educacion\/portales\/web\/escolarizacion\/infantil-a-bachillerato<\/span><\/a><\/p>\n<p class=\"zfr3Q CDt4Ke \" dir=\"ltr\"><span style=\"color: #000000\"><span class=\"jgG6ef C9DxTc \">Ambos tr\u00e1mites se realizar\u00e1n preferiblemente de forma&nbsp;<\/span><span class=\"jgG6ef C9DxTc \">telem\u00e1tica<\/span><span class=\"jgG6ef C9DxTc \">&nbsp;en la<\/span><\/span><a class=\"XqQF9c\" href=\"https:\/\/www.juntadeandalucia.es\/educacion\/secretariavirtual\/solicitudes\/\" target=\"_blank\" rel=\"noopener\"><span class=\"jgG6ef C9DxTc \">&nbsp;<\/span><span class=\"jgG6ef C9DxTc \">Secretar\u00eda Virtual de los Centros Educativos<\/span><\/a><span class=\"jgG6ef C9DxTc \">&nbsp;<span style=\"color: #000000\">con Clave iANDE.<\/span><\/span><\/p>\n<p class=\"zfr3Q CDt4Ke \" dir=\"ltr\" style=\"text-align: justify\"><span class=\"jgG6ef C9DxTc \"><span style=\"color: #000000\">Tambi\u00e9n podr\u00e1 realizar estos tr\u00e1mites de forma presencial en la Secretar\u00eda del Centro en el horario de atenci\u00f3n<\/span> <span style=\"color: #000000\">al p\u00fablico y los d\u00edas habilitados para ello.&nbsp;<\/span><\/span><\/p>\n<p class=\"zfr3Q CDt4Ke \" dir=\"ltr\"><span class=\"jgG6ef C9DxTc \" style=\"color: #000000\">Documentos:<\/span><\/p>\n<ol>\n<li class=\"zfr3Q CDt4Ke \" dir=\"ltr\" role=\"presentation\"><span class=\"jgG6ef C9DxTc \" style=\"color: #000000\">Admisi\u00f3n:<\/span><\/li>\n<\/ol>\n<ul class=\"n8H08c UVNKR \">\n<li class=\"zfr3Q TYR86d eD0Rn \" dir=\"ltr\">\n<p class=\"zfr3Q CDt4Ke \" dir=\"ltr\" role=\"presentation\"><a class=\"XqQF9c\" href=\"https:\/\/portales.ced.junta-andalucia.es\/educacion\/portales\/documents\/100629\/669352\/3_Anexo%20III_002535_5.pdf\/16050806-cd1f-89da-678f-001bb54aab73?version=1.0\" target=\"_blank\" rel=\"noopener\"><span class=\"jgG6ef C9DxTc \">Anexo III (Admisi\u00f3n ordinaria)<\/span><\/a><\/p>\n<\/li>\n<li class=\"zfr3Q TYR86d eD0Rn \" dir=\"ltr\">\n<p class=\"zfr3Q CDt4Ke \" dir=\"ltr\" style=\"text-align: justify\" role=\"presentation\"><a class=\"XqQF9c\" href=\"https:\/\/portales.ced.junta-andalucia.es\/educacion\/portales\/documents\/100629\/669352\/9_Anexo%20IX_002541_4.pdf\/fdf4344b-6c9e-be16-e927-4e63760f0992?version=1.0\" target=\"_blank\" rel=\"noopener\"><span class=\"jgG6ef C9DxTc \">Anexo IX (Admisi\u00f3n extraordinaria)<\/span><\/a><span class=\"jgG6ef C9DxTc \"> +<span style=\"color: #000000\"> listado de documentaci\u00f3n a aportar (Fotocopias de DNI o pasaporte de ambos progenitores o de las personas que ostenten la tutela o guardia y custodia de menor, documento de conformidad firmado por ambos progenitores, fotocopia del libro de familia o, en su caso, certificado de nacimiento del alumno o documento p\u00fablico que acredite la filiaci\u00f3n o atribuci\u00f3n de la tutela o de la guardia y custodia, certificado de empadronamiento colectivo expedido por el ayuntamiento del municipio de residencia y documento de conformidad de ambos progenitores en la realizaci\u00f3n de la matr\u00edcula. Si procede de otra Comunidad Aut\u00f3noma, el bolet\u00edn de notas o certificado del centro de procedencia en el que conste el curso en que est\u00e1 matriculado y la promoci\u00f3n).<\/span><\/span><\/p>\n<\/li>\n<li><a class=\"XqQF9c\" href=\"https:\/\/www.juntadeandalucia.es\/educacion\/portales\/documents\/100629\/276382\/anexo_I_ESO.pdf\/a227c4e2-ab58-7be8-667a-80400d80a8c4?version=1.1\" target=\"_blank\" rel=\"noopener\"><span class=\"jgG6ef C9DxTc \">Anexo I (Admisi\u00f3n ordinaria ESPA)<\/span><\/a><\/li>\n<\/ul>\n<ol class=\"n8H08c BKnRcf \" start=\"2\">\n<li dir=\"ltr\"><span style=\"color: #000000\">Matr\u00edcula:<span class=\"jgG6ef C9DxTc \">&nbsp;<\/span><\/span><\/li>\n<\/ol>\n<ul class=\"n8H08c UVNKR \">\n<li class=\"zfr3Q TYR86d eD0Rn \" dir=\"ltr\">\n<p class=\"zfr3Q CDt4Ke \" dir=\"ltr\" role=\"presentation\"><a class=\"XqQF9c\" href=\"https:\/\/portales.ced.junta-andalucia.es\/educacion\/portales\/documents\/100629\/669349\/7_Anexo%20VII_002539_4.pdf\/2b1369d5-a5c0-83bd-915a-edcf5e2b3755?version=1.0\" target=\"_blank\" rel=\"noopener\"><span class=\"jgG6ef C9DxTc \">Anexo VII Matr\u00edcula ESO<\/span><\/a><\/p>\n<\/li>\n<li><a class=\"XqQF9c\" href=\"https:\/\/www.juntadeandalucia.es\/educacion\/portales\/documents\/100629\/276382\/anexo_III_matric_ESO.pdf\/b71e5bb5-515f-c7ae-3ec8-7193b745f253?version=1.1\" target=\"_blank\" rel=\"noopener\"><span class=\"jgG6ef C9DxTc \">Anexo III Matr\u00edcula ESPA<\/span><\/a><\/li>\n<li class=\"zfr3Q TYR86d eD0Rn \" dir=\"ltr\">\n<p class=\"zfr3Q CDt4Ke \" dir=\"ltr\" role=\"presentation\"><a class=\"XqQF9c\" href=\"https:\/\/portales.ced.junta-andalucia.es\/educacion\/portales\/documents\/100629\/669355\/Anexo%20Religio%C2%BFn.pdf\/c9b72559-ae2b-45b4-746c-8c63fda85020?version=1.1\" target=\"_blank\" rel=\"noopener\"><span class=\"jgG6ef C9DxTc \">Solicitud para cursar la ense\u00f1anza de religi\u00f3n<\/span><\/a><\/p>\n<\/li>\n<li class=\"zfr3Q TYR86d eD0Rn \" dir=\"ltr\">\n<p class=\"zfr3Q CDt4Ke \" dir=\"ltr\" role=\"presentation\"><a class=\"XqQF9c\" href=\"https:\/\/portales.ced.junta-andalucia.es\/educacion\/portales\/documents\/100629\/669355\/Cuestionario%20Fondo%20Social%20Europeo.pdf\/4dfb30ce-13d3-68d6-4fb8-bcd530857aa8?version=1.0\" target=\"_blank\" rel=\"noopener\"><span class=\"jgG6ef C9DxTc \">Cuestionario de ejecuci\u00f3n FSE+<\/span><\/a><\/p>\n<\/li>\n<li class=\"zfr3Q TYR86d eD0Rn \" dir=\"ltr\">\n<p class=\"zfr3Q CDt4Ke \" dir=\"ltr\" role=\"presentation\"><a class=\"XqQF9c\" href=\"https:\/\/portales.ced.junta-andalucia.es\/educacion\/portales\/documents\/100629\/669355\/Anexo%20Proteccio%C2%BFn%20de%20datos.pdf\/d64d32c3-910f-2371-24a6-b852df3234d1?version=1.1\" target=\"_blank\" rel=\"noopener\"><span class=\"jgG6ef C9DxTc \">Consentimiento informado para la protecci\u00f3n de datos<\/span><\/a><\/p>\n<\/li>\n<li class=\"zfr3Q TYR86d eD0Rn \" dir=\"ltr\">\n<p class=\"zfr3Q CDt4Ke \" dir=\"ltr\" role=\"presentation\"><span class=\"jgG6ef C9DxTc \"><span style=\"color: #000000\">Anexo<\/span>: <\/span><a class=\"XqQF9c\" href=\"https:\/\/drive.google.com\/file\/d\/1KI26Kzl0yLhrVlKoQNn-d0kuDkJaRNSF\/view?usp=drive_link\" target=\"_blank\" rel=\"noopener\"><span class=\"jgG6ef C9DxTc \">solicitud de transporte escolar<\/span><\/a><\/p>\n<\/li>\n<\/ul>\n<ol class=\"n8H08c BKnRcf \" start=\"2\">\n<li class=\"zfr3Q TYR86d lsiHE \" dir=\"ltr\" style=\"list-style-type: none\">&nbsp;<\/li>\n<\/ol>\n<p><span style=\"color: #000000\">\n\t\t<\/div> <\/span><\/p>\n<p><span style=\"color: #000000\">\n\t\t<div class='et_slidecontent'>\n\t\t\t<\/span><span style=\"color: #000000\"><strong>Impresos: <\/strong><\/span><\/p>\n<div class=\"documento-entry__datos\">\n<h5 class=\"documento-entry__datos__title\"><a class=\"documento-entry__datos--titulo\" title=\"Ver documento Anexo III\" href=\"https:\/\/www.juntadeandalucia.es\/educacion\/portales\/documents\/100629\/669352\/3_Anexo III_002535_5.pdf\/16050806-cd1f-89da-678f-001bb54aab73?version=1.1\" target=\"_blank\" rel=\"noopener\">\u2013 Anexo III. <\/a>Solicitud de admisi\u00f3n en 2\u00ba Ciclo de Educaci\u00f3n Infantil, Educaci\u00f3n Primaria, Educaci\u00f3n Especial, ESO y Bachillerato (v\u00e1lido del 1 al 31 de marzo, ambos inclusive).<\/h5>\n<div class=\"documento-entry__datos\">\n<h5 class=\"documento-entry__datos__title\"><a class=\"documento-entry__datos--titulo\" title=\"Ver documento Anexo IX\" href=\"https:\/\/www.juntadeandalucia.es\/educacion\/portales\/documents\/100629\/669352\/9_Anexo IX_002541_4.pdf\/fdf4344b-6c9e-be16-e927-4e63760f0992?version=1.0\" target=\"_blank\" rel=\"noopener\">\u2013 Anexo IX. <\/a>Solicitud Procedimiento Extraordinario de Admisi\u00f3n<\/h5>\n<\/div>\n<\/div>\n<p><span style=\"color: #000000\">\u2013 <a href=\"https:\/\/drive.google.com\/file\/d\/1HgqeiVS0scynPebEZ_ejd3TJh-tsNuWK\/view?usp=sharing\" target=\"_blank\" rel=\"noopener\">Expone\/solicita: familias.<\/a>\n<\/span><\/p>\n<p><span style=\"color: #000000\">\u2013 <a href=\"https:\/\/drive.google.com\/file\/d\/1VGUo98iQ_x4zk0DaknezuWwJ7mxvXAu4\/view?usp=sharing\" target=\"_blank\" rel=\"noopener\">Expone\/solicita: gen\u00e9rico.<\/a><\/span><\/p>\n<p><a href=\"https:\/\/drive.google.com\/file\/d\/1VGUo98iQ_x4zk0DaknezuWwJ7mxvXAu4\/view?usp=sharing\" target=\"_blank\" rel=\"noopener\"><span style=\"color: #000000\">\u2013 <\/span><\/a><a href=\"https:\/\/drive.google.com\/file\/d\/1C2F6XOyDyxjlzEcJQ4xhy7cbNKyQR8h2\/view?usp=sharing\" target=\"_blank\" rel=\"noopener\">Modelo: comunicaci\u00f3n de traslado.<\/a><\/p>\n<p><span style=\"color: #000000\">\u2013 <a href=\"https:\/\/drive.google.com\/file\/d\/1e-OBFQINbTFAt67NXefQ60znoVbNFSYY\/view?usp=sharing\" target=\"_blank\" rel=\"noopener\">Autorizaci\u00f3n de recogida de t\u00edtulo.<\/a><\/span><\/p>\n<p><strong><span style=\"color: #000000\">Recogida del t\u00edtulo: <\/span><\/strong><\/p>\n<p style=\"text-align: justify\"><span style=\"color: #000000\">Expedido el t\u00edtulo, se podr\u00e1 recoger en el Centro docente, bien directamente, acreditando su identidad mediante la presentaci\u00f3n de DNI\/Pasaporte\/Tarjeta de residencia, o bien a trav\u00e9s de una persona v\u00e1lidamente autorizada mediante documento a tal efecto establecido (se debe aportar junto a la autorizaci\u00f3n fotocopias del DNI de la persona autorizada y DNI del titular).<\/span><\/p>\n<p style=\"text-align: justify\"><span style=\"color: #000000\">Si la persona fuese menor de edad deber\u00e1 recogerlo el padre, madre o tutor\/a legal.\n\t\t<\/div><\/span><\/p>\n<p style=\"text-align: justify\"><span style=\"color: #000000\">\n\t\t<div class='et_slidecontent'>\n\t\t\tEnlace al portal de la Consejer\u00eda de Desarrollo Educativo. <a href=\"https:\/\/www.juntadeandalucia.es\/educacion\/portales\/web\/educacion\/becas-ayudas\">https:\/\/www.juntadeandalucia.es\/educacion\/portales\/web\/educacion\/becas-ayudas<\/a>\n\t\t<\/div>\n\t\t\t\t<\/div>\n\t\t\t<\/div>\n\t\t<\/div>\n\t\t\t<\/div> <\/span><\/p>\n<p>&nbsp;<\/p>\n<p>&nbsp;<\/p>\n","protected":false},"excerpt":{"rendered":"<p>&nbsp; &nbsp;<\/p>\n","protected":false},"author":1,"featured_media":0,"parent":0,"menu_order":0,"comment_status":"open","ping_status":"open","template":"","meta":{"_et_pb_use_builder":"","_et_pb_old_content":"","_et_gb_content_width":"","ngg_post_thumbnail":0,"footnotes":"","_mc_calendar":[]},"aioseo_notices":[],"_links":{"self":[{"href":"https:\/\/blogsaverroes.juntadeandalucia.es\/iesveladalhamar\/wp-json\/wp\/v2\/pages\/77"}],"collection":[{"href":"https:\/\/blogsaverroes.juntadeandalucia.es\/iesveladalhamar\/wp-json\/wp\/v2\/pages"}],"about":[{"href":"https:\/\/blogsaverroes.juntadeandalucia.es\/iesveladalhamar\/wp-json\/wp\/v2\/types\/page"}],"author":[{"embeddable":true,"href":"https:\/\/blogsaverroes.juntadeandalucia.es\/iesveladalhamar\/wp-json\/wp\/v2\/users\/1"}],"replies":[{"embeddable":true,"href":"https:\/\/blogsaverroes.juntadeandalucia.es\/iesveladalhamar\/wp-json\/wp\/v2\/comments?post=77"}],"version-history":[{"count":50,"href":"https:\/\/blogsaverroes.juntadeandalucia.es\/iesveladalhamar\/wp-json\/wp\/v2\/pages\/77\/revisions"}],"predecessor-version":[{"id":5445,"href":"https:\/\/blogsaverroes.juntadeandalucia.es\/iesveladalhamar\/wp-json\/wp\/v2\/pages\/77\/revisions\/5445"}],"wp:attachment":[{"href":"https:\/\/blogsaverroes.juntadeandalucia.es\/iesveladalhamar\/wp-json\/wp\/v2\/media?parent=77"}],"curies":[{"name":"wp","href":"https:\/\/api.w.org\/{rel}","templated":true}]}}