{"id":82,"date":"2015-03-16T06:59:55","date_gmt":"2015-03-16T06:59:55","guid":{"rendered":"http:\/\/blogsaverroes.juntadeandalucia.es\/pre\/ceip\/?page_id=82"},"modified":"2026-01-26T20:13:52","modified_gmt":"2026-01-26T20:13:52","slug":"horarios","status":"publish","type":"page","link":"https:\/\/blogsaverroes.juntadeandalucia.es\/iesveladalhamar\/horarios\/","title":{"rendered":"Horarios"},"content":{"rendered":"<div class='et-learn-more clearfix'>\n\t\t\t\t\t<h3 class='heading-more'>Horarios<span class='et_learnmore_arrow'><span><\/span><\/span><\/h3>\n\t\t\t\t\t<div class='learn-more-content'>&nbsp;<\/p>\n<table>\n<tbody>\n<tr>\n<td><a href=\"https:\/\/blogsaverroes.juntadeandalucia.es\/iesveladalhamar\/files\/2025\/09\/1A.pdf\" target=\"_blank\" rel=\"noopener\">1\u00ba.ESO A<\/a><\/td>\n<td><a href=\"https:\/\/blogsaverroes.juntadeandalucia.es\/iesveladalhamar\/files\/2025\/09\/2A.pdf\" target=\"_blank\" rel=\"noopener\">2\u00ba.ESO A<\/a><\/td>\n<td><a href=\"https:\/\/blogsaverroes.juntadeandalucia.es\/iesveladalhamar\/files\/2025\/09\/3A.pdf\" target=\"_blank\" rel=\"noopener\">3\u00ba.ESO A<\/a><\/td>\n<td><a href=\"https:\/\/blogsaverroes.juntadeandalucia.es\/iesveladalhamar\/files\/2025\/09\/3A-DIVER.pdf\" target=\"_blank\" rel=\"noopener\">3\u00ba.ESO A DIVER<\/a><\/td>\n<td><a href=\"https:\/\/blogsaverroes.juntadeandalucia.es\/iesveladalhamar\/files\/2025\/09\/4A.pdf\" target=\"_blank\" rel=\"noopener\">4\u00ba.ESO A<\/a><\/td>\n<td><a href=\"https:\/\/blogsaverroes.juntadeandalucia.es\/iesveladalhamar\/files\/2025\/09\/4A-DIVER.pdf\" target=\"_blank\" rel=\"noopener\">4\u00ba.ESO A DIVER<\/a><\/td>\n<td>ED. ESPECIAL<\/td>\n<\/tr>\n<tr>\n<td><a href=\"https:\/\/blogsaverroes.juntadeandalucia.es\/iesveladalhamar\/files\/2025\/09\/1B.pdf\" target=\"_blank\" rel=\"noopener\">1\u00ba.ESO B<\/a><\/td>\n<td><a href=\"https:\/\/blogsaverroes.juntadeandalucia.es\/iesveladalhamar\/files\/2025\/09\/2B.pdf\" target=\"_blank\" rel=\"noopener\">2\u00ba.ESO B<\/a><\/td>\n<td><a href=\"https:\/\/blogsaverroes.juntadeandalucia.es\/iesveladalhamar\/files\/2025\/09\/3B.pdf\" target=\"_blank\" rel=\"noopener\">3\u00ba.ESO B<\/a><\/td>\n<td><a href=\"https:\/\/blogsaverroes.juntadeandalucia.es\/iesveladalhamar\/files\/2025\/09\/3B-DIVER.pdf\" target=\"_blank\" rel=\"noopener\">3\u00ba.ESO B DIVER<\/a><\/td>\n<td><a href=\"https:\/\/blogsaverroes.juntadeandalucia.es\/iesveladalhamar\/files\/2025\/09\/4B.pdf\" target=\"_blank\" rel=\"noopener\">4\u00ba.ESO B<\/a><\/td>\n<td><a href=\"https:\/\/blogsaverroes.juntadeandalucia.es\/iesveladalhamar\/files\/2025\/09\/4B-DIVER.pdf\" target=\"_blank\" rel=\"noopener\">4\u00ba.ESO B DIVER<\/a><\/td>\n<td><a href=\"https:\/\/blogsaverroes.juntadeandalucia.es\/iesveladalhamar\/profesorado\/\" target=\"_blank\" rel=\"noopener\">ESPA<\/a><\/td>\n<\/tr>\n<\/tbody>\n<\/table>\n<p>Pincha en el siguiente&nbsp;<a href=\"https:\/\/drive.google.com\/file\/d\/14e1frMvF4FD8KrCN1VjxyjeKU-3UVqTT\/view?usp=sharing\" target=\"_blank\" rel=\"noopener\"><strong>enlace<\/strong><\/a> para visualizar la carga horaria de cada materia.<\/p>\n<p>&nbsp;<\/p>\n<div class='et-learn-more clearfix'>\n\t\t\t\t\t<h3 class='heading-more'>Tutor\u00edas<span class='et_learnmore_arrow'><span><\/span><\/span><\/h3>\n\t\t\t\t\t<div class='learn-more-content'><\/div>\n\t\t\t\t<\/div>\n<ul>\n<li>1\u00ba ESO A: Francisco Javier Garc\u00eda R\u00edos<\/li>\n<li>1\u00ba ESO B: Francisca Campos Guevara<\/li>\n<li>2\u00ba ESO A: Fernando Ruiz G\u00f3mez<\/li>\n<li>2\u00ba ESO B: V\u00edctor Caballero Pintado<\/li>\n<li>3\u00ba ESO A: Magdalena Garc\u00eda Rodr\u00edguez<\/li>\n<li>3\u00ba ESO B: Jos\u00e9 Luis Mart\u00edn V\u00e1zquez<\/li>\n<li>4\u00ba ESO A: Helena Rubio Mart\u00ednez Abarca<\/li>\n<li>4\u00ba ESO B: V\u00edctor Adri\u00e1n Garc\u00eda Rodr\u00edguez<\/li>\n<li>PDC: Antonia Guill\u00e9n S\u00e1nchez<\/li>\n<li>Aula Espec\u00edfica: M\u00aa Dolores Moreno Lorca<\/li>\n<li>ESPA: Sonia Torrente Larios<\/li>\n<\/ul><\/div>\n\t\t\t\t<\/div>\n","protected":false},"excerpt":{"rendered":"","protected":false},"author":1,"featured_media":0,"parent":0,"menu_order":0,"comment_status":"open","ping_status":"open","template":"","meta":{"_et_pb_use_builder":"","_et_pb_old_content":"","_et_gb_content_width":"","ngg_post_thumbnail":0,"footnotes":"","_mc_calendar":[]},"aioseo_notices":[],"_links":{"self":[{"href":"https:\/\/blogsaverroes.juntadeandalucia.es\/iesveladalhamar\/wp-json\/wp\/v2\/pages\/82"}],"collection":[{"href":"https:\/\/blogsaverroes.juntadeandalucia.es\/iesveladalhamar\/wp-json\/wp\/v2\/pages"}],"about":[{"href":"https:\/\/blogsaverroes.juntadeandalucia.es\/iesveladalhamar\/wp-json\/wp\/v2\/types\/page"}],"author":[{"embeddable":true,"href":"https:\/\/blogsaverroes.juntadeandalucia.es\/iesveladalhamar\/wp-json\/wp\/v2\/users\/1"}],"replies":[{"embeddable":true,"href":"https:\/\/blogsaverroes.juntadeandalucia.es\/iesveladalhamar\/wp-json\/wp\/v2\/comments?post=82"}],"version-history":[{"count":9,"href":"https:\/\/blogsaverroes.juntadeandalucia.es\/iesveladalhamar\/wp-json\/wp\/v2\/pages\/82\/revisions"}],"predecessor-version":[{"id":5400,"href":"https:\/\/blogsaverroes.juntadeandalucia.es\/iesveladalhamar\/wp-json\/wp\/v2\/pages\/82\/revisions\/5400"}],"wp:attachment":[{"href":"https:\/\/blogsaverroes.juntadeandalucia.es\/iesveladalhamar\/wp-json\/wp\/v2\/media?parent=82"}],"curies":[{"name":"wp","href":"https:\/\/api.w.org\/{rel}","templated":true}]}}