{"id":872,"date":"2015-03-16T12:50:42","date_gmt":"2015-03-16T12:50:42","guid":{"rendered":"http:\/\/blogsaverroes.juntadeandalucia.es\/pre\/ceip\/?page_id=120"},"modified":"2025-02-09T20:45:08","modified_gmt":"2025-02-09T20:45:08","slug":"contactar","status":"publish","type":"page","link":"https:\/\/blogsaverroes.juntadeandalucia.es\/iesveladalhamar\/contactar\/","title":{"rendered":"Contacto"},"content":{"rendered":"<p style=\"text-align: center\"><a href=\"https:\/\/blogsaverroes.juntadeandalucia.es\/iesveladalhamar\/files\/2024\/11\/letras-ies-trans.png\"><img loading=\"lazy\" decoding=\"async\" class=\"aligncenter wp-image-4908\" src=\"https:\/\/blogsaverroes.juntadeandalucia.es\/iesveladalhamar\/files\/2024\/11\/letras-ies-trans-1024x231.png\" alt=\"\" width=\"403\" height=\"91\"><\/a><\/p>\n<p>I.E.S. Velad al Hamar<\/p>\n<p>CIF: S4111001F<\/p>\n<p><strong>Direcci\u00f3n:<\/strong>&nbsp; &nbsp;Calle Concepci\u00f3n, 21 04820 V\u00e9lez Rubio (Almer\u00eda)<\/p>\n<p><strong>Tel\u00e9fonos:<\/strong><\/p>\n<ul style=\"list-style-type: circle\">\n<li>M\u00f3vil: 697 952 255<\/li>\n<li>Conserjer\u00eda: 600 14 15 40 y 950 41 99 00.<\/li>\n<li>Secretar\u00eda: 600 14 15 41 y 950 41 99 01.<\/li>\n<li>Direcci\u00f3n: 600 14 15 42.<\/li>\n<li>Orientaci\u00f3n: 600 14 15 43.<\/li>\n<li>Aula Espec\u00edfica: 600 14 15 44.<\/li>\n<\/ul>\n<p>E-mails: <a href=\"mailto:04700491.edu@juntadeandalucia.es\" target=\"_blank\" rel=\"noopener\">04700491.edu@juntadeandalucia.es\/ <\/a><a href=\"mailto:04700491@g.educaand.es\">04700491@g.educaand.es<\/a>&nbsp;<\/p>\n<p>Tambi\u00e9n puede contactar con nosotros rellenando el siguiente cuestionario. Intentaremos contestarle a la mayor brevedad posible.<br \/>\n<iframe loading=\"lazy\" src=\"https:\/\/docs.google.com\/forms\/d\/e\/1FAIpQLSetiRM5g4lAASeLTafcaXlht9xHZnrLYwVAJj_Ed4TGhWlaTw\/viewform?embedded=true\" width=\"640\" height=\"574\" frameborder=\"0\" marginwidth=\"0\" marginheight=\"0\">Cargando\u2026<\/iframe><br \/>\n&nbsp;<\/p>\n","protected":false},"excerpt":{"rendered":"<p>I.E.S. Velad al Hamar CIF: S4111001F Direcci\u00f3n:&nbsp; &nbsp;Calle Concepci\u00f3n, 21 04820 V\u00e9lez Rubio (Almer\u00eda) Tel\u00e9fonos: M\u00f3vil: 697 952 255 Conserjer\u00eda: 600 14 15 40 y 950 41 99 00. Secretar\u00eda: 600 14 15 41 y 950 41 99 01. Direcci\u00f3n: 600 14 15 42. Orientaci\u00f3n: 600 14 15 43. Aula Espec\u00edfica: 600 14 15 44. [&hellip;]<\/p>\n","protected":false},"author":1,"featured_media":0,"parent":0,"menu_order":0,"comment_status":"open","ping_status":"open","template":"","meta":{"_et_pb_use_builder":"","_et_pb_old_content":"","_et_gb_content_width":"","ngg_post_thumbnail":0,"footnotes":"","_mc_calendar":[]},"aioseo_notices":[],"_links":{"self":[{"href":"https:\/\/blogsaverroes.juntadeandalucia.es\/iesveladalhamar\/wp-json\/wp\/v2\/pages\/872"}],"collection":[{"href":"https:\/\/blogsaverroes.juntadeandalucia.es\/iesveladalhamar\/wp-json\/wp\/v2\/pages"}],"about":[{"href":"https:\/\/blogsaverroes.juntadeandalucia.es\/iesveladalhamar\/wp-json\/wp\/v2\/types\/page"}],"author":[{"embeddable":true,"href":"https:\/\/blogsaverroes.juntadeandalucia.es\/iesveladalhamar\/wp-json\/wp\/v2\/users\/1"}],"replies":[{"embeddable":true,"href":"https:\/\/blogsaverroes.juntadeandalucia.es\/iesveladalhamar\/wp-json\/wp\/v2\/comments?post=872"}],"version-history":[{"count":20,"href":"https:\/\/blogsaverroes.juntadeandalucia.es\/iesveladalhamar\/wp-json\/wp\/v2\/pages\/872\/revisions"}],"predecessor-version":[{"id":5022,"href":"https:\/\/blogsaverroes.juntadeandalucia.es\/iesveladalhamar\/wp-json\/wp\/v2\/pages\/872\/revisions\/5022"}],"wp:attachment":[{"href":"https:\/\/blogsaverroes.juntadeandalucia.es\/iesveladalhamar\/wp-json\/wp\/v2\/media?parent=872"}],"curies":[{"name":"wp","href":"https:\/\/api.w.org\/{rel}","templated":true}]}}