{"id":141,"date":"2015-03-17T07:13:24","date_gmt":"2015-03-17T07:13:24","guid":{"rendered":"http:\/\/blogsaverroes.juntadeandalucia.es\/pre\/ceip\/?page_id=141"},"modified":"2020-12-15T11:13:21","modified_gmt":"2020-12-15T10:13:21","slug":"escolarizacion","status":"publish","type":"page","link":"https:\/\/blogsaverroes.juntadeandalucia.es\/iesventuramoron\/escolarizacion\/","title":{"rendered":"Escolarizaci\u00f3n"},"content":{"rendered":"<p>En el siguiente enlace pueden encontrar informaci\u00f3n que les sea de utilidad a la hora de de iniciar el proceso de escolarizaci\u00f3n: plazos, documentos, normativa, enlaces, etc.<\/p>\n<p><a title=\"Portal escolarizaci\u00f3n\" href=\"http:\/\/www.juntadeandalucia.es\/educacion\/webportal\/web\/portal-escolarizacion\/infantil-primaria-eso-bachillerato\" target=\"_blank\" rel=\"noopener noreferrer\">Enlace al portal de escolarizaci\u00f3n.<\/a><\/p>\n<p><a title=\"Procedimiento\" href=\"http:\/\/portal.ced.junta-andalucia.es\/educacion\/webportal\/abaco-portlet\/content\/f2f9bdb4-4717-409f-8dbc-da5b8ed61e38\" target=\"_blank\" rel=\"noopener noreferrer\">Normativa<\/a>&nbsp;sobre el proceso de escolarizaci\u00f3n.<\/p>\n<p>&nbsp;<\/p>\n<p>S\u00f3lo para los alumnos\/as que quieren cambiar de instituto:<\/p>\n<p><strong><a href=\"https:\/\/blogsaverroes.juntadeandalucia.es\/iesventuramoron\/files\/2020\/12\/Escolarizaci\u00f3n.jpg\"><img loading=\"lazy\" decoding=\"async\" class=\"wp-image-2610 alignleft\" src=\"https:\/\/blogsaverroes.juntadeandalucia.es\/iesventuramoron\/files\/2020\/12\/Escolarizaci\u00f3n-300x184.jpg\" alt=\"\" width=\"176\" height=\"108\" srcset=\"https:\/\/blogsaverroes.juntadeandalucia.es\/iesventuramoron\/files\/2020\/12\/Escolarizaci\u00f3n-300x184.jpg 300w, https:\/\/blogsaverroes.juntadeandalucia.es\/iesventuramoron\/files\/2020\/12\/Escolarizaci\u00f3n-24x15.jpg 24w, https:\/\/blogsaverroes.juntadeandalucia.es\/iesventuramoron\/files\/2020\/12\/Escolarizaci\u00f3n-36x22.jpg 36w, https:\/\/blogsaverroes.juntadeandalucia.es\/iesventuramoron\/files\/2020\/12\/Escolarizaci\u00f3n-48x29.jpg 48w, https:\/\/blogsaverroes.juntadeandalucia.es\/iesventuramoron\/files\/2020\/12\/Escolarizaci\u00f3n.jpg 624w\" sizes=\"(max-width: 176px) 100vw, 176px\" \/><\/a><\/strong><\/p>\n<p>&nbsp;<\/p>\n<p><strong>Plazo de presentaci\u00f3n de solicitudes:<\/strong> Del 1 de marzo al 31 de marzo.<\/p>\n<p><strong><span class=\"menu1a\">Plazo de MATR\u00cdCULA&nbsp;<\/span>:<\/strong>&nbsp;<strong>del 1 al 10 de JULIO.<\/strong><\/p>\n<p>&nbsp;<\/p>\n<p><em>Documentaci\u00f3n a presentar:<\/em><\/p>\n<ul>\n<li>Anexo III.<\/li>\n<li>Documentaci\u00f3n acreditativa de cada circunstancia, la cual se puede ver en la \u00faltima p\u00e1gina del anexo III.<br \/>\nDescarga tu&nbsp;<strong>impreso de solicitud<\/strong> y as\u00ed lo llevas preparado: <a title=\"Impreso de Solicitud de Admisi\u00f3n. Anexo III\" href=\"https:\/\/portals.ced.junta-andalucia.es\/educacion\/portals\/delegate\/content\/7e1d7b27-eaa4-42e7-bfa3-ac436db80ed6\/ANEXO%20III\" target=\"_blank\" rel=\"noopener noreferrer\">Impreso de Solicitud de Admisi\u00f3n. Anexo III<\/a><br \/>\nSe aconseja que fotocopien la primera p\u00e1gina del Anexo III para qued\u00e1rsela como resguardo con el&nbsp;registro&nbsp;de entrada.<\/li>\n<\/ul>\n<p><em>Calendario Admisi\u00f3n del alumnado:<\/em>*Hasta el 15 Abril publicaci\u00f3n de alumnado solicitante y puntuaci\u00f3n. *16 de abril empieza tr\u00e1mite de audiencia *11 Mayo sorteo *12 Mayo publicaci\u00f3n de resoluciones de admisi\u00f3n *21 Mayo publicaci\u00f3n de adjudicaci\u00f3n de plazas de alumnado no admitido en el centro prioritario.<\/p>\n<p>&nbsp;<\/p>\n","protected":false},"excerpt":{"rendered":"<p>En el siguiente enlace pueden encontrar informaci\u00f3n que les sea de utilidad a la hora de de iniciar el proceso de escolarizaci\u00f3n: plazos, documentos, normativa, enlaces, etc. Enlace al portal de escolarizaci\u00f3n. Normativa&nbsp;sobre el proceso de escolarizaci\u00f3n. &nbsp; S\u00f3lo para los alumnos\/as que quieren cambiar de instituto: &nbsp; Plazo de presentaci\u00f3n de solicitudes: Del 1 [&hellip;]<\/p>\n","protected":false},"author":1,"featured_media":0,"parent":0,"menu_order":0,"comment_status":"open","ping_status":"open","template":"","meta":{"ngg_post_thumbnail":0,"footnotes":"","_mc_calendar":[]},"aioseo_notices":[],"_links":{"self":[{"href":"https:\/\/blogsaverroes.juntadeandalucia.es\/iesventuramoron\/wp-json\/wp\/v2\/pages\/141"}],"collection":[{"href":"https:\/\/blogsaverroes.juntadeandalucia.es\/iesventuramoron\/wp-json\/wp\/v2\/pages"}],"about":[{"href":"https:\/\/blogsaverroes.juntadeandalucia.es\/iesventuramoron\/wp-json\/wp\/v2\/types\/page"}],"author":[{"embeddable":true,"href":"https:\/\/blogsaverroes.juntadeandalucia.es\/iesventuramoron\/wp-json\/wp\/v2\/users\/1"}],"replies":[{"embeddable":true,"href":"https:\/\/blogsaverroes.juntadeandalucia.es\/iesventuramoron\/wp-json\/wp\/v2\/comments?post=141"}],"version-history":[{"count":8,"href":"https:\/\/blogsaverroes.juntadeandalucia.es\/iesventuramoron\/wp-json\/wp\/v2\/pages\/141\/revisions"}],"predecessor-version":[{"id":2612,"href":"https:\/\/blogsaverroes.juntadeandalucia.es\/iesventuramoron\/wp-json\/wp\/v2\/pages\/141\/revisions\/2612"}],"wp:attachment":[{"href":"https:\/\/blogsaverroes.juntadeandalucia.es\/iesventuramoron\/wp-json\/wp\/v2\/media?parent=141"}],"curies":[{"name":"wp","href":"https:\/\/api.w.org\/{rel}","templated":true}]}}