{"id":2809,"date":"2021-03-18T08:39:26","date_gmt":"2021-03-18T07:39:26","guid":{"rendered":"https:\/\/blogsaverroes.juntadeandalucia.es\/iesventuramoron\/?page_id=2809"},"modified":"2021-03-18T08:39:55","modified_gmt":"2021-03-18T07:39:55","slug":"proa-plus","status":"publish","type":"page","link":"https:\/\/blogsaverroes.juntadeandalucia.es\/iesventuramoron\/planes-y-proyectos\/proa-plus\/","title":{"rendered":"PROA PLUS"},"content":{"rendered":"<p>Programa que surge de la Uni\u00f3n Europea para compensar las dificultades del alumnado provocadas por la pandemia. Consta de dos l\u00edneas de intervenci\u00f3n, una dirigida a las familias y otra a la realizaci\u00f3n de modificaciones en el proyecto educativo, a las que se le dar\u00e1 respuesta en funci\u00f3n de las necesidades del centro.<\/p>\n<p>Nuestro centro se ha decantado por la del proyecto educativo.<\/p>\n<p>La primera intervenci\u00f3n dentro del proyecto educativo va dirigido a las medidas de atenci\u00f3n a la diversidad. Nuestro centro trata de planificar las distintas opciones de los programas de refuerzo para el aprendizaje para el siguiente curso.<\/p>\n<p>La segunda intervenci\u00f3n a realizar, dentro de la educaci\u00f3n para a la salud, ser\u00e1 trabajar con nuestro alumnado la inteligencia emocional. Trataremos de dotarles de herramientas para que aprendan a gestionar las emociones, y el afrontamiento de situaciones estresantes como por ejemplo la pandemia.<\/p>\n<p>La tercera intervenci\u00f3n ir\u00e1 dirigida a la tutor\u00eda, orientaci\u00f3n y convivencia. Nuestro centro va a realizar un an\u00e1lisis del estado de la convivencia a partir de los cambios producidos en nuestro alumnado tras el confinamiento. Se trata de adecuar las necesidades del alumnado a nivel de convivencia.<\/p>\n<p>La cuarta trata de minimizar el absentismo. Para ello se realizar\u00e1 un seguimiento individualizado con la trabajadora social y el departamento de convivencia.<\/p>\n<p>La quinta intervenci\u00f3n trata de mejorar el programa de tr\u00e1nsito para minimizar las consecuencias negativas que podr\u00edan tener el alumnado en el cambio de etapa. En ella se mejorar\u00e1 las jornadas de puertas abiertas dirigida a los padres, se elaborar\u00e1 un tr\u00edptico informativo para los padres y se revisar\u00e1n las actividades dirigidas al alumnado que transitan nuestro centro.<\/p>\n<p>La \u00faltima intervenci\u00f3n va dirigida a adecuar la acogida de nuestro alumnado a las circunstancias actuales. Trataremos de recuperar las relaciones sociales y una adecuada autoestima.<\/p>\n","protected":false},"excerpt":{"rendered":"<p>Programa que surge de la Uni\u00f3n Europea para compensar las dificultades del alumnado provocadas por la pandemia. Consta de dos l\u00edneas de intervenci\u00f3n, una dirigida a las familias y otra a la realizaci\u00f3n de modificaciones en el proyecto educativo, a las que se le dar\u00e1 respuesta en funci\u00f3n de las necesidades del centro. Nuestro centro [&hellip;]<\/p>\n","protected":false},"author":11139,"featured_media":2810,"parent":44,"menu_order":0,"comment_status":"closed","ping_status":"closed","template":"","meta":{"ngg_post_thumbnail":0,"footnotes":"","_mc_calendar":[]},"aioseo_notices":[],"_links":{"self":[{"href":"https:\/\/blogsaverroes.juntadeandalucia.es\/iesventuramoron\/wp-json\/wp\/v2\/pages\/2809"}],"collection":[{"href":"https:\/\/blogsaverroes.juntadeandalucia.es\/iesventuramoron\/wp-json\/wp\/v2\/pages"}],"about":[{"href":"https:\/\/blogsaverroes.juntadeandalucia.es\/iesventuramoron\/wp-json\/wp\/v2\/types\/page"}],"author":[{"embeddable":true,"href":"https:\/\/blogsaverroes.juntadeandalucia.es\/iesventuramoron\/wp-json\/wp\/v2\/users\/11139"}],"replies":[{"embeddable":true,"href":"https:\/\/blogsaverroes.juntadeandalucia.es\/iesventuramoron\/wp-json\/wp\/v2\/comments?post=2809"}],"version-history":[{"count":2,"href":"https:\/\/blogsaverroes.juntadeandalucia.es\/iesventuramoron\/wp-json\/wp\/v2\/pages\/2809\/revisions"}],"predecessor-version":[{"id":2814,"href":"https:\/\/blogsaverroes.juntadeandalucia.es\/iesventuramoron\/wp-json\/wp\/v2\/pages\/2809\/revisions\/2814"}],"up":[{"embeddable":true,"href":"https:\/\/blogsaverroes.juntadeandalucia.es\/iesventuramoron\/wp-json\/wp\/v2\/pages\/44"}],"wp:featuredmedia":[{"embeddable":true,"href":"https:\/\/blogsaverroes.juntadeandalucia.es\/iesventuramoron\/wp-json\/wp\/v2\/media\/2810"}],"wp:attachment":[{"href":"https:\/\/blogsaverroes.juntadeandalucia.es\/iesventuramoron\/wp-json\/wp\/v2\/media?parent=2809"}],"curies":[{"name":"wp","href":"https:\/\/api.w.org\/{rel}","templated":true}]}}