{"id":2851,"date":"2021-04-22T08:45:26","date_gmt":"2021-04-22T06:45:26","guid":{"rendered":"https:\/\/blogsaverroes.juntadeandalucia.es\/iesventuramoron\/?page_id=2851"},"modified":"2021-04-22T08:48:59","modified_gmt":"2021-04-22T06:48:59","slug":"aldea-programa-de-educacion-ambiental","status":"publish","type":"page","link":"https:\/\/blogsaverroes.juntadeandalucia.es\/iesventuramoron\/planes-y-proyectos\/aldea-programa-de-educacion-ambiental\/","title":{"rendered":"Programa ALDEA"},"content":{"rendered":"<p><strong>ALDEA: Programa de Educaci\u00f3n Ambiental para la Comunidad Educativa<\/strong><\/p>\n<p>El programa Aldea, Educaci\u00f3n Ambiental para la Comunidad Educativa constituye una herramienta para el desarrollo de las competencias del alumnado en materia de Educaci\u00f3n Ambiental, mediante la introducci\u00f3n y desarrollo de contenidos relacionados con el cambio clim\u00e1tico, el medio forestal y litoral, la gesti\u00f3n de residuos y su reciclaje, la conservaci\u00f3n de la biodiversidad o el conocimiento de los Espacios Naturales Protegidos de Andaluc\u00eda en el Proyecto Educativo de Centro, y en el que el profesorado, partiendo del an\u00e1lisis del entorno y a trav\u00e9s de una metodolog\u00eda democr\u00e1tica y participativa en la que el alumnado tiene un papel protagonista en su proceso de ense\u00f1anza aprendizaje, enfatiza los aspectos positivos de preservar nuestro medio ambiente.<\/p>\n<p>El mundo actual se enfrenta a graves problemas ambientales globales causados por m\u00faltiples factores, con un claro origen antr\u00f3pico. Es fundamental contar con la implicaci\u00f3n de la comunidad educativa y el resto de la ciudadan\u00eda, para lo cual las iniciativas de educaci\u00f3n ambiental, de participaci\u00f3n, sensibilizaci\u00f3n y capacitaci\u00f3n por la sostenibilidad ambiental desempe\u00f1an un papel crucial.<\/p>\n<p>El I.E.S. Ventura Mor\u00f3n participa en el programa ALDEA en la modalidad B: en dos proyectos tem\u00e1ticos de educaci\u00f3n ambiental, y trabajar\u00e1 las siguientes l\u00edneas de intervenci\u00f3n:<\/p>\n<ul>\n<li>L\u00ednea de intervenci\u00f3n \u201cProyecto Pleamar\u201d. A trav\u00e9s de este proyecto se pretende que la comunidad educativa trabaje la realidad del litoral.<\/li>\n<li>L\u00ednea de intervenci\u00f3n proyecto \u201cRecapacicla\u201d. Educaci\u00f3n ambiental sobre sostenibilidad y cambio global.<\/li>\n<\/ul>\n","protected":false},"excerpt":{"rendered":"<p>ALDEA: Programa de Educaci\u00f3n Ambiental para la Comunidad Educativa El programa Aldea, Educaci\u00f3n Ambiental para la Comunidad Educativa constituye una herramienta para el desarrollo de las competencias del alumnado en materia de Educaci\u00f3n Ambiental, mediante la introducci\u00f3n y desarrollo de contenidos relacionados con el cambio clim\u00e1tico, el medio forestal y litoral, la gesti\u00f3n de residuos [&hellip;]<\/p>\n","protected":false},"author":11139,"featured_media":0,"parent":44,"menu_order":1,"comment_status":"closed","ping_status":"closed","template":"","meta":{"ngg_post_thumbnail":0,"footnotes":"","_mc_calendar":[]},"aioseo_notices":[],"_links":{"self":[{"href":"https:\/\/blogsaverroes.juntadeandalucia.es\/iesventuramoron\/wp-json\/wp\/v2\/pages\/2851"}],"collection":[{"href":"https:\/\/blogsaverroes.juntadeandalucia.es\/iesventuramoron\/wp-json\/wp\/v2\/pages"}],"about":[{"href":"https:\/\/blogsaverroes.juntadeandalucia.es\/iesventuramoron\/wp-json\/wp\/v2\/types\/page"}],"author":[{"embeddable":true,"href":"https:\/\/blogsaverroes.juntadeandalucia.es\/iesventuramoron\/wp-json\/wp\/v2\/users\/11139"}],"replies":[{"embeddable":true,"href":"https:\/\/blogsaverroes.juntadeandalucia.es\/iesventuramoron\/wp-json\/wp\/v2\/comments?post=2851"}],"version-history":[{"count":3,"href":"https:\/\/blogsaverroes.juntadeandalucia.es\/iesventuramoron\/wp-json\/wp\/v2\/pages\/2851\/revisions"}],"predecessor-version":[{"id":2857,"href":"https:\/\/blogsaverroes.juntadeandalucia.es\/iesventuramoron\/wp-json\/wp\/v2\/pages\/2851\/revisions\/2857"}],"up":[{"embeddable":true,"href":"https:\/\/blogsaverroes.juntadeandalucia.es\/iesventuramoron\/wp-json\/wp\/v2\/pages\/44"}],"wp:attachment":[{"href":"https:\/\/blogsaverroes.juntadeandalucia.es\/iesventuramoron\/wp-json\/wp\/v2\/media?parent=2851"}],"curies":[{"name":"wp","href":"https:\/\/api.w.org\/{rel}","templated":true}]}}