{"id":3165,"date":"2022-04-04T09:43:00","date_gmt":"2022-04-04T07:43:00","guid":{"rendered":"https:\/\/blogsaverroes.juntadeandalucia.es\/iesventuramoron\/?page_id=3165"},"modified":"2025-05-07T12:55:34","modified_gmt":"2025-05-07T10:55:34","slug":"auxiliares-de-conversacion","status":"publish","type":"page","link":"https:\/\/blogsaverroes.juntadeandalucia.es\/iesventuramoron\/auxiliares-de-conversacion\/","title":{"rendered":"Auxiliares de conversaci\u00f3n"},"content":{"rendered":"<p>&nbsp;<\/p>\n<p><b>INFORMATION SHEET FOR LANGUAGE ASSISTANTS:<\/b><\/p>\n<p>Informaci\u00f3n en espa\u00f1ol: <a href=\"https:\/\/blogsaverroes.juntadeandalucia.es\/iesventuramoron\/files\/2022\/04\/Ficha-de-Informaci\u00f3n-para-Auxiliares-de-Conversaci\u00f3n.pdf\">Ficha de Informaci\u00f3n para Auxiliares de Conversaci\u00f3n<\/a><\/p>\n<p>Informaci\u00f3n en ingl\u00e9s: <a href=\"https:\/\/blogsaverroes.juntadeandalucia.es\/iesventuramoron\/files\/2022\/04\/Information-Sheet-for-LANGUAGE-Assistants2.pdf\">Information Sheet for LANGUAGE Assistants2<\/a><\/p>\n<table>\n<tbody>\n<tr>\n<td><b>SCHOOL DATA<\/b><\/td>\n<td>&#8211; Instituto de Educaci\u00f3n Secundaria Ventura Mor\u00f3n<\/p>\n<p>&#8211; Plaza Joaqu\u00edn Ib\u00e1\u00f1ez, 3\/11203 Algeciras \/ C\u00e1diz<\/p>\n<p>&#8211; Telephone: 956663200 \/ 671830350<\/p>\n<p>&#8211; email: 11000381.edu@juntadeandalucia.es<\/p>\n<p>&#8211; Link to location on Google Maps:<\/p>\n<p><a href=\"https:\/\/www.google.es\/maps\/place\/IES+Ventura+Mor%C3%B3n\/@36.1272443,-5.4507587,17z\/data=!4m12!1m6!3m5!1s0xd0c94c57294f2b9:0xf970f90e32a75c1f!2sIES+Ventura+Mor%C3%B3n!8m2!3d36.1272507!4d-5.4486856!3m4!1s0xd0c94c57294f2b9:0xf970f90e32a75c1f!8m2!3d36.1272507!4d-5.4486856?hl=es\">IES Ventura Mor\u00f3n &#8211; Google Maps<\/a><\/p>\n<p>&#8211; Web page: <a href=\"https:\/\/blogsaverroes.juntadeandalucia.es\/iesventuramoron\/\">I.E.S. Ventura Mor\u00f3n (Algeciras) | Web de Centro construida en BlogsAverroes (juntadeandalucia.es)<\/a><\/td>\n<\/tr>\n<tr>\n<td><b>Contact of the reference person(s)<\/b><\/td>\n<td>&#8211; Programme email: <a href=\"mailto:11000381.bilinguismo.edu@juntadeandalucia.es\">11000381.bilinguismo.edu@juntadeandalucia.es<\/a><\/p>\n<p>&#8211; Programme coordinator: Juan Jos\u00e9 Garc\u00eda Benavides <a href=\"mailto:juanj.garcia.benavides.edu@juntadeandalucia.es\">juanj.garcia.benavides.edu@juntadeandalucia.es<\/a><\/td>\n<\/tr>\n<tr>\n<td><b>Education level<\/b><\/td>\n<td>&#8211; Secondary Education (students between 12 and 16 years old), the only level in which bilingual teaching is given.<\/p>\n<p>&#8211; Initial and Dual Vocational Training<\/p>\n<p>&#8211; Basic Vocational Training<\/td>\n<\/tr>\n<tr>\n<td><b>Collaboration subjects\/modules of the Language Assistant<\/b><\/td>\n<td>Compulsory Secondary Education:<\/p>\n<p>&#8211; Math<\/p>\n<p>&#8211; Geography and History<\/p>\n<p>&#8211; Plastic, Visual and Audiovisual Education<\/p>\n<p>&#8211; Physical education<\/p>\n<p>&#8211; Music<\/td>\n<\/tr>\n<tr>\n<td><b>Information about the town and\/or neighbourhood<\/b><\/td>\n<td><a href=\"http:\/\/www.algeciras.es\/es\/temas\/turismo\/\">Turismo y Playas (algeciras.es)<\/a><\/p>\n<p><a href=\"https:\/\/www.juntadeandalucia.es\/cultura\/agendaculturaldeandalucia\/planes\/comarca-del-campo-de-gibraltar\">COMARCA DEL CAMPO DE GIBRALTAR | Agenda Cultural de Andaluc\u00eda (juntadeandalucia.es)<\/a><\/p>\n<p><a href=\"https:\/\/esp.andalucia.com\/provincia\/cadiz\/campo-de-gibraltar.htm\">Comarca Campo de Gibraltar | Guia de Andalucia | Andalucia.com<\/a><\/td>\n<\/tr>\n<tr>\n<td><b>Getting to school<\/b><\/td>\n<td>The high school is located in the centre of the town, so it has easy access from anywhere. It is located a few meters from the bus and train station.<\/p>\n<p>&#8211; Possibility of sharing a car with other teachers.<\/p>\n<p><a href=\"https:\/\/moovitapp.com\/index\/es\/transporte_p%C3%BAblico-lines-Campo_de_Gibraltar-4323-925666\">Urbanos de Algeciras (CTM) &#8211; autob\u00fas Horarios, autob\u00fas Rutas y actualizaciones (moovitapp.com)<\/a><\/td>\n<\/tr>\n<tr>\n<td><b>Accommodation<\/b><\/td>\n<td>&#8211; The most common form of accommodation during the language assistants&#8217; stay is to share a flat with other assistants from other centres. There is also the possibility of sharing with other teachers from the high school itself, once an agreement has been reached.<\/td>\n<\/tr>\n<tr>\n<td><b>Contact with other Language Assistants<\/b><\/td>\n<td>&#8211; If you wish to communicate with other conversation assistants from past courses, write to the coordinator so that he can provide you with their contact information.<\/td>\n<\/tr>\n<\/tbody>\n<\/table>\n<p>&nbsp;<\/p>\n","protected":false},"excerpt":{"rendered":"<p>&nbsp; INFORMATION SHEET FOR LANGUAGE ASSISTANTS: Informaci\u00f3n en espa\u00f1ol: Ficha de Informaci\u00f3n para Auxiliares de Conversaci\u00f3n Informaci\u00f3n en ingl\u00e9s: Information Sheet for LANGUAGE Assistants2 SCHOOL DATA &#8211; Instituto de Educaci\u00f3n Secundaria Ventura Mor\u00f3n &#8211; Plaza Joaqu\u00edn Ib\u00e1\u00f1ez, 3\/11203 Algeciras \/ C\u00e1diz &#8211; Telephone: 956663200 \/ 671830350 &#8211; email: 11000381.edu@juntadeandalucia.es &#8211; Link to location on Google [&hellip;]<\/p>\n","protected":false},"author":13443,"featured_media":0,"parent":0,"menu_order":0,"comment_status":"closed","ping_status":"closed","template":"","meta":{"ngg_post_thumbnail":0,"footnotes":"","_mc_calendar":[]},"aioseo_notices":[],"_links":{"self":[{"href":"https:\/\/blogsaverroes.juntadeandalucia.es\/iesventuramoron\/wp-json\/wp\/v2\/pages\/3165"}],"collection":[{"href":"https:\/\/blogsaverroes.juntadeandalucia.es\/iesventuramoron\/wp-json\/wp\/v2\/pages"}],"about":[{"href":"https:\/\/blogsaverroes.juntadeandalucia.es\/iesventuramoron\/wp-json\/wp\/v2\/types\/page"}],"author":[{"embeddable":true,"href":"https:\/\/blogsaverroes.juntadeandalucia.es\/iesventuramoron\/wp-json\/wp\/v2\/users\/13443"}],"replies":[{"embeddable":true,"href":"https:\/\/blogsaverroes.juntadeandalucia.es\/iesventuramoron\/wp-json\/wp\/v2\/comments?post=3165"}],"version-history":[{"count":4,"href":"https:\/\/blogsaverroes.juntadeandalucia.es\/iesventuramoron\/wp-json\/wp\/v2\/pages\/3165\/revisions"}],"predecessor-version":[{"id":4268,"href":"https:\/\/blogsaverroes.juntadeandalucia.es\/iesventuramoron\/wp-json\/wp\/v2\/pages\/3165\/revisions\/4268"}],"wp:attachment":[{"href":"https:\/\/blogsaverroes.juntadeandalucia.es\/iesventuramoron\/wp-json\/wp\/v2\/media?parent=3165"}],"curies":[{"name":"wp","href":"https:\/\/api.w.org\/{rel}","templated":true}]}}