{"id":42,"date":"2015-03-13T08:40:47","date_gmt":"2015-03-13T08:40:47","guid":{"rendered":"http:\/\/blogsaverroes.juntadeandalucia.es\/pre\/ceip\/?page_id=42"},"modified":"2024-11-19T08:25:19","modified_gmt":"2024-11-19T07:25:19","slug":"equipo-directivo","status":"publish","type":"page","link":"https:\/\/blogsaverroes.juntadeandalucia.es\/iesventuramoron\/equipo-directivo\/","title":{"rendered":"Equipo directivo"},"content":{"rendered":"<table style=\"height: 120px;width: 75%\">\n<tbody>\n<tr style=\"height: 24px\">\n<td style=\"height: 24px\"><strong>Director:&nbsp;<\/strong>Enrique G\u00f3mez Dom\u00ednguez.<\/td>\n<\/tr>\n<tr style=\"height: 24px\">\n<td style=\"height: 24px\"><strong>Vicedirector:&nbsp;<\/strong>Jos\u00e9 Luis Bermejo Guti\u00e9rrez.<\/td>\n<\/tr>\n<tr style=\"height: 24px\">\n<td style=\"height: 24px\"><strong>Jefe de Estudios: <\/strong>Juan Jos\u00e9 Garc\u00eda Benavides.&nbsp;<\/td>\n<\/tr>\n<tr style=\"height: 24px\">\n<td style=\"height: 24px\"><strong>Jefa de Estudios Adjunta: <\/strong>Yolanda Rico Iborra.<\/td>\n<\/tr>\n<tr style=\"height: 24px\">\n<td style=\"height: 24px\"><strong>Secretario:&nbsp;<\/strong>Jos\u00e9 Manuel D\u00edaz Cabrera.<\/td>\n<\/tr>\n<\/tbody>\n<\/table>\n","protected":false},"excerpt":{"rendered":"<p>Director:&nbsp;Enrique G\u00f3mez Dom\u00ednguez. Vicedirector:&nbsp;Jos\u00e9 Luis Bermejo Guti\u00e9rrez. Jefe de Estudios: Juan Jos\u00e9 Garc\u00eda Benavides.&nbsp; Jefa de Estudios Adjunta: Yolanda Rico Iborra. Secretario:&nbsp;Jos\u00e9 Manuel D\u00edaz Cabrera.<\/p>\n","protected":false},"author":1,"featured_media":0,"parent":0,"menu_order":0,"comment_status":"open","ping_status":"open","template":"","meta":{"ngg_post_thumbnail":0,"footnotes":"","_mc_calendar":[]},"aioseo_notices":[],"_links":{"self":[{"href":"https:\/\/blogsaverroes.juntadeandalucia.es\/iesventuramoron\/wp-json\/wp\/v2\/pages\/42"}],"collection":[{"href":"https:\/\/blogsaverroes.juntadeandalucia.es\/iesventuramoron\/wp-json\/wp\/v2\/pages"}],"about":[{"href":"https:\/\/blogsaverroes.juntadeandalucia.es\/iesventuramoron\/wp-json\/wp\/v2\/types\/page"}],"author":[{"embeddable":true,"href":"https:\/\/blogsaverroes.juntadeandalucia.es\/iesventuramoron\/wp-json\/wp\/v2\/users\/1"}],"replies":[{"embeddable":true,"href":"https:\/\/blogsaverroes.juntadeandalucia.es\/iesventuramoron\/wp-json\/wp\/v2\/comments?post=42"}],"version-history":[{"count":11,"href":"https:\/\/blogsaverroes.juntadeandalucia.es\/iesventuramoron\/wp-json\/wp\/v2\/pages\/42\/revisions"}],"predecessor-version":[{"id":4157,"href":"https:\/\/blogsaverroes.juntadeandalucia.es\/iesventuramoron\/wp-json\/wp\/v2\/pages\/42\/revisions\/4157"}],"wp:attachment":[{"href":"https:\/\/blogsaverroes.juntadeandalucia.es\/iesventuramoron\/wp-json\/wp\/v2\/media?parent=42"}],"curies":[{"name":"wp","href":"https:\/\/api.w.org\/{rel}","templated":true}]}}