{"id":44,"date":"2015-03-13T08:42:15","date_gmt":"2015-03-13T08:42:15","guid":{"rendered":"http:\/\/blogsaverroes.juntadeandalucia.es\/pre\/ceip\/?page_id=44"},"modified":"2022-01-20T15:30:48","modified_gmt":"2022-01-20T14:30:48","slug":"planes-y-proyectos","status":"publish","type":"page","link":"https:\/\/blogsaverroes.juntadeandalucia.es\/iesventuramoron\/planes-y-proyectos\/","title":{"rendered":"Planes y Programas"},"content":{"rendered":"<p>Cada centro personaliza y adapta su Proyecto Educativo adhiri\u00e9ndose a diferentes <strong>Planes y Programas<\/strong> promovidos desde la Consejer\u00eda de Educaci\u00f3n, Cultura y Deporte.<\/p>\n<p>Nosotros, en este 2021-2022, colaboramos con la Coordinadora Alternativas, entidad, que desarrolla el programa <strong>Edu-Futuro<\/strong> para el desarrollo e intervenci\u00f3n integral en el contexto educativo de nuestra ciudad, adem\u00e1s de con <strong>Algeciras Acoge<\/strong>, para el acogimiento de incorporaciones tard\u00edas y cubrir las necesidades de int\u00e9rpretes y esta misma instituci\u00f3n&nbsp; y la asociaci\u00f3n <strong>Aires<\/strong> dentro del programa Impulsa 3, con con el objetivo prioritario de reducir el abandono escolar y favorecer el \u00e9xito educativo.<\/p>\n<p>Asimismo, continuamos desarrollando los proyectos de cursos anteriores, como se observa en la siguiente tabla.<\/p>\n<p>&nbsp;<\/p>\n<table class=\" aligncenter\" style=\"height: 186px;width: 76.5827%;border-collapse: collapse;border-color: #030300;background-color: #ffffff\">\n<tbody>\n<tr style=\"height: 24px;border-color: #000000;background-color: #c4bcbc\">\n<td style=\"width: 59.0635%;height: 24px\"><strong>Planes\/Programas<\/strong><\/td>\n<td style=\"width: 35.3607%;height: 24px\"><strong>Responsables<\/strong><\/td>\n<\/tr>\n<tr style=\"height: 24px;background-color: #ffffff\">\n<td style=\"width: 59.0635%;height: 24px\">Programa de centro biling\u00fce-Ingl\u00e9s<\/td>\n<td style=\"width: 35.3607%;height: 24px\">Juan Jos\u00e9 Garc\u00eda Benavides<\/td>\n<\/tr>\n<tr style=\"height: 24px;border-color: #ccb8b8;background-color: #ebe6e8\">\n<td style=\"width: 59.0635%;height: 24px\">Plan de Salud Laboral y P.R.L<\/td>\n<td style=\"width: 35.3607%;height: 24px\">Cristina Ram\u00edrez Salinas<\/td>\n<\/tr>\n<tr style=\"height: 24px;border-color: #ffffff;background-color: #ffffff\">\n<td style=\"width: 59.0635%;height: 24px\">Plan de igualdad de g\u00e9nero en educaci\u00f3n.<\/td>\n<td style=\"width: 35.3607%;height: 24px\">Laura Ar\u00e1nzazu Ponce Garc\u00eda<\/td>\n<\/tr>\n<tr style=\"height: 24px;background-color: #ebe6eb\">\n<td style=\"width: 59.0635%;height: 24px\">Forma joven en el \u00e1mbito educativo.<\/td>\n<td style=\"width: 35.3607%;height: 24px\">M\u00aa Dolores Moreno Segorbe<\/td>\n<\/tr>\n<tr style=\"height: 48px\">\n<td style=\"width: 59.0635%;height: 48px\">Aldea, Educaci\u00f3n Ambiental para la Comunidad Educativa-Modalidad B, Proyecto Tem\u00e1tico.<\/td>\n<td style=\"width: 35.3607%;height: 48px\">Julia Garc\u00eda Gonz\u00e1lez<\/td>\n<\/tr>\n<\/tbody>\n<\/table>\n<p>&nbsp;<\/p>\n<p>&nbsp;<\/p>\n","protected":false},"excerpt":{"rendered":"<p>Cada centro personaliza y adapta su Proyecto Educativo adhiri\u00e9ndose a diferentes Planes y Programas promovidos desde la Consejer\u00eda de Educaci\u00f3n, Cultura y Deporte. Nosotros, en este 2021-2022, colaboramos con la Coordinadora Alternativas, entidad, que desarrolla el programa Edu-Futuro para el desarrollo e intervenci\u00f3n integral en el contexto educativo de nuestra ciudad, adem\u00e1s de con Algeciras [&hellip;]<\/p>\n","protected":false},"author":1,"featured_media":0,"parent":0,"menu_order":0,"comment_status":"open","ping_status":"closed","template":"","meta":{"ngg_post_thumbnail":0,"footnotes":"","_mc_calendar":[]},"aioseo_notices":[],"_links":{"self":[{"href":"https:\/\/blogsaverroes.juntadeandalucia.es\/iesventuramoron\/wp-json\/wp\/v2\/pages\/44"}],"collection":[{"href":"https:\/\/blogsaverroes.juntadeandalucia.es\/iesventuramoron\/wp-json\/wp\/v2\/pages"}],"about":[{"href":"https:\/\/blogsaverroes.juntadeandalucia.es\/iesventuramoron\/wp-json\/wp\/v2\/types\/page"}],"author":[{"embeddable":true,"href":"https:\/\/blogsaverroes.juntadeandalucia.es\/iesventuramoron\/wp-json\/wp\/v2\/users\/1"}],"replies":[{"embeddable":true,"href":"https:\/\/blogsaverroes.juntadeandalucia.es\/iesventuramoron\/wp-json\/wp\/v2\/comments?post=44"}],"version-history":[{"count":9,"href":"https:\/\/blogsaverroes.juntadeandalucia.es\/iesventuramoron\/wp-json\/wp\/v2\/pages\/44\/revisions"}],"predecessor-version":[{"id":3077,"href":"https:\/\/blogsaverroes.juntadeandalucia.es\/iesventuramoron\/wp-json\/wp\/v2\/pages\/44\/revisions\/3077"}],"wp:attachment":[{"href":"https:\/\/blogsaverroes.juntadeandalucia.es\/iesventuramoron\/wp-json\/wp\/v2\/media?parent=44"}],"curies":[{"name":"wp","href":"https:\/\/api.w.org\/{rel}","templated":true}]}}