{"id":82,"date":"2015-03-16T06:59:55","date_gmt":"2015-03-16T06:59:55","guid":{"rendered":"http:\/\/blogsaverroes.juntadeandalucia.es\/pre\/ceip\/?page_id=82"},"modified":"2023-09-28T17:57:08","modified_gmt":"2023-09-28T15:57:08","slug":"horarios","status":"publish","type":"page","link":"https:\/\/blogsaverroes.juntadeandalucia.es\/iesventuramoron\/horarios\/","title":{"rendered":"Oferta educativa"},"content":{"rendered":"<p><strong>Informaci\u00f3n sobre nuestra oferta educativa en Educaci\u00f3n Secundaria Obligatoria<\/strong>.<\/p>\n<p><span id=\"more-29\"><\/span>En nuestro centro puedes cursar:<\/p>\n<ul>\n<li>E.S.O.<\/li>\n<\/ul>\n<p>El T\u00edtulo Oficial de Graduado en Educaci\u00f3n Secundaria Obligatoria te posibilita continuar tus estudios:<\/p>\n<ul>\n<li>Estudiando alguna de las modalidades de Bachillerato.<\/li>\n<li>Estudiando alg\u00fan Ciclo de Grado Medio.<\/li>\n<\/ul>\n<p><strong>Informaci\u00f3n sobre nuestra oferta educativa en Formaci\u00f3n Profesional Inicial<\/strong>.<\/p>\n<p><strong>&nbsp; &nbsp;F.P.G.I.M (Ciclos de Grado Medio): <\/strong><\/p>\n<ul>\n<li>Instalaciones de Telecomunicaciones.&nbsp;<\/li>\n<li>Soldadura y Calderer\u00eda.<\/li>\n<li>Mecanizado.<\/li>\n<\/ul>\n<p><strong> &nbsp; &nbsp;F.P.G.I.M (Ciclos de Grado Superior): <\/strong><\/p>\n<ul>\n<li>Mantenimiento Electr\u00f3nico.&nbsp;<\/li>\n<li>Programaci\u00f3n de la Producci\u00f3n en Fabricaci\u00f3n Mec\u00e1nica.<\/li>\n<li>Programaci\u00f3n de la Producci\u00f3n en Fabricaci\u00f3n Mec\u00e1nica. Dual.<\/li>\n<\/ul>\n<p><strong>&nbsp; &nbsp; C.F.G.B. (Ciclo Formativo de Grado B\u00e1sico):<\/strong><\/p>\n<ul>\n<li>Fabricaci\u00f3n y Montaje.<\/li>\n<\/ul>\n<p><strong>&nbsp; &nbsp; Cursos de Especializaci\u00f3n:<\/strong><\/p>\n<ul>\n<li>Digitalizaci\u00f3n del Mantenimiento Industrial.<\/li>\n<\/ul>\n<p>Para aclarar cualquier duda, consulta con tu tutor, con el Departamento de Orientaci\u00f3n o con la secretar\u00eda del Centro.<\/p>\n","protected":false},"excerpt":{"rendered":"<p>Informaci\u00f3n sobre nuestra oferta educativa en Educaci\u00f3n Secundaria Obligatoria. En nuestro centro puedes cursar: E.S.O. El T\u00edtulo Oficial de Graduado en Educaci\u00f3n Secundaria Obligatoria te posibilita continuar tus estudios: Estudiando alguna de las modalidades de Bachillerato. Estudiando alg\u00fan Ciclo de Grado Medio. Informaci\u00f3n sobre nuestra oferta educativa en Formaci\u00f3n Profesional Inicial. &nbsp; &nbsp;F.P.G.I.M (Ciclos de [&hellip;]<\/p>\n","protected":false},"author":1,"featured_media":0,"parent":0,"menu_order":0,"comment_status":"open","ping_status":"open","template":"","meta":{"ngg_post_thumbnail":0,"footnotes":"","_mc_calendar":[]},"aioseo_notices":[],"_links":{"self":[{"href":"https:\/\/blogsaverroes.juntadeandalucia.es\/iesventuramoron\/wp-json\/wp\/v2\/pages\/82"}],"collection":[{"href":"https:\/\/blogsaverroes.juntadeandalucia.es\/iesventuramoron\/wp-json\/wp\/v2\/pages"}],"about":[{"href":"https:\/\/blogsaverroes.juntadeandalucia.es\/iesventuramoron\/wp-json\/wp\/v2\/types\/page"}],"author":[{"embeddable":true,"href":"https:\/\/blogsaverroes.juntadeandalucia.es\/iesventuramoron\/wp-json\/wp\/v2\/users\/1"}],"replies":[{"embeddable":true,"href":"https:\/\/blogsaverroes.juntadeandalucia.es\/iesventuramoron\/wp-json\/wp\/v2\/comments?post=82"}],"version-history":[{"count":9,"href":"https:\/\/blogsaverroes.juntadeandalucia.es\/iesventuramoron\/wp-json\/wp\/v2\/pages\/82\/revisions"}],"predecessor-version":[{"id":3899,"href":"https:\/\/blogsaverroes.juntadeandalucia.es\/iesventuramoron\/wp-json\/wp\/v2\/pages\/82\/revisions\/3899"}],"wp:attachment":[{"href":"https:\/\/blogsaverroes.juntadeandalucia.es\/iesventuramoron\/wp-json\/wp\/v2\/media?parent=82"}],"curies":[{"name":"wp","href":"https:\/\/api.w.org\/{rel}","templated":true}]}}