{"id":3041,"date":"2020-12-18T12:41:50","date_gmt":"2020-12-18T12:41:50","guid":{"rendered":"https:\/\/blogsaverroes.juntadeandalucia.es\/iesveracruz\/?page_id=3041"},"modified":"2021-07-22T06:58:23","modified_gmt":"2021-07-22T06:58:23","slug":"2o-eso","status":"publish","type":"page","link":"https:\/\/blogsaverroes.juntadeandalucia.es\/iesveracruz\/2o-eso\/","title":{"rendered":"2\u00ba ESO"},"content":{"rendered":"<p style=\"padding-left: 120px\"><img decoding=\"async\" src=\"https:\/\/elurnet.net\/wp-content\/uploads\/2020\/05\/files-2.png\" alt=\"R\u00fabricas, la herramienta de evaluaci\u00f3n online m\u00e1s vers\u00e1til. \u2022 Elurnet\"><\/p>\n<p><a href=\"https:\/\/blogsaverroes.juntadeandalucia.es\/iesveracruz\/files\/2020\/12\/2_CAMBIOS-SOCIALES-Y-DE-GENERO_Criterios_2020_21.pdf\" target=\"_blank\" rel=\"noopener noreferrer\">2_CAMBIOS SOCIALES Y DE GENERO_Criterios_2020_21<\/a><\/p>\n<p><a href=\"https:\/\/blogsaverroes.juntadeandalucia.es\/iesveracruz\/files\/2020\/12\/2_EDUCACION-FISICA_Criterios_2020_21.pdf\" target=\"_blank\" rel=\"noopener noreferrer\">2_EDUCACION FISICA_Criterios_2020_21<\/a><\/p>\n<p><a href=\"https:\/\/blogsaverroes.juntadeandalucia.es\/iesveracruz\/files\/2020\/12\/2_FISICA-y-QUIMICA_Criterios_2020_21.pdf\" target=\"_blank\" rel=\"noopener noreferrer\">2_FISICA y QUIMICA_Criterios_2020_21<\/a><\/p>\n<p><a href=\"https:\/\/blogsaverroes.juntadeandalucia.es\/iesveracruz\/files\/2020\/12\/2_FISICA-y-QUIMICA_PMAR_Criterios_2020_21.pdf\" target=\"_blank\" rel=\"noopener noreferrer\">2_FISICA y QUIMICA_PMAR_Criterios_2020_21<\/a><\/p>\n<p><a href=\"https:\/\/blogsaverroes.juntadeandalucia.es\/iesveracruz\/files\/2020\/12\/2_FRANCES_Criterios_2020_21.pdf\" target=\"_blank\" rel=\"noopener noreferrer\">2_FRANCES_Criterios_2020_21<\/a><\/p>\n<p><a href=\"https:\/\/blogsaverroes.juntadeandalucia.es\/iesveracruz\/files\/2020\/12\/2_GEOGRAFIA-E-HISTORIA_Criterios_2020_21.pdf\" target=\"_blank\" rel=\"noopener noreferrer\">2_GEOGRAFIA E HISTORIA_Criterios_2020_21<\/a><\/p>\n<p><a href=\"https:\/\/blogsaverroes.juntadeandalucia.es\/iesveracruz\/files\/2020\/12\/2_INGLES_Criterios_2020_21.pdf\" target=\"_blank\" rel=\"noopener noreferrer\">2_INGLES_Criterios_2020_21<\/a><\/p>\n<p><a href=\"https:\/\/blogsaverroes.juntadeandalucia.es\/iesveracruz\/files\/2020\/12\/2_INGLES_PMAR_Criterios_2020_21.pdf\" target=\"_blank\" rel=\"noopener noreferrer\">2_INGLES_PMAR_Criterios_2020_21<\/a><\/p>\n<p><a href=\"https:\/\/blogsaverroes.juntadeandalucia.es\/iesveracruz\/files\/2020\/12\/2_LENGUA_Criterios_2020_21.pdf\" target=\"_blank\" rel=\"noopener noreferrer\">2_LENGUA_Criterios_2020_21<\/a><\/p>\n<p><a href=\"https:\/\/blogsaverroes.juntadeandalucia.es\/iesveracruz\/files\/2020\/12\/2_LENGUA_PMAR_Criterios_2020_21.pdf\" target=\"_blank\" rel=\"noopener noreferrer\">2_LENGUA_PMAR_Criterios_2020_21<\/a><\/p>\n<p><a href=\"https:\/\/blogsaverroes.juntadeandalucia.es\/iesveracruz\/files\/2020\/12\/2_MATEMATICAS_Criterios_2020_21.pdf\" target=\"_blank\" rel=\"noopener noreferrer\">2_MATEMATICAS_Criterios_2020_21<\/a><\/p>\n<p><a href=\"https:\/\/blogsaverroes.juntadeandalucia.es\/iesveracruz\/files\/2020\/12\/2_MATEMATICAS_PMAR_Criterios_2020_21.pdf\" target=\"_blank\" rel=\"noopener noreferrer\">2_MATEMATICAS_PMAR_Criterios_2020_21<\/a><\/p>\n<p><a href=\"https:\/\/blogsaverroes.juntadeandalucia.es\/iesveracruz\/files\/2020\/12\/2_MUSICA_Criterios_2020_21.pdf\" target=\"_blank\" rel=\"noopener noreferrer\">2_MUSICA_Criterios_2020_21<\/a><\/p>\n<p><a href=\"https:\/\/blogsaverroes.juntadeandalucia.es\/iesveracruz\/files\/2020\/12\/2_TECNOLOGIA_Criterios_2020_21.pdf\" target=\"_blank\" rel=\"noopener noreferrer\">2_TECNOLOGIA_Criterios_2020_21<\/a><\/p>\n<p><a href=\"https:\/\/blogsaverroes.juntadeandalucia.es\/iesveracruz\/files\/2020\/12\/2_VALORES-ETICOS_Criterios_2020_21.pdf\" target=\"_blank\" rel=\"noopener noreferrer\">2_VALORES ETICOS_Criterios_2020_21<\/a><\/p>\n","protected":false},"excerpt":{"rendered":"<p>2_CAMBIOS SOCIALES Y DE GENERO_Criterios_2020_21 2_EDUCACION FISICA_Criterios_2020_21 2_FISICA y QUIMICA_Criterios_2020_21 2_FISICA y QUIMICA_PMAR_Criterios_2020_21 2_FRANCES_Criterios_2020_21 2_GEOGRAFIA E HISTORIA_Criterios_2020_21 2_INGLES_Criterios_2020_21 2_INGLES_PMAR_Criterios_2020_21 2_LENGUA_Criterios_2020_21 2_LENGUA_PMAR_Criterios_2020_21 2_MATEMATICAS_Criterios_2020_21 2_MATEMATICAS_PMAR_Criterios_2020_21 2_MUSICA_Criterios_2020_21 2_TECNOLOGIA_Criterios_2020_21 2_VALORES ETICOS_Criterios_2020_21<\/p>\n","protected":false},"author":6657,"featured_media":0,"parent":0,"menu_order":0,"comment_status":"closed","ping_status":"closed","template":"","meta":{"ngg_post_thumbnail":0,"footnotes":"","_mc_calendar":[]},"aioseo_notices":[],"_links":{"self":[{"href":"https:\/\/blogsaverroes.juntadeandalucia.es\/iesveracruz\/wp-json\/wp\/v2\/pages\/3041"}],"collection":[{"href":"https:\/\/blogsaverroes.juntadeandalucia.es\/iesveracruz\/wp-json\/wp\/v2\/pages"}],"about":[{"href":"https:\/\/blogsaverroes.juntadeandalucia.es\/iesveracruz\/wp-json\/wp\/v2\/types\/page"}],"author":[{"embeddable":true,"href":"https:\/\/blogsaverroes.juntadeandalucia.es\/iesveracruz\/wp-json\/wp\/v2\/users\/6657"}],"replies":[{"embeddable":true,"href":"https:\/\/blogsaverroes.juntadeandalucia.es\/iesveracruz\/wp-json\/wp\/v2\/comments?post=3041"}],"version-history":[{"count":4,"href":"https:\/\/blogsaverroes.juntadeandalucia.es\/iesveracruz\/wp-json\/wp\/v2\/pages\/3041\/revisions"}],"predecessor-version":[{"id":3260,"href":"https:\/\/blogsaverroes.juntadeandalucia.es\/iesveracruz\/wp-json\/wp\/v2\/pages\/3041\/revisions\/3260"}],"wp:attachment":[{"href":"https:\/\/blogsaverroes.juntadeandalucia.es\/iesveracruz\/wp-json\/wp\/v2\/media?parent=3041"}],"curies":[{"name":"wp","href":"https:\/\/api.w.org\/{rel}","templated":true}]}}