{"id":3058,"date":"2020-12-18T12:44:37","date_gmt":"2020-12-18T12:44:37","guid":{"rendered":"https:\/\/blogsaverroes.juntadeandalucia.es\/iesveracruz\/?page_id=3058"},"modified":"2021-07-22T06:58:43","modified_gmt":"2021-07-22T06:58:43","slug":"3o-eso","status":"publish","type":"page","link":"https:\/\/blogsaverroes.juntadeandalucia.es\/iesveracruz\/3o-eso\/","title":{"rendered":"3\u00ba ESO"},"content":{"rendered":"<p style=\"padding-left: 120px\"><img decoding=\"async\" src=\"https:\/\/elurnet.net\/wp-content\/uploads\/2020\/05\/files-2.png\" alt=\"R\u00fabricas, la herramienta de evaluaci\u00f3n online m\u00e1s vers\u00e1til. \u2022 Elurnet\"><\/p>\n<p><a href=\"https:\/\/blogsaverroes.juntadeandalucia.es\/iesveracruz\/files\/2020\/12\/3_BIOLOGIA-y-GEOLOGIA_Criterios_2020_21.pdf\" target=\"_blank\" rel=\"noopener noreferrer\">3_BIOLOGIA y GEOLOGIA_Criterios_2020_21<\/a><\/p>\n<p><a href=\"https:\/\/blogsaverroes.juntadeandalucia.es\/iesveracruz\/files\/2020\/12\/3_BIOLOGIA-y-GEOLOGIA_PMAR_Criterios_2020_21.pdf\" target=\"_blank\" rel=\"noopener noreferrer\">3_BIOLOGIA y GEOLOGIA_PMAR_Criterios_2020_21<\/a><\/p>\n<p><a href=\"https:\/\/blogsaverroes.juntadeandalucia.es\/iesveracruz\/files\/2020\/12\/3_EDUCACION-FISICA_Criterios_2020_21.pdf\" target=\"_blank\" rel=\"noopener noreferrer\">3_EDUCACION FISICA_Criterios_2020_21<\/a><\/p>\n<p><a href=\"https:\/\/blogsaverroes.juntadeandalucia.es\/iesveracruz\/files\/2020\/12\/3_EDUCACION-PARA-LA-CIUDADANIA_Criterios_2020_21.pdf\" target=\"_blank\" rel=\"noopener noreferrer\">3_EDUCACION PARA LA CIUDADANIA_Criterios_2020_21<\/a><\/p>\n<p><a href=\"https:\/\/blogsaverroes.juntadeandalucia.es\/iesveracruz\/files\/2020\/12\/3_FISICA-y-QUIMICA_Criterios_2020_21.pdf\" target=\"_blank\" rel=\"noopener noreferrer\">3_FISICA y QUIMICA_Criterios_2020_21<\/a><\/p>\n<p><a href=\"https:\/\/blogsaverroes.juntadeandalucia.es\/iesveracruz\/files\/2020\/12\/3_FISICA-y-QUIMICA_PMAR_Criterios_2020_21.pdf\" target=\"_blank\" rel=\"noopener noreferrer\">3_FISICA y QUIMICA_PMAR_Criterios_2020_21<\/a><\/p>\n<p><a href=\"https:\/\/blogsaverroes.juntadeandalucia.es\/iesveracruz\/files\/2020\/12\/3_FRANCES_Criterios_2020_21.pdf\" target=\"_blank\" rel=\"noopener noreferrer\">3_FRANCES_Criterios_2020_21<\/a><\/p>\n<p><a href=\"https:\/\/blogsaverroes.juntadeandalucia.es\/iesveracruz\/files\/2020\/12\/3_GEOGRAFIA-e-HISTORIA_Criterios_2020_21.pdf\" target=\"_blank\" rel=\"noopener noreferrer\">3_GEOGRAFIA e HISTORIA_Criterios_2020_21<\/a><\/p>\n<p><a href=\"https:\/\/blogsaverroes.juntadeandalucia.es\/iesveracruz\/files\/2020\/12\/3_GEOGRAFIA-e-HISTORIA_PMAR_Criterios_2020_21.pdf\" target=\"_blank\" rel=\"noopener noreferrer\">3_GEOGRAFIA e HISTORIA_PMAR_Criterios_2020_21<\/a><\/p>\n<p><a href=\"https:\/\/blogsaverroes.juntadeandalucia.es\/iesveracruz\/files\/2020\/12\/3_INGLES_Criterios_2020_21.pdf\" target=\"_blank\" rel=\"noopener noreferrer\">3_INGLES_Criterios_2020_21<\/a><\/p>\n<p><a href=\"https:\/\/blogsaverroes.juntadeandalucia.es\/iesveracruz\/files\/2020\/12\/3_INGLES_PMAR_Criterios_2020_21.pdf\" target=\"_blank\" rel=\"noopener noreferrer\">3_INGLES_PMAR_Criterios_2020_21<\/a><\/p>\n<p><a href=\"https:\/\/blogsaverroes.juntadeandalucia.es\/iesveracruz\/files\/2020\/12\/3_LENGUA_Criterios_2020_21.pdf\" target=\"_blank\" rel=\"noopener noreferrer\">3_LENGUA_Criterios_2020_21<\/a><\/p>\n<p><a href=\"https:\/\/blogsaverroes.juntadeandalucia.es\/iesveracruz\/files\/2020\/12\/3_LENGUA_PMAR_Criterios_2020_21.pdf\" target=\"_blank\" rel=\"noopener noreferrer\">3_LENGUA_PMAR_Criterios_2020_21<\/a><\/p>\n<p><a href=\"https:\/\/blogsaverroes.juntadeandalucia.es\/iesveracruz\/files\/2020\/12\/3_MATEMATICAS_ACADEMICAS_Criterios_2020_21.pdf\" target=\"_blank\" rel=\"noopener noreferrer\">3_MATEMATICAS_ACADEMICAS_Criterios_2020_21<\/a><\/p>\n<p><a href=\"https:\/\/blogsaverroes.juntadeandalucia.es\/iesveracruz\/files\/2020\/12\/3_MATEMATICAS_APLICADAS_Criterios_2020_21.pdf\" target=\"_blank\" rel=\"noopener noreferrer\">3_MATEMATICAS_APLICADAS_Criterios_2020_21<\/a><\/p>\n<p><a href=\"https:\/\/blogsaverroes.juntadeandalucia.es\/iesveracruz\/files\/2020\/12\/3_TECNOLOGIA_Criterios_2020_21.pdf\" target=\"_blank\" rel=\"noopener noreferrer\">3_TECNOLOGIA_Criterios_2020_21<\/a><\/p>\n<p><a href=\"https:\/\/blogsaverroes.juntadeandalucia.es\/iesveracruz\/files\/2020\/12\/3_TECNOLOGIA_PMAR_Criterios_2020_21.pdf\" target=\"_blank\" rel=\"noopener noreferrer\">3_TECNOLOGIA_PMAR_Criterios_2020_21<\/a><\/p>\n<p><a href=\"https:\/\/blogsaverroes.juntadeandalucia.es\/iesveracruz\/files\/2020\/12\/3_VALORES-ETICOS_Criterios_2020_21.pdf\" target=\"_blank\" rel=\"noopener noreferrer\">3_VALORES ETICOS_Criterios_2020_21<\/a><\/p>\n<p>&nbsp;<\/p>\n","protected":false},"excerpt":{"rendered":"<p>3_BIOLOGIA y GEOLOGIA_Criterios_2020_21 3_BIOLOGIA y GEOLOGIA_PMAR_Criterios_2020_21 3_EDUCACION FISICA_Criterios_2020_21 3_EDUCACION PARA LA CIUDADANIA_Criterios_2020_21 3_FISICA y QUIMICA_Criterios_2020_21 3_FISICA y QUIMICA_PMAR_Criterios_2020_21 3_FRANCES_Criterios_2020_21 3_GEOGRAFIA e HISTORIA_Criterios_2020_21 3_GEOGRAFIA e HISTORIA_PMAR_Criterios_2020_21 3_INGLES_Criterios_2020_21 3_INGLES_PMAR_Criterios_2020_21 3_LENGUA_Criterios_2020_21 3_LENGUA_PMAR_Criterios_2020_21 3_MATEMATICAS_ACADEMICAS_Criterios_2020_21 3_MATEMATICAS_APLICADAS_Criterios_2020_21 3_TECNOLOGIA_Criterios_2020_21 3_TECNOLOGIA_PMAR_Criterios_2020_21 3_VALORES&#46;&#46;&#46;<\/p>\n","protected":false},"author":6657,"featured_media":0,"parent":0,"menu_order":0,"comment_status":"closed","ping_status":"closed","template":"","meta":{"ngg_post_thumbnail":0,"footnotes":"","_mc_calendar":[]},"aioseo_notices":[],"_links":{"self":[{"href":"https:\/\/blogsaverroes.juntadeandalucia.es\/iesveracruz\/wp-json\/wp\/v2\/pages\/3058"}],"collection":[{"href":"https:\/\/blogsaverroes.juntadeandalucia.es\/iesveracruz\/wp-json\/wp\/v2\/pages"}],"about":[{"href":"https:\/\/blogsaverroes.juntadeandalucia.es\/iesveracruz\/wp-json\/wp\/v2\/types\/page"}],"author":[{"embeddable":true,"href":"https:\/\/blogsaverroes.juntadeandalucia.es\/iesveracruz\/wp-json\/wp\/v2\/users\/6657"}],"replies":[{"embeddable":true,"href":"https:\/\/blogsaverroes.juntadeandalucia.es\/iesveracruz\/wp-json\/wp\/v2\/comments?post=3058"}],"version-history":[{"count":4,"href":"https:\/\/blogsaverroes.juntadeandalucia.es\/iesveracruz\/wp-json\/wp\/v2\/pages\/3058\/revisions"}],"predecessor-version":[{"id":3261,"href":"https:\/\/blogsaverroes.juntadeandalucia.es\/iesveracruz\/wp-json\/wp\/v2\/pages\/3058\/revisions\/3261"}],"wp:attachment":[{"href":"https:\/\/blogsaverroes.juntadeandalucia.es\/iesveracruz\/wp-json\/wp\/v2\/media?parent=3058"}],"curies":[{"name":"wp","href":"https:\/\/api.w.org\/{rel}","templated":true}]}}