{"id":3078,"date":"2020-12-18T12:46:28","date_gmt":"2020-12-18T12:46:28","guid":{"rendered":"https:\/\/blogsaverroes.juntadeandalucia.es\/iesveracruz\/?page_id=3078"},"modified":"2021-07-22T06:59:01","modified_gmt":"2021-07-22T06:59:01","slug":"4o-eso","status":"publish","type":"page","link":"https:\/\/blogsaverroes.juntadeandalucia.es\/iesveracruz\/4o-eso\/","title":{"rendered":"4\u00ba ESO"},"content":{"rendered":"<p style=\"padding-left: 120px\"><img decoding=\"async\" src=\"https:\/\/elurnet.net\/wp-content\/uploads\/2020\/05\/files-2.png\" alt=\"R\u00fabricas, la herramienta de evaluaci\u00f3n online m\u00e1s vers\u00e1til. \u2022 Elurnet\"><\/p>\n<p><a href=\"https:\/\/blogsaverroes.juntadeandalucia.es\/iesveracruz\/files\/2020\/12\/4_BIOLOGIA-y-GEOLOGIA_Criterios_2020_21.pdf\" target=\"_blank\" rel=\"noopener noreferrer\">4_BIOLOGIA y GEOLOGIA_Criterios_2020_21<\/a><\/p>\n<p><a href=\"https:\/\/blogsaverroes.juntadeandalucia.es\/iesveracruz\/files\/2020\/12\/4_ECONOMIA_Criterios_2020_21.pdf\" target=\"_blank\" rel=\"noopener noreferrer\">4_ECONOMIA_Criterios_2020_21<\/a><\/p>\n<p><a href=\"https:\/\/blogsaverroes.juntadeandalucia.es\/iesveracruz\/files\/2020\/12\/4_EDUCACION-FISICA_Criterios_2020_21.pdf\" target=\"_blank\" rel=\"noopener noreferrer\">4_EDUCACION FISICA_Criterios_2020_21<\/a><\/p>\n<p><a href=\"https:\/\/blogsaverroes.juntadeandalucia.es\/iesveracruz\/files\/2020\/12\/4_FISICA-y-QUIMICA_Criterios_2020_21.pdf\" target=\"_blank\" rel=\"noopener noreferrer\">4_FISICA y QUIMICA_Criterios_2020_21<\/a><\/p>\n<p><a href=\"https:\/\/blogsaverroes.juntadeandalucia.es\/iesveracruz\/files\/2020\/12\/4_FRANCES_Criterios_2020_21.pdf\" target=\"_blank\" rel=\"noopener noreferrer\">4_FRANCES_Criterios_2020_21<\/a><\/p>\n<p><a href=\"https:\/\/blogsaverroes.juntadeandalucia.es\/iesveracruz\/files\/2020\/12\/4_GEOGRAFIA-E-HISTORIA_Criterios_2020_21.pdf\" target=\"_blank\" rel=\"noopener noreferrer\">4_GEOGRAFIA E HISTORIA_Criterios_2020_21<\/a><\/p>\n<p><a href=\"https:\/\/blogsaverroes.juntadeandalucia.es\/iesveracruz\/files\/2020\/12\/4_IAEE_Criterios_2020_21.pdf\" target=\"_blank\" rel=\"noopener noreferrer\">4_IAEE_Criterios_2020_21<\/a><\/p>\n<p><a href=\"https:\/\/blogsaverroes.juntadeandalucia.es\/iesveracruz\/files\/2020\/12\/4_INGLES_Criterios_2020_21.pdf\" target=\"_blank\" rel=\"noopener noreferrer\">4_INGLES_Criterios_2020_21<\/a><\/p>\n<p><a href=\"https:\/\/blogsaverroes.juntadeandalucia.es\/iesveracruz\/files\/2020\/12\/4_LENGUA_Criterios_2020_21.pdf\" target=\"_blank\" rel=\"noopener noreferrer\">4_LENGUA_Criterios_2020_21<\/a><\/p>\n<p><a href=\"https:\/\/blogsaverroes.juntadeandalucia.es\/iesveracruz\/files\/2020\/12\/4_MATEMATICAS_ACADEMICAS_Criterios_2020_21.pdf\" target=\"_blank\" rel=\"noopener noreferrer\">4_MATEMATICAS_ACADEMICAS_Criterios_2020_21<\/a><\/p>\n<p><a href=\"https:\/\/blogsaverroes.juntadeandalucia.es\/iesveracruz\/files\/2020\/12\/4_MATEMATICAS_APLICADAS_Criterios_2020_21.pdf\" target=\"_blank\" rel=\"noopener noreferrer\">4_MATEMATICAS_APLICADAS_Criterios_2020_21<\/a><\/p>\n<p><a href=\"https:\/\/blogsaverroes.juntadeandalucia.es\/iesveracruz\/files\/2020\/12\/4_MUSICA_Criterios_2020_21.pdf\" target=\"_blank\" rel=\"noopener noreferrer\">4_MUSICA_Criterios_2020_21<\/a><\/p>\n<p><a href=\"https:\/\/blogsaverroes.juntadeandalucia.es\/iesveracruz\/files\/2020\/12\/4_TECNOLOGIA_Criterios_2020_21.pdf\" target=\"_blank\" rel=\"noopener noreferrer\">4_TECNOLOGIA_Criterios_2020_21<\/a><\/p>\n<p>&nbsp;<\/p>\n","protected":false},"excerpt":{"rendered":"<p>4_BIOLOGIA y GEOLOGIA_Criterios_2020_21 4_ECONOMIA_Criterios_2020_21 4_EDUCACION FISICA_Criterios_2020_21 4_FISICA y QUIMICA_Criterios_2020_21 4_FRANCES_Criterios_2020_21 4_GEOGRAFIA E HISTORIA_Criterios_2020_21 4_IAEE_Criterios_2020_21 4_INGLES_Criterios_2020_21 4_LENGUA_Criterios_2020_21 4_MATEMATICAS_ACADEMICAS_Criterios_2020_21 4_MATEMATICAS_APLICADAS_Criterios_2020_21 4_MUSICA_Criterios_2020_21 4_TECNOLOGIA_Criterios_2020_21 &nbsp;<\/p>\n","protected":false},"author":6657,"featured_media":0,"parent":0,"menu_order":0,"comment_status":"closed","ping_status":"closed","template":"","meta":{"ngg_post_thumbnail":0,"footnotes":"","_mc_calendar":[]},"aioseo_notices":[],"_links":{"self":[{"href":"https:\/\/blogsaverroes.juntadeandalucia.es\/iesveracruz\/wp-json\/wp\/v2\/pages\/3078"}],"collection":[{"href":"https:\/\/blogsaverroes.juntadeandalucia.es\/iesveracruz\/wp-json\/wp\/v2\/pages"}],"about":[{"href":"https:\/\/blogsaverroes.juntadeandalucia.es\/iesveracruz\/wp-json\/wp\/v2\/types\/page"}],"author":[{"embeddable":true,"href":"https:\/\/blogsaverroes.juntadeandalucia.es\/iesveracruz\/wp-json\/wp\/v2\/users\/6657"}],"replies":[{"embeddable":true,"href":"https:\/\/blogsaverroes.juntadeandalucia.es\/iesveracruz\/wp-json\/wp\/v2\/comments?post=3078"}],"version-history":[{"count":5,"href":"https:\/\/blogsaverroes.juntadeandalucia.es\/iesveracruz\/wp-json\/wp\/v2\/pages\/3078\/revisions"}],"predecessor-version":[{"id":3262,"href":"https:\/\/blogsaverroes.juntadeandalucia.es\/iesveracruz\/wp-json\/wp\/v2\/pages\/3078\/revisions\/3262"}],"wp:attachment":[{"href":"https:\/\/blogsaverroes.juntadeandalucia.es\/iesveracruz\/wp-json\/wp\/v2\/media?parent=3078"}],"curies":[{"name":"wp","href":"https:\/\/api.w.org\/{rel}","templated":true}]}}