{"id":3124,"date":"2021-01-11T10:57:58","date_gmt":"2021-01-11T10:57:58","guid":{"rendered":"https:\/\/blogsaverroes.juntadeandalucia.es\/iesveracruz\/?page_id=3124"},"modified":"2026-02-20T09:06:51","modified_gmt":"2026-02-20T09:06:51","slug":"presentacion-plan-autoproteccion","status":"publish","type":"page","link":"https:\/\/blogsaverroes.juntadeandalucia.es\/iesveracruz\/presentacion-plan-autoproteccion\/","title":{"rendered":"Plan Autoprotecci\u00f3n"},"content":{"rendered":"<p>En el I.E.S. \u00abVera Cruz\u00bb de Beg\u00edjar, la seguridad de toda nuestra comunidad educativa es un pilar fundamental, por lo que hemos actualizado y puesto en marcha nuestro Plan de Autoprotecci\u00f3n. Este plan no solo busca cumplir con la normativa vigente, sino garantizar una respuesta organizada y eficaz ante cualquier eventualidad mediante la formaci\u00f3n del personal y la realizaci\u00f3n de simulacros de evacuaci\u00f3n obligatorios. Durante estas pr\u00e1cticas, que se llevan a cabo sin previo aviso para asegurar su realismo, el alumnado debe seguir estrictamente las indicaciones del profesorado: mantener la calma, abandonar el aula sin efectos personales tras cerrar ventanas y apagar equipos el\u00e9ctricos, y desplazarse de forma ordenada hacia el punto de reuni\u00f3n en las pistas deportivas. Agradecemos de antemano la colaboraci\u00f3n de las familias y recordamos que este ejercicio de prevenci\u00f3n es esencial para que todos los miembros del instituto sepan actuar con rapidez y seguridad, minimizando cualquier riesgo y garantizando un entorno de aprendizaje protegido.<\/p>\n<p>Accede a los documentos. <a href=\"https:\/\/drive.google.com\/drive\/folders\/1U39ef8-idVroXGnaJoNkLDfp9cZd4BOh?usp=drive_link\">Pincha aqu\u00ed<\/a><\/p>\n<p><img fetchpriority=\"high\" decoding=\"async\" class=\" wp-image-3818 aligncenter\" src=\"https:\/\/blogsaverroes.juntadeandalucia.es\/iesveracruz\/files\/2026\/02\/1000106399-300x225.jpg\" alt=\"\" width=\"447\" height=\"335\" srcset=\"https:\/\/blogsaverroes.juntadeandalucia.es\/iesveracruz\/files\/2026\/02\/1000106399-300x225.jpg 300w, https:\/\/blogsaverroes.juntadeandalucia.es\/iesveracruz\/files\/2026\/02\/1000106399-1024x768.jpg 1024w, https:\/\/blogsaverroes.juntadeandalucia.es\/iesveracruz\/files\/2026\/02\/1000106399-768x576.jpg 768w, https:\/\/blogsaverroes.juntadeandalucia.es\/iesveracruz\/files\/2026\/02\/1000106399-1536x1152.jpg 1536w, https:\/\/blogsaverroes.juntadeandalucia.es\/iesveracruz\/files\/2026\/02\/1000106399-2048x1536.jpg 2048w\" sizes=\"(max-width: 447px) 100vw, 447px\" \/><\/p>\n","protected":false},"excerpt":{"rendered":"<p>En el I.E.S. \u00abVera Cruz\u00bb de Beg\u00edjar, la seguridad de toda nuestra comunidad educativa es un pilar fundamental, por lo que hemos actualizado y puesto en marcha nuestro Plan de Autoprotecci\u00f3n. Este plan no&#46;&#46;&#46;<\/p>\n","protected":false},"author":6657,"featured_media":0,"parent":0,"menu_order":0,"comment_status":"closed","ping_status":"closed","template":"","meta":{"ngg_post_thumbnail":0,"footnotes":"","_mc_calendar":[]},"aioseo_notices":[],"_links":{"self":[{"href":"https:\/\/blogsaverroes.juntadeandalucia.es\/iesveracruz\/wp-json\/wp\/v2\/pages\/3124"}],"collection":[{"href":"https:\/\/blogsaverroes.juntadeandalucia.es\/iesveracruz\/wp-json\/wp\/v2\/pages"}],"about":[{"href":"https:\/\/blogsaverroes.juntadeandalucia.es\/iesveracruz\/wp-json\/wp\/v2\/types\/page"}],"author":[{"embeddable":true,"href":"https:\/\/blogsaverroes.juntadeandalucia.es\/iesveracruz\/wp-json\/wp\/v2\/users\/6657"}],"replies":[{"embeddable":true,"href":"https:\/\/blogsaverroes.juntadeandalucia.es\/iesveracruz\/wp-json\/wp\/v2\/comments?post=3124"}],"version-history":[{"count":11,"href":"https:\/\/blogsaverroes.juntadeandalucia.es\/iesveracruz\/wp-json\/wp\/v2\/pages\/3124\/revisions"}],"predecessor-version":[{"id":3850,"href":"https:\/\/blogsaverroes.juntadeandalucia.es\/iesveracruz\/wp-json\/wp\/v2\/pages\/3124\/revisions\/3850"}],"wp:attachment":[{"href":"https:\/\/blogsaverroes.juntadeandalucia.es\/iesveracruz\/wp-json\/wp\/v2\/media?parent=3124"}],"curies":[{"name":"wp","href":"https:\/\/api.w.org\/{rel}","templated":true}]}}