{"id":3626,"date":"2023-11-15T12:46:12","date_gmt":"2023-11-15T12:46:12","guid":{"rendered":"https:\/\/blogsaverroes.juntadeandalucia.es\/iesveracruz\/?page_id=3626"},"modified":"2025-06-10T10:05:08","modified_gmt":"2025-06-10T10:05:08","slug":"programaciones-didacticas","status":"publish","type":"page","link":"https:\/\/blogsaverroes.juntadeandalucia.es\/iesveracruz\/programaciones-didacticas\/","title":{"rendered":"PROGRAMACIONES DID\u00c1CTICAS"},"content":{"rendered":"<p>Una parte importante del Plan de Centro, son las programaciones did\u00e1cticas de las materias que se imparten en el Centro. Aqu\u00ed ten\u00e9is la actualizaci\u00f3n de las mismas para este curso escolar. Est\u00e1n clasificadas por \u00ab\u00e1mbitos\u00bb<\/p>\n<p><strong>LING\u00dc\u00cdSTICO:<\/strong><\/p>\n<ul>\n<li><a href=\"https:\/\/blogsaverroes.juntadeandalucia.es\/iesveracruz\/files\/2024\/11\/ProgDig_2024_25_ALCT_1_Programacion.pdf\">ProgDig_2024_25_ALCT_1_Programaci\u00f3n<\/a><\/li>\n<li><a href=\"https:\/\/blogsaverroes.juntadeandalucia.es\/iesveracruz\/files\/2024\/11\/ProgDid_RELIGION_CATOLICA_1_2_3_4.pdf\">ProgDid_RELIGION_CATOLICA_1_2_3_4<\/a><\/li>\n<li><a href=\"https:\/\/blogsaverroes.juntadeandalucia.es\/iesveracruz\/files\/2024\/11\/ProgDid_LENGUAyLITERATURA_1_2_3_4.pdf\">ProgDid_LENGUAyLITERATURA_1_2_3_4<\/a><\/li>\n<li><a href=\"https:\/\/blogsaverroes.juntadeandalucia.es\/iesveracruz\/files\/2024\/11\/ProgDid_INGLES_1_2_3_4.pdf\">ProgDid_INGLES_1_2_3_4<\/a><\/li>\n<li><a href=\"https:\/\/blogsaverroes.juntadeandalucia.es\/iesveracruz\/files\/2024\/11\/ProgDid_FRANCES_1_2_3_4.pdf\">ProgDid_FRANCES_1_2_3_4<\/a><\/li>\n<li><a href=\"https:\/\/blogsaverroes.juntadeandalucia.es\/iesveracruz\/files\/2024\/11\/ProgDid_EDUCACIONenVALORESETICOSyCIVICOS_2.pdf\">ProgDid_EDUCACIONenVALORESETICOSyCIVICOS_2<\/a><\/li>\n<li><a href=\"https:\/\/blogsaverroes.juntadeandalucia.es\/iesveracruz\/files\/2024\/11\/ProgDid_ECONOMIAyEMPRENDIMIENTO_4.pdf\">ProgDid_ECONOMIAyEMPRENDIMIENTO_4<\/a><\/li>\n<li><a href=\"https:\/\/blogsaverroes.juntadeandalucia.es\/iesveracruz\/files\/2024\/11\/ProgDid_AMBITO_LINGUISTICO_SOCIAL_3_4.pdf\">ProgDid_AMBITO_LINGUISTICO_SOCIAL_3_4<\/a><\/li>\n<li><a href=\"https:\/\/blogsaverroes.juntadeandalucia.es\/iesveracruz\/files\/2024\/11\/ProgDid_GEOGRAFIAeHISTORIA_1_2_3_4.pdf\">ProgDid_GEOGRAFIAeHISTORIA_1_2_3_4<\/a><\/li>\n<\/ul>\n<p><strong>CIENT\u00cdFICO:<\/strong><\/p>\n<ul>\n<li><a href=\"https:\/\/blogsaverroes.juntadeandalucia.es\/iesveracruz\/files\/2024\/11\/ProgDid_AMBITO_CIENTIFICO_TECNOLOGICO_3_4.pdf\">ProgDid_AMBITO_CIENTIFICO_TECNOLOGICO_3_4<\/a><\/li>\n<li><a href=\"https:\/\/blogsaverroes.juntadeandalucia.es\/iesveracruz\/files\/2024\/11\/ProgDid_BIOLOGIAyGEOLOGIA_1_3_4.pdf\">ProgDid_BIOLOGIAyGEOLOGIA_1_3_4<\/a><\/li>\n<li><a href=\"https:\/\/blogsaverroes.juntadeandalucia.es\/iesveracruz\/files\/2024\/11\/ProgDid_FISICAyQUIMICA_2_3_4.pdf\">ProgDid_FISICAyQUIMICA_2_3_4<\/a><\/li>\n<li><a href=\"https:\/\/blogsaverroes.juntadeandalucia.es\/iesveracruz\/files\/2024\/11\/ProgDid_MATEMATICAS_1_2_3.pdf\">ProgDid_MATEMATICAS_1_2_3<\/a><\/li>\n<li><a href=\"https:\/\/blogsaverroes.juntadeandalucia.es\/iesveracruz\/files\/2024\/11\/ProgDid_MATEMATICAS_A_4.pdf\">ProgDid_MATEMATICAS_A_4<\/a><\/li>\n<li><a href=\"https:\/\/blogsaverroes.juntadeandalucia.es\/iesveracruz\/files\/2024\/11\/ProgDid_MATEMATICAS_B_4.pdf\">ProgDid_MATEMATICAS_B_4<\/a><\/li>\n<li><a href=\"https:\/\/blogsaverroes.juntadeandalucia.es\/iesveracruz\/files\/2025\/06\/ProgDid_COMPUTACIONyROBOTICA_1_2_3.pdf\">ProgDid_COMPUTACIONyROBOTICA_1_2_3<\/a><\/li>\n<li><a href=\"https:\/\/blogsaverroes.juntadeandalucia.es\/iesveracruz\/files\/2025\/06\/ProgDid_DIGITALIZACION_4.pdf\">ProgDid_DIGITALIZACION_4<\/a><\/li>\n<li><a href=\"https:\/\/blogsaverroes.juntadeandalucia.es\/iesveracruz\/files\/2025\/06\/ProgDid_TECNOLOGIA_4.pdf\">ProgDid_TECNOLOGIA_4<\/a><\/li>\n<li><a href=\"https:\/\/blogsaverroes.juntadeandalucia.es\/iesveracruz\/files\/2025\/06\/ProgDid_TECNOLOGIAyDIGITALIZACION_2_3.pdf\">ProgDid_TECNOLOGIAyDIGITALIZACION_2_3<\/a><\/li>\n<\/ul>\n<p><strong>ART\u00cdSTICO:<\/strong><\/p>\n<ul>\n<li><a href=\"https:\/\/blogsaverroes.juntadeandalucia.es\/iesveracruz\/files\/2024\/11\/ProgDid_EDUCACION_PLASTICAyVISUAL_1_3.pdf\">ProgDid_EDUCACION_PLASTICAyVISUAL_1_3<\/a><\/li>\n<li><a href=\"https:\/\/blogsaverroes.juntadeandalucia.es\/iesveracruz\/files\/2024\/11\/ProgDid_EDUCACIONFISICA_1_2_3_4.pdf\">ProgDid_EDUCACIONFISICA_1_2_3_4<\/a><\/li>\n<li><a href=\"https:\/\/blogsaverroes.juntadeandalucia.es\/iesveracruz\/files\/2024\/11\/ProgDid_MUSICA_1_2.pdf\">ProgDid_MUSICA_1_2<\/a><\/li>\n<li><a href=\"https:\/\/blogsaverroes.juntadeandalucia.es\/iesveracruz\/files\/2024\/11\/ProgDid_PROYECTO-INTERDISCIPLINAR_3_4.pdf\">ProgDid_PROYECTO INTERDISCIPLINAR_3_4<\/a><\/li>\n<\/ul>\n<p><strong>ORIENTACI\u00d3N:&nbsp;<\/strong><\/p>\n<ul>\n<li><a href=\"https:\/\/blogsaverroes.juntadeandalucia.es\/iesveracruz\/files\/2024\/11\/024-25_-2ESO_Atencion-Educativa_Programacion_.pdf\">024-25_ 2ESO_Atenci\u00f3n Educativa_Programaci\u00f3n_<\/a><\/li>\n<li><a href=\"https:\/\/blogsaverroes.juntadeandalucia.es\/iesveracruz\/files\/2024\/11\/2024-25_Atencion-Educativa_Programacion-1eso.pdf\">2024-25_Atenci\u00f3n Educativa_Programaci\u00f3n 1eso<\/a><\/li>\n<li><a href=\"https:\/\/blogsaverroes.juntadeandalucia.es\/iesveracruz\/files\/2024\/11\/2024-25_Atencion-Educativa_Programacion-3ESO.pdf\">2024-25_Atenci\u00f3n Educativa_Programaci\u00f3n 3ESO<\/a><\/li>\n<li><a href=\"https:\/\/blogsaverroes.juntadeandalucia.es\/iesveracruz\/files\/2024\/11\/2024-25_Atencion-Educativa_Programacion_4ESO.pdf\">2024-25_Atenci\u00f3n Educativa_Programaci\u00f3n_4ESO<\/a><\/li>\n<li><a href=\"https:\/\/blogsaverroes.juntadeandalucia.es\/iesveracruz\/files\/2024\/11\/ProgDid_ATENCION-EDUCATIVA_1_2_3_4.pdf\">ProgDid_ATENCION EDUCATIVA_1_2_3_4<\/a><\/li>\n<\/ul>\n<p>&nbsp;<\/p>\n","protected":false},"excerpt":{"rendered":"<p>Una parte importante del Plan de Centro, son las programaciones did\u00e1cticas de las materias que se imparten en el Centro. Aqu\u00ed ten\u00e9is la actualizaci\u00f3n de las mismas para este curso escolar. Est\u00e1n clasificadas por&#46;&#46;&#46;<\/p>\n","protected":false},"author":6657,"featured_media":0,"parent":0,"menu_order":0,"comment_status":"closed","ping_status":"closed","template":"","meta":{"ngg_post_thumbnail":0,"footnotes":"","_mc_calendar":[]},"aioseo_notices":[],"_links":{"self":[{"href":"https:\/\/blogsaverroes.juntadeandalucia.es\/iesveracruz\/wp-json\/wp\/v2\/pages\/3626"}],"collection":[{"href":"https:\/\/blogsaverroes.juntadeandalucia.es\/iesveracruz\/wp-json\/wp\/v2\/pages"}],"about":[{"href":"https:\/\/blogsaverroes.juntadeandalucia.es\/iesveracruz\/wp-json\/wp\/v2\/types\/page"}],"author":[{"embeddable":true,"href":"https:\/\/blogsaverroes.juntadeandalucia.es\/iesveracruz\/wp-json\/wp\/v2\/users\/6657"}],"replies":[{"embeddable":true,"href":"https:\/\/blogsaverroes.juntadeandalucia.es\/iesveracruz\/wp-json\/wp\/v2\/comments?post=3626"}],"version-history":[{"count":8,"href":"https:\/\/blogsaverroes.juntadeandalucia.es\/iesveracruz\/wp-json\/wp\/v2\/pages\/3626\/revisions"}],"predecessor-version":[{"id":3641,"href":"https:\/\/blogsaverroes.juntadeandalucia.es\/iesveracruz\/wp-json\/wp\/v2\/pages\/3626\/revisions\/3641"}],"wp:attachment":[{"href":"https:\/\/blogsaverroes.juntadeandalucia.es\/iesveracruz\/wp-json\/wp\/v2\/media?parent=3626"}],"curies":[{"name":"wp","href":"https:\/\/api.w.org\/{rel}","templated":true}]}}