{"id":3854,"date":"2026-02-23T08:49:14","date_gmt":"2026-02-23T08:49:14","guid":{"rendered":"https:\/\/blogsaverroes.juntadeandalucia.es\/iesveracruz\/?page_id=3854"},"modified":"2026-02-23T09:12:08","modified_gmt":"2026-02-23T09:12:08","slug":"bibliotecas-escolares","status":"publish","type":"page","link":"https:\/\/blogsaverroes.juntadeandalucia.es\/iesveracruz\/bibliotecas-escolares\/","title":{"rendered":"Bibliotecas Escolares"},"content":{"rendered":"<p data-path-to-node=\"9\">En el <strong>IES Vera Cruz<\/strong> estamos comprometidos con la mejora continua de nuestras instalaciones y servicios educativos. Por ello, desarrollamos el Programa de Bibliotecas Escolares siguiendo las directrices de la Consejer\u00eda de Desarrollo Educativo y Formaci\u00f3n Profesional. Este proyecto se articula mediante l\u00edneas de trabajo espec\u00edficas que van desde la organizaci\u00f3n t\u00e9cnica de los fondos hasta la difusi\u00f3n de recursos digitales y el fomento de la competencia informacional.<\/p>\n<p data-path-to-node=\"10\">Los objetivos principales que perseguimos con este programa incluyen la integraci\u00f3n plena de la biblioteca en la vida diaria del aula, generando espacios colaborativos donde el alumnado pueda investigar y crear. Asimismo, nos enfocamos en potenciar el uso de herramientas digitales como Biblioweb, facilitando que tanto alumnos como familias puedan acceder a nuestro cat\u00e1logo y servicios de manera \u00e1gil y moderna.<\/p>\n<p data-path-to-node=\"11\">Finalmente, este programa refuerza nuestra apuesta por la equidad, asegurando que la biblioteca escolar sea un recurso de apoyo fundamental para la diversidad de nuestro alumnado. Trabajamos para consolidar un modelo de biblioteca que no solo custodia libros, sino que genera cultura, impulsa la innovaci\u00f3n docente y prepara a nuestros j\u00f3venes para los retos de la sociedad del conocimiento.<\/p>\n<p data-path-to-node=\"11\"><img fetchpriority=\"high\" decoding=\"async\" class=\"wp-image-3819 aligncenter\" src=\"https:\/\/blogsaverroes.juntadeandalucia.es\/iesveracruz\/files\/2026\/02\/1000106407-300x225.jpg\" alt=\"\" width=\"467\" height=\"350\" srcset=\"https:\/\/blogsaverroes.juntadeandalucia.es\/iesveracruz\/files\/2026\/02\/1000106407-300x225.jpg 300w, https:\/\/blogsaverroes.juntadeandalucia.es\/iesveracruz\/files\/2026\/02\/1000106407-1024x768.jpg 1024w, https:\/\/blogsaverroes.juntadeandalucia.es\/iesveracruz\/files\/2026\/02\/1000106407-768x576.jpg 768w, https:\/\/blogsaverroes.juntadeandalucia.es\/iesveracruz\/files\/2026\/02\/1000106407-1536x1152.jpg 1536w, https:\/\/blogsaverroes.juntadeandalucia.es\/iesveracruz\/files\/2026\/02\/1000106407-2048x1536.jpg 2048w\" sizes=\"(max-width: 467px) 100vw, 467px\" \/><\/p>\n","protected":false},"excerpt":{"rendered":"<p>En el IES Vera Cruz estamos comprometidos con la mejora continua de nuestras instalaciones y servicios educativos. Por ello, desarrollamos el Programa de Bibliotecas Escolares siguiendo las directrices de la Consejer\u00eda de Desarrollo Educativo&#46;&#46;&#46;<\/p>\n","protected":false},"author":6657,"featured_media":0,"parent":0,"menu_order":0,"comment_status":"closed","ping_status":"closed","template":"","meta":{"ngg_post_thumbnail":0,"footnotes":"","_mc_calendar":[]},"aioseo_notices":[],"_links":{"self":[{"href":"https:\/\/blogsaverroes.juntadeandalucia.es\/iesveracruz\/wp-json\/wp\/v2\/pages\/3854"}],"collection":[{"href":"https:\/\/blogsaverroes.juntadeandalucia.es\/iesveracruz\/wp-json\/wp\/v2\/pages"}],"about":[{"href":"https:\/\/blogsaverroes.juntadeandalucia.es\/iesveracruz\/wp-json\/wp\/v2\/types\/page"}],"author":[{"embeddable":true,"href":"https:\/\/blogsaverroes.juntadeandalucia.es\/iesveracruz\/wp-json\/wp\/v2\/users\/6657"}],"replies":[{"embeddable":true,"href":"https:\/\/blogsaverroes.juntadeandalucia.es\/iesveracruz\/wp-json\/wp\/v2\/comments?post=3854"}],"version-history":[{"count":2,"href":"https:\/\/blogsaverroes.juntadeandalucia.es\/iesveracruz\/wp-json\/wp\/v2\/pages\/3854\/revisions"}],"predecessor-version":[{"id":3873,"href":"https:\/\/blogsaverroes.juntadeandalucia.es\/iesveracruz\/wp-json\/wp\/v2\/pages\/3854\/revisions\/3873"}],"wp:attachment":[{"href":"https:\/\/blogsaverroes.juntadeandalucia.es\/iesveracruz\/wp-json\/wp\/v2\/media?parent=3854"}],"curies":[{"name":"wp","href":"https:\/\/api.w.org\/{rel}","templated":true}]}}