{"id":3867,"date":"2026-02-23T09:07:18","date_gmt":"2026-02-23T09:07:18","guid":{"rendered":"https:\/\/blogsaverroes.juntadeandalucia.es\/iesveracruz\/?page_id=3867"},"modified":"2026-02-23T09:07:18","modified_gmt":"2026-02-23T09:07:18","slug":"bienestar-emocional","status":"publish","type":"page","link":"https:\/\/blogsaverroes.juntadeandalucia.es\/iesveracruz\/bienestar-emocional\/","title":{"rendered":"Bienestar emocional"},"content":{"rendered":"<p data-path-to-node=\"3\">En el <b data-path-to-node=\"3\" data-index-in-node=\"6\">IES Vera Cruz<\/b>, priorizamos la salud integral de nuestro alumnado a trav\u00e9s de las l\u00edneas de trabajo sobre <b data-path-to-node=\"3\" data-index-in-node=\"123\">Bienestar Emocional<\/b> impulsadas por la Consejer\u00eda de Desarrollo Educativo y Formaci\u00f3n Profesional. Entendemos que el equilibrio emocional es la base necesaria para cualquier aprendizaje significativo, por lo que trabajamos de forma transversal para que el instituto sea un entorno seguro, acogedor y que cuide la salud mental de toda la comunidad educativa.<\/p>\n<p data-path-to-node=\"4\">Nuestro enfoque se centra en dotar a los estudiantes de herramientas de gesti\u00f3n emocional que les permitan afrontar los retos de la vida cotidiana con resiliencia y seguridad. Para ello, implementamos actividades y din\u00e1micas orientadas al autoconocimiento, la autoestima y la empat\u00eda, facilitando un clima de aula donde cada alumno y alumna se sienta escuchado, respetado y valorado en su individualidad.<\/p>\n<p data-path-to-node=\"5\">Adem\u00e1s, este programa nos permite actuar de forma preventiva, detectando de manera temprana posibles situaciones de malestar o riesgo emocional. A trav\u00e9s de la colaboraci\u00f3n entre el equipo docente, el departamento de orientaci\u00f3n y las familias, establecemos una red de apoyo que promueve h\u00e1bitos de vida saludables y fomenta relaciones interpersonales basadas en el cuidado mutuo y el buen trato.<\/p>\n<p data-path-to-node=\"5\"><img fetchpriority=\"high\" decoding=\"async\" class=\"wp-image-3820 aligncenter\" src=\"https:\/\/blogsaverroes.juntadeandalucia.es\/iesveracruz\/files\/2026\/02\/1000106408-300x225.jpg\" alt=\"\" width=\"483\" height=\"362\" srcset=\"https:\/\/blogsaverroes.juntadeandalucia.es\/iesveracruz\/files\/2026\/02\/1000106408-300x225.jpg 300w, https:\/\/blogsaverroes.juntadeandalucia.es\/iesveracruz\/files\/2026\/02\/1000106408-1024x768.jpg 1024w, https:\/\/blogsaverroes.juntadeandalucia.es\/iesveracruz\/files\/2026\/02\/1000106408-768x576.jpg 768w, https:\/\/blogsaverroes.juntadeandalucia.es\/iesveracruz\/files\/2026\/02\/1000106408-1536x1152.jpg 1536w, https:\/\/blogsaverroes.juntadeandalucia.es\/iesveracruz\/files\/2026\/02\/1000106408-2048x1536.jpg 2048w\" sizes=\"(max-width: 483px) 100vw, 483px\" \/><\/p>\n","protected":false},"excerpt":{"rendered":"<p>En el IES Vera Cruz, priorizamos la salud integral de nuestro alumnado a trav\u00e9s de las l\u00edneas de trabajo sobre Bienestar Emocional impulsadas por la Consejer\u00eda de Desarrollo Educativo y Formaci\u00f3n Profesional. Entendemos que&#46;&#46;&#46;<\/p>\n","protected":false},"author":6657,"featured_media":0,"parent":0,"menu_order":0,"comment_status":"closed","ping_status":"closed","template":"","meta":{"ngg_post_thumbnail":0,"footnotes":"","_mc_calendar":[]},"aioseo_notices":[],"_links":{"self":[{"href":"https:\/\/blogsaverroes.juntadeandalucia.es\/iesveracruz\/wp-json\/wp\/v2\/pages\/3867"}],"collection":[{"href":"https:\/\/blogsaverroes.juntadeandalucia.es\/iesveracruz\/wp-json\/wp\/v2\/pages"}],"about":[{"href":"https:\/\/blogsaverroes.juntadeandalucia.es\/iesveracruz\/wp-json\/wp\/v2\/types\/page"}],"author":[{"embeddable":true,"href":"https:\/\/blogsaverroes.juntadeandalucia.es\/iesveracruz\/wp-json\/wp\/v2\/users\/6657"}],"replies":[{"embeddable":true,"href":"https:\/\/blogsaverroes.juntadeandalucia.es\/iesveracruz\/wp-json\/wp\/v2\/comments?post=3867"}],"version-history":[{"count":1,"href":"https:\/\/blogsaverroes.juntadeandalucia.es\/iesveracruz\/wp-json\/wp\/v2\/pages\/3867\/revisions"}],"predecessor-version":[{"id":3869,"href":"https:\/\/blogsaverroes.juntadeandalucia.es\/iesveracruz\/wp-json\/wp\/v2\/pages\/3867\/revisions\/3869"}],"wp:attachment":[{"href":"https:\/\/blogsaverroes.juntadeandalucia.es\/iesveracruz\/wp-json\/wp\/v2\/media?parent=3867"}],"curies":[{"name":"wp","href":"https:\/\/api.w.org\/{rel}","templated":true}]}}