{"id":3870,"date":"2026-02-23T09:10:54","date_gmt":"2026-02-23T09:10:54","guid":{"rendered":"https:\/\/blogsaverroes.juntadeandalucia.es\/iesveracruz\/?page_id=3870"},"modified":"2026-02-23T09:11:12","modified_gmt":"2026-02-23T09:11:12","slug":"steam","status":"publish","type":"page","link":"https:\/\/blogsaverroes.juntadeandalucia.es\/iesveracruz\/steam\/","title":{"rendered":"STEAM"},"content":{"rendered":"<p data-path-to-node=\"3\">En el <b data-path-to-node=\"3\" data-index-in-node=\"6\">IES Vera Cruz<\/b>, apostamos por una formaci\u00f3n de vanguardia a trav\u00e9s del programa <b data-path-to-node=\"3\" data-index-in-node=\"97\">STEAM<\/b> (Ciencia, Tecnolog\u00eda, Ingenier\u00eda, Artes y Matem\u00e1ticas), impulsado por la Consejer\u00eda de Desarrollo Educativo y Formaci\u00f3n Profesional. Este proyecto tiene como objetivo principal fomentar las vocaciones cient\u00edfico-tecnol\u00f3gicas entre nuestro alumnado, rompiendo barreras de g\u00e9nero y preparando a nuestros estudiantes para los retos profesionales del siglo XXI.<\/p>\n<p data-path-to-node=\"4\">Nuestra metodolog\u00eda STEAM se basa en el \u00abaprendizaje basado en proyectos\u00bb y la resoluci\u00f3n de problemas reales. Queremos que los alumnos y alumnas no solo consuman tecnolog\u00eda, sino que aprendan a crearla. Para ello, integramos en el curr\u00edculo herramientas innovadoras como la rob\u00f3tica educativa, la programaci\u00f3n, el pensamiento computacional y la impresi\u00f3n 3D, fomentando siempre la creatividad y el pensamiento cr\u00edtico a trav\u00e9s de la experimentaci\u00f3n pr\u00e1ctica.<\/p>\n<p data-path-to-node=\"5\">Participar en este ecosistema de eAprendizaje nos permite conectar las diferentes \u00e1reas del conocimiento, demostrando que la ciencia y el arte, o la ingenier\u00eda y las humanidades, no son compartimentos estancos. De esta forma, proporcionamos a nuestro alumnado una visi\u00f3n integral y multidisciplinar, dot\u00e1ndoles de las habilidades necesarias para innovar, colaborar y adaptarse a un mundo tecnol\u00f3gico en constante evoluci\u00f3n.<\/p>\n<p data-path-to-node=\"5\"><img fetchpriority=\"high\" decoding=\"async\" class=\"wp-image-3818 aligncenter\" src=\"https:\/\/blogsaverroes.juntadeandalucia.es\/iesveracruz\/files\/2026\/02\/1000106399-300x225.jpg\" alt=\"\" width=\"455\" height=\"341\" srcset=\"https:\/\/blogsaverroes.juntadeandalucia.es\/iesveracruz\/files\/2026\/02\/1000106399-300x225.jpg 300w, https:\/\/blogsaverroes.juntadeandalucia.es\/iesveracruz\/files\/2026\/02\/1000106399-1024x768.jpg 1024w, https:\/\/blogsaverroes.juntadeandalucia.es\/iesveracruz\/files\/2026\/02\/1000106399-768x576.jpg 768w, https:\/\/blogsaverroes.juntadeandalucia.es\/iesveracruz\/files\/2026\/02\/1000106399-1536x1152.jpg 1536w, https:\/\/blogsaverroes.juntadeandalucia.es\/iesveracruz\/files\/2026\/02\/1000106399-2048x1536.jpg 2048w\" sizes=\"(max-width: 455px) 100vw, 455px\" \/><\/p>\n","protected":false},"excerpt":{"rendered":"<p>En el IES Vera Cruz, apostamos por una formaci\u00f3n de vanguardia a trav\u00e9s del programa STEAM (Ciencia, Tecnolog\u00eda, Ingenier\u00eda, Artes y Matem\u00e1ticas), impulsado por la Consejer\u00eda de Desarrollo Educativo y Formaci\u00f3n Profesional. Este proyecto&#46;&#46;&#46;<\/p>\n","protected":false},"author":6657,"featured_media":0,"parent":0,"menu_order":0,"comment_status":"closed","ping_status":"closed","template":"","meta":{"ngg_post_thumbnail":0,"footnotes":"","_mc_calendar":[]},"aioseo_notices":[],"_links":{"self":[{"href":"https:\/\/blogsaverroes.juntadeandalucia.es\/iesveracruz\/wp-json\/wp\/v2\/pages\/3870"}],"collection":[{"href":"https:\/\/blogsaverroes.juntadeandalucia.es\/iesveracruz\/wp-json\/wp\/v2\/pages"}],"about":[{"href":"https:\/\/blogsaverroes.juntadeandalucia.es\/iesveracruz\/wp-json\/wp\/v2\/types\/page"}],"author":[{"embeddable":true,"href":"https:\/\/blogsaverroes.juntadeandalucia.es\/iesveracruz\/wp-json\/wp\/v2\/users\/6657"}],"replies":[{"embeddable":true,"href":"https:\/\/blogsaverroes.juntadeandalucia.es\/iesveracruz\/wp-json\/wp\/v2\/comments?post=3870"}],"version-history":[{"count":1,"href":"https:\/\/blogsaverroes.juntadeandalucia.es\/iesveracruz\/wp-json\/wp\/v2\/pages\/3870\/revisions"}],"predecessor-version":[{"id":3872,"href":"https:\/\/blogsaverroes.juntadeandalucia.es\/iesveracruz\/wp-json\/wp\/v2\/pages\/3870\/revisions\/3872"}],"wp:attachment":[{"href":"https:\/\/blogsaverroes.juntadeandalucia.es\/iesveracruz\/wp-json\/wp\/v2\/media?parent=3870"}],"curies":[{"name":"wp","href":"https:\/\/api.w.org\/{rel}","templated":true}]}}