{"id":2576,"date":"2018-11-08T05:56:58","date_gmt":"2018-11-08T05:56:58","guid":{"rendered":"https:\/\/blogsaverroes.juntadeandalucia.es\/iesvillarrubia\/?page_id=2576"},"modified":"2019-12-03T10:49:25","modified_gmt":"2019-12-03T10:49:25","slug":"coeducacion","status":"publish","type":"page","link":"https:\/\/blogsaverroes.juntadeandalucia.es\/iesvillarrubia\/coeducacion\/","title":{"rendered":"PLAN DE IGUALDAD"},"content":{"rendered":"<p><strong>25 DE NOVIEMBRE, D\u00cdA CONTRA LA VIOLENCIA DE G\u00c9NERO<\/strong><\/p>\n<p>El pasado lunes 25 de noviembre conmemoramos el D\u00eda Contra la Violencia de G\u00e9nero leyendo un manifiesto y recordando los nombres de todas las mujeres asesinadas por sus parejas durante este a\u00f1o.<\/p>\n<p>ngg_shortcode_0_placeholder&amp;nbsp;<br \/>\n[youtube https:\/\/www.youtube.com\/watch?v=l8LJ-KqT1_w&amp;amp;w=560&amp;amp;h=315]<br \/>\n[youtube https:\/\/www.youtube.com\/watch?v=_c2xo7pRm9M&amp;amp;w=560&amp;amp;h=315]<\/p>\n<p><strong>RAP CONTRA LA VIOLENCIA DE G\u00c9NERO POR ADRI\u00c1N ROMERO<\/strong><\/p>\n<p>Nuestro alumno Adri\u00e1n Romero S\u00e1nchez ha grabado un rap contra la violencia de g\u00e9nero que pod\u00e9is ver aqu\u00ed:<\/p>\n<p>[youtube https:\/\/www.youtube.com\/watch?v=8-NczxF8o2Y&amp;w=560&amp;h=315]&nbsp;&nbsp;<\/p>\n","protected":false},"excerpt":{"rendered":"<p>25 DE NOVIEMBRE, D\u00cdA CONTRA LA VIOLENCIA DE G\u00c9NERO El pasado lunes 25 de noviembre conmemoramos el D\u00eda Contra la Violencia de G\u00e9nero leyendo un manifiesto y recordando los nombres de todas las mujeres&#46;&#46;&#46;<\/p>\n","protected":false},"author":6421,"featured_media":0,"parent":0,"menu_order":0,"comment_status":"closed","ping_status":"closed","template":"","meta":{"ngg_post_thumbnail":0,"footnotes":"","_mc_calendar":[]},"aioseo_notices":[],"_links":{"self":[{"href":"https:\/\/blogsaverroes.juntadeandalucia.es\/iesvillarrubia\/wp-json\/wp\/v2\/pages\/2576"}],"collection":[{"href":"https:\/\/blogsaverroes.juntadeandalucia.es\/iesvillarrubia\/wp-json\/wp\/v2\/pages"}],"about":[{"href":"https:\/\/blogsaverroes.juntadeandalucia.es\/iesvillarrubia\/wp-json\/wp\/v2\/types\/page"}],"author":[{"embeddable":true,"href":"https:\/\/blogsaverroes.juntadeandalucia.es\/iesvillarrubia\/wp-json\/wp\/v2\/users\/6421"}],"replies":[{"embeddable":true,"href":"https:\/\/blogsaverroes.juntadeandalucia.es\/iesvillarrubia\/wp-json\/wp\/v2\/comments?post=2576"}],"version-history":[{"count":4,"href":"https:\/\/blogsaverroes.juntadeandalucia.es\/iesvillarrubia\/wp-json\/wp\/v2\/pages\/2576\/revisions"}],"predecessor-version":[{"id":3786,"href":"https:\/\/blogsaverroes.juntadeandalucia.es\/iesvillarrubia\/wp-json\/wp\/v2\/pages\/2576\/revisions\/3786"}],"wp:attachment":[{"href":"https:\/\/blogsaverroes.juntadeandalucia.es\/iesvillarrubia\/wp-json\/wp\/v2\/media?parent=2576"}],"curies":[{"name":"wp","href":"https:\/\/api.w.org\/{rel}","templated":true}]}}