{"id":35,"date":"2015-03-13T08:21:43","date_gmt":"2015-03-13T08:21:43","guid":{"rendered":"http:\/\/blogsaverroes.juntadeandalucia.es\/pre\/ceip\/?page_id=35"},"modified":"2018-09-09T08:05:33","modified_gmt":"2018-09-09T08:05:33","slug":"el-centro-2","status":"publish","type":"page","link":"https:\/\/blogsaverroes.juntadeandalucia.es\/iesvillarrubia\/el-centro-2\/","title":{"rendered":"Datos del centro"},"content":{"rendered":"<p>[googlemaps https:\/\/www.google.com\/maps\/embed?pb=!1m14!1m8!1m3!1d3150.5589009402456!2d-4.916814113331479!3d37.847211108489766!3m2!1i1024!2i768!4f13.1!3m3!1m2!1s0x0%3A0x7477cba05751b90f!2sInstituto+de+Educaci%C3%B3n+Secundaria+Villarrubia!5e0!3m2!1ses!2ses!4v1536480327279&amp;w=600&amp;h=450]<\/p>\n<h4>Datos de contacto<\/h4>\n<p>IES Villarrubia<\/p>\n<p><strong>Direcci\u00f3n:<\/strong> &nbsp;Calle Turia s\/n, 14710 Villarrubia-C\u00f3rdoba,&nbsp;<\/p>\n<p><strong>Tel\u00e9fono \/ FAX: 957734930\/957734932<\/strong><br \/>\n<strong>Email:<\/strong>&nbsp;14000343.edu@juntadeandalucia.es<\/p>\n<h4><strong>Horarios<\/strong><\/h4>\n<p>El horario de nuestro Centro es de 8:10 h a 14:35 h.<\/p>\n<h4><strong>Oferta educativa<\/strong><\/h4>\n<p>En nuestro Centro se imparten los dos ciclos de Educaci\u00f3n Secundaria Obligatoria, los itinerarios de Bachillerato de Ciencias y Tecnolog\u00eda y Humanidades y Ciencias Sociales, as\u00ed como los dos cursos de la Formaci\u00f3n Profesional B\u00e1sica de la especialidad de Agrojardiner\u00eda y Composiciones Florales.<\/p>\n<h4>Instalaciones<\/h4>\n<p><!-- index.php -->\n<div\n\tclass=\"ngg-galleryoverview\n\t\t\"\n\tid=\"ngg-gallery-96beb5c3fee543c019b1db9f23c1ff91-1\">\n\n\t\t<div class=\"slideshowlink\">\n\t\t<a href='https:\/\/blogsaverroes.juntadeandalucia.es\/iesvillarrubia\/el-centro-2\/nggallery\/slideshow'>[Mostrar presentaci\u00f3n de diapositivas]<\/a>\n\n\t<\/div>\n\t\t\t<!-- Thumbnails -->\n\t\t\t\t<div id=\"ngg-image-0\" class=\"ngg-gallery-thumbnail-box\"\n\t\t\t\t\t\t\t\t\t\t\t>\n\t\t\t\t\t\t<div class=\"ngg-gallery-thumbnail\">\n\t\t\t<a href=\"https:\/\/blogsaverroes.juntadeandalucia.es\/iesvillarrubia\/wp-content\/uploads\/sites\/797\/nggallery\/instalaciones\/instalacion01-1.jpg\"\n\t\t\t\ttitle=\"Aula\"\n\t\t\t\tdata-src=\"https:\/\/blogsaverroes.juntadeandalucia.es\/iesvillarrubia\/wp-content\/uploads\/sites\/797\/nggallery\/instalaciones\/instalacion01-1.jpg\"\n\t\t\t\tdata-thumbnail=\"https:\/\/blogsaverroes.juntadeandalucia.es\/iesvillarrubia\/wp-content\/uploads\/sites\/797\/nggallery\/instalaciones\/thumbs\/thumbs_instalacion01-1.jpg\"\n\t\t\t\tdata-image-id=\"13\"\n\t\t\t\tdata-title=\"instalacion01\"\n\t\t\t\tdata-description=\"Aula\"\n\t\t\t\tdata-image-slug=\"instalacion01\"\n\t\t\t\tclass=\"ngg-fancybox\" rel=\"96beb5c3fee543c019b1db9f23c1ff91\">\n\t\t\t\t<img\n\t\t\t\t\ttitle=\"instalacion01\"\n\t\t\t\t\talt=\"instalacion01\"\n\t\t\t\t\tsrc=\"https:\/\/blogsaverroes.juntadeandalucia.es\/iesvillarrubia\/wp-content\/uploads\/sites\/797\/nggallery\/instalaciones\/thumbs\/thumbs_instalacion01-1.jpg\"\n\t\t\t\t\twidth=\"120\"\n\t\t\t\t\theight=\"90\"\n\t\t\t\t\tstyle=\"max-width:100%;\"\n\t\t\t\t\/>\n\t\t\t<\/a>\n\t\t<\/div>\n\t\t\t\t\t\t\t<\/div>\n\t\t\t\n\t\t\n\t\t\t\t<div id=\"ngg-image-1\" class=\"ngg-gallery-thumbnail-box\"\n\t\t\t\t\t\t\t\t\t\t\t>\n\t\t\t\t\t\t<div class=\"ngg-gallery-thumbnail\">\n\t\t\t<a href=\"https:\/\/blogsaverroes.juntadeandalucia.es\/iesvillarrubia\/wp-content\/uploads\/sites\/797\/nggallery\/instalaciones\/instalacion02-1.jpg\"\n\t\t\t\ttitle=\"Gimnasio\"\n\t\t\t\tdata-src=\"https:\/\/blogsaverroes.juntadeandalucia.es\/iesvillarrubia\/wp-content\/uploads\/sites\/797\/nggallery\/instalaciones\/instalacion02-1.jpg\"\n\t\t\t\tdata-thumbnail=\"https:\/\/blogsaverroes.juntadeandalucia.es\/iesvillarrubia\/wp-content\/uploads\/sites\/797\/nggallery\/instalaciones\/thumbs\/thumbs_instalacion02-1.jpg\"\n\t\t\t\tdata-image-id=\"14\"\n\t\t\t\tdata-title=\"instalacion02\"\n\t\t\t\tdata-description=\"Gimnasio\"\n\t\t\t\tdata-image-slug=\"instalacion02\"\n\t\t\t\tclass=\"ngg-fancybox\" rel=\"96beb5c3fee543c019b1db9f23c1ff91\">\n\t\t\t\t<img\n\t\t\t\t\ttitle=\"instalacion02\"\n\t\t\t\t\talt=\"instalacion02\"\n\t\t\t\t\tsrc=\"https:\/\/blogsaverroes.juntadeandalucia.es\/iesvillarrubia\/wp-content\/uploads\/sites\/797\/nggallery\/instalaciones\/thumbs\/thumbs_instalacion02-1.jpg\"\n\t\t\t\t\twidth=\"120\"\n\t\t\t\t\theight=\"90\"\n\t\t\t\t\tstyle=\"max-width:100%;\"\n\t\t\t\t\/>\n\t\t\t<\/a>\n\t\t<\/div>\n\t\t\t\t\t\t\t<\/div>\n\t\t\t\n\t\t\n\t\t\t\t<div id=\"ngg-image-2\" class=\"ngg-gallery-thumbnail-box\"\n\t\t\t\t\t\t\t\t\t\t\t>\n\t\t\t\t\t\t<div class=\"ngg-gallery-thumbnail\">\n\t\t\t<a href=\"https:\/\/blogsaverroes.juntadeandalucia.es\/iesvillarrubia\/wp-content\/uploads\/sites\/797\/nggallery\/instalaciones\/instalacion03-1.jpg\"\n\t\t\t\ttitle=\"SUM\"\n\t\t\t\tdata-src=\"https:\/\/blogsaverroes.juntadeandalucia.es\/iesvillarrubia\/wp-content\/uploads\/sites\/797\/nggallery\/instalaciones\/instalacion03-1.jpg\"\n\t\t\t\tdata-thumbnail=\"https:\/\/blogsaverroes.juntadeandalucia.es\/iesvillarrubia\/wp-content\/uploads\/sites\/797\/nggallery\/instalaciones\/thumbs\/thumbs_instalacion03-1.jpg\"\n\t\t\t\tdata-image-id=\"15\"\n\t\t\t\tdata-title=\"instalacion03\"\n\t\t\t\tdata-description=\"SUM\"\n\t\t\t\tdata-image-slug=\"instalacion03\"\n\t\t\t\tclass=\"ngg-fancybox\" rel=\"96beb5c3fee543c019b1db9f23c1ff91\">\n\t\t\t\t<img\n\t\t\t\t\ttitle=\"instalacion03\"\n\t\t\t\t\talt=\"instalacion03\"\n\t\t\t\t\tsrc=\"https:\/\/blogsaverroes.juntadeandalucia.es\/iesvillarrubia\/wp-content\/uploads\/sites\/797\/nggallery\/instalaciones\/thumbs\/thumbs_instalacion03-1.jpg\"\n\t\t\t\t\twidth=\"120\"\n\t\t\t\t\theight=\"90\"\n\t\t\t\t\tstyle=\"max-width:100%;\"\n\t\t\t\t\/>\n\t\t\t<\/a>\n\t\t<\/div>\n\t\t\t\t\t\t\t<\/div>\n\t\t\t\n\t\t\n\t\t\t\t<div id=\"ngg-image-3\" class=\"ngg-gallery-thumbnail-box\"\n\t\t\t\t\t\t\t\t\t\t\t>\n\t\t\t\t\t\t<div class=\"ngg-gallery-thumbnail\">\n\t\t\t<a href=\"https:\/\/blogsaverroes.juntadeandalucia.es\/iesvillarrubia\/wp-content\/uploads\/sites\/797\/nggallery\/instalaciones\/instalacion04-1.jpg\"\n\t\t\t\ttitle=\"Taquillas\"\n\t\t\t\tdata-src=\"https:\/\/blogsaverroes.juntadeandalucia.es\/iesvillarrubia\/wp-content\/uploads\/sites\/797\/nggallery\/instalaciones\/instalacion04-1.jpg\"\n\t\t\t\tdata-thumbnail=\"https:\/\/blogsaverroes.juntadeandalucia.es\/iesvillarrubia\/wp-content\/uploads\/sites\/797\/nggallery\/instalaciones\/thumbs\/thumbs_instalacion04-1.jpg\"\n\t\t\t\tdata-image-id=\"16\"\n\t\t\t\tdata-title=\"instalacion04\"\n\t\t\t\tdata-description=\"Taquillas\"\n\t\t\t\tdata-image-slug=\"instalacion04\"\n\t\t\t\tclass=\"ngg-fancybox\" rel=\"96beb5c3fee543c019b1db9f23c1ff91\">\n\t\t\t\t<img\n\t\t\t\t\ttitle=\"instalacion04\"\n\t\t\t\t\talt=\"instalacion04\"\n\t\t\t\t\tsrc=\"https:\/\/blogsaverroes.juntadeandalucia.es\/iesvillarrubia\/wp-content\/uploads\/sites\/797\/nggallery\/instalaciones\/thumbs\/thumbs_instalacion04-1.jpg\"\n\t\t\t\t\twidth=\"120\"\n\t\t\t\t\theight=\"90\"\n\t\t\t\t\tstyle=\"max-width:100%;\"\n\t\t\t\t\/>\n\t\t\t<\/a>\n\t\t<\/div>\n\t\t\t\t\t\t\t<\/div>\n\t\t\t\n\t\t\n\t\t\t\t<div id=\"ngg-image-4\" class=\"ngg-gallery-thumbnail-box\"\n\t\t\t\t\t\t\t\t\t\t\t>\n\t\t\t\t\t\t<div class=\"ngg-gallery-thumbnail\">\n\t\t\t<a href=\"https:\/\/blogsaverroes.juntadeandalucia.es\/iesvillarrubia\/wp-content\/uploads\/sites\/797\/nggallery\/instalaciones\/instalacion01-1.jpg\"\n\t\t\t\ttitle=\"\"\n\t\t\t\tdata-src=\"https:\/\/blogsaverroes.juntadeandalucia.es\/iesvillarrubia\/wp-content\/uploads\/sites\/797\/nggallery\/instalaciones\/instalacion01-1.jpg\"\n\t\t\t\tdata-thumbnail=\"https:\/\/blogsaverroes.juntadeandalucia.es\/iesvillarrubia\/wp-content\/uploads\/sites\/797\/nggallery\/instalaciones\/thumbs\/thumbs_instalacion01-1.jpg\"\n\t\t\t\tdata-image-id=\"17\"\n\t\t\t\tdata-title=\"instalacion01\"\n\t\t\t\tdata-description=\"\"\n\t\t\t\tdata-image-slug=\"instalacion01-1\"\n\t\t\t\tclass=\"ngg-fancybox\" rel=\"96beb5c3fee543c019b1db9f23c1ff91\">\n\t\t\t\t<img\n\t\t\t\t\ttitle=\"instalacion01\"\n\t\t\t\t\talt=\"instalacion01\"\n\t\t\t\t\tsrc=\"https:\/\/blogsaverroes.juntadeandalucia.es\/iesvillarrubia\/wp-content\/uploads\/sites\/797\/nggallery\/instalaciones\/thumbs\/thumbs_instalacion01-1.jpg\"\n\t\t\t\t\twidth=\"120\"\n\t\t\t\t\theight=\"90\"\n\t\t\t\t\tstyle=\"max-width:100%;\"\n\t\t\t\t\/>\n\t\t\t<\/a>\n\t\t<\/div>\n\t\t\t\t\t\t\t<\/div>\n\t\t\t\n\t\t\n\t\t\t\t<div id=\"ngg-image-5\" class=\"ngg-gallery-thumbnail-box\"\n\t\t\t\t\t\t\t\t\t\t\t>\n\t\t\t\t\t\t<div class=\"ngg-gallery-thumbnail\">\n\t\t\t<a href=\"https:\/\/blogsaverroes.juntadeandalucia.es\/iesvillarrubia\/wp-content\/uploads\/sites\/797\/nggallery\/instalaciones\/instalacion02-1.jpg\"\n\t\t\t\ttitle=\"\"\n\t\t\t\tdata-src=\"https:\/\/blogsaverroes.juntadeandalucia.es\/iesvillarrubia\/wp-content\/uploads\/sites\/797\/nggallery\/instalaciones\/instalacion02-1.jpg\"\n\t\t\t\tdata-thumbnail=\"https:\/\/blogsaverroes.juntadeandalucia.es\/iesvillarrubia\/wp-content\/uploads\/sites\/797\/nggallery\/instalaciones\/thumbs\/thumbs_instalacion02-1.jpg\"\n\t\t\t\tdata-image-id=\"18\"\n\t\t\t\tdata-title=\"instalacion02\"\n\t\t\t\tdata-description=\"\"\n\t\t\t\tdata-image-slug=\"instalacion02-1\"\n\t\t\t\tclass=\"ngg-fancybox\" rel=\"96beb5c3fee543c019b1db9f23c1ff91\">\n\t\t\t\t<img\n\t\t\t\t\ttitle=\"instalacion02\"\n\t\t\t\t\talt=\"instalacion02\"\n\t\t\t\t\tsrc=\"https:\/\/blogsaverroes.juntadeandalucia.es\/iesvillarrubia\/wp-content\/uploads\/sites\/797\/nggallery\/instalaciones\/thumbs\/thumbs_instalacion02-1.jpg\"\n\t\t\t\t\twidth=\"120\"\n\t\t\t\t\theight=\"90\"\n\t\t\t\t\tstyle=\"max-width:100%;\"\n\t\t\t\t\/>\n\t\t\t<\/a>\n\t\t<\/div>\n\t\t\t\t\t\t\t<\/div>\n\t\t\t\n\t\t\n\t\t\t\t<div id=\"ngg-image-6\" class=\"ngg-gallery-thumbnail-box\"\n\t\t\t\t\t\t\t\t\t\t\t>\n\t\t\t\t\t\t<div class=\"ngg-gallery-thumbnail\">\n\t\t\t<a href=\"https:\/\/blogsaverroes.juntadeandalucia.es\/iesvillarrubia\/wp-content\/uploads\/sites\/797\/nggallery\/instalaciones\/instalacion03-1.jpg\"\n\t\t\t\ttitle=\"\"\n\t\t\t\tdata-src=\"https:\/\/blogsaverroes.juntadeandalucia.es\/iesvillarrubia\/wp-content\/uploads\/sites\/797\/nggallery\/instalaciones\/instalacion03-1.jpg\"\n\t\t\t\tdata-thumbnail=\"https:\/\/blogsaverroes.juntadeandalucia.es\/iesvillarrubia\/wp-content\/uploads\/sites\/797\/nggallery\/instalaciones\/thumbs\/thumbs_instalacion03-1.jpg\"\n\t\t\t\tdata-image-id=\"19\"\n\t\t\t\tdata-title=\"instalacion03\"\n\t\t\t\tdata-description=\"\"\n\t\t\t\tdata-image-slug=\"instalacion03-1\"\n\t\t\t\tclass=\"ngg-fancybox\" rel=\"96beb5c3fee543c019b1db9f23c1ff91\">\n\t\t\t\t<img\n\t\t\t\t\ttitle=\"instalacion03\"\n\t\t\t\t\talt=\"instalacion03\"\n\t\t\t\t\tsrc=\"https:\/\/blogsaverroes.juntadeandalucia.es\/iesvillarrubia\/wp-content\/uploads\/sites\/797\/nggallery\/instalaciones\/thumbs\/thumbs_instalacion03-1.jpg\"\n\t\t\t\t\twidth=\"120\"\n\t\t\t\t\theight=\"90\"\n\t\t\t\t\tstyle=\"max-width:100%;\"\n\t\t\t\t\/>\n\t\t\t<\/a>\n\t\t<\/div>\n\t\t\t\t\t\t\t<\/div>\n\t\t\t\n\t\t\n\t\t\t\t<div id=\"ngg-image-7\" class=\"ngg-gallery-thumbnail-box\"\n\t\t\t\t\t\t\t\t\t\t\t>\n\t\t\t\t\t\t<div class=\"ngg-gallery-thumbnail\">\n\t\t\t<a href=\"https:\/\/blogsaverroes.juntadeandalucia.es\/iesvillarrubia\/wp-content\/uploads\/sites\/797\/nggallery\/instalaciones\/instalacion04-1.jpg\"\n\t\t\t\ttitle=\"\"\n\t\t\t\tdata-src=\"https:\/\/blogsaverroes.juntadeandalucia.es\/iesvillarrubia\/wp-content\/uploads\/sites\/797\/nggallery\/instalaciones\/instalacion04-1.jpg\"\n\t\t\t\tdata-thumbnail=\"https:\/\/blogsaverroes.juntadeandalucia.es\/iesvillarrubia\/wp-content\/uploads\/sites\/797\/nggallery\/instalaciones\/thumbs\/thumbs_instalacion04-1.jpg\"\n\t\t\t\tdata-image-id=\"20\"\n\t\t\t\tdata-title=\"instalacion04\"\n\t\t\t\tdata-description=\"\"\n\t\t\t\tdata-image-slug=\"instalacion04-1\"\n\t\t\t\tclass=\"ngg-fancybox\" rel=\"96beb5c3fee543c019b1db9f23c1ff91\">\n\t\t\t\t<img\n\t\t\t\t\ttitle=\"instalacion04\"\n\t\t\t\t\talt=\"instalacion04\"\n\t\t\t\t\tsrc=\"https:\/\/blogsaverroes.juntadeandalucia.es\/iesvillarrubia\/wp-content\/uploads\/sites\/797\/nggallery\/instalaciones\/thumbs\/thumbs_instalacion04-1.jpg\"\n\t\t\t\t\twidth=\"120\"\n\t\t\t\t\theight=\"90\"\n\t\t\t\t\tstyle=\"max-width:100%;\"\n\t\t\t\t\/>\n\t\t\t<\/a>\n\t\t<\/div>\n\t\t\t\t\t\t\t<\/div>\n\t\t\t\n\t\t\n\t\t\n\t\t<!-- Pagination -->\n\t\t<div class='ngg-clear'><\/div>\t<\/div>\n<\/p>\n","protected":false},"excerpt":{"rendered":"<p>[googlemaps https:\/\/www.google.com\/maps\/embed?pb=!1m14!1m8!1m3!1d3150.5589009402456!2d-4.916814113331479!3d37.847211108489766!3m2!1i1024!2i768!4f13.1!3m3!1m2!1s0x0%3A0x7477cba05751b90f!2sInstituto+de+Educaci%C3%B3n+Secundaria+Villarrubia!5e0!3m2!1ses!2ses!4v1536480327279&amp;w=600&amp;h=450] Datos de contacto IES Villarrubia Direcci\u00f3n: &nbsp;Calle Turia s\/n, 14710 Villarrubia-C\u00f3rdoba,&nbsp; Tel\u00e9fono \/ FAX: 957734930\/957734932 Email:&nbsp;14000343.edu@juntadeandalucia.es Horarios El horario de nuestro Centro es de 8:10 h a 14:35 h. Oferta educativa En&#46;&#46;&#46;<\/p>\n","protected":false},"author":1,"featured_media":0,"parent":0,"menu_order":0,"comment_status":"closed","ping_status":"open","template":"","meta":{"ngg_post_thumbnail":0,"footnotes":"","_mc_calendar":[]},"aioseo_notices":[],"_links":{"self":[{"href":"https:\/\/blogsaverroes.juntadeandalucia.es\/iesvillarrubia\/wp-json\/wp\/v2\/pages\/35"}],"collection":[{"href":"https:\/\/blogsaverroes.juntadeandalucia.es\/iesvillarrubia\/wp-json\/wp\/v2\/pages"}],"about":[{"href":"https:\/\/blogsaverroes.juntadeandalucia.es\/iesvillarrubia\/wp-json\/wp\/v2\/types\/page"}],"author":[{"embeddable":true,"href":"https:\/\/blogsaverroes.juntadeandalucia.es\/iesvillarrubia\/wp-json\/wp\/v2\/users\/1"}],"replies":[{"embeddable":true,"href":"https:\/\/blogsaverroes.juntadeandalucia.es\/iesvillarrubia\/wp-json\/wp\/v2\/comments?post=35"}],"version-history":[{"count":22,"href":"https:\/\/blogsaverroes.juntadeandalucia.es\/iesvillarrubia\/wp-json\/wp\/v2\/pages\/35\/revisions"}],"predecessor-version":[{"id":2434,"href":"https:\/\/blogsaverroes.juntadeandalucia.es\/iesvillarrubia\/wp-json\/wp\/v2\/pages\/35\/revisions\/2434"}],"wp:attachment":[{"href":"https:\/\/blogsaverroes.juntadeandalucia.es\/iesvillarrubia\/wp-json\/wp\/v2\/media?parent=35"}],"curies":[{"name":"wp","href":"https:\/\/api.w.org\/{rel}","templated":true}]}}