{"id":871,"date":"2015-03-16T07:25:46","date_gmt":"2015-03-16T07:25:46","guid":{"rendered":"http:\/\/blogsaverroes.juntadeandalucia.es\/pre\/ceip\/?page_id=106"},"modified":"2018-09-09T08:53:55","modified_gmt":"2018-09-09T08:53:55","slug":"actividades-extraescolares","status":"publish","type":"page","link":"https:\/\/blogsaverroes.juntadeandalucia.es\/iesvillarrubia\/actividades-extraescolares\/","title":{"rendered":"Actividades extraescolares"},"content":{"rendered":"<h4><strong>Calendario de Actividades Extraescolares<\/strong><\/h4>\n<p>&nbsp;<br \/>\n[googleapps domain=\u00bbcalendar\u00bb dir=\u00bbcalendar\/embed\u00bb query=\u00bbsrc=iesvillarrubia.es_22bf8jba04ol3buaeu0e9mmdf8%40group.calendar.google.com&amp;ctz=Europe%2FMadrid\u00bb width=\u00bb800&#8243; height=\u00bb600&#8243; \/]<\/p>\n<h4>Ejemplo de informaci\u00f3n sobre las actividades extraescolares<\/h4>\n<p style=\"text-align: left\">Las actividades extraescolares tienen lugar en horario de tarde, hasta las 18.00, y abarcan aspectos como la lectura, el deporte, la m\u00fasica, la inform\u00e1tica, los idiomas, la danza o el teatro, entre otras actividades l\u00fadicas y formativas.<\/p>\n<p>Para hacer posible la realizaci\u00f3n de estas actividades fuera del horario lectivo, los centros pueden abrir sus instalaciones hasta las 18.00 todos los d\u00edas lectivos con excepci\u00f3n de los viernes, en los que el cierre se establece a las 16.00.<\/p>\n<p>Ser\u00eda aconsejable detallar las actividades extraescolares desarrolladas.<\/p>\n<p>&nbsp;<\/p>\n<p>&nbsp;<\/p>\n<p>&nbsp;<\/p>\n<p>&nbsp;<\/p>\n<p>&nbsp;<\/p>\n<p>Talleres<\/p>\n<p>Horarios<\/p>\n<p>Solicitudes<\/p>\n<p>Precios<\/p>\n","protected":false},"excerpt":{"rendered":"<p>Calendario de Actividades Extraescolares &nbsp; [googleapps domain=\u00bbcalendar\u00bb dir=\u00bbcalendar\/embed\u00bb query=\u00bbsrc=iesvillarrubia.es_22bf8jba04ol3buaeu0e9mmdf8%40group.calendar.google.com&amp;ctz=Europe%2FMadrid\u00bb width=\u00bb800&#8243; height=\u00bb600&#8243; \/] Ejemplo de informaci\u00f3n sobre las actividades extraescolares Las actividades extraescolares tienen lugar en horario de tarde, hasta las 18.00, y abarcan aspectos&#46;&#46;&#46;<\/p>\n","protected":false},"author":1405,"featured_media":0,"parent":0,"menu_order":0,"comment_status":"closed","ping_status":"closed","template":"","meta":{"ngg_post_thumbnail":0,"footnotes":"","_mc_calendar":[]},"aioseo_notices":[],"_links":{"self":[{"href":"https:\/\/blogsaverroes.juntadeandalucia.es\/iesvillarrubia\/wp-json\/wp\/v2\/pages\/871"}],"collection":[{"href":"https:\/\/blogsaverroes.juntadeandalucia.es\/iesvillarrubia\/wp-json\/wp\/v2\/pages"}],"about":[{"href":"https:\/\/blogsaverroes.juntadeandalucia.es\/iesvillarrubia\/wp-json\/wp\/v2\/types\/page"}],"author":[{"embeddable":true,"href":"https:\/\/blogsaverroes.juntadeandalucia.es\/iesvillarrubia\/wp-json\/wp\/v2\/users\/1405"}],"replies":[{"embeddable":true,"href":"https:\/\/blogsaverroes.juntadeandalucia.es\/iesvillarrubia\/wp-json\/wp\/v2\/comments?post=871"}],"version-history":[{"count":7,"href":"https:\/\/blogsaverroes.juntadeandalucia.es\/iesvillarrubia\/wp-json\/wp\/v2\/pages\/871\/revisions"}],"predecessor-version":[{"id":2440,"href":"https:\/\/blogsaverroes.juntadeandalucia.es\/iesvillarrubia\/wp-json\/wp\/v2\/pages\/871\/revisions\/2440"}],"wp:attachment":[{"href":"https:\/\/blogsaverroes.juntadeandalucia.es\/iesvillarrubia\/wp-json\/wp\/v2\/media?parent=871"}],"curies":[{"name":"wp","href":"https:\/\/api.w.org\/{rel}","templated":true}]}}