{"id":3146,"date":"2017-11-16T12:15:23","date_gmt":"2017-11-16T12:15:23","guid":{"rendered":"http:\/\/blogsaverroes.juntadeandalucia.es\/iesvirgendelcampo\/?page_id=3146"},"modified":"2024-12-03T11:49:31","modified_gmt":"2024-12-03T10:49:31","slug":"inicio","status":"publish","type":"page","link":"https:\/\/blogsaverroes.juntadeandalucia.es\/iesvirgendelcampo\/","title":{"rendered":"Inicio"},"content":{"rendered":"<p><img fetchpriority=\"high\" decoding=\"async\" src=\"https:\/\/blogsaverroes.juntadeandalucia.es\/iesvirgendelcampo\/files\/2021\/12\/Welcome-to-Our-Class-Google-Classroom-Header--1024x256.png\" alt=\"\" width=\"1024\" height=\"256\"><br \/>\n<a href=\"https:\/\/blogsaverroes.juntadeandalucia.es\/iesvirgendelcampo\/category\/seleccionados-educaixa\/\" target=\"_blank\" rel=\"noopener\"><br \/>\n<\/a><a href=\"https:\/\/blogsaverroes.juntadeandalucia.es\/iesvirgendelcampo\/category\/epas\/\"><img decoding=\"async\" class=\"wp-image-12301 aligncenter\" src=\"https:\/\/blogsaverroes.juntadeandalucia.es\/iesvirgendelcampo\/files\/2024\/12\/logo-epas-espana-02-300x72.png\" alt=\"\" width=\"757\" height=\"182\" srcset=\"https:\/\/blogsaverroes.juntadeandalucia.es\/iesvirgendelcampo\/files\/2024\/12\/logo-epas-espana-02-300x72.png 300w, https:\/\/blogsaverroes.juntadeandalucia.es\/iesvirgendelcampo\/files\/2024\/12\/logo-epas-espana-02-720x173.png 720w, https:\/\/blogsaverroes.juntadeandalucia.es\/iesvirgendelcampo\/files\/2024\/12\/logo-epas-espana-02.png 725w\" sizes=\"(max-width: 757px) 100vw, 757px\" \/><\/a><br \/>\n<img decoding=\"async\" src=\"https:\/\/blogsaverroes.juntadeandalucia.es\/iesvirgendelcampo\/files\/2021\/12\/unnaffffmed-1320x500.jpg\" alt=\"\" width=\"1320\" height=\"500\"><br \/>\n<!-- This slideshow output is generated with Advanced post slider a multipurpose responsive WordPress slideshow plugin - http:\/\/www.wpcue.com\/wordpress-plugins\/advanced-post-slider\/ -->\r\n<style>\r\n#advps_container1 .bx-wrapper .bx-viewport {\r\n\t\t-moz-box-shadow: 0px 1px 4px #000000;\r\n\t-webkit-box-shadow: 0px 1px 4px #000000;\r\n\tbox-shadow: 0px 1px 4px #000000;\r\n\t\tbackground:#ffffff;\r\n}\r\n#advps_container1 .bx-wrapper .bx-pager{\r\n\ttext-align: center;\r\n\t;\r\n}\r\n#advps_container1 .bx-wrapper .bx-pager\r\n{\r\n\tbottom:-35px;\r\n\tz-index:999;\r\n}\r\n#advps_container1 .bx-wrapper .bx-controls-auto\r\n{\r\n\tbottom:6px;\r\n}\r\n#advps_container1 .bx-wrapper .bx-controls.bx-has-controls-auto.bx-has-pager .bx-pager {\r\n\ttext-align: center;\r\n}\r\n#advps_container1 .bx-wrapper .bx-controls-auto {\r\n\tz-index:99999;\r\n\ttext-align:center;width:100%;}\r\n\r\n#advps_container1 .bx-wrapper .bx-pager.bx-default-pager a {\r\n\tbackground: #666;\r\n\ttext-indent: -9999px;\r\n\tdisplay: block;\r\n\twidth: 10px;\r\n\theight: 10px;\r\n\tmargin: 0 5px;\r\n\toutline: 0;\r\n\t-moz-border-radius: 5px;\r\n\t-webkit-border-radius: 5px;\r\n\tborder-radius: 5px;\r\n\ttext-align:left;\r\n}\r\n#advps_container1 .bx-wrapper .bx-pager.bx-default-pager a:hover,\r\n#advps_container1 .bx-wrapper .bx-pager.bx-default-pager a.active {\r\n\tbackground: #000;\r\n}\r\n\r\n\/* thumbnail pager*\/\r\n#advps_container1 #bx-pager\r\n{\r\n\twidth:100%;\r\n\tposition:absolute;\r\n\tbottom:-35px;\r\n    text-align: center;\r\n\tz-index: 9999;\r\n}\r\n#advps_container1 #bx-pager a img\r\n{\r\n\tborder: 1px solid #CCCCCC;\r\n    padding: 3px;\r\n}\r\n#advps_container1 #bx-pager a:hover img, #advps_container1 #bx-pager a.active img\r\n{\r\n\tborder: 1px solid #666666;\r\n}\r\n\/* medai queries *\/\r\n#advps_container1 .advs-title,#advps_container1 .advs-title a\r\n{\r\n\tfont-size:20px;\r\n\tline-height:20px;\r\n}\r\n#advps_container1 .advps-slide p\r\n{\r\n\tfont-size:14px;\r\n\tline-height:14px;\r\n}\r\n@media screen and (max-width: 1024px){\r\n\t#advps_container1 .advs-title,#advps_container1 .advs-title a\r\n\t{\r\n\t\tfont-size:18px;\r\n\t\tline-height:18px;\r\n\t}\r\n\t#advps_container1 .advps-slide p\r\n\t{\r\n\t\tfont-size:12px;\r\n\t\tline-height:12px;\r\n\t}\r\n}\r\n@media screen and (max-width: 768px){\r\n\t#advps_container1 h2.advs-title, #advps_container1 h2.advs-title a\r\n\t{\r\n\t\tfont-size:16px;\r\n\t\tline-height:16px;\r\n\t}\r\n\t#advps_container1 .advps-slide p\r\n\t{\r\n\t\tfont-size:12px;\r\n\t\tline-height:12px;\r\n\t}\r\n}\r\n@media screen and (max-width: 650px){\r\n\t#advps_container1 h2.advs-title, #advps_container1 h2.advs-title a\r\n\t{\r\n\t\tfont-size:15px;\r\n\t\tline-height:15px;\r\n\t}\r\n\t#advps_container1 .advps-slide p\r\n\t{\r\n\t\tfont-size:12px;\r\n\t\tline-height:12px;\r\n\t}\r\n}\r\n@media screen and (max-width: 480px){\r\n\t#advps_container1 h2.advs-title, #advps_container1 h2.advs-title a\r\n\t{\r\n\t\tfont-size:15px;\r\n\t\tline-height:15px;\r\n\t}\r\n\t#advps_container1 .advps-slide p\r\n\t{\r\n\t\tfont-size:12px;\r\n\t\tline-height:12px;\r\n\t}\r\n}\r\n@media screen and (max-width: 320px){\r\n\t#advps_container1 h2.advs-title, #advps_container1 h2.advs-title a\r\n\t{\r\n\t\tfont-size:15px;\r\n\t\tline-height:15px;\r\n\t}\r\n\t#advps_container1 .advps-slide p\r\n\t{\r\n\t\tfont-size:12px;\r\n\t\tline-height:12px;\r\n\t}\r\n}\r\n<\/style>\r\n<script type=\"text\/javascript\">\r\n\t\tjQuery(document).ready(function($){\r\n\t\t\t$('#advpsslideshow_1').bxSlider({\r\n\t\t\t\tuseCSS:1,\r\n\t\t\t\tslideMargin: 0,\r\n\t\t\t\tspeed: 5000,\t\t\t\t\r\n\t\t\t\t\t\t\t\tmode: 'fade',\r\n\t\t\t\t\t\t\t\t\t\t\t\tauto: 1,\r\n\t\t\t\tautoHover: 1,\r\n\t\t\t\tpause: 3000,\r\n\t\t\t\teasing: 'linear',\r\n\t\t\t\tcontrols: 1,\r\n\t\t\t\tpager: 1,\r\n  \t\t\t\tautoControls: 0\t\t\t\t\t\t\t});\r\n\t\t\t\t\t\t\t$(\"#advpsslideshow_1 .advs-title a\").hover(function(){\r\n\t\t\t\t\t$(this).css('color','#c9c9c9');\r\n\t\t\t\t},function(){\r\n\t\t\t\t\t$(this).css('color','#FFFFFF');\r\n\t\t\t\t});\r\n\t\t\t\t\t\t$(\"#advpsslideshow_1 .advps-slide\").hover(function(){\r\n\t\t\t\t  \t\t\t},function(){\r\n\t\t\t\t\t\t\t});\r\n\t\t});\r\n\t<\/script>\r\n<div id=\"advps_container1\" class=\"advps-slide-container\" style=\"overflow:hidden;max-width:1024px;margin:auto;\">\r\n \r\n  <div id=\"advpsslideshow_1\">\r\n        <div class=\"advps-slide\">\r\n\t<a target=\"_self\" href=\"https:\/\/blogsaverroes.juntadeandalucia.es\/iesvirgendelcampo\/2026\/04\/24\/90-anos-sin-lorca-75-anos-leyendo-el-camino-100-anos-con-josefina\/\" >      <img loading=\"lazy\" decoding=\"async\" width=\"720\" height=\"340\" src=\"https:\/\/blogsaverroes.juntadeandalucia.es\/iesvirgendelcampo\/files\/2026\/04\/1777029391803-720x340.jpg\" class=\"attachment-thumb-large size-thumb-large wp-post-image\" alt=\"\" srcset=\"https:\/\/blogsaverroes.juntadeandalucia.es\/iesvirgendelcampo\/files\/2026\/04\/1777029391803-720x340.jpg 720w, https:\/\/blogsaverroes.juntadeandalucia.es\/iesvirgendelcampo\/files\/2026\/04\/1777029391803-520x245.jpg 520w\" sizes=\"(max-width: 720px) 100vw, 720px\" \/>      <\/a>       \r\n      <div class=\"advps-excerpt-one\" style=\"width:100%;height:25%;bottom:0; left:0;\">\r\n      \t<div class=\"advps-overlay-one\" style=\"background-color:#000000; -moz-opacity:0.4;filter:alpha(opacity=40);opacity:0.4;\"><\/div>\r\n        <div class=\"advps-excerpt-block-one\" style=\"text-align:center;color:#FFFFFF;-moz-opacity:1;filter:alpha(opacity=100);opacity:1;\">        \r\n        <h2 class=\"advs-title\" style=\"margin:5px 0px 10px 0px;color:#FFFFFF\"><a target=\"_self\" href=\"https:\/\/blogsaverroes.juntadeandalucia.es\/iesvirgendelcampo\/2026\/04\/24\/90-anos-sin-lorca-75-anos-leyendo-el-camino-100-anos-con-josefina\/\" style=\"margin:5px 0px 10px 0px;color:#FFFFFF\" >90 a\u00f1os sin Lorca, 75 a\u00f1os leyendo El camino, 100 a\u00f1os con Josefina<\/a><\/h2>\r\n          \r\n                    <\/div>\r\n      <\/div>\r\n    <\/div>\r\n        <div class=\"advps-slide\">\r\n\t<a target=\"_self\" href=\"https:\/\/blogsaverroes.juntadeandalucia.es\/iesvirgendelcampo\/2026\/04\/23\/club-de-lectura-miercoles-22-de-abril-de-2026\/\" >      <img loading=\"lazy\" decoding=\"async\" width=\"720\" height=\"340\" src=\"https:\/\/blogsaverroes.juntadeandalucia.es\/iesvirgendelcampo\/files\/2026\/04\/WhatsApp-Image-2026-04-23-at-22.18.58-720x340.jpeg\" class=\"attachment-thumb-large size-thumb-large wp-post-image\" alt=\"\" srcset=\"https:\/\/blogsaverroes.juntadeandalucia.es\/iesvirgendelcampo\/files\/2026\/04\/WhatsApp-Image-2026-04-23-at-22.18.58-720x340.jpeg 720w, https:\/\/blogsaverroes.juntadeandalucia.es\/iesvirgendelcampo\/files\/2026\/04\/WhatsApp-Image-2026-04-23-at-22.18.58-520x245.jpeg 520w\" sizes=\"(max-width: 720px) 100vw, 720px\" \/>      <\/a>       \r\n      <div class=\"advps-excerpt-one\" style=\"width:100%;height:25%;bottom:0; left:0;\">\r\n      \t<div class=\"advps-overlay-one\" style=\"background-color:#000000; -moz-opacity:0.4;filter:alpha(opacity=40);opacity:0.4;\"><\/div>\r\n        <div class=\"advps-excerpt-block-one\" style=\"text-align:center;color:#FFFFFF;-moz-opacity:1;filter:alpha(opacity=100);opacity:1;\">        \r\n        <h2 class=\"advs-title\" style=\"margin:5px 0px 10px 0px;color:#FFFFFF\"><a target=\"_self\" href=\"https:\/\/blogsaverroes.juntadeandalucia.es\/iesvirgendelcampo\/2026\/04\/23\/club-de-lectura-miercoles-22-de-abril-de-2026\/\" style=\"margin:5px 0px 10px 0px;color:#FFFFFF\" >Club de Lectura: mi\u00e9rcoles 22 de abril de 2026<\/a><\/h2>\r\n          \r\n                    <\/div>\r\n      <\/div>\r\n    <\/div>\r\n        <div class=\"advps-slide\">\r\n\t<a target=\"_self\" href=\"https:\/\/blogsaverroes.juntadeandalucia.es\/iesvirgendelcampo\/2026\/04\/20\/hoy-cocinamos-flan-de-huevo\/\" >      <img loading=\"lazy\" decoding=\"async\" width=\"720\" height=\"340\" src=\"https:\/\/blogsaverroes.juntadeandalucia.es\/iesvirgendelcampo\/files\/2026\/04\/1776686776008-720x340.jpg\" class=\"attachment-thumb-large size-thumb-large wp-post-image\" alt=\"\" srcset=\"https:\/\/blogsaverroes.juntadeandalucia.es\/iesvirgendelcampo\/files\/2026\/04\/1776686776008-720x340.jpg 720w, https:\/\/blogsaverroes.juntadeandalucia.es\/iesvirgendelcampo\/files\/2026\/04\/1776686776008-520x245.jpg 520w\" sizes=\"(max-width: 720px) 100vw, 720px\" \/>      <\/a>       \r\n      <div class=\"advps-excerpt-one\" style=\"width:100%;height:25%;bottom:0; left:0;\">\r\n      \t<div class=\"advps-overlay-one\" style=\"background-color:#000000; -moz-opacity:0.4;filter:alpha(opacity=40);opacity:0.4;\"><\/div>\r\n        <div class=\"advps-excerpt-block-one\" style=\"text-align:center;color:#FFFFFF;-moz-opacity:1;filter:alpha(opacity=100);opacity:1;\">        \r\n        <h2 class=\"advs-title\" style=\"margin:5px 0px 10px 0px;color:#FFFFFF\"><a target=\"_self\" href=\"https:\/\/blogsaverroes.juntadeandalucia.es\/iesvirgendelcampo\/2026\/04\/20\/hoy-cocinamos-flan-de-huevo\/\" style=\"margin:5px 0px 10px 0px;color:#FFFFFF\" >HOY COCINAMOS FLAN DE HUEVO.<\/a><\/h2>\r\n          \r\n                    <\/div>\r\n      <\/div>\r\n    <\/div>\r\n        <div class=\"advps-slide\">\r\n\t<a target=\"_self\" href=\"https:\/\/blogsaverroes.juntadeandalucia.es\/iesvirgendelcampo\/2026\/04\/17\/movilidad-erasmus-alumnado-3oeso-miercoles-15-de-abril-vuelta-a-espana\/\" >      <img loading=\"lazy\" decoding=\"async\" width=\"720\" height=\"340\" src=\"https:\/\/blogsaverroes.juntadeandalucia.es\/iesvirgendelcampo\/files\/2026\/04\/WhatsApp-Image-2026-04-17-at-18.19.58-720x340.jpeg\" class=\"attachment-thumb-large size-thumb-large wp-post-image\" alt=\"\" srcset=\"https:\/\/blogsaverroes.juntadeandalucia.es\/iesvirgendelcampo\/files\/2026\/04\/WhatsApp-Image-2026-04-17-at-18.19.58-720x340.jpeg 720w, https:\/\/blogsaverroes.juntadeandalucia.es\/iesvirgendelcampo\/files\/2026\/04\/WhatsApp-Image-2026-04-17-at-18.19.58-520x245.jpeg 520w\" sizes=\"(max-width: 720px) 100vw, 720px\" \/>      <\/a>       \r\n      <div class=\"advps-excerpt-one\" style=\"width:100%;height:25%;bottom:0; left:0;\">\r\n      \t<div class=\"advps-overlay-one\" style=\"background-color:#000000; -moz-opacity:0.4;filter:alpha(opacity=40);opacity:0.4;\"><\/div>\r\n        <div class=\"advps-excerpt-block-one\" style=\"text-align:center;color:#FFFFFF;-moz-opacity:1;filter:alpha(opacity=100);opacity:1;\">        \r\n        <h2 class=\"advs-title\" style=\"margin:5px 0px 10px 0px;color:#FFFFFF\"><a target=\"_self\" href=\"https:\/\/blogsaverroes.juntadeandalucia.es\/iesvirgendelcampo\/2026\/04\/17\/movilidad-erasmus-alumnado-3oeso-miercoles-15-de-abril-vuelta-a-espana\/\" style=\"margin:5px 0px 10px 0px;color:#FFFFFF\" >Movilidad Erasmus+ alumnado 3\u00baESO: Mi\u00e9rcoles 15 de abril. Vuelta a Espa\u00f1a.<\/a><\/h2>\r\n          \r\n                    <\/div>\r\n      <\/div>\r\n    <\/div>\r\n        <div class=\"advps-slide\">\r\n\t<a target=\"_self\" href=\"https:\/\/blogsaverroes.juntadeandalucia.es\/iesvirgendelcampo\/2026\/04\/17\/movilidad-erasmus-alumnado-3oeso-lunes-14-de-abril\/\" >      <img loading=\"lazy\" decoding=\"async\" width=\"720\" height=\"340\" src=\"https:\/\/blogsaverroes.juntadeandalucia.es\/iesvirgendelcampo\/files\/2026\/04\/WhatsApp-Image-2026-04-17-at-18.20.39-720x340.jpeg\" class=\"attachment-thumb-large size-thumb-large wp-post-image\" alt=\"\" srcset=\"https:\/\/blogsaverroes.juntadeandalucia.es\/iesvirgendelcampo\/files\/2026\/04\/WhatsApp-Image-2026-04-17-at-18.20.39-720x340.jpeg 720w, https:\/\/blogsaverroes.juntadeandalucia.es\/iesvirgendelcampo\/files\/2026\/04\/WhatsApp-Image-2026-04-17-at-18.20.39-520x245.jpeg 520w\" sizes=\"(max-width: 720px) 100vw, 720px\" \/>      <\/a>       \r\n      <div class=\"advps-excerpt-one\" style=\"width:100%;height:25%;bottom:0; left:0;\">\r\n      \t<div class=\"advps-overlay-one\" style=\"background-color:#000000; -moz-opacity:0.4;filter:alpha(opacity=40);opacity:0.4;\"><\/div>\r\n        <div class=\"advps-excerpt-block-one\" style=\"text-align:center;color:#FFFFFF;-moz-opacity:1;filter:alpha(opacity=100);opacity:1;\">        \r\n        <h2 class=\"advs-title\" style=\"margin:5px 0px 10px 0px;color:#FFFFFF\"><a target=\"_self\" href=\"https:\/\/blogsaverroes.juntadeandalucia.es\/iesvirgendelcampo\/2026\/04\/17\/movilidad-erasmus-alumnado-3oeso-lunes-14-de-abril\/\" style=\"margin:5px 0px 10px 0px;color:#FFFFFF\" >Movilidad Erasmus+ alumnado 3\u00baESO: Lunes 14 de abril<\/a><\/h2>\r\n          \r\n                    <\/div>\r\n      <\/div>\r\n    <\/div>\r\n      <\/div>\r\n  <\/div><!-- end advps-slide-container -->\r\n<!-- \/ Advanced post slider a multipurpose responsive slideshow plugin -->\r\n<br \/>\n&nbsp;<br \/>\n<img decoding=\"async\" title=\"ERASMUS LOGO IES\" src=\"https:\/\/blogsaverroes.juntadeandalucia.es\/iesvirgendelcampo\/files\/elementor\/thumbs\/ERASMUS-LOGO-IES-qcvpidg6uuwn25ofbnsdyrff3c5osh47osl5z9ps74.jpg\" alt=\"ERASMUS LOGO IES\"><\/p>\n","protected":false},"excerpt":{"rendered":"<p>&nbsp;<\/p>\n","protected":false},"author":4186,"featured_media":0,"parent":0,"menu_order":0,"comment_status":"closed","ping_status":"closed","template":"","meta":{"ngg_post_thumbnail":0,"footnotes":"","_mc_calendar":[]},"aioseo_notices":[],"_links":{"self":[{"href":"https:\/\/blogsaverroes.juntadeandalucia.es\/iesvirgendelcampo\/wp-json\/wp\/v2\/pages\/3146"}],"collection":[{"href":"https:\/\/blogsaverroes.juntadeandalucia.es\/iesvirgendelcampo\/wp-json\/wp\/v2\/pages"}],"about":[{"href":"https:\/\/blogsaverroes.juntadeandalucia.es\/iesvirgendelcampo\/wp-json\/wp\/v2\/types\/page"}],"author":[{"embeddable":true,"href":"https:\/\/blogsaverroes.juntadeandalucia.es\/iesvirgendelcampo\/wp-json\/wp\/v2\/users\/4186"}],"replies":[{"embeddable":true,"href":"https:\/\/blogsaverroes.juntadeandalucia.es\/iesvirgendelcampo\/wp-json\/wp\/v2\/comments?post=3146"}],"version-history":[{"count":46,"href":"https:\/\/blogsaverroes.juntadeandalucia.es\/iesvirgendelcampo\/wp-json\/wp\/v2\/pages\/3146\/revisions"}],"predecessor-version":[{"id":12320,"href":"https:\/\/blogsaverroes.juntadeandalucia.es\/iesvirgendelcampo\/wp-json\/wp\/v2\/pages\/3146\/revisions\/12320"}],"wp:attachment":[{"href":"https:\/\/blogsaverroes.juntadeandalucia.es\/iesvirgendelcampo\/wp-json\/wp\/v2\/media?parent=3146"}],"curies":[{"name":"wp","href":"https:\/\/api.w.org\/{rel}","templated":true}]}}