{"id":7086,"date":"2021-11-28T17:35:30","date_gmt":"2021-11-28T17:35:30","guid":{"rendered":"https:\/\/blogsaverroes.juntadeandalucia.es\/iesvirgendelcampo\/?page_id=7086"},"modified":"2022-05-22T20:09:37","modified_gmt":"2022-05-22T18:09:37","slug":"proyecto-erasmus-2021-2023","status":"publish","type":"page","link":"https:\/\/blogsaverroes.juntadeandalucia.es\/iesvirgendelcampo\/planes-y-programas\/proyecto-erasmus-2021-2023\/","title":{"rendered":"Proyecto Erasmus 2021-2023"},"content":{"rendered":"\t\t<div data-elementor-type=\"wp-page\" data-elementor-id=\"7086\" class=\"elementor elementor-7086\">\n\t\t\t\t\t\t<section class=\"elementor-section elementor-top-section elementor-element elementor-element-3c67c5f elementor-section-boxed elementor-section-height-default elementor-section-height-default\" data-id=\"3c67c5f\" data-element_type=\"section\">\n\t\t\t\t\t\t<div class=\"elementor-container elementor-column-gap-default\">\n\t\t\t\t\t<div class=\"elementor-column elementor-col-100 elementor-top-column elementor-element elementor-element-9617c74\" data-id=\"9617c74\" data-element_type=\"column\">\n\t\t\t<div class=\"elementor-widget-wrap elementor-element-populated\">\n\t\t\t\t\t\t<div class=\"elementor-element elementor-element-b5993c3 elementor-widget elementor-widget-image\" data-id=\"b5993c3\" data-element_type=\"widget\" data-widget_type=\"image.default\">\n\t\t\t\t<div class=\"elementor-widget-container\">\n\t\t\t\t\t\t\t\t\t\t\t\t\t\t\t<img fetchpriority=\"high\" decoding=\"async\" width=\"1024\" height=\"576\" src=\"https:\/\/blogsaverroes.juntadeandalucia.es\/iesvirgendelcampo\/files\/2021\/12\/Verde-Amarillo-Pensado-para-V\u00eddeo-Comida-Cabecera-de-Youtube-1024x576.png\" class=\"attachment-large size-large wp-image-7281\" alt=\"\" srcset=\"https:\/\/blogsaverroes.juntadeandalucia.es\/iesvirgendelcampo\/files\/2021\/12\/Verde-Amarillo-Pensado-para-V\u00eddeo-Comida-Cabecera-de-Youtube-1024x576.png 1024w, https:\/\/blogsaverroes.juntadeandalucia.es\/iesvirgendelcampo\/files\/2021\/12\/Verde-Amarillo-Pensado-para-V\u00eddeo-Comida-Cabecera-de-Youtube-300x169.png 300w, https:\/\/blogsaverroes.juntadeandalucia.es\/iesvirgendelcampo\/files\/2021\/12\/Verde-Amarillo-Pensado-para-V\u00eddeo-Comida-Cabecera-de-Youtube-768x432.png 768w, https:\/\/blogsaverroes.juntadeandalucia.es\/iesvirgendelcampo\/files\/2021\/12\/Verde-Amarillo-Pensado-para-V\u00eddeo-Comida-Cabecera-de-Youtube-1536x864.png 1536w, https:\/\/blogsaverroes.juntadeandalucia.es\/iesvirgendelcampo\/files\/2021\/12\/Verde-Amarillo-Pensado-para-V\u00eddeo-Comida-Cabecera-de-Youtube-2048x1152.png 2048w, https:\/\/blogsaverroes.juntadeandalucia.es\/iesvirgendelcampo\/files\/2021\/12\/Verde-Amarillo-Pensado-para-V\u00eddeo-Comida-Cabecera-de-Youtube.png 1600w\" sizes=\"(max-width: 1024px) 100vw, 1024px\" \/>\t\t\t\t\t\t\t\t\t\t\t\t\t\t\t<\/div>\n\t\t\t\t<\/div>\n\t\t\t\t\t<\/div>\n\t\t<\/div>\n\t\t\t\t\t<\/div>\n\t\t<\/section>\n\t\t\t\t<section class=\"elementor-section elementor-top-section elementor-element elementor-element-9d7883b elementor-section-boxed elementor-section-height-default elementor-section-height-default\" data-id=\"9d7883b\" data-element_type=\"section\">\n\t\t\t\t\t\t<div class=\"elementor-container elementor-column-gap-default\">\n\t\t\t\t\t<div class=\"elementor-column elementor-col-100 elementor-top-column elementor-element elementor-element-73f4461\" data-id=\"73f4461\" data-element_type=\"column\">\n\t\t\t<div class=\"elementor-widget-wrap elementor-element-populated\">\n\t\t\t\t\t\t<div class=\"elementor-element elementor-element-194319e elementor-widget elementor-widget-heading\" data-id=\"194319e\" data-element_type=\"widget\" data-widget_type=\"heading.default\">\n\t\t\t\t<div class=\"elementor-widget-container\">\n\t\t\t\t\t<h2 class=\"elementor-heading-title elementor-size-default\">Introducci\u00f3n - Introduction<\/h2>\t\t\t\t<\/div>\n\t\t\t\t<\/div>\n\t\t\t\t\t<\/div>\n\t\t<\/div>\n\t\t\t\t\t<\/div>\n\t\t<\/section>\n\t\t\t\t<section class=\"elementor-section elementor-top-section elementor-element elementor-element-15bf9cf elementor-section-boxed elementor-section-height-default elementor-section-height-default\" data-id=\"15bf9cf\" data-element_type=\"section\">\n\t\t\t\t\t\t<div class=\"elementor-container elementor-column-gap-default\">\n\t\t\t\t\t<div class=\"elementor-column elementor-col-100 elementor-top-column elementor-element elementor-element-8347771\" data-id=\"8347771\" data-element_type=\"column\">\n\t\t\t<div class=\"elementor-widget-wrap elementor-element-populated\">\n\t\t\t\t\t\t<div class=\"elementor-element elementor-element-16b7a30 elementor-widget elementor-widget-text-editor\" data-id=\"16b7a30\" data-element_type=\"widget\" data-widget_type=\"text-editor.default\">\n\t\t\t\t<div class=\"elementor-widget-container\">\n\t\t\t\t\t\t\t\t\t<p dir=\"ltr\">No contamos con experiencias previas en este tipo de programas pero nos gustar\u00eda empezar a participar en ellas porque lo consideramos una pieza esencial en la educaci\u00f3n actual. Adem\u00e1s, en nuestro contexto, una localidad eminentemente rural que basa su econom\u00eda en la agricultura principalmente, aunque, \u00faltimamente se est\u00e1 promoviendo desde las entidades locales el inter\u00e9s y la difusi\u00f3n de la cultura, es necesario mostrarles las posibilidades que tenemos en el mundo de hoy, de expandir su legado y promocionar sus riquezas a nivel europeo, y, por qu\u00e9 no, internacional. Consideramos una necesidad a la que dar respuesta mediante un programa de estas caracter\u00edsticas la de que nuestro alumnado abra su mentalidad y sus objetivos de vida&nbsp; y no se limite a trabajar la tierra de sus antepasados, sino que, con ella sea capaz de difundir sus conocimientos y usar su educaci\u00f3n para promocionar y rentabilizar su producci\u00f3n.&nbsp;<br><\/p>\t\t\t\t\t\t\t\t<\/div>\n\t\t\t\t<\/div>\n\t\t\t\t\t<\/div>\n\t\t<\/div>\n\t\t\t\t\t<\/div>\n\t\t<\/section>\n\t\t\t\t<section class=\"elementor-section elementor-top-section elementor-element elementor-element-33a809f elementor-section-boxed elementor-section-height-default elementor-section-height-default\" data-id=\"33a809f\" data-element_type=\"section\">\n\t\t\t\t\t\t<div class=\"elementor-container elementor-column-gap-default\">\n\t\t\t\t\t<div class=\"elementor-column elementor-col-100 elementor-top-column elementor-element elementor-element-e3b6157\" data-id=\"e3b6157\" data-element_type=\"column\">\n\t\t\t<div class=\"elementor-widget-wrap elementor-element-populated\">\n\t\t\t\t\t\t<div class=\"elementor-element elementor-element-7eb2375 elementor-widget-divider--view-line_icon elementor-view-default elementor-widget-divider--element-align-center elementor-widget elementor-widget-divider\" data-id=\"7eb2375\" data-element_type=\"widget\" data-widget_type=\"divider.default\">\n\t\t\t\t<div class=\"elementor-widget-container\">\n\t\t\t\t\t\t\t<div class=\"elementor-divider\">\n\t\t\t<span class=\"elementor-divider-separator\">\n\t\t\t\t\t\t\t<div class=\"elementor-icon elementor-divider__element\">\n\t\t\t\t\t<i aria-hidden=\"true\" class=\"far fa-comments\"><\/i><\/div>\n\t\t\t\t\t\t<\/span>\n\t\t<\/div>\n\t\t\t\t\t\t<\/div>\n\t\t\t\t<\/div>\n\t\t\t\t\t<\/div>\n\t\t<\/div>\n\t\t\t\t\t<\/div>\n\t\t<\/section>\n\t\t\t\t<section class=\"elementor-section elementor-top-section elementor-element elementor-element-c87b4ca elementor-section-boxed elementor-section-height-default elementor-section-height-default\" data-id=\"c87b4ca\" data-element_type=\"section\">\n\t\t\t\t\t\t<div class=\"elementor-container elementor-column-gap-default\">\n\t\t\t\t\t<div class=\"elementor-column elementor-col-100 elementor-top-column elementor-element elementor-element-f30f028\" data-id=\"f30f028\" data-element_type=\"column\">\n\t\t\t<div class=\"elementor-widget-wrap elementor-element-populated\">\n\t\t\t\t\t\t<div class=\"elementor-element elementor-element-2a0fd82 elementor-widget elementor-widget-text-editor\" data-id=\"2a0fd82\" data-element_type=\"widget\" data-widget_type=\"text-editor.default\">\n\t\t\t\t<div class=\"elementor-widget-container\">\n\t\t\t\t\t\t\t\t\t<p>We haven\u2019t done any previous experiences related to this type of programmes but we would love to take part in them because we consider it an essential tool in the current education. Moreover, in our context, an eminently rural area with an economy based on agriculture, although, recently, local authorities are promoting the interest and spread of culture; it is necessary to show the possibilities around the world nowadays, the option to expand its legacy and promote its cultural wealth in an European background, and, why not, worldwide. We consider all of it a necessity which can be covered by this programme because our students can open their minds and increase their life goals trying not to be limited to farm their ancestors\u2019 land. They can be able to transmit their knowledge and use their education to promote and make profitable their production.<\/p>\t\t\t\t\t\t\t\t<\/div>\n\t\t\t\t<\/div>\n\t\t\t\t\t<\/div>\n\t\t<\/div>\n\t\t\t\t\t<\/div>\n\t\t<\/section>\n\t\t\t\t<section class=\"elementor-section elementor-top-section elementor-element elementor-element-e59f6e2 elementor-section-boxed elementor-section-height-default elementor-section-height-default\" data-id=\"e59f6e2\" data-element_type=\"section\">\n\t\t\t\t\t\t<div class=\"elementor-container elementor-column-gap-default\">\n\t\t\t\t\t<div class=\"elementor-column elementor-col-100 elementor-top-column elementor-element elementor-element-60e86d1\" data-id=\"60e86d1\" data-element_type=\"column\">\n\t\t\t<div class=\"elementor-widget-wrap elementor-element-populated\">\n\t\t\t\t\t\t<div class=\"elementor-element elementor-element-4cd2a99 elementor-widget elementor-widget-heading\" data-id=\"4cd2a99\" data-element_type=\"widget\" data-widget_type=\"heading.default\">\n\t\t\t\t<div class=\"elementor-widget-container\">\n\t\t\t\t\t<h2 class=\"elementor-heading-title elementor-size-default\">Objetivos - Objectives<\/h2>\t\t\t\t<\/div>\n\t\t\t\t<\/div>\n\t\t\t\t\t<\/div>\n\t\t<\/div>\n\t\t\t\t\t<\/div>\n\t\t<\/section>\n\t\t\t\t<section class=\"elementor-section elementor-top-section elementor-element elementor-element-4115372 elementor-section-boxed elementor-section-height-default elementor-section-height-default\" data-id=\"4115372\" data-element_type=\"section\">\n\t\t\t\t\t\t<div class=\"elementor-container elementor-column-gap-default\">\n\t\t\t\t\t<div class=\"elementor-column elementor-col-50 elementor-top-column elementor-element elementor-element-185c399\" data-id=\"185c399\" data-element_type=\"column\">\n\t\t\t<div class=\"elementor-widget-wrap elementor-element-populated\">\n\t\t\t\t\t\t<div class=\"elementor-element elementor-element-c1f7ac9 elementor-widget elementor-widget-text-editor\" data-id=\"c1f7ac9\" data-element_type=\"widget\" data-widget_type=\"text-editor.default\">\n\t\t\t\t<div class=\"elementor-widget-container\">\n\t\t\t\t\t\t\t\t\t<p dir=\"ltr\" role=\"presentation\">Favorecer y potenciar la inclusi\u00f3n social y de g\u00e9nero en localidades de menos de 3.000 habitantes.&nbsp;<\/p><p dir=\"ltr\" role=\"presentation\">Facilitar la ense\u00f1anza y la familiarizaci\u00f3n con la transformaci\u00f3n digital a nuestro alumnado.<\/p>\n<p dir=\"ltr\" role=\"presentation\">Desarrollar el inter\u00e9s por el aprendizaje de una lengua extranjera como veh\u00edculo de oportunidades sociales, culturales y laborales.<\/p>\n<p dir=\"ltr\" role=\"presentation\">Investigar y buscar nuevas oportunidades para el desarrollo del medio rural con la premisa principal del cuidado y protecci\u00f3n del medio ambiente.&nbsp;<\/p>\t\t\t\t\t\t\t\t<\/div>\n\t\t\t\t<\/div>\n\t\t\t\t\t<\/div>\n\t\t<\/div>\n\t\t\t\t<div class=\"elementor-column elementor-col-50 elementor-top-column elementor-element elementor-element-90bae99\" data-id=\"90bae99\" data-element_type=\"column\">\n\t\t\t<div class=\"elementor-widget-wrap elementor-element-populated\">\n\t\t\t\t\t\t<div class=\"elementor-element elementor-element-8ad5c55 elementor-widget elementor-widget-text-editor\" data-id=\"8ad5c55\" data-element_type=\"widget\" data-widget_type=\"text-editor.default\">\n\t\t\t\t<div class=\"elementor-widget-container\">\n\t\t\t\t\t\t\t\t\t<p>Supporting and improving the social inclusion and gender equality in villages with less than 3000 inhabitants.<br><\/p>\n<p>Making teaching and digital development easier to our students.<\/p>\n<p>Developing learning interest in foreign languages as a tool to social, cultural and working opportunities.<\/p>\n<p>Researching new opportunities to the rural areas development with the main goal of protecting the environment.<\/p>\t\t\t\t\t\t\t\t<\/div>\n\t\t\t\t<\/div>\n\t\t\t\t\t<\/div>\n\t\t<\/div>\n\t\t\t\t\t<\/div>\n\t\t<\/section>\n\t\t\t\t<section class=\"elementor-section elementor-top-section elementor-element elementor-element-737f987 elementor-section-boxed elementor-section-height-default elementor-section-height-default\" data-id=\"737f987\" data-element_type=\"section\">\n\t\t\t\t\t\t<div class=\"elementor-container elementor-column-gap-default\">\n\t\t\t\t\t<div class=\"elementor-column elementor-col-50 elementor-top-column elementor-element elementor-element-228cae6\" data-id=\"228cae6\" data-element_type=\"column\">\n\t\t\t<div class=\"elementor-widget-wrap elementor-element-populated\">\n\t\t\t\t\t\t<div class=\"elementor-element elementor-element-7b15d35 elementor-widget elementor-widget-image\" data-id=\"7b15d35\" data-element_type=\"widget\" data-widget_type=\"image.default\">\n\t\t\t\t<div class=\"elementor-widget-container\">\n\t\t\t\t\t\t\t\t\t\t\t\t\t\t\t<img decoding=\"async\" width=\"1024\" height=\"215\" src=\"https:\/\/blogsaverroes.juntadeandalucia.es\/iesvirgendelcampo\/files\/2022\/05\/es_cofinanciado_por_la_union_europea_pos-1024x215.png\" class=\"attachment-large size-large wp-image-8103\" alt=\"\" srcset=\"https:\/\/blogsaverroes.juntadeandalucia.es\/iesvirgendelcampo\/files\/2022\/05\/es_cofinanciado_por_la_union_europea_pos-1024x215.png 1024w, https:\/\/blogsaverroes.juntadeandalucia.es\/iesvirgendelcampo\/files\/2022\/05\/es_cofinanciado_por_la_union_europea_pos-300x63.png 300w, https:\/\/blogsaverroes.juntadeandalucia.es\/iesvirgendelcampo\/files\/2022\/05\/es_cofinanciado_por_la_union_europea_pos-768x161.png 768w, https:\/\/blogsaverroes.juntadeandalucia.es\/iesvirgendelcampo\/files\/2022\/05\/es_cofinanciado_por_la_union_europea_pos-1536x322.png 1536w, https:\/\/blogsaverroes.juntadeandalucia.es\/iesvirgendelcampo\/files\/2022\/05\/es_cofinanciado_por_la_union_europea_pos-2048x429.png 2048w, https:\/\/blogsaverroes.juntadeandalucia.es\/iesvirgendelcampo\/files\/2022\/05\/es_cofinanciado_por_la_union_europea_pos.png 1600w\" sizes=\"(max-width: 1024px) 100vw, 1024px\" \/>\t\t\t\t\t\t\t\t\t\t\t\t\t\t\t<\/div>\n\t\t\t\t<\/div>\n\t\t\t\t\t<\/div>\n\t\t<\/div>\n\t\t\t\t<div class=\"elementor-column elementor-col-50 elementor-top-column elementor-element elementor-element-d503e6c\" data-id=\"d503e6c\" data-element_type=\"column\">\n\t\t\t<div class=\"elementor-widget-wrap elementor-element-populated\">\n\t\t\t\t\t\t<div class=\"elementor-element elementor-element-4220f76 elementor-widget elementor-widget-image\" data-id=\"4220f76\" data-element_type=\"widget\" data-widget_type=\"image.default\">\n\t\t\t\t<div class=\"elementor-widget-container\">\n\t\t\t\t\t\t\t\t\t\t\t\t\t\t\t<img decoding=\"async\" width=\"1024\" height=\"215\" src=\"https:\/\/blogsaverroes.juntadeandalucia.es\/iesvirgendelcampo\/files\/2022\/05\/EN-Co-Funded-by-the-EU_POS-1024x215.png\" class=\"attachment-large size-large wp-image-8102\" alt=\"\" srcset=\"https:\/\/blogsaverroes.juntadeandalucia.es\/iesvirgendelcampo\/files\/2022\/05\/EN-Co-Funded-by-the-EU_POS-1024x215.png 1024w, https:\/\/blogsaverroes.juntadeandalucia.es\/iesvirgendelcampo\/files\/2022\/05\/EN-Co-Funded-by-the-EU_POS-300x63.png 300w, https:\/\/blogsaverroes.juntadeandalucia.es\/iesvirgendelcampo\/files\/2022\/05\/EN-Co-Funded-by-the-EU_POS-768x161.png 768w, https:\/\/blogsaverroes.juntadeandalucia.es\/iesvirgendelcampo\/files\/2022\/05\/EN-Co-Funded-by-the-EU_POS-1536x322.png 1536w, https:\/\/blogsaverroes.juntadeandalucia.es\/iesvirgendelcampo\/files\/2022\/05\/EN-Co-Funded-by-the-EU_POS-2048x430.png 2048w, https:\/\/blogsaverroes.juntadeandalucia.es\/iesvirgendelcampo\/files\/2022\/05\/EN-Co-Funded-by-the-EU_POS.png 1600w\" sizes=\"(max-width: 1024px) 100vw, 1024px\" \/>\t\t\t\t\t\t\t\t\t\t\t\t\t\t\t<\/div>\n\t\t\t\t<\/div>\n\t\t\t\t\t<\/div>\n\t\t<\/div>\n\t\t\t\t\t<\/div>\n\t\t<\/section>\n\t\t\t\t<section class=\"elementor-section elementor-top-section elementor-element elementor-element-84f9b59 elementor-section-boxed elementor-section-height-default elementor-section-height-default\" data-id=\"84f9b59\" data-element_type=\"section\">\n\t\t\t\t\t\t<div class=\"elementor-container elementor-column-gap-default\">\n\t\t\t\t\t<div class=\"elementor-column elementor-col-100 elementor-top-column elementor-element elementor-element-39c1d0a\" data-id=\"39c1d0a\" data-element_type=\"column\">\n\t\t\t<div class=\"elementor-widget-wrap elementor-element-populated\">\n\t\t\t\t\t\t<div class=\"elementor-element elementor-element-2e689b2 elementor-widget elementor-widget-text-editor\" data-id=\"2e689b2\" data-element_type=\"widget\" data-widget_type=\"text-editor.default\">\n\t\t\t\t<div class=\"elementor-widget-container\">\n\t\t\t\t\t\t\t\t\t<p>El proyecto \u201cPresencia del olivo en la cultura mediterr\u00e1nea a trav\u00e9s de la historia pasada, del trabajo presente y de sus posibilidades futuras: alternativas para su uso como motor social en zonas rurales\u201d est\u00e1 cofinanciado por el programa Erasmus+ de la Uni\u00f3n Europea. El contenido de esta publicaci\u00f3n es responsabilidad exclusiva del IES Virgen del Campo y ni la Comisi\u00f3n Europea, ni el Servicio Espa\u00f1ol para la&nbsp;Internacionalizaci\u00f3n de la Educaci\u00f3n (SEPIE) son responsables del uso&nbsp;que pueda hacerse de la informaci\u00f3n aqu\u00ed difundida.<\/p>\t\t\t\t\t\t\t\t<\/div>\n\t\t\t\t<\/div>\n\t\t\t\t\t<\/div>\n\t\t<\/div>\n\t\t\t\t\t<\/div>\n\t\t<\/section>\n\t\t\t\t<\/div>\n\t\t","protected":false},"excerpt":{"rendered":"<p>Introducci\u00f3n &#8211; Introduction No contamos con experiencias previas en este tipo de programas pero nos gustar\u00eda empezar a participar en ellas porque lo consideramos una pieza esencial en la educaci\u00f3n&#46;&#46;&#46;<\/p>\n","protected":false},"author":4099,"featured_media":7095,"parent":3110,"menu_order":0,"comment_status":"closed","ping_status":"closed","template":"","meta":{"ngg_post_thumbnail":0,"footnotes":"","_mc_calendar":[]},"aioseo_notices":[],"_links":{"self":[{"href":"https:\/\/blogsaverroes.juntadeandalucia.es\/iesvirgendelcampo\/wp-json\/wp\/v2\/pages\/7086"}],"collection":[{"href":"https:\/\/blogsaverroes.juntadeandalucia.es\/iesvirgendelcampo\/wp-json\/wp\/v2\/pages"}],"about":[{"href":"https:\/\/blogsaverroes.juntadeandalucia.es\/iesvirgendelcampo\/wp-json\/wp\/v2\/types\/page"}],"author":[{"embeddable":true,"href":"https:\/\/blogsaverroes.juntadeandalucia.es\/iesvirgendelcampo\/wp-json\/wp\/v2\/users\/4099"}],"replies":[{"embeddable":true,"href":"https:\/\/blogsaverroes.juntadeandalucia.es\/iesvirgendelcampo\/wp-json\/wp\/v2\/comments?post=7086"}],"version-history":[{"count":21,"href":"https:\/\/blogsaverroes.juntadeandalucia.es\/iesvirgendelcampo\/wp-json\/wp\/v2\/pages\/7086\/revisions"}],"predecessor-version":[{"id":8109,"href":"https:\/\/blogsaverroes.juntadeandalucia.es\/iesvirgendelcampo\/wp-json\/wp\/v2\/pages\/7086\/revisions\/8109"}],"up":[{"embeddable":true,"href":"https:\/\/blogsaverroes.juntadeandalucia.es\/iesvirgendelcampo\/wp-json\/wp\/v2\/pages\/3110"}],"wp:featuredmedia":[{"embeddable":true,"href":"https:\/\/blogsaverroes.juntadeandalucia.es\/iesvirgendelcampo\/wp-json\/wp\/v2\/media\/7095"}],"wp:attachment":[{"href":"https:\/\/blogsaverroes.juntadeandalucia.es\/iesvirgendelcampo\/wp-json\/wp\/v2\/media?parent=7086"}],"curies":[{"name":"wp","href":"https:\/\/api.w.org\/{rel}","templated":true}]}}