{"id":7128,"date":"2021-11-29T20:10:26","date_gmt":"2021-11-29T20:10:26","guid":{"rendered":"https:\/\/blogsaverroes.juntadeandalucia.es\/iesvirgendelcampo\/?page_id=7128"},"modified":"2021-11-30T08:07:00","modified_gmt":"2021-11-30T08:07:00","slug":"equipo-directivo","status":"publish","type":"page","link":"https:\/\/blogsaverroes.juntadeandalucia.es\/iesvirgendelcampo\/equipo-directivo\/","title":{"rendered":"Equipo Directivo"},"content":{"rendered":"\t\t<div data-elementor-type=\"wp-page\" data-elementor-id=\"7128\" class=\"elementor elementor-7128\">\n\t\t\t\t\t\t<section class=\"elementor-section elementor-top-section elementor-element elementor-element-2b771d3 elementor-section-boxed elementor-section-height-default elementor-section-height-default\" data-id=\"2b771d3\" data-element_type=\"section\">\n\t\t\t\t\t\t<div class=\"elementor-container elementor-column-gap-default\">\n\t\t\t\t\t<div class=\"elementor-column elementor-col-100 elementor-top-column elementor-element elementor-element-e47688f\" data-id=\"e47688f\" data-element_type=\"column\">\n\t\t\t<div class=\"elementor-widget-wrap elementor-element-populated\">\n\t\t\t\t\t\t<div class=\"elementor-element elementor-element-7e9e696 elementor-widget elementor-widget-image\" data-id=\"7e9e696\" data-element_type=\"widget\" data-widget_type=\"image.default\">\n\t\t\t\t<div class=\"elementor-widget-container\">\n\t\t\t\t\t\t\t\t\t\t\t\t\t\t\t<img decoding=\"async\" width=\"150\" height=\"150\" src=\"https:\/\/blogsaverroes.juntadeandalucia.es\/iesvirgendelcampo\/files\/2021\/11\/unido-150x150.png\" class=\"attachment-thumbnail size-thumbnail wp-image-7133\" alt=\"\" srcset=\"https:\/\/blogsaverroes.juntadeandalucia.es\/iesvirgendelcampo\/files\/2021\/11\/unido-150x150.png 150w, https:\/\/blogsaverroes.juntadeandalucia.es\/iesvirgendelcampo\/files\/2021\/11\/unido-300x300.png 300w, https:\/\/blogsaverroes.juntadeandalucia.es\/iesvirgendelcampo\/files\/2021\/11\/unido-80x80.png 80w, https:\/\/blogsaverroes.juntadeandalucia.es\/iesvirgendelcampo\/files\/2021\/11\/unido-320x320.png 320w, https:\/\/blogsaverroes.juntadeandalucia.es\/iesvirgendelcampo\/files\/2021\/11\/unido.png 512w\" sizes=\"(max-width: 150px) 100vw, 150px\" \/>\t\t\t\t\t\t\t\t\t\t\t\t\t\t\t<\/div>\n\t\t\t\t<\/div>\n\t\t\t\t\t<\/div>\n\t\t<\/div>\n\t\t\t\t\t<\/div>\n\t\t<\/section>\n\t\t\t\t<section class=\"elementor-section elementor-top-section elementor-element elementor-element-1fb1ec2 elementor-section-boxed elementor-section-height-default elementor-section-height-default\" data-id=\"1fb1ec2\" data-element_type=\"section\">\n\t\t\t\t\t\t<div class=\"elementor-container elementor-column-gap-default\">\n\t\t\t\t\t<div class=\"elementor-column elementor-col-100 elementor-top-column elementor-element elementor-element-f49af1a\" data-id=\"f49af1a\" data-element_type=\"column\">\n\t\t\t<div class=\"elementor-widget-wrap elementor-element-populated\">\n\t\t\t\t\t\t<div class=\"elementor-element elementor-element-38ccd1a elementor-widget elementor-widget-text-editor\" data-id=\"38ccd1a\" data-element_type=\"widget\" data-widget_type=\"text-editor.default\">\n\t\t\t\t<div class=\"elementor-widget-container\">\n\t\t\t\t\t\t\t\t\t<p>El Equipo Directivo del presente curso escolar est\u00e1 compuesto por:\u00a0<\/p><p>Don Jos\u00e9 Manuel Moya Mu\u00f1oz (Director)<\/p><p>Do\u00f1a Mercedes Belmonte Espinosa (Jefa de Estudios)<\/p><p>Don Rafael Gallardo Otero (Secretario)<\/p>\t\t\t\t\t\t\t\t<\/div>\n\t\t\t\t<\/div>\n\t\t\t\t\t<\/div>\n\t\t<\/div>\n\t\t\t\t\t<\/div>\n\t\t<\/section>\n\t\t\t\t<\/div>\n\t\t","protected":false},"excerpt":{"rendered":"<p>El Equipo Directivo del presente curso escolar est\u00e1 compuesto por:&nbsp; Don Jos\u00e9 Manuel Moya Mu\u00f1oz (Director) Do\u00f1a Mercedes Belmonte Espinosa (Jefa de Estudios) Don Rafael Gallardo Otero (Secretario)<\/p>\n","protected":false},"author":13601,"featured_media":0,"parent":0,"menu_order":0,"comment_status":"closed","ping_status":"closed","template":"","meta":{"ngg_post_thumbnail":0,"footnotes":"","_mc_calendar":[]},"aioseo_notices":[],"_links":{"self":[{"href":"https:\/\/blogsaverroes.juntadeandalucia.es\/iesvirgendelcampo\/wp-json\/wp\/v2\/pages\/7128"}],"collection":[{"href":"https:\/\/blogsaverroes.juntadeandalucia.es\/iesvirgendelcampo\/wp-json\/wp\/v2\/pages"}],"about":[{"href":"https:\/\/blogsaverroes.juntadeandalucia.es\/iesvirgendelcampo\/wp-json\/wp\/v2\/types\/page"}],"author":[{"embeddable":true,"href":"https:\/\/blogsaverroes.juntadeandalucia.es\/iesvirgendelcampo\/wp-json\/wp\/v2\/users\/13601"}],"replies":[{"embeddable":true,"href":"https:\/\/blogsaverroes.juntadeandalucia.es\/iesvirgendelcampo\/wp-json\/wp\/v2\/comments?post=7128"}],"version-history":[{"count":3,"href":"https:\/\/blogsaverroes.juntadeandalucia.es\/iesvirgendelcampo\/wp-json\/wp\/v2\/pages\/7128\/revisions"}],"predecessor-version":[{"id":7163,"href":"https:\/\/blogsaverroes.juntadeandalucia.es\/iesvirgendelcampo\/wp-json\/wp\/v2\/pages\/7128\/revisions\/7163"}],"wp:attachment":[{"href":"https:\/\/blogsaverroes.juntadeandalucia.es\/iesvirgendelcampo\/wp-json\/wp\/v2\/media?parent=7128"}],"curies":[{"name":"wp","href":"https:\/\/api.w.org\/{rel}","templated":true}]}}