{"id":7135,"date":"2021-11-29T20:22:22","date_gmt":"2021-11-29T20:22:22","guid":{"rendered":"https:\/\/blogsaverroes.juntadeandalucia.es\/iesvirgendelcampo\/?page_id=7135"},"modified":"2025-09-08T11:06:44","modified_gmt":"2025-09-08T09:06:44","slug":"claustro","status":"publish","type":"page","link":"https:\/\/blogsaverroes.juntadeandalucia.es\/iesvirgendelcampo\/claustro\/","title":{"rendered":"Claustro"},"content":{"rendered":"<p style=\"text-align: center\">Nuestro claustro est\u00e1 compuesto por los siguientes Departamentos:&nbsp;<\/p>\n<p><img decoding=\"async\" title=\"planet-earth\" src=\"https:\/\/blogsaverroes.juntadeandalucia.es\/iesvirgendelcampo\/files\/elementor\/thumbs\/planet-earth-pgsklftxh432l7g1v354re293dykddkq665ajgulm0.png\" alt=\"planet-earth\"><\/p>\n<h3 style=\"font-style: normal;font-weight: 400;font-size: 18px;font-family: ABeeZee, sans-serif;color: #000000\">Departamento de Ciencias Naturales<\/h3>\n<p style=\"font-style: normal;font-weight: 400;font-size: 18px;font-family: ABeeZee, sans-serif;color: #000000;text-align: center\">Don Rafael Gallardo Otero (Secretario)<\/p>\n<p style=\"font-style: normal;font-weight: 400;font-size: 18px;font-family: ABeeZee, sans-serif;color: #000000;text-align: center\">Do\u00f1a Josefa Mu\u00f1oz Fern\u00e1ndez (Jefa de Dpto.)<\/p>\n<p><img decoding=\"async\" title=\"historia\" src=\"https:\/\/blogsaverroes.juntadeandalucia.es\/iesvirgendelcampo\/files\/elementor\/thumbs\/historia-pgsl7msquagspr7i9oi0msg20wkk43okk0o0gnxyp4.png\" alt=\"historia\"><\/p>\n<h3 style=\"font-style: normal;font-weight: 400;font-size: 18px;font-family: ABeeZee, sans-serif;color: #000000\">Departamento de Ciencias Sociales<\/h3>\n<p style=\"font-style: normal;font-weight: 400;font-size: 18px;font-family: ABeeZee, sans-serif;color: #000000;text-align: center\">Don Jos\u00e9 Manuel Moya Mu\u00f1oz (Director)<\/p>\n<p style=\"font-style: normal;font-weight: 400;font-size: 18px;font-family: ABeeZee, sans-serif;color: #000000;text-align: center\">Don F\u00e9lix Suarez Escobar<\/p>\n<p><img decoding=\"async\" title=\"fisico\" src=\"https:\/\/blogsaverroes.juntadeandalucia.es\/iesvirgendelcampo\/files\/elementor\/thumbs\/fisico-pgsl7decxy3xhnl5skfqxutg31uvz4n96q55nwbwfc.png\" alt=\"fisico\"><\/p>\n<h3 style=\"font-style: normal;font-weight: 400;font-size: 18px;font-family: ABeeZee, sans-serif;color: #000000\">Departamento de Educaci\u00f3n F\u00edsica<\/h3>\n<p style=\"font-style: normal;font-weight: 400;font-size: 18px;font-family: ABeeZee, sans-serif;color: #000000;text-align: center\">Don Feliciano Garc\u00eda Garc\u00eda (Jefe de Dpto.)<\/p>\n<p><img decoding=\"async\" title=\"francia\" src=\"https:\/\/blogsaverroes.juntadeandalucia.es\/iesvirgendelcampo\/files\/elementor\/thumbs\/francia-pgsl7g7vig7sghh2c3nmnc3tv7gzm7yg743m3q7pwo.png\" alt=\"francia\"><\/p>\n<h3><strong><span style=\"color: #000000\">Departamento de Franc\u00e9s<\/span><\/strong><\/h3>\n<p style=\"text-align: center\"><span style=\"color: #000000\"><strong>Do\u00f1a Florencia Morales Romero&nbsp; (Jefe de Dpto.)<\/strong><\/span><\/p>\n<p>&nbsp;<\/p>\n<p><img decoding=\"async\" title=\"reino-unido\" src=\"https:\/\/blogsaverroes.juntadeandalucia.es\/iesvirgendelcampo\/files\/elementor\/thumbs\/reino-unido-pgsl81u5vn1dvilntv01qonfj2ifj9c9y33s53bnxk.png\" alt=\"reino-unido\"><\/p>\n<h3 style=\"font-style: normal;font-weight: 400;font-size: 18px;font-family: ABeeZee, sans-serif;color: #000000;text-align: left\">Departamento de Ingl\u00e9s<\/h3>\n<p style=\"font-style: normal;font-weight: 400;font-size: 18px;font-family: ABeeZee, sans-serif;text-align: center;color: #000000\">Do\u00f1a Isabel Agudo Guti\u00e9rrez (Jefa de Dpto.)<\/p>\n<p style=\"font-style: normal;font-weight: 400;font-size: 18px;font-family: ABeeZee, sans-serif;text-align: center;color: #000000\">Do\u00f1a Marta Rodr\u00edguez Gordo<\/p>\n<p><img decoding=\"async\" title=\"libros\" src=\"https:\/\/blogsaverroes.juntadeandalucia.es\/iesvirgendelcampo\/files\/elementor\/thumbs\/libros-pgsl7rhxsgn8bt0oi8j5h99cztxe6l788nxfv1qzu0.png\" alt=\"libros\"><\/p>\n<p style=\"font-style: normal;font-weight: 400;font-size: 18px;font-family: ABeeZee, sans-serif;text-align: center;color: #000000\">Departamento de Lengua Castellana y Literatura<\/p>\n<p style=\"font-style: normal;font-weight: 400;font-size: 18px;font-family: ABeeZee, sans-serif;text-align: center;color: #000000\">Do\u00f1a Mar\u00eda Jos\u00e9 Mart\u00edn Fern\u00e1ndez<\/p>\n<p style=\"text-align: center\"><strong>Don Pablo Acevedo Garc\u00eda (Jefe de Dpto.)<\/strong><\/p>\n<p><img decoding=\"async\" title=\"matematicas\" src=\"https:\/\/blogsaverroes.juntadeandalucia.es\/iesvirgendelcampo\/files\/elementor\/thumbs\/matematicas-pgsl7tdm64psz0xy79cem8sa6lo4lzeowx8etlo7hk.png\" alt=\"matematicas\"><\/p>\n<h3 style=\"font-style: normal;font-weight: 400;font-size: 18px;font-family: ABeeZee, sans-serif;color: #000000;text-align: left\">Departamento de Matem\u00e1ticas<\/h3>\n<p style=\"font-style: normal;font-weight: 400;font-size: 18px;font-family: ABeeZee, sans-serif;text-align: center;color: #000000\">Don Antonio Pina Ruiz (Jefe de Dpto.)<\/p>\n<p style=\"font-style: normal;font-weight: 400;font-size: 18px;font-family: ABeeZee, sans-serif;text-align: center;color: #000000\">Do\u00f1a Carmen Mar\u00eda Ortega Garc\u00eda<\/p>\n<p><img decoding=\"async\" title=\"orientacion (1)\" src=\"https:\/\/blogsaverroes.juntadeandalucia.es\/iesvirgendelcampo\/files\/elementor\/thumbs\/orientacion-1-pgsl7w74qmtnxutuqskabq2nyra892pvxb6v9fk0yw.png\" alt=\"orientacion (1)\"><\/p>\n<h3 style=\"font-style: normal;font-weight: 400;font-size: 18px;font-family: ABeeZee, sans-serif;color: #000000;text-align: left\">Departamento de Orientaci\u00f3n<\/h3>\n<p style=\"font-style: normal;font-weight: 400;font-size: 18px;font-family: ABeeZee, sans-serif;text-align: center;color: #000000\">Don Carlos Barrag\u00e1n Jurado (Jefe de Dpto.)<\/p>\n<p style=\"font-style: normal;font-weight: 400;font-size: 18px;font-family: ABeeZee, sans-serif;text-align: center;color: #000000\">Do\u00f1a Mercedes Belmonte Espinosa<\/p>\n<p style=\"font-style: normal;font-weight: 400;font-size: 18px;font-family: ABeeZee, sans-serif;text-align: center;color: #000000\">Do\u00f1a Estela Mar\u00eda Valenzuela P\u00e9rez de la Concha&nbsp;<\/p>\n<p><img decoding=\"async\" title=\"espiritu-santo\" src=\"https:\/\/blogsaverroes.juntadeandalucia.es\/iesvirgendelcampo\/files\/elementor\/thumbs\/espiritu-santo-pgsl7akudg02itp9917v8dj2aw8sc1c26c6p82g2y0.png\" alt=\"espiritu-santo\"><\/p>\n<h3 style=\"font-style: normal;font-weight: 400;font-size: 18px;font-family: ABeeZee, sans-serif;color: #000000;text-align: left\">Departamento de Religi\u00f3n<\/h3>\n<p style=\"font-style: normal;font-weight: 400;font-size: 18px;font-family: ABeeZee, sans-serif;text-align: center;color: #000000\">Do\u00f1a Mar\u00eda del Mar Rela\u00f1o Valverde (Jefa de Dpto.)<\/p>\n<p><img decoding=\"async\" title=\"gestion-de-datos\" src=\"https:\/\/blogsaverroes.juntadeandalucia.es\/iesvirgendelcampo\/files\/elementor\/thumbs\/gestion-de-datos-pgsl7j1e2ybnfbcyvmvicte7nd339b9n7i22jk3je0.png\" alt=\"gestion-de-datos\"><\/p>\n<h3 style=\"font-style: normal;font-weight: 400;font-size: 18px;font-family: ABeeZee, sans-serif;color: #000000;text-align: left\">Departamento de Tecnolog\u00eda<\/h3>\n<p style=\"font-style: normal;font-weight: 400;font-size: 18px;font-family: ABeeZee, sans-serif;text-align: center;color: #000000\">Don Francisco \u00c1ngel S\u00e1nchez Gait\u00e1n (Jefe de Dpto.)<\/p>\n","protected":false},"excerpt":{"rendered":"<p>Nuestro claustro est\u00e1 compuesto por los siguientes Departamentos:&nbsp; Departamento de Ciencias Naturales Don Rafael Gallardo Otero (Secretario) Do\u00f1a Josefa Mu\u00f1oz Fern\u00e1ndez (Jefa de Dpto.) Departamento de Ciencias Sociales Don Jos\u00e9&#46;&#46;&#46;<\/p>\n","protected":false},"author":13601,"featured_media":0,"parent":0,"menu_order":0,"comment_status":"closed","ping_status":"closed","template":"","meta":{"ngg_post_thumbnail":0,"footnotes":"","_mc_calendar":[]},"aioseo_notices":[],"_links":{"self":[{"href":"https:\/\/blogsaverroes.juntadeandalucia.es\/iesvirgendelcampo\/wp-json\/wp\/v2\/pages\/7135"}],"collection":[{"href":"https:\/\/blogsaverroes.juntadeandalucia.es\/iesvirgendelcampo\/wp-json\/wp\/v2\/pages"}],"about":[{"href":"https:\/\/blogsaverroes.juntadeandalucia.es\/iesvirgendelcampo\/wp-json\/wp\/v2\/types\/page"}],"author":[{"embeddable":true,"href":"https:\/\/blogsaverroes.juntadeandalucia.es\/iesvirgendelcampo\/wp-json\/wp\/v2\/users\/13601"}],"replies":[{"embeddable":true,"href":"https:\/\/blogsaverroes.juntadeandalucia.es\/iesvirgendelcampo\/wp-json\/wp\/v2\/comments?post=7135"}],"version-history":[{"count":29,"href":"https:\/\/blogsaverroes.juntadeandalucia.es\/iesvirgendelcampo\/wp-json\/wp\/v2\/pages\/7135\/revisions"}],"predecessor-version":[{"id":13873,"href":"https:\/\/blogsaverroes.juntadeandalucia.es\/iesvirgendelcampo\/wp-json\/wp\/v2\/pages\/7135\/revisions\/13873"}],"wp:attachment":[{"href":"https:\/\/blogsaverroes.juntadeandalucia.es\/iesvirgendelcampo\/wp-json\/wp\/v2\/media?parent=7135"}],"curies":[{"name":"wp","href":"https:\/\/api.w.org\/{rel}","templated":true}]}}