{"id":7264,"date":"2021-12-07T12:25:02","date_gmt":"2021-12-07T12:25:02","guid":{"rendered":"https:\/\/blogsaverroes.juntadeandalucia.es\/iesvirgendelcampo\/?page_id=7264"},"modified":"2024-09-20T11:07:28","modified_gmt":"2024-09-20T09:07:28","slug":"pas","status":"publish","type":"page","link":"https:\/\/blogsaverroes.juntadeandalucia.es\/iesvirgendelcampo\/pas\/","title":{"rendered":"PAS"},"content":{"rendered":"\t\t<div data-elementor-type=\"wp-page\" data-elementor-id=\"7264\" class=\"elementor elementor-7264\">\n\t\t\t\t\t\t<section class=\"elementor-section elementor-top-section elementor-element elementor-element-8484440 elementor-section-boxed elementor-section-height-default elementor-section-height-default\" data-id=\"8484440\" data-element_type=\"section\">\n\t\t\t\t\t\t<div class=\"elementor-container elementor-column-gap-default\">\n\t\t\t\t\t<div class=\"elementor-column elementor-col-100 elementor-top-column elementor-element elementor-element-2003db9\" data-id=\"2003db9\" data-element_type=\"column\">\n\t\t\t<div class=\"elementor-widget-wrap elementor-element-populated\">\n\t\t\t\t\t\t<div class=\"elementor-element elementor-element-fc17ceb elementor-widget elementor-widget-image\" data-id=\"fc17ceb\" data-element_type=\"widget\" data-widget_type=\"image.default\">\n\t\t\t\t<div class=\"elementor-widget-container\">\n\t\t\t\t\t\t\t\t\t\t\t\t\t\t\t<img decoding=\"async\" width=\"80\" height=\"80\" src=\"https:\/\/blogsaverroes.juntadeandalucia.es\/iesvirgendelcampo\/files\/2021\/12\/colegio-80x80.png\" class=\"attachment-thumb-small size-thumb-small wp-image-7432\" alt=\"\" srcset=\"https:\/\/blogsaverroes.juntadeandalucia.es\/iesvirgendelcampo\/files\/2021\/12\/colegio-80x80.png 80w, https:\/\/blogsaverroes.juntadeandalucia.es\/iesvirgendelcampo\/files\/2021\/12\/colegio-300x300.png 300w, https:\/\/blogsaverroes.juntadeandalucia.es\/iesvirgendelcampo\/files\/2021\/12\/colegio-150x150.png 150w, https:\/\/blogsaverroes.juntadeandalucia.es\/iesvirgendelcampo\/files\/2021\/12\/colegio-320x320.png 320w, https:\/\/blogsaverroes.juntadeandalucia.es\/iesvirgendelcampo\/files\/2021\/12\/colegio.png 512w\" sizes=\"(max-width: 80px) 100vw, 80px\" \/>\t\t\t\t\t\t\t\t\t\t\t\t\t\t\t<\/div>\n\t\t\t\t<\/div>\n\t\t\t\t\t<\/div>\n\t\t<\/div>\n\t\t\t\t\t<\/div>\n\t\t<\/section>\n\t\t\t\t<section class=\"elementor-section elementor-top-section elementor-element elementor-element-bfffb0c elementor-section-boxed elementor-section-height-default elementor-section-height-default\" data-id=\"bfffb0c\" data-element_type=\"section\">\n\t\t\t\t\t\t<div class=\"elementor-container elementor-column-gap-default\">\n\t\t\t\t\t<div class=\"elementor-column elementor-col-100 elementor-top-column elementor-element elementor-element-631cca4\" data-id=\"631cca4\" data-element_type=\"column\">\n\t\t\t<div class=\"elementor-widget-wrap elementor-element-populated\">\n\t\t\t\t\t\t<div class=\"elementor-element elementor-element-e8f1893 elementor-widget elementor-widget-text-editor\" data-id=\"e8f1893\" data-element_type=\"widget\" data-widget_type=\"text-editor.default\">\n\t\t\t\t<div class=\"elementor-widget-container\">\n\t\t\t\t\t\t\t\t\t<p>Nuestro Personal de Administraci\u00f3n y Servicios est\u00e1 compuesto por:<\/p><p>Personal de Administraci\u00f3n: Do\u00f1a Mar\u00eda Teresa Escobar Mar\u00edn\u00a0<\/p><p>Ordenanza: Do\u00f1a Josefa Pamos Garc\u00eda<\/p><p>Personal de Limpieza:\u00a0<\/p>\t\t\t\t\t\t\t\t<\/div>\n\t\t\t\t<\/div>\n\t\t\t\t\t<\/div>\n\t\t<\/div>\n\t\t\t\t\t<\/div>\n\t\t<\/section>\n\t\t\t\t<\/div>\n\t\t","protected":false},"excerpt":{"rendered":"<p>Nuestro Personal de Administraci\u00f3n y Servicios est\u00e1 compuesto por: Personal de Administraci\u00f3n: Do\u00f1a Mar\u00eda Teresa Escobar Mar\u00edn\u00a0 Ordenanza: Do\u00f1a Josefa Pamos Garc\u00eda Personal de Limpieza:\u00a0<\/p>\n","protected":false},"author":13601,"featured_media":0,"parent":0,"menu_order":0,"comment_status":"closed","ping_status":"closed","template":"","meta":{"ngg_post_thumbnail":0,"footnotes":"","_mc_calendar":[]},"aioseo_notices":[],"_links":{"self":[{"href":"https:\/\/blogsaverroes.juntadeandalucia.es\/iesvirgendelcampo\/wp-json\/wp\/v2\/pages\/7264"}],"collection":[{"href":"https:\/\/blogsaverroes.juntadeandalucia.es\/iesvirgendelcampo\/wp-json\/wp\/v2\/pages"}],"about":[{"href":"https:\/\/blogsaverroes.juntadeandalucia.es\/iesvirgendelcampo\/wp-json\/wp\/v2\/types\/page"}],"author":[{"embeddable":true,"href":"https:\/\/blogsaverroes.juntadeandalucia.es\/iesvirgendelcampo\/wp-json\/wp\/v2\/users\/13601"}],"replies":[{"embeddable":true,"href":"https:\/\/blogsaverroes.juntadeandalucia.es\/iesvirgendelcampo\/wp-json\/wp\/v2\/comments?post=7264"}],"version-history":[{"count":11,"href":"https:\/\/blogsaverroes.juntadeandalucia.es\/iesvirgendelcampo\/wp-json\/wp\/v2\/pages\/7264\/revisions"}],"predecessor-version":[{"id":11983,"href":"https:\/\/blogsaverroes.juntadeandalucia.es\/iesvirgendelcampo\/wp-json\/wp\/v2\/pages\/7264\/revisions\/11983"}],"wp:attachment":[{"href":"https:\/\/blogsaverroes.juntadeandalucia.es\/iesvirgendelcampo\/wp-json\/wp\/v2\/media?parent=7264"}],"curies":[{"name":"wp","href":"https:\/\/api.w.org\/{rel}","templated":true}]}}