{"id":1075,"date":"2025-04-04T08:21:07","date_gmt":"2025-04-04T06:21:07","guid":{"rendered":"https:\/\/blogsaverroes.juntadeandalucia.es\/iesvirgendelcastillo\/?page_id=1075"},"modified":"2025-04-07T18:37:55","modified_gmt":"2025-04-07T16:37:55","slug":"ciclos-formativos","status":"publish","type":"page","link":"https:\/\/blogsaverroes.juntadeandalucia.es\/iesvirgendelcastillo\/ciclos-formativos\/","title":{"rendered":"Ciclos Formativos"},"content":{"rendered":"<blockquote><div class=\"pt-cv-wrapper et_smooth_scroll_disabled\"><div class=\"pt-cv-view pt-cv-blockgrid iscvblock iscvhybrid grid1 layout1\" id=\"pt-cv-view-b74fd4bd59\"><div data-id=\"pt-cv-page-1\" class=\"pt-cv-page\" data-cvc=\"3\"><div class=\" pt-cv-content-item pt-cv-1-col\" ><div class=\"pt-cv-thumb-wrapper  \"><a href=\"https:\/\/blogsaverroes.juntadeandalucia.es\/iesvirgendelcastillo\/andalucia-acredita\/\" class=\"_self pt-cv-href-thumbnail pt-cv-thumb-default\" target=\"_self\" ><img loading=\"lazy\" decoding=\"async\" width=\"300\" height=\"261\" src=\"https:\/\/blogsaverroes.juntadeandalucia.es\/iesvirgendelcastillo\/files\/2026\/03\/andalucia-acredita-300x261.png\" class=\"pt-cv-thumbnail\" alt=\"\" \/><\/a><\/div>\n<div class=\"pt-cv-taxoterm above_title\"><a href='https:\/\/blogsaverroes.juntadeandalucia.es\/iesvirgendelcastillo\/category\/ciclo\/' title='CICLO' class='pt-cv-tax-ciclo'>CICLO<\/a><a href='https:\/\/blogsaverroes.juntadeandalucia.es\/iesvirgendelcastillo\/category\/novedades\/' title='Novedades' class='pt-cv-tax-novedades'>Novedades<\/a><a href='https:\/\/blogsaverroes.juntadeandalucia.es\/iesvirgendelcastillo\/category\/portada\/' title='Portada' class='pt-cv-tax-portada'>Portada<\/a><\/div>\n<h4 class=\"pt-cv-title\"><a href=\"https:\/\/blogsaverroes.juntadeandalucia.es\/iesvirgendelcastillo\/andalucia-acredita\/\" class=\"_self\" target=\"_self\" >Andaluc\u00eda Acredita<\/a><\/h4>\n<div class=\"pt-cv-content\">Acredita ...<br \/><div class=\"pt-cv-rmwrap\"><a href=\"https:\/\/blogsaverroes.juntadeandalucia.es\/iesvirgendelcastillo\/andalucia-acredita\/\" class=\"_self pt-cv-readmore btn btn-success\" target=\"_self\">Leer M\u00e1s<\/a><\/div><\/div><\/div>\n<div class=\" pt-cv-content-item pt-cv-1-col\" ><div class=\"pt-cv-thumb-wrapper  \"><a href=\"https:\/\/blogsaverroes.juntadeandalucia.es\/iesvirgendelcastillo\/solicitud-y-pago-titulos-bcho-y-ciclos\/\" class=\"_self pt-cv-href-thumbnail pt-cv-thumb-default\" target=\"_self\" ><img loading=\"lazy\" decoding=\"async\" width=\"300\" height=\"77\" src=\"https:\/\/blogsaverroes.juntadeandalucia.es\/iesvirgendelcastillo\/files\/2026\/03\/titulosolicitudpagotitutlos-300x77.png\" class=\"pt-cv-thumbnail\" alt=\"\" \/><\/a><\/div>\n<div class=\"pt-cv-taxoterm above_title\"><a href='https:\/\/blogsaverroes.juntadeandalucia.es\/iesvirgendelcastillo\/category\/ciclo\/' title='CICLO' class='pt-cv-tax-ciclo'>CICLO<\/a><a href='https:\/\/blogsaverroes.juntadeandalucia.es\/iesvirgendelcastillo\/category\/novedades\/' title='Novedades' class='pt-cv-tax-novedades'>Novedades<\/a><a href='https:\/\/blogsaverroes.juntadeandalucia.es\/iesvirgendelcastillo\/category\/portada\/' title='Portada' class='pt-cv-tax-portada'>Portada<\/a><\/div>\n<h4 class=\"pt-cv-title\"><a href=\"https:\/\/blogsaverroes.juntadeandalucia.es\/iesvirgendelcastillo\/solicitud-y-pago-titulos-bcho-y-ciclos\/\" class=\"_self\" target=\"_self\" >Solicitud y pago t\u00edtulos Bcho y ciclos<\/a><\/h4>\n<div class=\"pt-cv-content\">SOLICITUD Y PAGO DE T\u00cdTULOS (BACHILLERATO Y CICLOS FORMATIVOS) 1.- CU\u00c1NDO SE PUEDE HACER \ud83d\udccc MUY IMPORTANTE El tr\u00e1mite debe ...<br \/><div class=\"pt-cv-rmwrap\"><a href=\"https:\/\/blogsaverroes.juntadeandalucia.es\/iesvirgendelcastillo\/solicitud-y-pago-titulos-bcho-y-ciclos\/\" class=\"_self pt-cv-readmore btn btn-success\" target=\"_self\">Leer M\u00e1s<\/a><\/div><\/div><\/div>\n<div class=\" pt-cv-content-item pt-cv-1-col\" ><div class=\"pt-cv-thumb-wrapper  \"><a href=\"https:\/\/blogsaverroes.juntadeandalucia.es\/iesvirgendelcastillo\/orientaciones-para-4eso\/\" class=\"_self pt-cv-href-thumbnail pt-cv-thumb-default\" target=\"_self\" ><img loading=\"lazy\" decoding=\"async\" width=\"300\" height=\"230\" src=\"https:\/\/blogsaverroes.juntadeandalucia.es\/iesvirgendelcastillo\/files\/2025\/06\/orientaciones4eso2425-300x230.jpg\" class=\"pt-cv-thumbnail\" alt=\"\" \/><\/a><\/div>\n<div class=\"pt-cv-taxoterm above_title\"><a href='https:\/\/blogsaverroes.juntadeandalucia.es\/iesvirgendelcastillo\/category\/ciclo\/' title='CICLO' class='pt-cv-tax-ciclo'>CICLO<\/a><a href='https:\/\/blogsaverroes.juntadeandalucia.es\/iesvirgendelcastillo\/category\/novedades\/' title='Novedades' class='pt-cv-tax-novedades'>Novedades<\/a><a href='https:\/\/blogsaverroes.juntadeandalucia.es\/iesvirgendelcastillo\/category\/portada\/' title='Portada' class='pt-cv-tax-portada'>Portada<\/a><\/div>\n<h4 class=\"pt-cv-title\"><a href=\"https:\/\/blogsaverroes.juntadeandalucia.es\/iesvirgendelcastillo\/orientaciones-para-4eso\/\" class=\"_self\" target=\"_self\" >Orientaciones para 4ESO<\/a><\/h4>\n<div class=\"pt-cv-content\"> ...<br \/><div class=\"pt-cv-rmwrap\"><a href=\"https:\/\/blogsaverroes.juntadeandalucia.es\/iesvirgendelcastillo\/orientaciones-para-4eso\/\" class=\"_self pt-cv-readmore btn btn-success\" target=\"_self\">Leer M\u00e1s<\/a><\/div><\/div><\/div>\n<div class=\" pt-cv-content-item pt-cv-1-col\" ><div class=\"pt-cv-thumb-wrapper  \"><a href=\"https:\/\/blogsaverroes.juntadeandalucia.es\/iesvirgendelcastillo\/listado-de-admitidos-para-el-certificado-de-profesionalidad-de-atencion-a-personas-dependientes-en-instituciones-sociales\/\" class=\"_self pt-cv-href-thumbnail pt-cv-thumb-default\" target=\"_self\" ><img decoding=\"async\" src=\"https:\/\/blogsaverroes.juntadeandalucia.es\/iesvirgendelcastillo\/wp-content\/plugins\/content-views-query-and-display-post-page\/public\/assets\/images\/default_image.png\" class=\"pt-cv-thumbnail cv-default-img\" alt=\"Listado de admitidos para el certificado de profesionalidad de atenci\u00f3n a personas dependientes en instituciones sociales.\" title=\"\" \/><\/a><\/div>\n<div class=\"pt-cv-taxoterm above_title\"><a href='https:\/\/blogsaverroes.juntadeandalucia.es\/iesvirgendelcastillo\/category\/ciclo\/' title='CICLO' class='pt-cv-tax-ciclo'>CICLO<\/a><a href='https:\/\/blogsaverroes.juntadeandalucia.es\/iesvirgendelcastillo\/category\/novedades\/' title='Novedades' class='pt-cv-tax-novedades'>Novedades<\/a><a href='https:\/\/blogsaverroes.juntadeandalucia.es\/iesvirgendelcastillo\/category\/portada\/' title='Portada' class='pt-cv-tax-portada'>Portada<\/a><\/div>\n<h4 class=\"pt-cv-title\"><a href=\"https:\/\/blogsaverroes.juntadeandalucia.es\/iesvirgendelcastillo\/listado-de-admitidos-para-el-certificado-de-profesionalidad-de-atencion-a-personas-dependientes-en-instituciones-sociales\/\" class=\"_self\" target=\"_self\" >Listado de admitidos para el certificado de profesionalidad de atenci\u00f3n a personas dependientes en instituciones sociales.<\/a><\/h4>\n<div class=\"pt-cv-content\">NOMBRE Lorena Bernab\u00e9 Perez Ruiz Margarita Zamora Barrag\u00e1n Macarena Borrego \u00c1ngel Eva M\u00aa Gonz\u00e1lez Ram\u00edrez Roc\u00edo Fuentes L\u00f3pez Montserrat Ruiz ...<br \/><div class=\"pt-cv-rmwrap\"><a href=\"https:\/\/blogsaverroes.juntadeandalucia.es\/iesvirgendelcastillo\/listado-de-admitidos-para-el-certificado-de-profesionalidad-de-atencion-a-personas-dependientes-en-instituciones-sociales\/\" class=\"_self pt-cv-readmore btn btn-success\" target=\"_self\">Leer M\u00e1s<\/a><\/div><\/div><\/div>\n<div class=\" pt-cv-content-item pt-cv-1-col\" ><div class=\"pt-cv-thumb-wrapper  \"><a href=\"https:\/\/blogsaverroes.juntadeandalucia.es\/iesvirgendelcastillo\/informacion-importante-para-la-matricula-en-ciclos-apsd-e-is\/\" class=\"_self pt-cv-href-thumbnail pt-cv-thumb-default\" target=\"_self\" ><img loading=\"lazy\" decoding=\"async\" width=\"300\" height=\"210\" src=\"https:\/\/blogsaverroes.juntadeandalucia.es\/iesvirgendelcastillo\/files\/2025\/06\/2425matriculacionapsd-is-300x210.jpg\" class=\"pt-cv-thumbnail\" alt=\"\" \/><\/a><\/div>\n<div class=\"pt-cv-taxoterm above_title\"><a href='https:\/\/blogsaverroes.juntadeandalucia.es\/iesvirgendelcastillo\/category\/ciclo\/' title='CICLO' class='pt-cv-tax-ciclo'>CICLO<\/a><a href='https:\/\/blogsaverroes.juntadeandalucia.es\/iesvirgendelcastillo\/category\/novedades\/' title='Novedades' class='pt-cv-tax-novedades'>Novedades<\/a><a href='https:\/\/blogsaverroes.juntadeandalucia.es\/iesvirgendelcastillo\/category\/portada\/' title='Portada' class='pt-cv-tax-portada'>Portada<\/a><\/div>\n<h4 class=\"pt-cv-title\"><a href=\"https:\/\/blogsaverroes.juntadeandalucia.es\/iesvirgendelcastillo\/informacion-importante-para-la-matricula-en-ciclos-apsd-e-is\/\" class=\"_self\" target=\"_self\" >Informaci\u00f3n importante para la matr\u00edcula en CICLOS APSD e IS.<\/a><\/h4>\n<div class=\"pt-cv-content\">MATRICULA Informaci\u00f3n alumnado primero APSD MATRICULA informaci\u00f3n alumnado 2do APSD MATRICULA Informaci\u00f3n alumnado1ro IS MATRICULA Informaci\u00f3n alumnado 2do IS ...<br \/><div class=\"pt-cv-rmwrap\"><a href=\"https:\/\/blogsaverroes.juntadeandalucia.es\/iesvirgendelcastillo\/informacion-importante-para-la-matricula-en-ciclos-apsd-e-is\/\" class=\"_self pt-cv-readmore btn btn-success\" target=\"_self\">Leer M\u00e1s<\/a><\/div><\/div><\/div>\n<div class=\" pt-cv-content-item pt-cv-1-col\" ><div class=\"pt-cv-thumb-wrapper  \"><a href=\"https:\/\/blogsaverroes.juntadeandalucia.es\/iesvirgendelcastillo\/pruebas-finales-ciclos-formativos\/\" class=\"_self pt-cv-href-thumbnail pt-cv-thumb-default\" target=\"_self\" ><img loading=\"lazy\" decoding=\"async\" width=\"300\" height=\"211\" src=\"https:\/\/blogsaverroes.juntadeandalucia.es\/iesvirgendelcastillo\/files\/2025\/05\/2425pruebasfinales_FP-1-1-300x211.jpg\" class=\"pt-cv-thumbnail\" alt=\"\" srcset=\"https:\/\/blogsaverroes.juntadeandalucia.es\/iesvirgendelcastillo\/files\/2025\/05\/2425pruebasfinales_FP-1-1-300x211.jpg 300w, https:\/\/blogsaverroes.juntadeandalucia.es\/iesvirgendelcastillo\/files\/2025\/05\/2425pruebasfinales_FP-1-1.jpg 318w\" sizes=\"(max-width: 300px) 100vw, 300px\" \/><\/a><\/div>\n<div class=\"pt-cv-taxoterm above_title\"><a href='https:\/\/blogsaverroes.juntadeandalucia.es\/iesvirgendelcastillo\/category\/ciclo\/' title='CICLO' class='pt-cv-tax-ciclo'>CICLO<\/a><a href='https:\/\/blogsaverroes.juntadeandalucia.es\/iesvirgendelcastillo\/category\/novedades\/' title='Novedades' class='pt-cv-tax-novedades'>Novedades<\/a><a href='https:\/\/blogsaverroes.juntadeandalucia.es\/iesvirgendelcastillo\/category\/portada\/' title='Portada' class='pt-cv-tax-portada'>Portada<\/a><\/div>\n<h4 class=\"pt-cv-title\"><a href=\"https:\/\/blogsaverroes.juntadeandalucia.es\/iesvirgendelcastillo\/pruebas-finales-ciclos-formativos\/\" class=\"_self\" target=\"_self\" >Pruebas Finales Ciclos Formativos<\/a><\/h4>\n<div class=\"pt-cv-content\"> ...<br \/><div class=\"pt-cv-rmwrap\"><a href=\"https:\/\/blogsaverroes.juntadeandalucia.es\/iesvirgendelcastillo\/pruebas-finales-ciclos-formativos\/\" class=\"_self pt-cv-readmore btn btn-success\" target=\"_self\">Leer M\u00e1s<\/a><\/div><\/div><\/div>\n<div class=\" pt-cv-content-item pt-cv-1-col\" ><div class=\"pt-cv-thumb-wrapper  \"><a href=\"https:\/\/blogsaverroes.juntadeandalucia.es\/iesvirgendelcastillo\/matriculacion-para-certificacion-en-direccion-y-coordinacion-de-actividades-de-tiempo-libre-educativo-infantil-y-juvenil\/\" class=\"_self pt-cv-href-thumbnail pt-cv-thumb-default\" target=\"_self\" ><img loading=\"lazy\" decoding=\"async\" width=\"300\" height=\"251\" src=\"https:\/\/blogsaverroes.juntadeandalucia.es\/iesvirgendelcastillo\/files\/2025\/05\/2425cartel-300x251.jpg\" class=\"pt-cv-thumbnail\" alt=\"\" \/><\/a><\/div>\n<div class=\"pt-cv-taxoterm above_title\"><a href='https:\/\/blogsaverroes.juntadeandalucia.es\/iesvirgendelcastillo\/category\/ciclo\/' title='CICLO' class='pt-cv-tax-ciclo'>CICLO<\/a><a href='https:\/\/blogsaverroes.juntadeandalucia.es\/iesvirgendelcastillo\/category\/novedades\/' title='Novedades' class='pt-cv-tax-novedades'>Novedades<\/a><a href='https:\/\/blogsaverroes.juntadeandalucia.es\/iesvirgendelcastillo\/category\/portada\/' title='Portada' class='pt-cv-tax-portada'>Portada<\/a><\/div>\n<h4 class=\"pt-cv-title\"><a href=\"https:\/\/blogsaverroes.juntadeandalucia.es\/iesvirgendelcastillo\/matriculacion-para-certificacion-en-direccion-y-coordinacion-de-actividades-de-tiempo-libre-educativo-infantil-y-juvenil\/\" class=\"_self\" target=\"_self\" >Matriculaci\u00f3n para Certificaci\u00f3n en Direcci\u00f3n y Coordinaci\u00f3n de Actividades de Tiempo Libre Educativo Infantil y Juvenil.<\/a><\/h4>\n<div class=\"pt-cv-content\">Descripcio\u0301n certificado final Documentacion acreditativa Coordinacion y Direcci\u00f3n ANEXO I FORMULARIO ...<br \/><div class=\"pt-cv-rmwrap\"><a href=\"https:\/\/blogsaverroes.juntadeandalucia.es\/iesvirgendelcastillo\/matriculacion-para-certificacion-en-direccion-y-coordinacion-de-actividades-de-tiempo-libre-educativo-infantil-y-juvenil\/\" class=\"_self pt-cv-readmore btn btn-success\" target=\"_self\">Leer M\u00e1s<\/a><\/div><\/div><\/div>\n<div class=\" pt-cv-content-item pt-cv-1-col\" ><div class=\"pt-cv-thumb-wrapper  \"><a href=\"https:\/\/blogsaverroes.juntadeandalucia.es\/iesvirgendelcastillo\/practicas-profesionales-remuneradas-internacionales\/\" class=\"_self pt-cv-href-thumbnail pt-cv-thumb-default\" target=\"_self\" ><img loading=\"lazy\" decoding=\"async\" width=\"208\" height=\"300\" src=\"https:\/\/blogsaverroes.juntadeandalucia.es\/iesvirgendelcastillo\/files\/2025\/05\/2425practicasremuneradas-208x300.jpg\" class=\"pt-cv-thumbnail\" alt=\"\" \/><\/a><\/div>\n<div class=\"pt-cv-taxoterm above_title\"><a href='https:\/\/blogsaverroes.juntadeandalucia.es\/iesvirgendelcastillo\/category\/ciclo\/' title='CICLO' class='pt-cv-tax-ciclo'>CICLO<\/a><a href='https:\/\/blogsaverroes.juntadeandalucia.es\/iesvirgendelcastillo\/category\/novedades\/' title='Novedades' class='pt-cv-tax-novedades'>Novedades<\/a><a href='https:\/\/blogsaverroes.juntadeandalucia.es\/iesvirgendelcastillo\/category\/portada\/' title='Portada' class='pt-cv-tax-portada'>Portada<\/a><\/div>\n<h4 class=\"pt-cv-title\"><a href=\"https:\/\/blogsaverroes.juntadeandalucia.es\/iesvirgendelcastillo\/practicas-profesionales-remuneradas-internacionales\/\" class=\"_self\" target=\"_self\" >Pr\u00e1cticas profesionales remuneradas internacionales<\/a><\/h4>\n<div class=\"pt-cv-content\"> ...<br \/><div class=\"pt-cv-rmwrap\"><a href=\"https:\/\/blogsaverroes.juntadeandalucia.es\/iesvirgendelcastillo\/practicas-profesionales-remuneradas-internacionales\/\" class=\"_self pt-cv-readmore btn btn-success\" target=\"_self\">Leer M\u00e1s<\/a><\/div><\/div><\/div>\n<div class=\" pt-cv-content-item pt-cv-1-col\" ><div class=\"pt-cv-thumb-wrapper  \"><a href=\"https:\/\/blogsaverroes.juntadeandalucia.es\/iesvirgendelcastillo\/calendario-general-escolarizacion-fp-2025-2026\/\" class=\"_self pt-cv-href-thumbnail pt-cv-thumb-default\" target=\"_self\" ><img loading=\"lazy\" decoding=\"async\" width=\"300\" height=\"169\" src=\"https:\/\/blogsaverroes.juntadeandalucia.es\/iesvirgendelcastillo\/files\/2025\/05\/calendariogeneralesolarizacionfp25-26-300x169.jpg\" class=\"pt-cv-thumbnail\" alt=\"\" \/><\/a><\/div>\n<div class=\"pt-cv-taxoterm above_title\"><a href='https:\/\/blogsaverroes.juntadeandalucia.es\/iesvirgendelcastillo\/category\/ciclo\/' title='CICLO' class='pt-cv-tax-ciclo'>CICLO<\/a><a href='https:\/\/blogsaverroes.juntadeandalucia.es\/iesvirgendelcastillo\/category\/novedades\/' title='Novedades' class='pt-cv-tax-novedades'>Novedades<\/a><a href='https:\/\/blogsaverroes.juntadeandalucia.es\/iesvirgendelcastillo\/category\/portada\/' title='Portada' class='pt-cv-tax-portada'>Portada<\/a><\/div>\n<h4 class=\"pt-cv-title\"><a href=\"https:\/\/blogsaverroes.juntadeandalucia.es\/iesvirgendelcastillo\/calendario-general-escolarizacion-fp-2025-2026\/\" class=\"_self\" target=\"_self\" >Calendario General Escolarizaci\u00f3n FP 2025\/2026<\/a><\/h4>\n<div class=\"pt-cv-content\">- M\u00e1s informaci\u00f3n: Calendarios_unidos 250611_Instrucciones Escolarizaci\u00f3n_25_26_Mod1(F) ...<br \/><div class=\"pt-cv-rmwrap\"><a href=\"https:\/\/blogsaverroes.juntadeandalucia.es\/iesvirgendelcastillo\/calendario-general-escolarizacion-fp-2025-2026\/\" class=\"_self pt-cv-readmore btn btn-success\" target=\"_self\">Leer M\u00e1s<\/a><\/div><\/div><\/div>\n<div class=\" pt-cv-content-item pt-cv-1-col\" ><div class=\"pt-cv-thumb-wrapper  \"><a href=\"https:\/\/blogsaverroes.juntadeandalucia.es\/iesvirgendelcastillo\/pruebas-finales-de-ciclo-apsd-e-is\/\" class=\"_self pt-cv-href-thumbnail pt-cv-thumb-default\" target=\"_self\" ><img loading=\"lazy\" decoding=\"async\" width=\"290\" height=\"300\" src=\"https:\/\/blogsaverroes.juntadeandalucia.es\/iesvirgendelcastillo\/files\/2025\/05\/pruebasciclo-290x300.jpg\" class=\"pt-cv-thumbnail\" alt=\"\" srcset=\"https:\/\/blogsaverroes.juntadeandalucia.es\/iesvirgendelcastillo\/files\/2025\/05\/pruebasciclo-290x300.jpg 290w, https:\/\/blogsaverroes.juntadeandalucia.es\/iesvirgendelcastillo\/files\/2025\/05\/pruebasciclo.jpg 480w\" sizes=\"(max-width: 290px) 100vw, 290px\" \/><\/a><\/div>\n<div class=\"pt-cv-taxoterm above_title\"><a href='https:\/\/blogsaverroes.juntadeandalucia.es\/iesvirgendelcastillo\/category\/ciclo\/' title='CICLO' class='pt-cv-tax-ciclo'>CICLO<\/a><a href='https:\/\/blogsaverroes.juntadeandalucia.es\/iesvirgendelcastillo\/category\/novedades\/' title='Novedades' class='pt-cv-tax-novedades'>Novedades<\/a><a href='https:\/\/blogsaverroes.juntadeandalucia.es\/iesvirgendelcastillo\/category\/portada\/' title='Portada' class='pt-cv-tax-portada'>Portada<\/a><a href='https:\/\/blogsaverroes.juntadeandalucia.es\/iesvirgendelcastillo\/category\/sin-categoria\/' title='Sin categor\u00eda' class='pt-cv-tax-sin-categoria'>Sin categor\u00eda<\/a><\/div>\n<h4 class=\"pt-cv-title\"><a href=\"https:\/\/blogsaverroes.juntadeandalucia.es\/iesvirgendelcastillo\/pruebas-finales-de-ciclo-apsd-e-is\/\" class=\"_self\" target=\"_self\" >Pruebas Finales de Ciclo APSD e IS<\/a><\/h4>\n<div class=\"pt-cv-content\">- Pruebas Finales de CICLO Atenci\u00f3n a Personas en Situaci\u00f3n de Dependencia - Pruebas Finales de CICLO Integraci\u00f3n Social ...<br \/><div class=\"pt-cv-rmwrap\"><a href=\"https:\/\/blogsaverroes.juntadeandalucia.es\/iesvirgendelcastillo\/pruebas-finales-de-ciclo-apsd-e-is\/\" class=\"_self pt-cv-readmore btn btn-success\" target=\"_self\">Leer M\u00e1s<\/a><\/div><\/div><\/div><\/div><\/div><\/div>\t\t\t<style type=\"text\/css\" id=\"pt-cv-inline-style-b8b8082p5b\">\n#pt-cv-view-b74fd4bd59 .pt-cv-thumb-wrapper:not(.miniwrap) {  }#pt-cv-view-b74fd4bd59 .pt-cv-thumbnail:not(.pt-cv-thumbnailsm) { height: 250px; }#pt-cv-view-b74fd4bd59 > .pt-cv-page {grid-template-columns: repeat(3, 1fr);grid-gap: 15px;}\n@media all and (max-width: 1024px) { \n#pt-cv-view-b74fd4bd59 > .pt-cv-page {grid-template-columns: repeat(1, 1fr);}\n} \n@media all and (max-width: 767px) { \n#pt-cv-view-b74fd4bd59 > .pt-cv-page {grid-template-columns: repeat(1, 1fr);}\n} <\/style>\r\n\t\t\t<\/blockquote>\n","protected":false},"excerpt":{"rendered":"","protected":false},"author":10368,"featured_media":0,"parent":0,"menu_order":0,"comment_status":"closed","ping_status":"closed","template":"","meta":{"_et_pb_use_builder":"","_et_pb_old_content":"","_et_gb_content_width":"","ngg_post_thumbnail":0,"footnotes":""},"aioseo_notices":[],"_links":{"self":[{"href":"https:\/\/blogsaverroes.juntadeandalucia.es\/iesvirgendelcastillo\/wp-json\/wp\/v2\/pages\/1075"}],"collection":[{"href":"https:\/\/blogsaverroes.juntadeandalucia.es\/iesvirgendelcastillo\/wp-json\/wp\/v2\/pages"}],"about":[{"href":"https:\/\/blogsaverroes.juntadeandalucia.es\/iesvirgendelcastillo\/wp-json\/wp\/v2\/types\/page"}],"author":[{"embeddable":true,"href":"https:\/\/blogsaverroes.juntadeandalucia.es\/iesvirgendelcastillo\/wp-json\/wp\/v2\/users\/10368"}],"replies":[{"embeddable":true,"href":"https:\/\/blogsaverroes.juntadeandalucia.es\/iesvirgendelcastillo\/wp-json\/wp\/v2\/comments?post=1075"}],"version-history":[{"count":3,"href":"https:\/\/blogsaverroes.juntadeandalucia.es\/iesvirgendelcastillo\/wp-json\/wp\/v2\/pages\/1075\/revisions"}],"predecessor-version":[{"id":1171,"href":"https:\/\/blogsaverroes.juntadeandalucia.es\/iesvirgendelcastillo\/wp-json\/wp\/v2\/pages\/1075\/revisions\/1171"}],"wp:attachment":[{"href":"https:\/\/blogsaverroes.juntadeandalucia.es\/iesvirgendelcastillo\/wp-json\/wp\/v2\/media?parent=1075"}],"curies":[{"name":"wp","href":"https:\/\/api.w.org\/{rel}","templated":true}]}}