{"id":1534,"date":"2025-09-25T18:15:27","date_gmt":"2025-09-25T16:15:27","guid":{"rendered":"https:\/\/blogsaverroes.juntadeandalucia.es\/iesvirgendelcastillo\/?page_id=1534"},"modified":"2026-03-03T09:03:09","modified_gmt":"2026-03-03T08:03:09","slug":"acredita","status":"publish","type":"page","link":"https:\/\/blogsaverroes.juntadeandalucia.es\/iesvirgendelcastillo\/acredita\/","title":{"rendered":"Acredita"},"content":{"rendered":"<p><img loading=\"lazy\" decoding=\"async\" class=\"aligncenter size-large wp-image-1535\" src=\"https:\/\/blogsaverroes.juntadeandalucia.es\/iesvirgendelcastillo\/files\/2025\/09\/logo-acredita-1024x207.png\" alt=\"\" width=\"1024\" height=\"207\" srcset=\"https:\/\/blogsaverroes.juntadeandalucia.es\/iesvirgendelcastillo\/files\/2025\/09\/logo-acredita-980x198.png 980w, https:\/\/blogsaverroes.juntadeandalucia.es\/iesvirgendelcastillo\/files\/2025\/09\/logo-acredita-480x97.png 480w\" sizes=\"(min-width: 0px) and (max-width: 480px) 480px, (min-width: 481px) and (max-width: 980px) 980px, (min-width: 981px) 1024px, 100vw\" \/><\/p>\n<p>&nbsp;<\/p>\n<p><img loading=\"lazy\" decoding=\"async\" class=\"aligncenter size-large wp-image-1605\" src=\"https:\/\/blogsaverroes.juntadeandalucia.es\/iesvirgendelcastillo\/files\/2026\/03\/INFOGRAFIA-A4-IES-VIRGEN-DEL-CASTILLO-page-00001-721x1024.jpg\" alt=\"\" width=\"721\" height=\"1024\"> <img loading=\"lazy\" decoding=\"async\" class=\"aligncenter size-large wp-image-1606\" src=\"https:\/\/blogsaverroes.juntadeandalucia.es\/iesvirgendelcastillo\/files\/2026\/03\/TRIPTICO-ies-virgen-del-castillo-page-00001-1024x730.jpg\" alt=\"\" width=\"1024\" height=\"730\" srcset=\"https:\/\/blogsaverroes.juntadeandalucia.es\/iesvirgendelcastillo\/files\/2026\/03\/TRIPTICO-ies-virgen-del-castillo-page-00001-980x699.jpg 980w, https:\/\/blogsaverroes.juntadeandalucia.es\/iesvirgendelcastillo\/files\/2026\/03\/TRIPTICO-ies-virgen-del-castillo-page-00001-480x342.jpg 480w\" sizes=\"(min-width: 0px) and (max-width: 480px) 480px, (min-width: 481px) and (max-width: 980px) 980px, (min-width: 981px) 1024px, 100vw\" \/> <img loading=\"lazy\" decoding=\"async\" class=\"aligncenter size-large wp-image-1607\" src=\"https:\/\/blogsaverroes.juntadeandalucia.es\/iesvirgendelcastillo\/files\/2026\/03\/TRIPTICO-ies-virgen-del-castillo-page-00002-1024x730.jpg\" alt=\"\" width=\"1024\" height=\"730\" srcset=\"https:\/\/blogsaverroes.juntadeandalucia.es\/iesvirgendelcastillo\/files\/2026\/03\/TRIPTICO-ies-virgen-del-castillo-page-00002-980x699.jpg 980w, https:\/\/blogsaverroes.juntadeandalucia.es\/iesvirgendelcastillo\/files\/2026\/03\/TRIPTICO-ies-virgen-del-castillo-page-00002-480x342.jpg 480w\" sizes=\"(min-width: 0px) and (max-width: 480px) 480px, (min-width: 481px) and (max-width: 980px) 980px, (min-width: 981px) 1024px, 100vw\" \/> <img loading=\"lazy\" decoding=\"async\" class=\"aligncenter size-large wp-image-1608\" src=\"https:\/\/blogsaverroes.juntadeandalucia.es\/iesvirgendelcastillo\/files\/2026\/03\/diptico-ies-virgen-del-castillo-page-00001-1024x730.jpg\" alt=\"\" width=\"1024\" height=\"730\" srcset=\"https:\/\/blogsaverroes.juntadeandalucia.es\/iesvirgendelcastillo\/files\/2026\/03\/diptico-ies-virgen-del-castillo-page-00001-980x699.jpg 980w, https:\/\/blogsaverroes.juntadeandalucia.es\/iesvirgendelcastillo\/files\/2026\/03\/diptico-ies-virgen-del-castillo-page-00001-480x342.jpg 480w\" sizes=\"(min-width: 0px) and (max-width: 480px) 480px, (min-width: 481px) and (max-width: 980px) 980px, (min-width: 981px) 1024px, 100vw\" \/> <img loading=\"lazy\" decoding=\"async\" class=\"aligncenter size-large wp-image-1609\" src=\"https:\/\/blogsaverroes.juntadeandalucia.es\/iesvirgendelcastillo\/files\/2026\/03\/diptico-ies-virgen-del-castillo-page-00002-1024x730.jpg\" alt=\"\" width=\"1024\" height=\"730\" srcset=\"https:\/\/blogsaverroes.juntadeandalucia.es\/iesvirgendelcastillo\/files\/2026\/03\/diptico-ies-virgen-del-castillo-page-00002-980x699.jpg 980w, https:\/\/blogsaverroes.juntadeandalucia.es\/iesvirgendelcastillo\/files\/2026\/03\/diptico-ies-virgen-del-castillo-page-00002-480x342.jpg 480w\" sizes=\"(min-width: 0px) and (max-width: 480px) 480px, (min-width: 481px) and (max-width: 980px) 980px, (min-width: 981px) 1024px, 100vw\" \/><\/p>\n<p>&nbsp;<\/p>\n<p><a href=\"https:\/\/blogsaverroes.juntadeandalucia.es\/iesvirgendelcastillo\/files\/2026\/03\/INFOGRAFIA-A4-IES-VIRGEN-DEL-CASTILLO.pdf\">Descarga Infograf\u00eda -&gt;<\/a><\/p>\n<p><a href=\"https:\/\/blogsaverroes.juntadeandalucia.es\/iesvirgendelcastillo\/files\/2026\/03\/diptico-ies-virgen-del-castillo.pdf\">Descarga d\u00edptico -&gt;<\/a><\/p>\n<p><a href=\"https:\/\/blogsaverroes.juntadeandalucia.es\/iesvirgendelcastillo\/files\/2026\/03\/TRIPTICO-ies-virgen-del-castillo.pdf\">Descarga tr\u00edptico -&gt;<\/a><\/p>\n<p>Acceso a m\u00e1s informaci\u00f3n:<\/p>\n<p><a href=\"https:\/\/www.juntadeandalucia.es\/educacion\/portales\/web\/iacp\/w\/acredita-2024-evaluacion-y-acreditacion-de-competencias\">https:\/\/www.juntadeandalucia.es\/educacion\/portales\/web\/iacp\/w\/acredita-2024-evaluacion-y-acreditacion-de-competencias<\/a><\/p>\n<p>La informaci\u00f3n publicada en el portal web del Instituto Andaluz de Cualificaciones Profesionales referente a la convocatoria o convocatorias 2024 podr\u00e1n encontrarse navegando a trav\u00e9s del siguiente enlace:<br \/>\n<a href=\"https:\/\/www.juntadeandalucia.es\/educacion\/portales\/web\/iacp\/andalucia-acredita\/convocatorias\">https:\/\/www.juntadeandalucia.es\/educacion\/portales\/web\/iacp\/andalucia-acredita\/convocatorias<\/a><\/p>\n","protected":false},"excerpt":{"rendered":"<p>&nbsp; &nbsp; Descarga Infograf\u00eda -&gt; Descarga d\u00edptico -&gt; Descarga tr\u00edptico -&gt; Acceso a m\u00e1s informaci\u00f3n: https:\/\/www.juntadeandalucia.es\/educacion\/portales\/web\/iacp\/w\/acredita-2024-evaluacion-y-acreditacion-de-competencias La informaci\u00f3n publicada en el portal web del Instituto Andaluz de Cualificaciones Profesionales referente a la convocatoria o convocatorias 2024 podr\u00e1n encontrarse navegando a trav\u00e9s del siguiente enlace: https:\/\/www.juntadeandalucia.es\/educacion\/portales\/web\/iacp\/andalucia-acredita\/convocatorias<\/p>\n","protected":false},"author":10368,"featured_media":1535,"parent":0,"menu_order":0,"comment_status":"closed","ping_status":"closed","template":"","meta":{"_et_pb_use_builder":"","_et_pb_old_content":"","_et_gb_content_width":"","ngg_post_thumbnail":0,"footnotes":""},"aioseo_notices":[],"_links":{"self":[{"href":"https:\/\/blogsaverroes.juntadeandalucia.es\/iesvirgendelcastillo\/wp-json\/wp\/v2\/pages\/1534"}],"collection":[{"href":"https:\/\/blogsaverroes.juntadeandalucia.es\/iesvirgendelcastillo\/wp-json\/wp\/v2\/pages"}],"about":[{"href":"https:\/\/blogsaverroes.juntadeandalucia.es\/iesvirgendelcastillo\/wp-json\/wp\/v2\/types\/page"}],"author":[{"embeddable":true,"href":"https:\/\/blogsaverroes.juntadeandalucia.es\/iesvirgendelcastillo\/wp-json\/wp\/v2\/users\/10368"}],"replies":[{"embeddable":true,"href":"https:\/\/blogsaverroes.juntadeandalucia.es\/iesvirgendelcastillo\/wp-json\/wp\/v2\/comments?post=1534"}],"version-history":[{"count":5,"href":"https:\/\/blogsaverroes.juntadeandalucia.es\/iesvirgendelcastillo\/wp-json\/wp\/v2\/pages\/1534\/revisions"}],"predecessor-version":[{"id":1613,"href":"https:\/\/blogsaverroes.juntadeandalucia.es\/iesvirgendelcastillo\/wp-json\/wp\/v2\/pages\/1534\/revisions\/1613"}],"wp:featuredmedia":[{"embeddable":true,"href":"https:\/\/blogsaverroes.juntadeandalucia.es\/iesvirgendelcastillo\/wp-json\/wp\/v2\/media\/1535"}],"wp:attachment":[{"href":"https:\/\/blogsaverroes.juntadeandalucia.es\/iesvirgendelcastillo\/wp-json\/wp\/v2\/media?parent=1534"}],"curies":[{"name":"wp","href":"https:\/\/api.w.org\/{rel}","templated":true}]}}