{"id":295,"date":"2020-01-23T11:42:26","date_gmt":"2020-01-23T10:42:26","guid":{"rendered":"http:\/\/blogsaverroes.juntadeandalucia.es\/pre\/nuevoiesv2\/?page_id=295"},"modified":"2025-06-06T12:32:55","modified_gmt":"2025-06-06T10:32:55","slug":"nuestra-historia","status":"publish","type":"page","link":"https:\/\/blogsaverroes.juntadeandalucia.es\/iesvirgendelcastillo\/nuestra-historia\/","title":{"rendered":"Nuestra Historia"},"content":{"rendered":"<h2 style=\"text-align: center\"><img loading=\"lazy\" decoding=\"async\" class=\"aligncenter size-large wp-image-1394\" src=\"https:\/\/blogsaverroes.juntadeandalucia.es\/iesvirgendelcastillo\/files\/2025\/06\/lebrija1958-1-1024x768.jpg\" alt=\"\" width=\"1024\" height=\"768\" srcset=\"https:\/\/blogsaverroes.juntadeandalucia.es\/iesvirgendelcastillo\/files\/2025\/06\/lebrija1958-1-980x735.jpg 980w, https:\/\/blogsaverroes.juntadeandalucia.es\/iesvirgendelcastillo\/files\/2025\/06\/lebrija1958-1-480x360.jpg 480w\" sizes=\"(min-width: 0px) and (max-width: 480px) 480px, (min-width: 481px) and (max-width: 980px) 980px, (min-width: 981px) 1024px, 100vw\" \/><\/h2>\n<h2 class=\"style-scope ytd-watch-metadata\" style=\"text-align: center\">As\u00ed se escribe la historia (60 An\u0303os del IES Virgen del Castillo de Lebrija: 1.952-2.012)<\/h2>\n<p>&nbsp;<\/p>\n<p>Nuestro centro matriz fue un instituto con una alto car\u00e1cter agr\u00edcola y tambi\u00e9n ganadero, correspondiendo con el tipo de pueblo que \u00e9ramos, una sociedad que viv\u00eda de y para el campo. El centro dispon\u00eda de terreno donde se cultivaba la tierra, trabaj\u00e1ndola los propios alumnos. \u00c9stas eran sus pr\u00e1cticas agr\u00edcolas y tambi\u00e9n una fuente de ingresos para realizar los viajes y las excursiones de estudio.<\/p>\n<p>Entre las instalaciones que dispon\u00edan el antiguo instituto, debemos destacar el pabell\u00f3n de gimnasia que estaba bastante bien equipado, as\u00ed como un comedor y servicios de cocina para ser utilizados por muchos alumnos de r\u00e9gimen interno. Dorm\u00edan en unas instalaciones fuera del centro, acompa\u00f1ado de algunos profesores. Pero adem\u00e1s, dispon\u00eda de unos talleres dignos de recordar, un taller de finales de los 60 a inicios de los 70 que constaba de taller de mec\u00e1nica y carpinter\u00eda y que era ocupado y trabajado por los propios alumnos.<\/p>\n<p>Con el tiempo, el centro evolucion\u00f3 de Instituto Laboral a Instituto de Bachillerato,&nbsp; a\u00fan se indica en la fachada, permaneciendo como centro de referencia comarcal, donde asist\u00edan alumnado de las localidades cercanas de Las Cabezas de San Juan, El Cuervo y Trebujena.<\/p>\n<p>El instituto como centro educativo ha cambiado, se ha abierto a las nuevas tecnolog\u00edas, las cl\u00e1sicas pizarras oscuras con sus tizas blancas se han ido reemplazado por las pizarras digitales y los libros de textos se complementan con ordenadores; tambi\u00e9n se ha incorporado el biling\u00fcismo.<\/p>\n<p>Nuestro centro desde su origen ha apostado por las actividades culturales y extraescolares, como un proyecto de formaci\u00f3n humana.<\/p>\n<p>El centro ha cambiado desde su existencia. Empez\u00f3 siendo un instituto laboral, incorporando nuevos cambios educativos hasta llegar a la actual ESO, Bachiller, y Ciclo Formativo. Actualmente se imparten ciclo de Atenci\u00f3n Sociosanitaria para atender la demanda profesional que surge con la creaci\u00f3n de la Ley de Dependencia , ciclo de Integraci\u00f3n Social y de Animaci\u00f3n Sociodeportiva.<\/p>\n<p>Pero a pesar de esos cambios hay algo en su sustrato com\u00fan que permanece y que le da cierto toque caracter\u00edstico al &#8220;Virgen del Castillo&#8221;. Entre sus elementos, siempre ha cumplido b\u00e1sica educadora, adem\u00e1s de ser un proyecto vivo para conquistar un futuro humano.<\/p>\n<p>Si queremos un fuerte que ande y camine, que sea el centro que deseamos tener, hay que colocar&nbsp; como principio b\u00e1sico lo que ya consideraron puestos antecesores, ganas de trabajar en un colectivo dirigido a ideas b\u00e1sicas comunes. Apostamos por una formaci\u00f3n acad\u00e9mica integral que enriquezcan las vidas de nuestros estudiantes, y que puedan tener del Centro Virgen del Castillo un recuerdo de un lugar donde se forjaron sentimientos y principios m\u00e1s profundos.<\/p>\n<p style=\"text-align: center\"><iframe loading=\"lazy\" src=\"\/\/www.youtube.com\/embed\/JhKrvfdZyMQ\" width=\"560\" height=\"314\"><span style=\"width: 0px;overflow: hidden;line-height: 0\" data-mce-type=\"bookmark\" class=\"mce_SELRES_start\">\ufeff<\/span><\/iframe><\/p>\n<p>&nbsp;<\/p>\n<h2 class=\"style-scope ytd-watch-metadata\">&nbsp;<\/h2>\n","protected":false},"excerpt":{"rendered":"<p>As\u00ed se escribe la historia (60 An\u0303os del IES Virgen del Castillo de Lebrija: 1.952-2.012) &nbsp; Nuestro centro matriz fue un instituto con una alto car\u00e1cter agr\u00edcola y tambi\u00e9n ganadero, correspondiendo con el tipo de pueblo que \u00e9ramos, una sociedad que viv\u00eda de y para el campo. El centro dispon\u00eda de terreno donde se cultivaba [&hellip;]<\/p>\n","protected":false},"author":7051,"featured_media":0,"parent":0,"menu_order":0,"comment_status":"closed","ping_status":"closed","template":"","meta":{"_et_pb_use_builder":"off","_et_pb_old_content":"","_et_gb_content_width":"","ngg_post_thumbnail":0,"footnotes":""},"aioseo_notices":[],"_links":{"self":[{"href":"https:\/\/blogsaverroes.juntadeandalucia.es\/iesvirgendelcastillo\/wp-json\/wp\/v2\/pages\/295"}],"collection":[{"href":"https:\/\/blogsaverroes.juntadeandalucia.es\/iesvirgendelcastillo\/wp-json\/wp\/v2\/pages"}],"about":[{"href":"https:\/\/blogsaverroes.juntadeandalucia.es\/iesvirgendelcastillo\/wp-json\/wp\/v2\/types\/page"}],"author":[{"embeddable":true,"href":"https:\/\/blogsaverroes.juntadeandalucia.es\/iesvirgendelcastillo\/wp-json\/wp\/v2\/users\/7051"}],"replies":[{"embeddable":true,"href":"https:\/\/blogsaverroes.juntadeandalucia.es\/iesvirgendelcastillo\/wp-json\/wp\/v2\/comments?post=295"}],"version-history":[{"count":12,"href":"https:\/\/blogsaverroes.juntadeandalucia.es\/iesvirgendelcastillo\/wp-json\/wp\/v2\/pages\/295\/revisions"}],"predecessor-version":[{"id":1395,"href":"https:\/\/blogsaverroes.juntadeandalucia.es\/iesvirgendelcastillo\/wp-json\/wp\/v2\/pages\/295\/revisions\/1395"}],"wp:attachment":[{"href":"https:\/\/blogsaverroes.juntadeandalucia.es\/iesvirgendelcastillo\/wp-json\/wp\/v2\/media?parent=295"}],"curies":[{"name":"wp","href":"https:\/\/api.w.org\/{rel}","templated":true}]}}