{"id":897,"date":"2025-04-01T11:03:29","date_gmt":"2025-04-01T09:03:29","guid":{"rendered":"https:\/\/blogsaverroes.juntadeandalucia.es\/iesvirgendelcastillo\/?page_id=897"},"modified":"2025-04-01T13:08:37","modified_gmt":"2025-04-01T11:08:37","slug":"programa-cima","status":"publish","type":"page","link":"https:\/\/blogsaverroes.juntadeandalucia.es\/iesvirgendelcastillo\/programa-cima\/","title":{"rendered":"Programa CIMA"},"content":{"rendered":"<div class=\"pt-cv-wrapper et_smooth_scroll_disabled\"><div class=\"pt-cv-view pt-cv-blockgrid iscvblock iscvhybrid grid1 layout1\" id=\"pt-cv-view-06a5589h4a\"><div data-id=\"pt-cv-page-1\" class=\"pt-cv-page\" data-cvc=\"3\"><div class=\" pt-cv-content-item pt-cv-1-col\" ><div class=\"pt-cv-thumb-wrapper  \"><a href=\"https:\/\/blogsaverroes.juntadeandalucia.es\/iesvirgendelcastillo\/presentacion\/\" class=\"_self pt-cv-href-thumbnail pt-cv-thumb-default\" target=\"_self\" ><img loading=\"lazy\" decoding=\"async\" width=\"261\" height=\"300\" src=\"https:\/\/blogsaverroes.juntadeandalucia.es\/iesvirgendelcastillo\/files\/2020\/02\/logo-cima-261x300.png\" class=\"pt-cv-thumbnail\" alt=\"\" \/><\/a><\/div>\n<div class=\"pt-cv-taxoterm above_title\"><a href='https:\/\/blogsaverroes.juntadeandalucia.es\/iesvirgendelcastillo\/category\/cima\/' title='CIMA' class='pt-cv-tax-cima'>CIMA<\/a><\/div>\n<h4 class=\"pt-cv-title\"><a href=\"https:\/\/blogsaverroes.juntadeandalucia.es\/iesvirgendelcastillo\/presentacion\/\" class=\"_self\" target=\"_self\" >Presentaci\u00f3n<\/a><\/h4>\n<div class=\"pt-cv-content\">La Consejer\u00eda de Desarrollo Educativo y Formaci\u00f3n Profesional pone a disposici\u00f3n de los centros el Programa para la Innovaci\u00f3n y ...<br \/><div class=\"pt-cv-rmwrap\"><a href=\"https:\/\/blogsaverroes.juntadeandalucia.es\/iesvirgendelcastillo\/presentacion\/\" class=\"_self pt-cv-readmore btn btn-success\" target=\"_self\">Leer M\u00e1s<\/a><\/div><\/div><\/div>\n<div class=\" pt-cv-content-item pt-cv-1-col\" ><div class=\"pt-cv-thumb-wrapper  \"><a href=\"https:\/\/blogsaverroes.juntadeandalucia.es\/iesvirgendelcastillo\/dia-de-la-biblioteca\/\" class=\"_self pt-cv-href-thumbnail pt-cv-thumb-default\" target=\"_self\" ><img loading=\"lazy\" decoding=\"async\" width=\"300\" height=\"136\" src=\"https:\/\/blogsaverroes.juntadeandalucia.es\/iesvirgendelcastillo\/files\/2025\/03\/cima1-300x136.jpg\" class=\"pt-cv-thumbnail\" alt=\"\" \/><\/a><\/div>\n<div class=\"pt-cv-taxoterm above_title\"><a href='https:\/\/blogsaverroes.juntadeandalucia.es\/iesvirgendelcastillo\/category\/cima\/' title='CIMA' class='pt-cv-tax-cima'>CIMA<\/a><\/div>\n<h4 class=\"pt-cv-title\"><a href=\"https:\/\/blogsaverroes.juntadeandalucia.es\/iesvirgendelcastillo\/dia-de-la-biblioteca\/\" class=\"_self\" target=\"_self\" >D\u00eda de la Biblioteca<\/a><\/h4>\n<div class=\"pt-cv-content\">El alumnado de 1bto celebr\u00f3 el d\u00eda de la biblioteca eligiendo poemas de sus autores favoritos y realizando un mural ...<br \/><div class=\"pt-cv-rmwrap\"><a href=\"https:\/\/blogsaverroes.juntadeandalucia.es\/iesvirgendelcastillo\/dia-de-la-biblioteca\/\" class=\"_self pt-cv-readmore btn btn-success\" target=\"_self\">Leer M\u00e1s<\/a><\/div><\/div><\/div>\n<div class=\" pt-cv-content-item pt-cv-1-col\" ><div class=\"pt-cv-thumb-wrapper  \"><a href=\"https:\/\/blogsaverroes.juntadeandalucia.es\/iesvirgendelcastillo\/marcha-25-noviembre\/\" class=\"_self pt-cv-href-thumbnail pt-cv-thumb-default\" target=\"_self\" ><img loading=\"lazy\" decoding=\"async\" width=\"300\" height=\"220\" src=\"https:\/\/blogsaverroes.juntadeandalucia.es\/iesvirgendelcastillo\/files\/2025\/03\/cima3-300x220.jpg\" class=\"pt-cv-thumbnail\" alt=\"\" \/><\/a><\/div>\n<div class=\"pt-cv-taxoterm above_title\"><a href='https:\/\/blogsaverroes.juntadeandalucia.es\/iesvirgendelcastillo\/category\/cima\/' title='CIMA' class='pt-cv-tax-cima'>CIMA<\/a><\/div>\n<h4 class=\"pt-cv-title\"><a href=\"https:\/\/blogsaverroes.juntadeandalucia.es\/iesvirgendelcastillo\/marcha-25-noviembre\/\" class=\"_self\" target=\"_self\" >Marcha 25 Noviembre<\/a><\/h4>\n<div class=\"pt-cv-content\">El IES Virgen del Castillo se une a la marcha del 25N para celebrar el D\u00eda por la eliminaci\u00f3n de ...<br \/><div class=\"pt-cv-rmwrap\"><a href=\"https:\/\/blogsaverroes.juntadeandalucia.es\/iesvirgendelcastillo\/marcha-25-noviembre\/\" class=\"_self pt-cv-readmore btn btn-success\" target=\"_self\">Leer M\u00e1s<\/a><\/div><\/div><\/div>\n<div class=\" pt-cv-content-item pt-cv-1-col\" ><div class=\"pt-cv-thumb-wrapper  \"><a href=\"https:\/\/blogsaverroes.juntadeandalucia.es\/iesvirgendelcastillo\/recreos-activos\/\" class=\"_self pt-cv-href-thumbnail pt-cv-thumb-default\" target=\"_self\" ><img loading=\"lazy\" decoding=\"async\" width=\"300\" height=\"219\" src=\"https:\/\/blogsaverroes.juntadeandalucia.es\/iesvirgendelcastillo\/files\/2025\/03\/cima7.jpg\" class=\"pt-cv-thumbnail\" alt=\"\" \/><\/a><\/div>\n<div class=\"pt-cv-taxoterm above_title\"><a href='https:\/\/blogsaverroes.juntadeandalucia.es\/iesvirgendelcastillo\/category\/cima\/' title='CIMA' class='pt-cv-tax-cima'>CIMA<\/a><\/div>\n<h4 class=\"pt-cv-title\"><a href=\"https:\/\/blogsaverroes.juntadeandalucia.es\/iesvirgendelcastillo\/recreos-activos\/\" class=\"_self\" target=\"_self\" >Recreos Activos<\/a><\/h4>\n<div class=\"pt-cv-content\">Torneo de f\u00fatbol realizado durante el primer trimestre. Torneo de ajedrez ...<br \/><div class=\"pt-cv-rmwrap\"><a href=\"https:\/\/blogsaverroes.juntadeandalucia.es\/iesvirgendelcastillo\/recreos-activos\/\" class=\"_self pt-cv-readmore btn btn-success\" target=\"_self\">Leer M\u00e1s<\/a><\/div><\/div><\/div>\n<div class=\" pt-cv-content-item pt-cv-1-col\" ><div class=\"pt-cv-thumb-wrapper  \"><a href=\"https:\/\/blogsaverroes.juntadeandalucia.es\/iesvirgendelcastillo\/programa-comparte\/\" class=\"_self pt-cv-href-thumbnail pt-cv-thumb-default\" target=\"_self\" ><img loading=\"lazy\" decoding=\"async\" width=\"200\" height=\"278\" src=\"https:\/\/blogsaverroes.juntadeandalucia.es\/iesvirgendelcastillo\/files\/2025\/03\/cima12-e1743502317928.jpg\" class=\"pt-cv-thumbnail\" alt=\"\" \/><\/a><\/div>\n<div class=\"pt-cv-taxoterm above_title\"><a href='https:\/\/blogsaverroes.juntadeandalucia.es\/iesvirgendelcastillo\/category\/cima\/' title='CIMA' class='pt-cv-tax-cima'>CIMA<\/a><\/div>\n<h4 class=\"pt-cv-title\"><a href=\"https:\/\/blogsaverroes.juntadeandalucia.es\/iesvirgendelcastillo\/programa-comparte\/\" class=\"_self\" target=\"_self\" >Programa Comparte<\/a><\/h4>\n<div class=\"pt-cv-content\">Taller de baile llevado a cabo dentro del programa cultural CompArte ...<br \/><div class=\"pt-cv-rmwrap\"><a href=\"https:\/\/blogsaverroes.juntadeandalucia.es\/iesvirgendelcastillo\/programa-comparte\/\" class=\"_self pt-cv-readmore btn btn-success\" target=\"_self\">Leer M\u00e1s<\/a><\/div><\/div><\/div>\n<div class=\" pt-cv-content-item pt-cv-1-col\" ><div class=\"pt-cv-thumb-wrapper  \"><a href=\"https:\/\/blogsaverroes.juntadeandalucia.es\/iesvirgendelcastillo\/huerto-escolar\/\" class=\"_self pt-cv-href-thumbnail pt-cv-thumb-default\" target=\"_self\" ><img loading=\"lazy\" decoding=\"async\" width=\"226\" height=\"300\" src=\"https:\/\/blogsaverroes.juntadeandalucia.es\/iesvirgendelcastillo\/files\/2025\/03\/cima15-226x300.jpg\" class=\"pt-cv-thumbnail\" alt=\"\" srcset=\"https:\/\/blogsaverroes.juntadeandalucia.es\/iesvirgendelcastillo\/files\/2025\/03\/cima15-226x300.jpg 226w, https:\/\/blogsaverroes.juntadeandalucia.es\/iesvirgendelcastillo\/files\/2025\/03\/cima15-e1743502799386.jpg 200w\" sizes=\"(max-width: 226px) 100vw, 226px\" \/><\/a><\/div>\n<div class=\"pt-cv-taxoterm above_title\"><a href='https:\/\/blogsaverroes.juntadeandalucia.es\/iesvirgendelcastillo\/category\/cima\/' title='CIMA' class='pt-cv-tax-cima'>CIMA<\/a><\/div>\n<h4 class=\"pt-cv-title\"><a href=\"https:\/\/blogsaverroes.juntadeandalucia.es\/iesvirgendelcastillo\/huerto-escolar\/\" class=\"_self\" target=\"_self\" >Huerto Escolar<\/a><\/h4>\n<div class=\"pt-cv-content\">Junto con el alumnado y profesora del aula espec\u00edfica, se ha llevado a cabo la creaci\u00f3n del huerto escolar ...<br \/><div class=\"pt-cv-rmwrap\"><a href=\"https:\/\/blogsaverroes.juntadeandalucia.es\/iesvirgendelcastillo\/huerto-escolar\/\" class=\"_self pt-cv-readmore btn btn-success\" target=\"_self\">Leer M\u00e1s<\/a><\/div><\/div><\/div>\n<div class=\" pt-cv-content-item pt-cv-1-col\" ><div class=\"pt-cv-thumb-wrapper  \"><a href=\"https:\/\/blogsaverroes.juntadeandalucia.es\/iesvirgendelcastillo\/aula-de-programacion\/\" class=\"_self pt-cv-href-thumbnail pt-cv-thumb-default\" target=\"_self\" ><img loading=\"lazy\" decoding=\"async\" width=\"300\" height=\"137\" src=\"https:\/\/blogsaverroes.juntadeandalucia.es\/iesvirgendelcastillo\/files\/2025\/03\/cima16-300x137.jpg\" class=\"pt-cv-thumbnail\" alt=\"\" \/><\/a><\/div>\n<div class=\"pt-cv-taxoterm above_title\"><a href='https:\/\/blogsaverroes.juntadeandalucia.es\/iesvirgendelcastillo\/category\/cima\/' title='CIMA' class='pt-cv-tax-cima'>CIMA<\/a><\/div>\n<h4 class=\"pt-cv-title\"><a href=\"https:\/\/blogsaverroes.juntadeandalucia.es\/iesvirgendelcastillo\/aula-de-programacion\/\" class=\"_self\" target=\"_self\" >Aula de Programaci\u00f3n<\/a><\/h4>\n<div class=\"pt-cv-content\">Alumnos de 3 y 4 de la ESO junto con alumnado de 2\u00baBTO realizan un taller de programaci\u00f3n durante los ...<br \/><div class=\"pt-cv-rmwrap\"><a href=\"https:\/\/blogsaverroes.juntadeandalucia.es\/iesvirgendelcastillo\/aula-de-programacion\/\" class=\"_self pt-cv-readmore btn btn-success\" target=\"_self\">Leer M\u00e1s<\/a><\/div><\/div><\/div>\n<div class=\" pt-cv-content-item pt-cv-1-col\" ><div class=\"pt-cv-thumb-wrapper  \"><a href=\"https:\/\/blogsaverroes.juntadeandalucia.es\/iesvirgendelcastillo\/talleres-con-enfermera-de-referencia-nutricionistas-y-psicologos\/\" class=\"_self pt-cv-href-thumbnail pt-cv-thumb-default\" target=\"_self\" ><img loading=\"lazy\" decoding=\"async\" width=\"300\" height=\"194\" src=\"https:\/\/blogsaverroes.juntadeandalucia.es\/iesvirgendelcastillo\/files\/2025\/03\/cima17-300x194.jpg\" class=\"pt-cv-thumbnail\" alt=\"\" \/><\/a><\/div>\n<div class=\"pt-cv-taxoterm above_title\"><a href='https:\/\/blogsaverroes.juntadeandalucia.es\/iesvirgendelcastillo\/category\/cima\/' title='CIMA' class='pt-cv-tax-cima'>CIMA<\/a><\/div>\n<h4 class=\"pt-cv-title\"><a href=\"https:\/\/blogsaverroes.juntadeandalucia.es\/iesvirgendelcastillo\/talleres-con-enfermera-de-referencia-nutricionistas-y-psicologos\/\" class=\"_self\" target=\"_self\" >Talleres con Enfermera de referencia, Nutricionistas y Psic\u00f3logos.<\/a><\/h4>\n<div class=\"pt-cv-content\">Se han impartido varias charlas de mano de la enfermera de referencia en los diferentes grupos del centro. En 2\u00baESO, ...<br \/><div class=\"pt-cv-rmwrap\"><a href=\"https:\/\/blogsaverroes.juntadeandalucia.es\/iesvirgendelcastillo\/talleres-con-enfermera-de-referencia-nutricionistas-y-psicologos\/\" class=\"_self pt-cv-readmore btn btn-success\" target=\"_self\">Leer M\u00e1s<\/a><\/div><\/div><\/div>\n<div class=\" pt-cv-content-item pt-cv-1-col\" ><div class=\"pt-cv-thumb-wrapper  \"><a href=\"https:\/\/blogsaverroes.juntadeandalucia.es\/iesvirgendelcastillo\/visita-cultural-exposicion-caixa-forum-veneradas-y-temidas\/\" class=\"_self pt-cv-href-thumbnail pt-cv-thumb-default\" target=\"_self\" ><img loading=\"lazy\" decoding=\"async\" width=\"300\" height=\"143\" src=\"https:\/\/blogsaverroes.juntadeandalucia.es\/iesvirgendelcastillo\/files\/2025\/03\/cima19-300x143.jpg\" class=\"pt-cv-thumbnail\" alt=\"\" \/><\/a><\/div>\n<div class=\"pt-cv-taxoterm above_title\"><a href='https:\/\/blogsaverroes.juntadeandalucia.es\/iesvirgendelcastillo\/category\/cima\/' title='CIMA' class='pt-cv-tax-cima'>CIMA<\/a><\/div>\n<h4 class=\"pt-cv-title\"><a href=\"https:\/\/blogsaverroes.juntadeandalucia.es\/iesvirgendelcastillo\/visita-cultural-exposicion-caixa-forum-veneradas-y-temidas\/\" class=\"_self\" target=\"_self\" >Visita cultural. Exposici\u00f3n CAIXA FORUM: veneradas y temidas.<\/a><\/h4>\n<div class=\"pt-cv-content\">El alumnado de Humanidades de bachillerato realiz\u00f3 una visita a la exposici\u00f3n \u201cVeneradas y temidas\u201d, donde pudieron ver 154 piezas ...<br \/><div class=\"pt-cv-rmwrap\"><a href=\"https:\/\/blogsaverroes.juntadeandalucia.es\/iesvirgendelcastillo\/visita-cultural-exposicion-caixa-forum-veneradas-y-temidas\/\" class=\"_self pt-cv-readmore btn btn-success\" target=\"_self\">Leer M\u00e1s<\/a><\/div><\/div><\/div><\/div><\/div>\n<div class=\" pt-cv-pagination-wrapper\"><ul class=\"pt-cv-pagination pt-cv-ajax pagination\" data-totalpages=\"2\" data-currentpage=\"1\" data-sid=\"06a5589h4a\" data-unid=\"\" data-isblock=\"\" data-postid=\"\"><li class=\"active\"><a href=\"#\">1<\/a><\/li>\n\t<li ><a class=\"\" href=\"https:\/\/blogsaverroes.juntadeandalucia.es\/iesvirgendelcastillo\/wp-json\/wp\/v2\/pages\/897\/?_page=2\">2<\/a><\/li>\n\t<li ><a class=\" \" href=\"https:\/\/blogsaverroes.juntadeandalucia.es\/iesvirgendelcastillo\/wp-json\/wp\/v2\/pages\/897\/?_page=2\">&rsaquo;<\/a><\/li>\n\t<\/ul><img loading=\"lazy\" decoding=\"async\" width=\"15\" height=\"15\" class=\"pt-cv-spinner\" alt=\"Cargando...\" src=\"data:image\/gif;base64,R0lGODlhDwAPALMPAMrKygwMDJOTkz09PZWVla+vr3p6euTk5M7OzuXl5TMzMwAAAJmZmWZmZszMzP\/\/\/yH\/C05FVFNDQVBFMi4wAwEAAAAh+QQFCgAPACwAAAAADwAPAAAEQvDJaZaZOIcV8iQK8VRX4iTYoAwZ4iCYoAjZ4RxejhVNoT+mRGP4cyF4Pp0N98sBGIBMEMOotl6YZ3S61Bmbkm4mAgAh+QQFCgAPACwAAAAADQANAAAENPDJSRSZeA418itN8QiK8BiLITVsFiyBBIoYqnoewAD4xPw9iY4XLGYSjkQR4UAUD45DLwIAIfkEBQoADwAsAAAAAA8ACQAABC\/wyVlamTi3nSdgwFNdhEJgTJoNyoB9ISYoQmdjiZPcj7EYCAeCF1gEDo4Dz2eIAAAh+QQFCgAPACwCAAAADQANAAAEM\/DJBxiYeLKdX3IJZT1FU0iIg2RNKx3OkZVnZ98ToRD4MyiDnkAh6BkNC0MvsAj0kMpHBAAh+QQFCgAPACwGAAAACQAPAAAEMDC59KpFDll73HkAA2wVY5KgiK5b0RRoI6MuzG6EQqCDMlSGheEhUAgqgUUAFRySIgAh+QQFCgAPACwCAAIADQANAAAEM\/DJKZNLND\/kkKaHc3xk+QAMYDKsiaqmZCxGVjSFFCxB1vwy2oOgIDxuucxAMTAJFAJNBAAh+QQFCgAPACwAAAYADwAJAAAEMNAs86q1yaWwwv2Ig0jUZx3OYa4XoRAfwADXoAwfo1+CIjyFRuEho60aSNYlOPxEAAAh+QQFCgAPACwAAAIADQANAAAENPA9s4y8+IUVcqaWJ4qEQozSoAzoIyhCK2NFU2SJk0hNnyEOhKR2AzAAj4Pj4GE4W0bkJQIAOw==\" \/><div class=\"clear pt-cv-clear-pagination\"><\/div><\/div><\/div>\t\t\t<style type=\"text\/css\" id=\"pt-cv-inline-style-41db459r76\">\n#pt-cv-view-06a5589h4a .pt-cv-thumb-wrapper:not(.miniwrap) {  }#pt-cv-view-06a5589h4a .pt-cv-thumbnail:not(.pt-cv-thumbnailsm) { height: 300px; }#pt-cv-view-06a5589h4a > .pt-cv-page {grid-template-columns: repeat(3, 1fr);grid-gap: 15px;}\n@media all and (max-width: 1024px) { \n#pt-cv-view-06a5589h4a > .pt-cv-page {grid-template-columns: repeat(2, 1fr);}\n} \n@media all and (max-width: 767px) { \n#pt-cv-view-06a5589h4a > .pt-cv-page {grid-template-columns: repeat(1, 1fr);}\n} <\/style>\r\n\t\t\t\n<p>&nbsp;<\/p>\n","protected":false},"excerpt":{"rendered":"<p>&nbsp;<\/p>\n","protected":false},"author":10368,"featured_media":0,"parent":0,"menu_order":0,"comment_status":"closed","ping_status":"closed","template":"","meta":{"_et_pb_use_builder":"off","_et_pb_old_content":"","_et_gb_content_width":"","ngg_post_thumbnail":0,"footnotes":""},"aioseo_notices":[],"_links":{"self":[{"href":"https:\/\/blogsaverroes.juntadeandalucia.es\/iesvirgendelcastillo\/wp-json\/wp\/v2\/pages\/897"}],"collection":[{"href":"https:\/\/blogsaverroes.juntadeandalucia.es\/iesvirgendelcastillo\/wp-json\/wp\/v2\/pages"}],"about":[{"href":"https:\/\/blogsaverroes.juntadeandalucia.es\/iesvirgendelcastillo\/wp-json\/wp\/v2\/types\/page"}],"author":[{"embeddable":true,"href":"https:\/\/blogsaverroes.juntadeandalucia.es\/iesvirgendelcastillo\/wp-json\/wp\/v2\/users\/10368"}],"replies":[{"embeddable":true,"href":"https:\/\/blogsaverroes.juntadeandalucia.es\/iesvirgendelcastillo\/wp-json\/wp\/v2\/comments?post=897"}],"version-history":[{"count":5,"href":"https:\/\/blogsaverroes.juntadeandalucia.es\/iesvirgendelcastillo\/wp-json\/wp\/v2\/pages\/897\/revisions"}],"predecessor-version":[{"id":950,"href":"https:\/\/blogsaverroes.juntadeandalucia.es\/iesvirgendelcastillo\/wp-json\/wp\/v2\/pages\/897\/revisions\/950"}],"wp:attachment":[{"href":"https:\/\/blogsaverroes.juntadeandalucia.es\/iesvirgendelcastillo\/wp-json\/wp\/v2\/media?parent=897"}],"curies":[{"name":"wp","href":"https:\/\/api.w.org\/{rel}","templated":true}]}}