{"id":141,"date":"2015-03-17T07:13:24","date_gmt":"2015-03-17T07:13:24","guid":{"rendered":"http:\/\/blogsaverroes.juntadeandalucia.es\/pre\/ceip\/?page_id=141"},"modified":"2026-04-15T12:37:52","modified_gmt":"2026-04-15T10:37:52","slug":"escolarizacion","status":"publish","type":"page","link":"https:\/\/blogsaverroes.juntadeandalucia.es\/iesvirgendelcollado\/escolarizacion\/","title":{"rendered":"Escolarizaci\u00f3n y Matr\u00edculas ESO y Bachillerato (sobres virtuales)"},"content":{"rendered":"<p style=\"text-align: left\"><span style=\"color: #ff0000\"><strong>ESCOLARIZACI\u00d3N EN ESO Y BACHILLERATO<\/strong><\/span><\/p>\n<p>Desde el d\u00eda <em><span style=\"text-decoration: underline\"><span style=\"color: #0000ff;text-decoration: underline\"><a style=\"color: #0000ff;text-decoration: underline\" title=\"01 julio 2025 al 10 julio 2025\" href=\"https:\/\/www.juntadeandalucia.es\/educacion\/portales\/web\/escolarizacion\/infantil-a-bachillerato\/calendario\" target=\"_blank\" rel=\"noopener\"><strong>01 julio 2025 al 10 julio 2025<\/strong><\/a><\/span><\/span><\/em>&nbsp;est\u00e1 abierto el plazo para realizar la solicitud de matr\u00edcula, para <strong>ESO y Bachillerato<\/strong>, a trav\u00e9s de la <span style=\"text-decoration: underline;color: #0000ff\"><strong><em><a style=\"color: #0000ff;text-decoration: underline\" href=\"https:\/\/www.juntadeandalucia.es\/educacion\/secretariavirtual\/solicitudes\/\">Secretar\u00eda Virtual<\/a><\/em><\/strong><\/span> de la aplicaci\u00f3n iPasen del tel\u00e9fono m\u00f3vil.<\/p>\n<p><strong>Ruta en App iPasen:<\/strong> Entrar en App iPasen \/ <em>Tap<\/em> sobre el nombre del alumno\/a a matricular \/ Tr\u00e1mites y <em>Tap<\/em> en Secretar\u00eda Virtual.<\/p>\n<p>En los siguientes documentos pueden consultar las materias comunes y optativas de los diferentes cursos ofertados en el IES Virgen del Collado.<\/p>\n<p style=\"text-align: center\"><span style=\"text-decoration: underline\"><a href=\"https:\/\/docs.google.com\/forms\/d\/e\/1FAIpQLSeW-NF9JsT1Y00IKoP5oDvRMkVzTo3Vp7Baptr7royF4UUNuA\/viewform\"><strong>Enlace socilitud inscripci\u00f3n en la AMPA \u00abHierbabuena\u00bb.<\/strong><\/a><\/span><\/p>\n<p style=\"text-align: center\"><span style=\"text-decoration: underline\"><em><span style=\"color: #0000ff\"><a style=\"color: #0000ff;text-decoration: underline\" title=\"Instrucciones sobre electr\u00f3nico de matr\u00edcula 1\u00ba ESO\" href=\"https:\/\/drive.google.com\/file\/d\/1dBhpV8Tfn0MbjrNXoFmHu1o_xY9Y5mkC\/view?usp=sharing\" target=\"_blank\" rel=\"noopener\">Instrucciones sobre electr\u00f3nico de matr\u00edcula 1\u00ba ESO<\/a><\/span><\/em><\/span><\/p>\n<p style=\"text-align: center\"><span style=\"text-decoration: underline;color: #0000ff\"><em><a style=\"color: #0000ff;text-decoration: underline\" title=\"Instrucciones sobre electr\u00f3nico de matr\u00edcula 2\u00ba ESO\" href=\"https:\/\/drive.google.com\/file\/d\/1dRpt2O1Q9PctnWGK3nOkbjkjB11hqTKS\/view?usp=sharing\" target=\"_blank\" rel=\"noopener\">Instrucciones sobre electr\u00f3nico de matr\u00edcula 2\u00ba ESO<\/a><\/em><\/span><\/p>\n<p style=\"text-align: center\"><span style=\"text-decoration: underline;color: #0000ff\"><em><a style=\"color: #0000ff;text-decoration: underline\" title=\"Instrucciones sobre electr\u00f3nico de matr\u00edcula 3\u00ba ESO\" href=\"https:\/\/drive.google.com\/file\/d\/1daJPL0xwHHE-_GkoU0ccseh_QvNPVwrn\/view?usp=sharing\" target=\"_blank\" rel=\"noopener\">Instrucciones sobre electr\u00f3nico de matr\u00edcula 3\u00ba ESO<\/a><\/em><\/span><\/p>\n<p style=\"text-align: center\"><span style=\"text-decoration: underline\"><em><span style=\"color: #0000ff\"><a style=\"color: #0000ff;text-decoration: underline\" href=\"https:\/\/drive.google.com\/file\/d\/1e_rH3Ow9SzLg9OEh2Cxnax1FO18U-a3u\/view?usp=drivesdk\">Instrucciones sobre electr\u00f3nico 3\u00ba ESO Diversificaci\u00f3n<\/a><\/span><\/em><\/span><\/p>\n<p style=\"text-align: center\"><em><span style=\"text-decoration: underline\"><span style=\"color: #0000ff\"><a style=\"color: #0000ff;text-decoration: underline\" href=\"https:\/\/drive.google.com\/file\/d\/1S1rDad8sr4L-Nd6nm3SwytQZCVyhQg5b\/view?usp=sharing\">4\u00ba ESO<\/a><\/span><\/span><\/em><\/p>\n<p style=\"text-align: center\"><span style=\"text-decoration: underline;color: #0000ff\"><em><a style=\"color: #0000ff;text-decoration: underline\" title=\"Instrucciones sobre electr\u00f3nico de matr\u00edcula 4\u00ba ESO\" href=\"https:\/\/drive.google.com\/file\/d\/17nKjjJ47MWpFw3sj0X2nHhnUypy7k17d\/view?usp=drivesdk\" target=\"_blank\" rel=\"noopener\">Instrucciones sobre electr\u00f3nico de matr\u00edcula 4\u00ba ESO<\/a><\/em><\/span><\/p>\n<p style=\"text-align: center\"><em><span style=\"text-decoration: underline;color: #0000ff\"><a style=\"color: #0000ff;text-decoration: underline\" href=\"https:\/\/drive.google.com\/file\/d\/1S27GNrZrdtAic7Ze-Bs7Hhjfo67z6dNp\/view?usp=sharing\">4\u00ba ESO Diversificaci\u00f3n<\/a><\/span><\/em><\/p>\n<p style=\"text-align: center\"><span style=\"text-decoration: underline\"><em><span style=\"color: #0000ff\"><a style=\"color: #0000ff;text-decoration: underline\" href=\"https:\/\/drive.google.com\/file\/d\/17oVYXlYZZbRXoJTRIABez3vMC5yZm5ue\/view?usp=drivesdk\">Instrucciones sobre electr\u00f3nico 4\u00ba ESO Diversificaci\u00f3n<\/a><\/span><\/em><\/span><\/p>\n<p style=\"text-align: center\"><em><span style=\"text-decoration: underline\"><span style=\"color: #0000ff\"><a style=\"color: #0000ff;text-decoration: underline\" href=\"https:\/\/drive.google.com\/file\/d\/1-2CK-EUerxCq7-uDsZdaefyPP-hrvDBG\/view?usp=sharing\">1\u00ba Bachillerato<\/a><\/span><\/span><\/em><\/p>\n<p style=\"text-align: center\"><span style=\"text-decoration: underline\"><span style=\"color: #0000ff\"><em><a style=\"color: #0000ff;text-decoration: underline\" href=\"https:\/\/drive.google.com\/file\/d\/1eTC1ihDwc88hX4gaRo-YA9TkL33nnigS\/view?usp=drivesdk\">Instrucciones sobre electr\u00f3nico de matr\u00edcula 1\u00ba Bachillerato.<\/a><\/em><\/span><\/span><\/p>\n<p style=\"text-align: center\"><em><span style=\"text-decoration: underline;color: #0000ff\"><a style=\"color: #0000ff;text-decoration: underline\" href=\"https:\/\/drive.google.com\/file\/d\/1IOjg3xs1rmdTYPGnzwQD3o-_T5wtxfMR\/view?usp=sharing\">2\u00ba Bachillerato<\/a><\/span><\/em><\/p>\n<p style=\"text-align: center\"><span style=\"text-decoration: underline\"><span style=\"color: #0000ff\"><em><a style=\"color: #0000ff;text-decoration: underline\" title=\"Subsanaci\u00f3n de solicitudes de la convocatoria de subvenciones para participar en el Proyecto de movilidad internacional \u00abJA\u00c9N+\" href=\"https:\/\/drive.google.com\/file\/d\/1eTC1ihDwc88hX4gaRo-YA9TkL33nnigS\/view?usp=sharing\">Instrucciones sobre electr\u00f3nico de matr\u00edcula 2\u00ba Bachillerato.<\/a><\/em><\/span><\/span><\/p>\n<h6 class=\"panel-title\" style=\"text-align: center\"><span style=\"color: #339966\"><em><span style=\"text-decoration: underline\"><a style=\"color: #339966;text-decoration: underline\" href=\"https:\/\/www.juntadeandalucia.es\/educacion\/secretariavirtual\/seguroEscolar\/pagoSeguroEscolar\/?codigoCentro=23700566\">Pago Seguro Escolar:&nbsp;<span class=\"cenSegEsc\">23700566 &#8211; I.E.S. Virgen del Collado (Santisteban del Puerto)<\/span><\/a><\/span><\/em><\/span><\/h6>\n<p><strong>ALUMNADO CON MATERIAS PENDIENTES (1\u00ba de Bachillerato)<\/strong>: El alumnado debe realizar la matr\u00edcula en este periodo ( 1- 10 de julio).<\/p>\n<p>El alumnado que tenga una o dos materias pendientes deber\u00e1 rellenar <strong>el sobres de matr\u00edcula de 2\u00ba de Bachillerato.<\/strong><\/p>\n<p>El alumnado que tenga m\u00e1s de dos materias suspensas deben hacer el sobre de 1\u00ba y rellenar el <a href=\"\/Users\/jefer\/Downloads\/8_Anexo%20VIII_002540_4.pdf\">Anexo VIII en este enlace<\/a> o solicitarlo en Secretar\u00eda y entregarlo en mano en la Secretar\u00eda del centro (del 1 al 10 de julio).<\/p>\n<p>El alumnado que tenga una o dos materias pendientes para septiembre deber\u00e1 rellenar el sobre de 2\u00ba de Bachillerato.<\/p>\n<hr>\n<p><strong>ATENCI\u00d3N ALUMNADO DE CONSERVATORIO:<\/strong><\/p>\n<p><a title=\"Indicaciones en bachillerato en simultaneidad con las Ense\u00f1anzas Profesionales de M\u00fasica y Danza (EPMD).\" href=\"https:\/\/drive.google.com\/file\/d\/1Ntkp2EdaYaVYwPb1kh1_FPUHwjMvhPit\/view?usp=sharing\" target=\"_blank\" rel=\"noopener\">Indicaciones para la matriculaci\u00f3n en bachillerato en simultaneidad con las Ense\u00f1anzas Profesionales de M\u00fasica y Danza (EPMD).<\/a><\/p>\n<p><a href=\"https:\/\/drive.google.com\/file\/d\/1d6PPOzH7IWH2bLd4fVvbMkzgWxo75KV0\/view?usp=sharing\">Indicaciones CONVALIDACI\u00d3N materias no impartidas en el centro procedimiento S\u00e9neca&nbsp;<\/a><\/p>\n<hr>\n<p>&nbsp;<\/p>\n<p><strong>ALUMNADO DE <\/strong><strong>DIVERSIFICACI\u00d3N<\/strong>: Debe rellenar el sobre de matr\u00edcula <strong>como si estuviese en un curso no DIVERSIFICACI\u00d3N.<\/strong> Las optativas son las mismas y el centro lo matricular\u00e1 en las materias espec\u00edficas de DIVERSIFICACI\u00d3N.<\/p>\n<hr>\n<p>No olvide rellenar el <strong>TRANSPORTE ESCOLAR<\/strong> ( alumnado beneficiario), el <a href=\"https:\/\/www.juntadeandalucia.es\/educacion\/secretariavirtual\/seguroEscolar\/pagoSeguroEscolar\/?codigoCentro=23700566\">pago del <strong>SEGURO ESCOLAR<\/strong> <strong>A PARTIR DE 3\u00ba DE ESO<\/strong> (solo con tarjeta bancaria)<\/a> y las <strong>ACTIVIDADES EXTRAESCOLARES.<\/strong><\/p>\n<p><span style=\"text-decoration: underline\"><strong><a href=\"https:\/\/youtu.be\/I50HBBbAB8s?si=RUyVB3DboX07nfyG\">Enlace a video tutorial Youtube \u00abSimulaci\u00f3n sobre de matr\u00edcula electr\u00f3nico 2024-25\u00bb.<\/a><\/strong><\/span><\/p>\n","protected":false},"excerpt":{"rendered":"<p>ESCOLARIZACI\u00d3N EN ESO Y BACHILLERATO Desde el d\u00eda 01 julio 2025 al 10 julio 2025&nbsp;est\u00e1 abierto el plazo para realizar la solicitud de matr\u00edcula, para ESO y Bachillerato, a trav\u00e9s de la Secretar\u00eda Virtual de la aplicaci\u00f3n iPasen del tel\u00e9fono m\u00f3vil. Ruta en App iPasen: Entrar en App iPasen \/ Tap sobre el nombre del &hellip; <a href=\"https:\/\/blogsaverroes.juntadeandalucia.es\/iesvirgendelcollado\/escolarizacion\/\" class=\"more-link\">Seguir leyendo <span class=\"screen-reader-text\">Escolarizaci\u00f3n y Matr\u00edculas ESO y Bachillerato (sobres virtuales)<\/span> <span class=\"meta-nav\">&rarr;<\/span><\/a><\/p>\n","protected":false},"author":1,"featured_media":0,"parent":0,"menu_order":0,"comment_status":"closed","ping_status":"closed","template":"","meta":{"ngg_post_thumbnail":0,"footnotes":"","_mc_calendar":[]},"aioseo_notices":[],"_links":{"self":[{"href":"https:\/\/blogsaverroes.juntadeandalucia.es\/iesvirgendelcollado\/wp-json\/wp\/v2\/pages\/141"}],"collection":[{"href":"https:\/\/blogsaverroes.juntadeandalucia.es\/iesvirgendelcollado\/wp-json\/wp\/v2\/pages"}],"about":[{"href":"https:\/\/blogsaverroes.juntadeandalucia.es\/iesvirgendelcollado\/wp-json\/wp\/v2\/types\/page"}],"author":[{"embeddable":true,"href":"https:\/\/blogsaverroes.juntadeandalucia.es\/iesvirgendelcollado\/wp-json\/wp\/v2\/users\/1"}],"replies":[{"embeddable":true,"href":"https:\/\/blogsaverroes.juntadeandalucia.es\/iesvirgendelcollado\/wp-json\/wp\/v2\/comments?post=141"}],"version-history":[{"count":60,"href":"https:\/\/blogsaverroes.juntadeandalucia.es\/iesvirgendelcollado\/wp-json\/wp\/v2\/pages\/141\/revisions"}],"predecessor-version":[{"id":6271,"href":"https:\/\/blogsaverroes.juntadeandalucia.es\/iesvirgendelcollado\/wp-json\/wp\/v2\/pages\/141\/revisions\/6271"}],"wp:attachment":[{"href":"https:\/\/blogsaverroes.juntadeandalucia.es\/iesvirgendelcollado\/wp-json\/wp\/v2\/media?parent=141"}],"curies":[{"name":"wp","href":"https:\/\/api.w.org\/{rel}","templated":true}]}}