{"id":147,"date":"2015-03-17T07:46:52","date_gmt":"2015-03-17T07:46:52","guid":{"rendered":"http:\/\/blogsaverroes.juntadeandalucia.es\/pre\/ceip\/?page_id=147"},"modified":"2025-11-09T20:52:55","modified_gmt":"2025-11-09T18:52:55","slug":"clasicas","status":"publish","type":"page","link":"https:\/\/blogsaverroes.juntadeandalucia.es\/iesvirgendelcollado\/clasicas\/","title":{"rendered":"Departamento de Econom\u00eda"},"content":{"rendered":"<div style=\"text-align: center\" data-canvas-width=\"108.91167217458664\">\n<figure id=\"attachment_4090\" aria-describedby=\"caption-attachment-4090\" style=\"width: 314px\" class=\"wp-caption aligncenter\"><img loading=\"lazy\" decoding=\"async\" class=\"wp-image-4090 \" src=\"https:\/\/blogsaverroes.juntadeandalucia.es\/iesvirgendelcollado\/files\/2022\/11\/Arellano-econom\u00eda-300x169.jpg\" alt=\"\" width=\"314\" height=\"177\" srcset=\"https:\/\/blogsaverroes.juntadeandalucia.es\/iesvirgendelcollado\/files\/2022\/11\/Arellano-econom\u00eda-300x169.jpg 300w, https:\/\/blogsaverroes.juntadeandalucia.es\/iesvirgendelcollado\/files\/2022\/11\/Arellano-econom\u00eda-768x432.jpg 768w, https:\/\/blogsaverroes.juntadeandalucia.es\/iesvirgendelcollado\/files\/2022\/11\/Arellano-econom\u00eda.jpg 972w\" sizes=\"(max-width: 314px) 100vw, 314px\" \/><figcaption id=\"caption-attachment-4090\" class=\"wp-caption-text\">Manuel Arellano, el candidato espa\u00f1ol al Nobel de Econom\u00eda.<\/figcaption><\/figure>\n<\/div>\n<div data-canvas-width=\"108.91167217458664\">&nbsp;<\/div>\n<div data-canvas-width=\"108.91167217458664\">Profesorado.<\/div>\n<ul>\n<li data-canvas-width=\"108.91167217458664\">D. Carlos Pardo Mart\u00ednez (Jefe de Departamento).<\/li>\n<\/ul>\n<p><strong>PROGRAMACIONES DID\u00c1CTICAS.<\/strong><\/p>\n<p><span style=\"color: #0000ff\"><strong><em><a style=\"color: #0000ff\" title=\"Enlace a las programaciones del Departamento de Econom\u00eda.\" href=\"https:\/\/drive.google.com\/drive\/folders\/1-Crm01Q2H1ueJQ2WFHOXtA3DUY_6xBfi?usp=sharing\" target=\"_blank\" rel=\"noopener\">Enlace a las programaciones del Departamento de Econom\u00eda.<\/a><\/em><\/strong><\/span><\/p>\n","protected":false},"excerpt":{"rendered":"<p>&nbsp; Profesorado. D. Carlos Pardo Mart\u00ednez (Jefe de Departamento). PROGRAMACIONES DID\u00c1CTICAS. Enlace a las programaciones del Departamento de Econom\u00eda.<\/p>\n","protected":false},"author":1,"featured_media":0,"parent":0,"menu_order":0,"comment_status":"closed","ping_status":"closed","template":"","meta":{"ngg_post_thumbnail":0,"footnotes":"","_mc_calendar":[]},"aioseo_notices":[],"_links":{"self":[{"href":"https:\/\/blogsaverroes.juntadeandalucia.es\/iesvirgendelcollado\/wp-json\/wp\/v2\/pages\/147"}],"collection":[{"href":"https:\/\/blogsaverroes.juntadeandalucia.es\/iesvirgendelcollado\/wp-json\/wp\/v2\/pages"}],"about":[{"href":"https:\/\/blogsaverroes.juntadeandalucia.es\/iesvirgendelcollado\/wp-json\/wp\/v2\/types\/page"}],"author":[{"embeddable":true,"href":"https:\/\/blogsaverroes.juntadeandalucia.es\/iesvirgendelcollado\/wp-json\/wp\/v2\/users\/1"}],"replies":[{"embeddable":true,"href":"https:\/\/blogsaverroes.juntadeandalucia.es\/iesvirgendelcollado\/wp-json\/wp\/v2\/comments?post=147"}],"version-history":[{"count":29,"href":"https:\/\/blogsaverroes.juntadeandalucia.es\/iesvirgendelcollado\/wp-json\/wp\/v2\/pages\/147\/revisions"}],"predecessor-version":[{"id":6169,"href":"https:\/\/blogsaverroes.juntadeandalucia.es\/iesvirgendelcollado\/wp-json\/wp\/v2\/pages\/147\/revisions\/6169"}],"wp:attachment":[{"href":"https:\/\/blogsaverroes.juntadeandalucia.es\/iesvirgendelcollado\/wp-json\/wp\/v2\/media?parent=147"}],"curies":[{"name":"wp","href":"https:\/\/api.w.org\/{rel}","templated":true}]}}