{"id":153,"date":"2015-03-17T07:48:56","date_gmt":"2015-03-17T07:48:56","guid":{"rendered":"http:\/\/blogsaverroes.juntadeandalucia.es\/pre\/ceip\/?page_id=153"},"modified":"2025-11-09T20:55:56","modified_gmt":"2025-11-09T18:55:56","slug":"geografia-e-historia","status":"publish","type":"page","link":"https:\/\/blogsaverroes.juntadeandalucia.es\/iesvirgendelcollado\/geografia-e-historia\/","title":{"rendered":"Departamento de Ciencias Sociales y Filosof\u00eda."},"content":{"rendered":"<p>&nbsp;<\/p>\n<figure id=\"attachment_4108\" aria-describedby=\"caption-attachment-4108\" style=\"width: 300px\" class=\"wp-caption aligncenter\"><img loading=\"lazy\" decoding=\"async\" class=\"wp-image-4108 size-medium\" src=\"https:\/\/blogsaverroes.juntadeandalucia.es\/iesvirgendelcollado\/files\/2022\/11\/Fernandez_de_Enciso_thumb_760-300x278.jpg\" alt=\"\" width=\"300\" height=\"278\" srcset=\"https:\/\/blogsaverroes.juntadeandalucia.es\/iesvirgendelcollado\/files\/2022\/11\/Fernandez_de_Enciso_thumb_760-300x278.jpg 300w, https:\/\/blogsaverroes.juntadeandalucia.es\/iesvirgendelcollado\/files\/2022\/11\/Fernandez_de_Enciso_thumb_760.jpg 760w\" sizes=\"(max-width: 300px) 100vw, 300px\" \/><figcaption id=\"caption-attachment-4108\" class=\"wp-caption-text\">Mart\u00edn Fern\u00e1ndez de Enciso (1469 &#8211; 1533). Ge\u00f3grafo espa\u00f1ol anunciaba en su carta a Carlos I un mapa universal superando los cl\u00e1sicos mapamundi.<\/figcaption><\/figure>\n<p>Profesorado:<\/p>\n<ul>\n<li>D. Alicia Mena Higueras (jefatura de departamento).<\/li>\n<li>D. Juan Miguel Cazalilla S\u00e1nchez.<\/li>\n<li>D. Sebasti\u00e1n G\u00e1mez Barrero.<\/li>\n<li>D. Jos\u00e9 Antonio Serrano Garc\u00eda.<\/li>\n<li>D. Maga\u00f1a Guido, Bartolom\u00e9 (Ingl\u00e9s).<\/li>\n<\/ul>\n<p><strong>PROGRAMACIONES DID\u00c1CTICAS.<\/strong><\/p>\n<p><span style=\"color: #0000ff\"><strong><em><a style=\"color: #0000ff\" title=\"Departamento de GEH\" href=\"https:\/\/drive.google.com\/drive\/folders\/1xqpxcQxiBY4QtkGssQGhlxyko8b13Ptv?usp=sharing\" target=\"_blank\" rel=\"noopener\">Enlace a las programaciones del Departamento de Geograf\u00eda e Historia<\/a><\/em><\/strong><\/span><\/p>\n","protected":false},"excerpt":{"rendered":"<p>&nbsp; Profesorado: D. Alicia Mena Higueras (jefatura de departamento). D. Juan Miguel Cazalilla S\u00e1nchez. D. Sebasti\u00e1n G\u00e1mez Barrero. D. Jos\u00e9 Antonio Serrano Garc\u00eda. D. Maga\u00f1a Guido, Bartolom\u00e9 (Ingl\u00e9s). PROGRAMACIONES DID\u00c1CTICAS. Enlace a las programaciones del Departamento de Geograf\u00eda e Historia<\/p>\n","protected":false},"author":1,"featured_media":0,"parent":0,"menu_order":0,"comment_status":"closed","ping_status":"closed","template":"","meta":{"ngg_post_thumbnail":0,"footnotes":"","_mc_calendar":[]},"aioseo_notices":[],"_links":{"self":[{"href":"https:\/\/blogsaverroes.juntadeandalucia.es\/iesvirgendelcollado\/wp-json\/wp\/v2\/pages\/153"}],"collection":[{"href":"https:\/\/blogsaverroes.juntadeandalucia.es\/iesvirgendelcollado\/wp-json\/wp\/v2\/pages"}],"about":[{"href":"https:\/\/blogsaverroes.juntadeandalucia.es\/iesvirgendelcollado\/wp-json\/wp\/v2\/types\/page"}],"author":[{"embeddable":true,"href":"https:\/\/blogsaverroes.juntadeandalucia.es\/iesvirgendelcollado\/wp-json\/wp\/v2\/users\/1"}],"replies":[{"embeddable":true,"href":"https:\/\/blogsaverroes.juntadeandalucia.es\/iesvirgendelcollado\/wp-json\/wp\/v2\/comments?post=153"}],"version-history":[{"count":17,"href":"https:\/\/blogsaverroes.juntadeandalucia.es\/iesvirgendelcollado\/wp-json\/wp\/v2\/pages\/153\/revisions"}],"predecessor-version":[{"id":6173,"href":"https:\/\/blogsaverroes.juntadeandalucia.es\/iesvirgendelcollado\/wp-json\/wp\/v2\/pages\/153\/revisions\/6173"}],"wp:attachment":[{"href":"https:\/\/blogsaverroes.juntadeandalucia.es\/iesvirgendelcollado\/wp-json\/wp\/v2\/media?parent=153"}],"curies":[{"name":"wp","href":"https:\/\/api.w.org\/{rel}","templated":true}]}}