{"id":155,"date":"2015-03-17T07:49:21","date_gmt":"2015-03-17T07:49:21","guid":{"rendered":"http:\/\/blogsaverroes.juntadeandalucia.es\/pre\/ceip\/?page_id=155"},"modified":"2025-11-09T20:57:04","modified_gmt":"2025-11-09T18:57:04","slug":"ingles","status":"publish","type":"page","link":"https:\/\/blogsaverroes.juntadeandalucia.es\/iesvirgendelcollado\/ingles\/","title":{"rendered":"Departamento de Lengua Castellana y Literatura y Lenguas Cl\u00e1sicas"},"content":{"rendered":"<figure id=\"attachment_4113\" aria-describedby=\"caption-attachment-4113\" style=\"width: 319px\" class=\"wp-caption aligncenter\"><img loading=\"lazy\" decoding=\"async\" class=\"wp-image-4113 \" src=\"https:\/\/blogsaverroes.juntadeandalucia.es\/iesvirgendelcollado\/files\/2022\/11\/aleixandre-nobel-40-aniversario-knd-1190x800@abc-300x202.jpg\" alt=\"\" width=\"319\" height=\"215\" srcset=\"https:\/\/blogsaverroes.juntadeandalucia.es\/iesvirgendelcollado\/files\/2022\/11\/aleixandre-nobel-40-aniversario-knd-1190x800@abc-300x202.jpg 300w, https:\/\/blogsaverroes.juntadeandalucia.es\/iesvirgendelcollado\/files\/2022\/11\/aleixandre-nobel-40-aniversario-knd-1190x800@abc-1024x690.jpg 1024w, https:\/\/blogsaverroes.juntadeandalucia.es\/iesvirgendelcollado\/files\/2022\/11\/aleixandre-nobel-40-aniversario-knd-1190x800@abc-768x518.jpg 768w, https:\/\/blogsaverroes.juntadeandalucia.es\/iesvirgendelcollado\/files\/2022\/11\/aleixandre-nobel-40-aniversario-knd-1190x800@abc.jpg 1187w\" sizes=\"(max-width: 319px) 100vw, 319px\" \/><figcaption id=\"caption-attachment-4113\" class=\"wp-caption-text\">Vicente Aleixandre en la biblioteca de su casa al conocer la concesi\u00f3n del Premio Nobel de Literatura.<\/figcaption><\/figure>\n<p><strong>PROFESORADO<\/strong>:<\/p>\n<ul>\n<li>D\u00aa. Maria del Carmen Clavijo Piqueras.<\/li>\n<li>D\u00aa. Elisa Requena Iglesias.<\/li>\n<li>D\u00aa. Mar\u00eda Adela Sola L\u00f3pez ( jefa de departamento).<\/li>\n<li>D\u00aa. Mercado Gasc\u00f3n, Mar\u00eda.<\/li>\n<li>S\u00e1nchez S\u00e1nchez, Julia.<\/li>\n<li>Fern\u00e1ndez Delgado, Cristina (Cultura Cl\u00e1sica).<\/li>\n<\/ul>\n<p><strong>PROGRAMACIONES DID\u00c1CTICAS DE LENGUA CASTELLANA Y LITERATURA.<\/strong><\/p>\n<p style=\"text-align: left\"><span style=\"color: #0000ff\"><strong><em><a style=\"color: #0000ff\" title=\"Departamento de LCL y Cl\u00e1sicas\" href=\"https:\/\/drive.google.com\/drive\/folders\/1MZCV-7_ORgbJhIcT1jHDNgLbOVmUCY8F?usp=sharing\" target=\"_blank\" rel=\"noopener\">Enlace a las programaciones del Departamento de Lengua Espa\u00f1ola y Literatura y Lenguas Cl\u00e1sicas.<\/a><\/em><\/strong><\/span><\/p>\n","protected":false},"excerpt":{"rendered":"<p>PROFESORADO: D\u00aa. Maria del Carmen Clavijo Piqueras. D\u00aa. Elisa Requena Iglesias. D\u00aa. Mar\u00eda Adela Sola L\u00f3pez ( jefa de departamento). D\u00aa. Mercado Gasc\u00f3n, Mar\u00eda. S\u00e1nchez S\u00e1nchez, Julia. Fern\u00e1ndez Delgado, Cristina (Cultura Cl\u00e1sica). PROGRAMACIONES DID\u00c1CTICAS DE LENGUA CASTELLANA Y LITERATURA. Enlace a las programaciones del Departamento de Lengua Espa\u00f1ola y Literatura y Lenguas Cl\u00e1sicas.<\/p>\n","protected":false},"author":1,"featured_media":0,"parent":0,"menu_order":0,"comment_status":"closed","ping_status":"closed","template":"","meta":{"ngg_post_thumbnail":0,"footnotes":"","_mc_calendar":[]},"aioseo_notices":[],"_links":{"self":[{"href":"https:\/\/blogsaverroes.juntadeandalucia.es\/iesvirgendelcollado\/wp-json\/wp\/v2\/pages\/155"}],"collection":[{"href":"https:\/\/blogsaverroes.juntadeandalucia.es\/iesvirgendelcollado\/wp-json\/wp\/v2\/pages"}],"about":[{"href":"https:\/\/blogsaverroes.juntadeandalucia.es\/iesvirgendelcollado\/wp-json\/wp\/v2\/types\/page"}],"author":[{"embeddable":true,"href":"https:\/\/blogsaverroes.juntadeandalucia.es\/iesvirgendelcollado\/wp-json\/wp\/v2\/users\/1"}],"replies":[{"embeddable":true,"href":"https:\/\/blogsaverroes.juntadeandalucia.es\/iesvirgendelcollado\/wp-json\/wp\/v2\/comments?post=155"}],"version-history":[{"count":25,"href":"https:\/\/blogsaverroes.juntadeandalucia.es\/iesvirgendelcollado\/wp-json\/wp\/v2\/pages\/155\/revisions"}],"predecessor-version":[{"id":6175,"href":"https:\/\/blogsaverroes.juntadeandalucia.es\/iesvirgendelcollado\/wp-json\/wp\/v2\/pages\/155\/revisions\/6175"}],"wp:attachment":[{"href":"https:\/\/blogsaverroes.juntadeandalucia.es\/iesvirgendelcollado\/wp-json\/wp\/v2\/media?parent=155"}],"curies":[{"name":"wp","href":"https:\/\/api.w.org\/{rel}","templated":true}]}}