{"id":162,"date":"2015-03-17T07:51:10","date_gmt":"2015-03-17T07:51:10","guid":{"rendered":"http:\/\/blogsaverroes.juntadeandalucia.es\/pre\/ceip\/?page_id=162"},"modified":"2025-11-09T20:59:09","modified_gmt":"2025-11-09T18:59:09","slug":"tecnologia","status":"publish","type":"page","link":"https:\/\/blogsaverroes.juntadeandalucia.es\/iesvirgendelcollado\/tecnologia\/","title":{"rendered":"Departamento de Tecnolog\u00eda e Inform\u00e1tica."},"content":{"rendered":"<p>&nbsp;<\/p>\n<figure id=\"attachment_4122\" aria-describedby=\"caption-attachment-4122\" style=\"width: 300px\" class=\"wp-caption aligncenter\"><img loading=\"lazy\" decoding=\"async\" class=\"wp-image-4122 size-medium\" src=\"https:\/\/blogsaverroes.juntadeandalucia.es\/iesvirgendelcollado\/files\/2022\/11\/Ajedrecista-SDA-300x249.jpg\" alt=\"\" width=\"300\" height=\"249\" srcset=\"https:\/\/blogsaverroes.juntadeandalucia.es\/iesvirgendelcollado\/files\/2022\/11\/Ajedrecista-SDA-300x249.jpg 300w, https:\/\/blogsaverroes.juntadeandalucia.es\/iesvirgendelcollado\/files\/2022\/11\/Ajedrecista-SDA.jpg 320w\" sizes=\"(max-width: 300px) 100vw, 300px\" \/><figcaption id=\"caption-attachment-4122\" class=\"wp-caption-text\">Torres Quevedo y el Ajedrecista: 100 a\u00f1os desde el debut del primer juego de ordenador de la historia<\/figcaption><\/figure>\n<p>Profesorado:<\/p>\n<ul>\n<li>D. Jos\u00e9 Aibar Mercado. Tecnolog\u00eda.<\/li>\n<li>D\u00aa. Carmen Rosa Moreno Pacheco&nbsp; (jefa de departamento). Inform\u00e1tica.<\/li>\n<li>Cuevas Godino, Juan Francisco. Tecnolog\u00eda (Ingl\u00e9s).<\/li>\n<\/ul>\n<p><strong>PROGRAMACIONES DID\u00c1CTICAS.<\/strong><\/p>\n<p><strong><em><a title=\"Departamento de Tec e Inf\" href=\"https:\/\/drive.google.com\/drive\/folders\/1vYxq19unf5weH6hfK8u4PvxdUbJ7jq4k?usp=sharing\" target=\"_blank\" rel=\"noopener\">Enlace a las programaciones del Departamento de Tecnolog\u00eda e Inform\u00e1tica<\/a><\/em><\/strong><\/p>\n","protected":false},"excerpt":{"rendered":"<p>&nbsp; Profesorado: D. Jos\u00e9 Aibar Mercado. Tecnolog\u00eda. D\u00aa. Carmen Rosa Moreno Pacheco&nbsp; (jefa de departamento). Inform\u00e1tica. Cuevas Godino, Juan Francisco. Tecnolog\u00eda (Ingl\u00e9s). PROGRAMACIONES DID\u00c1CTICAS. Enlace a las programaciones del Departamento de Tecnolog\u00eda e Inform\u00e1tica<\/p>\n","protected":false},"author":1,"featured_media":0,"parent":0,"menu_order":0,"comment_status":"closed","ping_status":"closed","template":"","meta":{"ngg_post_thumbnail":0,"footnotes":"","_mc_calendar":[]},"aioseo_notices":[],"_links":{"self":[{"href":"https:\/\/blogsaverroes.juntadeandalucia.es\/iesvirgendelcollado\/wp-json\/wp\/v2\/pages\/162"}],"collection":[{"href":"https:\/\/blogsaverroes.juntadeandalucia.es\/iesvirgendelcollado\/wp-json\/wp\/v2\/pages"}],"about":[{"href":"https:\/\/blogsaverroes.juntadeandalucia.es\/iesvirgendelcollado\/wp-json\/wp\/v2\/types\/page"}],"author":[{"embeddable":true,"href":"https:\/\/blogsaverroes.juntadeandalucia.es\/iesvirgendelcollado\/wp-json\/wp\/v2\/users\/1"}],"replies":[{"embeddable":true,"href":"https:\/\/blogsaverroes.juntadeandalucia.es\/iesvirgendelcollado\/wp-json\/wp\/v2\/comments?post=162"}],"version-history":[{"count":21,"href":"https:\/\/blogsaverroes.juntadeandalucia.es\/iesvirgendelcollado\/wp-json\/wp\/v2\/pages\/162\/revisions"}],"predecessor-version":[{"id":6178,"href":"https:\/\/blogsaverroes.juntadeandalucia.es\/iesvirgendelcollado\/wp-json\/wp\/v2\/pages\/162\/revisions\/6178"}],"wp:attachment":[{"href":"https:\/\/blogsaverroes.juntadeandalucia.es\/iesvirgendelcollado\/wp-json\/wp\/v2\/media?parent=162"}],"curies":[{"name":"wp","href":"https:\/\/api.w.org\/{rel}","templated":true}]}}