{"id":164,"date":"2015-03-17T07:52:28","date_gmt":"2015-03-17T07:52:28","guid":{"rendered":"http:\/\/blogsaverroes.juntadeandalucia.es\/pre\/ceip\/?page_id=164"},"modified":"2025-11-09T20:56:29","modified_gmt":"2025-11-09T18:56:29","slug":"ingles-2","status":"publish","type":"page","link":"https:\/\/blogsaverroes.juntadeandalucia.es\/iesvirgendelcollado\/ingles-2\/","title":{"rendered":"Departamento de Idiomas Extranjeros"},"content":{"rendered":"<p>&nbsp;<\/p>\n<p><img loading=\"lazy\" decoding=\"async\" class=\"size-medium wp-image-4110 aligncenter\" src=\"https:\/\/blogsaverroes.juntadeandalucia.es\/iesvirgendelcollado\/files\/2022\/11\/Ingl\u00e9s-franc\u00e9s-300x132.png\" alt=\"\" width=\"300\" height=\"132\" srcset=\"https:\/\/blogsaverroes.juntadeandalucia.es\/iesvirgendelcollado\/files\/2022\/11\/Ingl\u00e9s-franc\u00e9s-300x132.png 300w, https:\/\/blogsaverroes.juntadeandalucia.es\/iesvirgendelcollado\/files\/2022\/11\/Ingl\u00e9s-franc\u00e9s.png 338w\" sizes=\"(max-width: 300px) 100vw, 300px\" \/><\/p>\n<p>Profesorado:<\/p>\n<ul>\n<li>D. Luis Miguel Luna Perea (jefe de departamento). (Ingl\u00e9s).<\/li>\n<li>D\u00aa. Ada Mar\u00eda Pat\u00f3n Ib\u00e1\u00f1ez(Ingl\u00e9s).<\/li>\n<li>D. Luis Carlos Alc\u00e1zar Morales (Ingl\u00e9s-Franc\u00e9s).<\/li>\n<li>D\u00aa. Ana Garc\u00eda Chueco (Ingl\u00e9s-Franc\u00e9s).<\/li>\n<\/ul>\n<p>PROGRAMACIONES DID\u00c1CTICAS.<\/p>\n<p><span style=\"color: #0000ff\"><strong><em><a style=\"color: #0000ff\" title=\"Departamento de Idiomas\" href=\"https:\/\/drive.google.com\/drive\/folders\/1tMZFHLnS9RC9SeEC3wRM5V5J30BexcyL?usp=sharing\" target=\"_blank\" rel=\"noopener\">Enlace a las programaciones del Departamento de Idiomas Extranjeros<\/a><\/em><\/strong><\/span><\/p>\n","protected":false},"excerpt":{"rendered":"<p>&nbsp; Profesorado: D. Luis Miguel Luna Perea (jefe de departamento). (Ingl\u00e9s). D\u00aa. Ada Mar\u00eda Pat\u00f3n Ib\u00e1\u00f1ez(Ingl\u00e9s). D. Luis Carlos Alc\u00e1zar Morales (Ingl\u00e9s-Franc\u00e9s). D\u00aa. Ana Garc\u00eda Chueco (Ingl\u00e9s-Franc\u00e9s). PROGRAMACIONES DID\u00c1CTICAS. Enlace a las programaciones del Departamento de Idiomas Extranjeros<\/p>\n","protected":false},"author":1,"featured_media":0,"parent":0,"menu_order":0,"comment_status":"closed","ping_status":"closed","template":"","meta":{"ngg_post_thumbnail":0,"footnotes":"","_mc_calendar":[]},"aioseo_notices":[],"_links":{"self":[{"href":"https:\/\/blogsaverroes.juntadeandalucia.es\/iesvirgendelcollado\/wp-json\/wp\/v2\/pages\/164"}],"collection":[{"href":"https:\/\/blogsaverroes.juntadeandalucia.es\/iesvirgendelcollado\/wp-json\/wp\/v2\/pages"}],"about":[{"href":"https:\/\/blogsaverroes.juntadeandalucia.es\/iesvirgendelcollado\/wp-json\/wp\/v2\/types\/page"}],"author":[{"embeddable":true,"href":"https:\/\/blogsaverroes.juntadeandalucia.es\/iesvirgendelcollado\/wp-json\/wp\/v2\/users\/1"}],"replies":[{"embeddable":true,"href":"https:\/\/blogsaverroes.juntadeandalucia.es\/iesvirgendelcollado\/wp-json\/wp\/v2\/comments?post=164"}],"version-history":[{"count":21,"href":"https:\/\/blogsaverroes.juntadeandalucia.es\/iesvirgendelcollado\/wp-json\/wp\/v2\/pages\/164\/revisions"}],"predecessor-version":[{"id":6174,"href":"https:\/\/blogsaverroes.juntadeandalucia.es\/iesvirgendelcollado\/wp-json\/wp\/v2\/pages\/164\/revisions\/6174"}],"wp:attachment":[{"href":"https:\/\/blogsaverroes.juntadeandalucia.es\/iesvirgendelcollado\/wp-json\/wp\/v2\/media?parent=164"}],"curies":[{"name":"wp","href":"https:\/\/api.w.org\/{rel}","templated":true}]}}