{"id":168,"date":"2015-03-17T07:54:01","date_gmt":"2015-03-17T07:54:01","guid":{"rendered":"http:\/\/blogsaverroes.juntadeandalucia.es\/pre\/ceip\/?page_id=168"},"modified":"2025-11-09T20:55:07","modified_gmt":"2025-11-09T18:55:07","slug":"filosofia-2","status":"publish","type":"page","link":"https:\/\/blogsaverroes.juntadeandalucia.es\/iesvirgendelcollado\/filosofia-2\/","title":{"rendered":"Departamento de Filosof\u00eda y Religi\u00f3n (adscrito a Ciencias Sociales y Filosof\u00eda)."},"content":{"rendered":"<figure id=\"attachment_4101\" aria-describedby=\"caption-attachment-4101\" style=\"width: 343px\" class=\"wp-caption aligncenter\"><img loading=\"lazy\" decoding=\"async\" class=\"wp-image-4101 \" src=\"https:\/\/blogsaverroes.juntadeandalucia.es\/iesvirgendelcollado\/files\/2022\/11\/lucio-anneo-seneca-655x368-1-300x169.jpg\" alt=\"\" width=\"343\" height=\"193\" srcset=\"https:\/\/blogsaverroes.juntadeandalucia.es\/iesvirgendelcollado\/files\/2022\/11\/lucio-anneo-seneca-655x368-1-300x169.jpg 300w, https:\/\/blogsaverroes.juntadeandalucia.es\/iesvirgendelcollado\/files\/2022\/11\/lucio-anneo-seneca-655x368-1.jpg 655w\" sizes=\"(max-width: 343px) 100vw, 343px\" \/><figcaption id=\"caption-attachment-4101\" class=\"wp-caption-text\">Lucio Anneo S\u00e9neca, fue el m\u00e1s famoso de los pensadores antiguos.<\/figcaption><\/figure>\n<p>Profesorado:<\/p>\n<ul>\n<li>D. Olalla Dom\u00ednguez Gonz\u00e1lez. Filosof\u00eda.<\/li>\n<li>D\u00aa. Ana Mar\u00eda Mart\u00ednez N\u00fa\u00f1ez (Religi\u00f3n)<\/li>\n<\/ul>\n<p><strong>PROGRAMACIONES DID\u00c1CTICAS.<\/strong><\/p>\n<p><span style=\"color: #0000ff\"><strong><em><a style=\"color: #0000ff\" title=\"Departamento de Filosof\u00eda y Religi\u00f3n\" href=\"https:\/\/drive.google.com\/drive\/folders\/1D5J-56xps8hXZozBBLzwJIdvokMyeiyx?usp=sharing\" target=\"_blank\" rel=\"noopener\">Enlace a las programaciones del Departamento de Filosof\u00eda y Religi\u00f3n<\/a><\/em><\/strong><\/span><\/p>\n","protected":false},"excerpt":{"rendered":"<p>Profesorado: D. Olalla Dom\u00ednguez Gonz\u00e1lez. Filosof\u00eda. D\u00aa. Ana Mar\u00eda Mart\u00ednez N\u00fa\u00f1ez (Religi\u00f3n) PROGRAMACIONES DID\u00c1CTICAS. Enlace a las programaciones del Departamento de Filosof\u00eda y Religi\u00f3n<\/p>\n","protected":false},"author":1,"featured_media":0,"parent":0,"menu_order":0,"comment_status":"closed","ping_status":"closed","template":"","meta":{"ngg_post_thumbnail":0,"footnotes":"","_mc_calendar":[]},"aioseo_notices":[],"_links":{"self":[{"href":"https:\/\/blogsaverroes.juntadeandalucia.es\/iesvirgendelcollado\/wp-json\/wp\/v2\/pages\/168"}],"collection":[{"href":"https:\/\/blogsaverroes.juntadeandalucia.es\/iesvirgendelcollado\/wp-json\/wp\/v2\/pages"}],"about":[{"href":"https:\/\/blogsaverroes.juntadeandalucia.es\/iesvirgendelcollado\/wp-json\/wp\/v2\/types\/page"}],"author":[{"embeddable":true,"href":"https:\/\/blogsaverroes.juntadeandalucia.es\/iesvirgendelcollado\/wp-json\/wp\/v2\/users\/1"}],"replies":[{"embeddable":true,"href":"https:\/\/blogsaverroes.juntadeandalucia.es\/iesvirgendelcollado\/wp-json\/wp\/v2\/comments?post=168"}],"version-history":[{"count":22,"href":"https:\/\/blogsaverroes.juntadeandalucia.es\/iesvirgendelcollado\/wp-json\/wp\/v2\/pages\/168\/revisions"}],"predecessor-version":[{"id":6172,"href":"https:\/\/blogsaverroes.juntadeandalucia.es\/iesvirgendelcollado\/wp-json\/wp\/v2\/pages\/168\/revisions\/6172"}],"wp:attachment":[{"href":"https:\/\/blogsaverroes.juntadeandalucia.es\/iesvirgendelcollado\/wp-json\/wp\/v2\/media?parent=168"}],"curies":[{"name":"wp","href":"https:\/\/api.w.org\/{rel}","templated":true}]}}