{"id":170,"date":"2015-03-17T07:55:32","date_gmt":"2015-03-17T07:55:32","guid":{"rendered":"http:\/\/blogsaverroes.juntadeandalucia.es\/pre\/ceip\/?page_id=170"},"modified":"2025-11-09T20:52:16","modified_gmt":"2025-11-09T18:52:16","slug":"biologia-y-geologia-2","status":"publish","type":"page","link":"https:\/\/blogsaverroes.juntadeandalucia.es\/iesvirgendelcollado\/biologia-y-geologia-2\/","title":{"rendered":"Departamento de Biolog\u00eda y Geolog\u00eda"},"content":{"rendered":"<p><a href=\"https:\/\/blogsaverroes.juntadeandalucia.es\/iesvirgendelcollado\/xii-dia-de-la-ciencia\/\">XII D\u00eda de la Ciencia<\/a><\/p>\n<figure id=\"attachment_4086\" aria-describedby=\"caption-attachment-4086\" style=\"width: 286px\" class=\"wp-caption aligncenter\"><img loading=\"lazy\" decoding=\"async\" class=\"wp-image-4086 \" src=\"https:\/\/blogsaverroes.juntadeandalucia.es\/iesvirgendelcollado\/files\/2022\/11\/Ram\u00f3n-y-Cajal.jpg\" alt=\"\" width=\"286\" height=\"190\"><figcaption id=\"caption-attachment-4086\" class=\"wp-caption-text\">Ram\u00f3n y Cajal. premio Nobel Fisiolog\u00eda y Medicina 1906<\/figcaption><\/figure>\n<p>Profesorado:<\/p>\n<ul>\n<li>D\u00aa. Cristina Rivero De Lossada.<\/li>\n<li>D. Jos\u00e9 Enrique Fern\u00e1ndez Fern\u00e1ndez.<\/li>\n<li>D. David Granados Salazar. (Jefatura de Departamento.)<\/li>\n<li>D\u00aa. Crist\u00f3bal Pe\u00f1a Rela\u00f1o.<\/li>\n<\/ul>\n<p><strong>PROGRAMACIONES DID\u00c1CTICAS.<\/strong><\/p>\n<p><strong><em><span style=\"color: #0000ff\"><a style=\"color: #0000ff\" title=\"Departamento de ByG\" href=\"https:\/\/drive.google.com\/drive\/folders\/1egTE5FMzgrWO4qveB5V1fJ3Jdm1VAI3f?usp=sharing\" target=\"_blank\" rel=\"noopener\">Enlace a las programaciones del Departamento de Biolog\u00eda y Geolog\u00eda<\/a><\/span><\/em><\/strong><\/p>\n<p>&nbsp;<\/p>\n","protected":false},"excerpt":{"rendered":"<p>XII D\u00eda de la Ciencia Profesorado: D\u00aa. Cristina Rivero De Lossada. D. Jos\u00e9 Enrique Fern\u00e1ndez Fern\u00e1ndez. D. David Granados Salazar. (Jefatura de Departamento.) D\u00aa. Crist\u00f3bal Pe\u00f1a Rela\u00f1o. PROGRAMACIONES DID\u00c1CTICAS. Enlace a las programaciones del Departamento de Biolog\u00eda y Geolog\u00eda &nbsp;<\/p>\n","protected":false},"author":1,"featured_media":0,"parent":0,"menu_order":0,"comment_status":"closed","ping_status":"closed","template":"","meta":{"ngg_post_thumbnail":0,"footnotes":"","_mc_calendar":[]},"aioseo_notices":[],"_links":{"self":[{"href":"https:\/\/blogsaverroes.juntadeandalucia.es\/iesvirgendelcollado\/wp-json\/wp\/v2\/pages\/170"}],"collection":[{"href":"https:\/\/blogsaverroes.juntadeandalucia.es\/iesvirgendelcollado\/wp-json\/wp\/v2\/pages"}],"about":[{"href":"https:\/\/blogsaverroes.juntadeandalucia.es\/iesvirgendelcollado\/wp-json\/wp\/v2\/types\/page"}],"author":[{"embeddable":true,"href":"https:\/\/blogsaverroes.juntadeandalucia.es\/iesvirgendelcollado\/wp-json\/wp\/v2\/users\/1"}],"replies":[{"embeddable":true,"href":"https:\/\/blogsaverroes.juntadeandalucia.es\/iesvirgendelcollado\/wp-json\/wp\/v2\/comments?post=170"}],"version-history":[{"count":28,"href":"https:\/\/blogsaverroes.juntadeandalucia.es\/iesvirgendelcollado\/wp-json\/wp\/v2\/pages\/170\/revisions"}],"predecessor-version":[{"id":6168,"href":"https:\/\/blogsaverroes.juntadeandalucia.es\/iesvirgendelcollado\/wp-json\/wp\/v2\/pages\/170\/revisions\/6168"}],"wp:attachment":[{"href":"https:\/\/blogsaverroes.juntadeandalucia.es\/iesvirgendelcollado\/wp-json\/wp\/v2\/media?parent=170"}],"curies":[{"name":"wp","href":"https:\/\/api.w.org\/{rel}","templated":true}]}}