{"id":1806,"date":"2015-03-17T07:46:28","date_gmt":"2015-03-17T07:46:28","guid":{"rendered":"http:\/\/blogsaverroes.juntadeandalucia.es\/pre\/ceip\/?page_id=144"},"modified":"2025-11-09T20:58:33","modified_gmt":"2025-11-09T18:58:33","slug":"orientacion-2","status":"publish","type":"page","link":"https:\/\/blogsaverroes.juntadeandalucia.es\/iesvirgendelcollado\/orientacion-2\/","title":{"rendered":"Departamento de Orientaci\u00f3n"},"content":{"rendered":"<h2><a title=\"Equipo T\u00e9cnico de Orientaci\u00f3n de Ja\u00e9n\" href=\"https:\/\/blogsaverroes.juntadeandalucia.es\/orientajaen\/directorio\/#\" target=\"_blank\" rel=\"noopener noreferrer\">Equipo T\u00e9cnico de Orientaci\u00f3n de Ja\u00e9n <\/a><\/h2>\n<p style=\"text-align: center\"><img loading=\"lazy\" decoding=\"async\" class=\"alignnone size-full wp-image-4120\" src=\"https:\/\/blogsaverroes.juntadeandalucia.es\/iesvirgendelcollado\/files\/2022\/11\/Orientaci\u00f3n.jpg\" alt=\"\" width=\"214\" height=\"250\"><\/p>\n<p>Profesorado:<\/p>\n<ul>\n<li>Garc\u00eda Plata, Mar\u00eda Isabel (jefa de departamento). (Orientadora).&nbsp;<\/li>\n<li>Victoria Ruiz, Laura. (Pedagog\u00eda Terape\u00fatica).<\/li>\n<li>Racero Gonz\u00e1lez, Concepci\u00f3n. (Pedagog\u00eda Terape\u00fatica).<\/li>\n<li>Ram\u00edrez D\u00e1vila, Alba Mar\u00eda (Audici\u00f3n y Lenguaje).<\/li>\n<\/ul>\n<p><strong>PROGRAMACIONES DID\u00c1CTICAS.<\/strong><\/p>\n<p><span style=\"color: #0000ff\"><strong><em><a style=\"color: #0000ff\" title=\"Departamento de Orientaci\u00f3n\" href=\"https:\/\/drive.google.com\/drive\/folders\/1WCv2Rk31X9kOBKjiMPSxZEtHb8PI6M4v?usp=sharing\" target=\"_blank\" rel=\"noopener\">Enlace a las programaciones del Departamento de Orientaci\u00f3n<\/a><\/em><\/strong><\/span><\/p>\n","protected":false},"excerpt":{"rendered":"<p>Equipo T\u00e9cnico de Orientaci\u00f3n de Ja\u00e9n Profesorado: Garc\u00eda Plata, Mar\u00eda Isabel (jefa de departamento). (Orientadora).&nbsp; Victoria Ruiz, Laura. (Pedagog\u00eda Terape\u00fatica). Racero Gonz\u00e1lez, Concepci\u00f3n. (Pedagog\u00eda Terape\u00fatica). Ram\u00edrez D\u00e1vila, Alba Mar\u00eda (Audici\u00f3n y Lenguaje). PROGRAMACIONES DID\u00c1CTICAS. Enlace a las programaciones del Departamento de Orientaci\u00f3n<\/p>\n","protected":false},"author":1,"featured_media":0,"parent":0,"menu_order":0,"comment_status":"closed","ping_status":"closed","template":"","meta":{"ngg_post_thumbnail":0,"footnotes":"","_mc_calendar":[]},"aioseo_notices":[],"_links":{"self":[{"href":"https:\/\/blogsaverroes.juntadeandalucia.es\/iesvirgendelcollado\/wp-json\/wp\/v2\/pages\/1806"}],"collection":[{"href":"https:\/\/blogsaverroes.juntadeandalucia.es\/iesvirgendelcollado\/wp-json\/wp\/v2\/pages"}],"about":[{"href":"https:\/\/blogsaverroes.juntadeandalucia.es\/iesvirgendelcollado\/wp-json\/wp\/v2\/types\/page"}],"author":[{"embeddable":true,"href":"https:\/\/blogsaverroes.juntadeandalucia.es\/iesvirgendelcollado\/wp-json\/wp\/v2\/users\/1"}],"replies":[{"embeddable":true,"href":"https:\/\/blogsaverroes.juntadeandalucia.es\/iesvirgendelcollado\/wp-json\/wp\/v2\/comments?post=1806"}],"version-history":[{"count":19,"href":"https:\/\/blogsaverroes.juntadeandalucia.es\/iesvirgendelcollado\/wp-json\/wp\/v2\/pages\/1806\/revisions"}],"predecessor-version":[{"id":6177,"href":"https:\/\/blogsaverroes.juntadeandalucia.es\/iesvirgendelcollado\/wp-json\/wp\/v2\/pages\/1806\/revisions\/6177"}],"wp:attachment":[{"href":"https:\/\/blogsaverroes.juntadeandalucia.es\/iesvirgendelcollado\/wp-json\/wp\/v2\/media?parent=1806"}],"curies":[{"name":"wp","href":"https:\/\/api.w.org\/{rel}","templated":true}]}}