{"id":2625,"date":"2020-10-10T18:39:05","date_gmt":"2020-10-10T18:39:05","guid":{"rendered":"https:\/\/blogsaverroes.juntadeandalucia.es\/iesvirgendelcollado\/?page_id=2625"},"modified":"2024-11-12T22:07:36","modified_gmt":"2024-11-12T20:07:36","slug":"servicios-a-la-comunidad","status":"publish","type":"page","link":"https:\/\/blogsaverroes.juntadeandalucia.es\/iesvirgendelcollado\/servicios-a-la-comunidad\/","title":{"rendered":"Religi\u00f3n"},"content":{"rendered":"<p style=\"text-align: center\"><a href=\"https:\/\/blogsaverroes.juntadeandalucia.es\/iesvirgendelcollado\/files\/2021\/01\/diseno-religion-catolica_24908-39856.jpg\"><img loading=\"lazy\" decoding=\"async\" class=\"alignnone size-medium wp-image-2981\" src=\"https:\/\/blogsaverroes.juntadeandalucia.es\/iesvirgendelcollado\/files\/2021\/01\/diseno-religion-catolica_24908-39856-286x300.jpg\" alt=\"\" width=\"286\" height=\"300\" srcset=\"https:\/\/blogsaverroes.juntadeandalucia.es\/iesvirgendelcollado\/files\/2021\/01\/diseno-religion-catolica_24908-39856-286x300.jpg 286w, https:\/\/blogsaverroes.juntadeandalucia.es\/iesvirgendelcollado\/files\/2021\/01\/diseno-religion-catolica_24908-39856-24x24.jpg 24w, https:\/\/blogsaverroes.juntadeandalucia.es\/iesvirgendelcollado\/files\/2021\/01\/diseno-religion-catolica_24908-39856-34x36.jpg 34w, https:\/\/blogsaverroes.juntadeandalucia.es\/iesvirgendelcollado\/files\/2021\/01\/diseno-religion-catolica_24908-39856-46x48.jpg 46w, https:\/\/blogsaverroes.juntadeandalucia.es\/iesvirgendelcollado\/files\/2021\/01\/diseno-religion-catolica_24908-39856.jpg 626w\" sizes=\"(max-width: 286px) 100vw, 286px\" \/><\/a><\/p>\n<p>Profesorado:<\/p>\n<p>Ana Mar\u00eda Mart\u00ednez N\u00fa\u00f1ez<\/p>\n<p><strong>PROGRAMACIONES DID\u00c1CTICAS.<\/strong><\/p>\n<p><strong><em><a title=\"Religi\u00f3n\" href=\"https:\/\/drive.google.com\/drive\/folders\/1Rjkdgtf5ZvNF1cvNRl6kH07pR3Muorkq?usp=sharing\" target=\"_blank\" rel=\"noopener\">Enlace a las programaciones de Religi\u00f3n<\/a><\/em><\/strong><\/p>\n","protected":false},"excerpt":{"rendered":"<p>Profesorado: Ana Mar\u00eda Mart\u00ednez N\u00fa\u00f1ez PROGRAMACIONES DID\u00c1CTICAS. Enlace a las programaciones de Religi\u00f3n<\/p>\n","protected":false},"author":10574,"featured_media":0,"parent":0,"menu_order":0,"comment_status":"closed","ping_status":"closed","template":"","meta":{"ngg_post_thumbnail":0,"footnotes":"","_mc_calendar":[]},"aioseo_notices":[],"_links":{"self":[{"href":"https:\/\/blogsaverroes.juntadeandalucia.es\/iesvirgendelcollado\/wp-json\/wp\/v2\/pages\/2625"}],"collection":[{"href":"https:\/\/blogsaverroes.juntadeandalucia.es\/iesvirgendelcollado\/wp-json\/wp\/v2\/pages"}],"about":[{"href":"https:\/\/blogsaverroes.juntadeandalucia.es\/iesvirgendelcollado\/wp-json\/wp\/v2\/types\/page"}],"author":[{"embeddable":true,"href":"https:\/\/blogsaverroes.juntadeandalucia.es\/iesvirgendelcollado\/wp-json\/wp\/v2\/users\/10574"}],"replies":[{"embeddable":true,"href":"https:\/\/blogsaverroes.juntadeandalucia.es\/iesvirgendelcollado\/wp-json\/wp\/v2\/comments?post=2625"}],"version-history":[{"count":10,"href":"https:\/\/blogsaverroes.juntadeandalucia.es\/iesvirgendelcollado\/wp-json\/wp\/v2\/pages\/2625\/revisions"}],"predecessor-version":[{"id":5765,"href":"https:\/\/blogsaverroes.juntadeandalucia.es\/iesvirgendelcollado\/wp-json\/wp\/v2\/pages\/2625\/revisions\/5765"}],"wp:attachment":[{"href":"https:\/\/blogsaverroes.juntadeandalucia.es\/iesvirgendelcollado\/wp-json\/wp\/v2\/media?parent=2625"}],"curies":[{"name":"wp","href":"https:\/\/api.w.org\/{rel}","templated":true}]}}