{"id":2629,"date":"2020-10-10T18:40:25","date_gmt":"2020-10-10T18:40:25","guid":{"rendered":"https:\/\/blogsaverroes.juntadeandalucia.es\/iesvirgendelcollado\/?page_id=2629"},"modified":"2025-11-09T20:59:44","modified_gmt":"2025-11-09T18:59:44","slug":"religion","status":"publish","type":"page","link":"https:\/\/blogsaverroes.juntadeandalucia.es\/iesvirgendelcollado\/religion\/","title":{"rendered":"Familia Profesional de Servicios a la Comunidad"},"content":{"rendered":"<p><img loading=\"lazy\" decoding=\"async\" class=\" wp-image-4124 aligncenter\" src=\"https:\/\/blogsaverroes.juntadeandalucia.es\/iesvirgendelcollado\/files\/2022\/11\/SSC.png-300x100.png\" alt=\"\" width=\"354\" height=\"118\" srcset=\"https:\/\/blogsaverroes.juntadeandalucia.es\/iesvirgendelcollado\/files\/2022\/11\/SSC.png-300x100.png 300w, https:\/\/blogsaverroes.juntadeandalucia.es\/iesvirgendelcollado\/files\/2022\/11\/SSC.png-768x256.png 768w, https:\/\/blogsaverroes.juntadeandalucia.es\/iesvirgendelcollado\/files\/2022\/11\/SSC.png.png 864w\" sizes=\"(max-width: 354px) 100vw, 354px\" \/><\/p>\n<p>Profesorado:<\/p>\n<ul>\n<li>Chica Li\u00e9bana, Francisca (jefa de departamento) (FOL).<\/li>\n<li>Hermoso De Castro, Mar\u00eda del Carmen (FOL).<\/li>\n<li>Hidalgo Lopezosa, Diego (Intervenci\u00f3n Sociocomunitaria).<\/li>\n<li>Guzm\u00e1n Cano, Lidia (Servicios a la Comunidad).<\/li>\n<li>Rodr\u00edguez Ramos, Josefa Mar\u00eda (Servicios a la Comunidad).<\/li>\n<li>Fernandez \u00c1lvarez, David (Servicio de Restauraci\u00f3n).<\/li>\n<li>Olmos Mart\u00ednez, Mar\u00eda (Patronaje y Confecci\u00f3n).<\/li>\n<li>Dom\u00ednguez Aceituno, Marina (Servicios a la Comunidad).&nbsp;<\/li>\n<li>Aljarilla Garc\u00eda, Soraya (Procesos Sanitarios y Asistenciales).<\/li>\n<li>Vargas S\u00e1nchez, Ar\u00e1nzazu (Lenguaje de signos).<\/li>\n<\/ul>\n<p><strong>PROGRAMACIONES DID\u00c1CTICAS<\/strong><\/p>\n<ul>\n<li>Atenci\u00f3n a Personas en Situaci\u00f3n de Dependencia (APSD)<\/li>\n<\/ul>\n<ul>\n<li>Integraci\u00f3n Social.<\/li>\n<\/ul>\n<ul>\n<li>FPB Mantenimiento y Limpieza de Edificios.<\/li>\n<\/ul>\n<p><span style=\"text-decoration: underline\"><em><strong><span style=\"color: #0000ff;text-decoration: underline\"><a style=\"color: #0000ff;text-decoration: underline\" href=\"https:\/\/drive.google.com\/drive\/folders\/1cZ8iVznk_r9w5q06DqLF2N8Z-9EARJpb?usp=sharing\" target=\"_blank\" rel=\"noopener\">Enlace a la carpeta con las programaciones did\u00e1cticas del departamento<\/a>.<\/span><\/strong><\/em><\/span><\/p>\n<hr>\n<p><strong>Calendario de implantaci\u00f3n del Sistema de Formaci\u00f3n Profesional.<\/strong><\/p>\n<p><a title=\"Real Decreto 278\/2023, de 11 de abril, por el que se establece el calendario de implantaci\u00f3n del Sistema de Formaci\u00f3n Profesional establecido por la Ley Org\u00e1nica 3\/2022, de 31 de marzo, de ordenaci\u00f3n e integraci\u00f3n de la Formaci\u00f3n Profesional.\" href=\"https:\/\/www.boe.es\/diario_boe\/txt.php?id=BOE-A-2023-9045\" target=\"_blank\" rel=\"noopener noreferrer\">Real Decreto 278\/2023, de 11 de abril, por el que se establece el calendario de implantaci\u00f3n del Sistema de Formaci\u00f3n Profesional establecido por la Ley Org\u00e1nica 3\/2022, de 31 de marzo, de ordenaci\u00f3n e integraci\u00f3n de la Formaci\u00f3n Profesional.<\/a><\/p>\n<p><a title=\"Ley Org\u00e1nica 3\/2022, de 31 de marzo, de ordenaci\u00f3n e integraci\u00f3n de la Formaci\u00f3n Profesional.\" href=\"https:\/\/www.boe.es\/buscar\/act.php?id=BOE-A-2022-5139\" target=\"_blank\" rel=\"noopener noreferrer\">Ley Org\u00e1nica 3\/2022, de 31 de marzo, de ordenaci\u00f3n e integraci\u00f3n de la Formaci\u00f3n Profesional.<\/a><\/p>\n<p><strong>Normativa de aplicaci\u00f3n horas de m\u00f3dulos y FCT:<\/strong><\/p>\n<p><a title=\"Orden de 28 de julio de 2015, por la que se desarrolla el curr\u00edculo correspondiente al t\u00edtulo de T\u00e9cnico Superior en Integraci\u00f3n Social.\" href=\"https:\/\/www.juntadeandalucia.es\/boja\/2015\/187\/12\">Orden de 28 de julio de 2015, por la que se desarrolla el curr\u00edculo correspondiente al t\u00edtulo de T\u00e9cnico Superior en Integraci\u00f3n Social.<\/a><\/p>\n<p><a title=\"Orden de 11 de marzo de 2013, por la que se desarrolla el curr\u00edculo correspondiente al t\u00edtulo de T\u00e9cnico en Atenci\u00f3n a Personas en Situaci\u00f3n de Dependencia.\" href=\"https:\/\/juntadeandalucia.es\/boja\/2013\/78\/9\">Orden de 11 de marzo de 2013, por la que se desarrolla el curr\u00edculo correspondiente al t\u00edtulo de T\u00e9cnico en Atenci\u00f3n a Personas en Situaci\u00f3n de Dependencia.<\/a><\/p>\n<ul>\n<li><a title=\"Resoluci\u00f3n de 26 de junio de 2024, de la Direcci\u00f3n General de Formaci\u00f3n Profesional, por la que se dictan Instrucciones para regular aspectos relativos a la organizaci\u00f3n y al funcionamiento del curso 2024\/2025 en la Comunidad Aut\u00f3noma de Andaluc\u00eda\" href=\"https:\/\/drive.google.com\/file\/d\/1euS1bgMO5K6C7VBDTAhQVQPrE11OLG3X\/view?usp=sharing\" target=\"_blank\" rel=\"noopener\">Resoluci\u00f3n de 26 de junio de 2024, de la Direcci\u00f3n General de Formaci\u00f3n Profesional, por la que se dictan Instrucciones para regular aspectos relativos a la organizaci\u00f3n y al funcionamiento del curso 2024\/2025 en la Comunidad Aut\u00f3noma de Andaluc\u00eda.<\/a><\/li>\n<\/ul>\n<p><strong>FPB\u00e1sica:<\/strong><\/p>\n<p><a title=\"Orden de 8 de noviembre de 2016, por la que se regulan las ense\u00f1anzas de Formaci\u00f3n Profesional B\u00e1sica en Andaluc\u00eda, los criterios y el procedimiento de admisi\u00f3n a las mismas y se desarrollan los curr\u00edculos de veintis\u00e9is t\u00edtulos profesionales b\u00e1sicos.\" href=\"https:\/\/www.juntadeandalucia.es\/boja\/2016\/241\/1\">Orden de 8 de noviembre de 2016, por la que se regulan las ense\u00f1anzas de Formaci\u00f3n Profesional B\u00e1sica en Andaluc\u00eda, los criterios y el procedimiento de admisi\u00f3n a las mismas y se desarrollan los curr\u00edculos de veintis\u00e9is t\u00edtulos profesionales b\u00e1sicos.<\/a><\/p>\n<p>Distribuci\u00f3n horaria semanal, por cursos acad\u00e9micos, de los m\u00f3dulos profesionales del Ciclo Formativo de Formaci\u00f3n Profesional B\u00e1sica de Actividades Dom\u00e9sticas y Limpieza de Edificios:<\/p>\n<p><a title=\"Anexo XXII p\u00e1gina 2062.\" href=\"https:\/\/juntadeandalucia.es\/boja\/2016\/241\/BOJA16-241-00279-21345-08_00103586.pdf\">Anexo XXII p\u00e1gina 2062.<\/a><\/p>\n<p>&nbsp;<\/p>\n","protected":false},"excerpt":{"rendered":"<p>Profesorado: Chica Li\u00e9bana, Francisca (jefa de departamento) (FOL). Hermoso De Castro, Mar\u00eda del Carmen (FOL). Hidalgo Lopezosa, Diego (Intervenci\u00f3n Sociocomunitaria). Guzm\u00e1n Cano, Lidia (Servicios a la Comunidad). Rodr\u00edguez Ramos, Josefa Mar\u00eda (Servicios a la Comunidad). Fernandez \u00c1lvarez, David (Servicio de Restauraci\u00f3n). Olmos Mart\u00ednez, Mar\u00eda (Patronaje y Confecci\u00f3n). Dom\u00ednguez Aceituno, Marina (Servicios a la Comunidad).&nbsp; Aljarilla &hellip; <a href=\"https:\/\/blogsaverroes.juntadeandalucia.es\/iesvirgendelcollado\/religion\/\" class=\"more-link\">Seguir leyendo <span class=\"screen-reader-text\">Familia Profesional de Servicios a la Comunidad<\/span> <span class=\"meta-nav\">&rarr;<\/span><\/a><\/p>\n","protected":false},"author":10574,"featured_media":0,"parent":0,"menu_order":0,"comment_status":"closed","ping_status":"closed","template":"","meta":{"ngg_post_thumbnail":0,"footnotes":"","_mc_calendar":[]},"aioseo_notices":[],"_links":{"self":[{"href":"https:\/\/blogsaverroes.juntadeandalucia.es\/iesvirgendelcollado\/wp-json\/wp\/v2\/pages\/2629"}],"collection":[{"href":"https:\/\/blogsaverroes.juntadeandalucia.es\/iesvirgendelcollado\/wp-json\/wp\/v2\/pages"}],"about":[{"href":"https:\/\/blogsaverroes.juntadeandalucia.es\/iesvirgendelcollado\/wp-json\/wp\/v2\/types\/page"}],"author":[{"embeddable":true,"href":"https:\/\/blogsaverroes.juntadeandalucia.es\/iesvirgendelcollado\/wp-json\/wp\/v2\/users\/10574"}],"replies":[{"embeddable":true,"href":"https:\/\/blogsaverroes.juntadeandalucia.es\/iesvirgendelcollado\/wp-json\/wp\/v2\/comments?post=2629"}],"version-history":[{"count":41,"href":"https:\/\/blogsaverroes.juntadeandalucia.es\/iesvirgendelcollado\/wp-json\/wp\/v2\/pages\/2629\/revisions"}],"predecessor-version":[{"id":6179,"href":"https:\/\/blogsaverroes.juntadeandalucia.es\/iesvirgendelcollado\/wp-json\/wp\/v2\/pages\/2629\/revisions\/6179"}],"wp:attachment":[{"href":"https:\/\/blogsaverroes.juntadeandalucia.es\/iesvirgendelcollado\/wp-json\/wp\/v2\/media?parent=2629"}],"curies":[{"name":"wp","href":"https:\/\/api.w.org\/{rel}","templated":true}]}}