{"id":2661,"date":"2020-10-10T19:41:53","date_gmt":"2020-10-10T19:41:53","guid":{"rendered":"https:\/\/blogsaverroes.juntadeandalucia.es\/iesvirgendelcollado\/?page_id=2661"},"modified":"2023-03-28T09:51:18","modified_gmt":"2023-03-28T07:51:18","slug":"becas","status":"publish","type":"page","link":"https:\/\/blogsaverroes.juntadeandalucia.es\/iesvirgendelcollado\/becas\/","title":{"rendered":"Becas de car\u00e1cter general para el curso acad\u00e9mico 2023-2024, para estudiantes que cursen estudios postobligatorios."},"content":{"rendered":"<p><strong>Becas de car\u00e1cter general para el curso acad\u00e9mico 2023-2024<\/strong>, <strong>para estudiantes que cursen estudios postobligatorios.<\/strong><\/p>\n<p>Con fecha 17 de marzo de 2023 se ha publicado en el BOE el extracto de la Resoluci\u00f3n de 15 de marzo de 2023, de la Secretar\u00eda de Estado de Educaci\u00f3n, por la que se convocan becas de car\u00e1cter general para el curso acad\u00e9mico 2023-2024, para estudiantes que cursen estudios postobligatorios.<\/p>\n<p>El plazo de presentaci\u00f3n de solicitudes est\u00e1 abierto desde el 27 de marzo al 17 de mayo de 2023.<\/p>\n<p><a title=\"SEDE ELECTR\u00d3NICA -MINISTERIO DE EDUCACI\u00d3N. Becas y Ayudas a alumnos de niveles postobligatorios.\" href=\"https:\/\/sede.educacion.gob.es\/sede\/login\/inicio.jjsp?idConvocatoria=1880\" target=\"_blank\" rel=\"noopener noreferrer\">SEDE ELECTR\u00d3NICA -MINISTERIO DE EDUCACI\u00d3N. Becas y Ayudas a alumnos de niveles postobligatorios.<\/a><\/p>\n<p><iframe loading=\"lazy\" src=\"https:\/\/drive.google.com\/file\/d\/1VF-KXx4qY9nUN4ngKyeyVoD1MRZrIrAQ\/preview\" width=\"640\" height=\"480\"><\/iframe><br \/>\n&nbsp;<\/p>\n","protected":false},"excerpt":{"rendered":"<p>Becas de car\u00e1cter general para el curso acad\u00e9mico 2023-2024, para estudiantes que cursen estudios postobligatorios. Con fecha 17 de marzo de 2023 se ha publicado en el BOE el extracto de la Resoluci\u00f3n de 15 de marzo de 2023, de la Secretar\u00eda de Estado de Educaci\u00f3n, por la que se convocan becas de car\u00e1cter general &hellip; <a href=\"https:\/\/blogsaverroes.juntadeandalucia.es\/iesvirgendelcollado\/becas\/\" class=\"more-link\">Seguir leyendo <span class=\"screen-reader-text\">Becas de car\u00e1cter general para el curso acad\u00e9mico 2023-2024, para estudiantes que cursen estudios postobligatorios.<\/span> <span class=\"meta-nav\">&rarr;<\/span><\/a><\/p>\n","protected":false},"author":10574,"featured_media":0,"parent":0,"menu_order":0,"comment_status":"closed","ping_status":"closed","template":"","meta":{"ngg_post_thumbnail":0,"footnotes":"","_mc_calendar":[]},"aioseo_notices":[],"_links":{"self":[{"href":"https:\/\/blogsaverroes.juntadeandalucia.es\/iesvirgendelcollado\/wp-json\/wp\/v2\/pages\/2661"}],"collection":[{"href":"https:\/\/blogsaverroes.juntadeandalucia.es\/iesvirgendelcollado\/wp-json\/wp\/v2\/pages"}],"about":[{"href":"https:\/\/blogsaverroes.juntadeandalucia.es\/iesvirgendelcollado\/wp-json\/wp\/v2\/types\/page"}],"author":[{"embeddable":true,"href":"https:\/\/blogsaverroes.juntadeandalucia.es\/iesvirgendelcollado\/wp-json\/wp\/v2\/users\/10574"}],"replies":[{"embeddable":true,"href":"https:\/\/blogsaverroes.juntadeandalucia.es\/iesvirgendelcollado\/wp-json\/wp\/v2\/comments?post=2661"}],"version-history":[{"count":3,"href":"https:\/\/blogsaverroes.juntadeandalucia.es\/iesvirgendelcollado\/wp-json\/wp\/v2\/pages\/2661\/revisions"}],"predecessor-version":[{"id":4550,"href":"https:\/\/blogsaverroes.juntadeandalucia.es\/iesvirgendelcollado\/wp-json\/wp\/v2\/pages\/2661\/revisions\/4550"}],"wp:attachment":[{"href":"https:\/\/blogsaverroes.juntadeandalucia.es\/iesvirgendelcollado\/wp-json\/wp\/v2\/media?parent=2661"}],"curies":[{"name":"wp","href":"https:\/\/api.w.org\/{rel}","templated":true}]}}