{"id":2773,"date":"2020-11-28T16:01:47","date_gmt":"2020-11-28T16:01:47","guid":{"rendered":"https:\/\/blogsaverroes.juntadeandalucia.es\/iesvirgendelcollado\/?page_id=2773"},"modified":"2026-01-11T21:58:43","modified_gmt":"2026-01-11T19:58:43","slug":"solicitud-de-titulacion","status":"publish","type":"page","link":"https:\/\/blogsaverroes.juntadeandalucia.es\/iesvirgendelcollado\/solicitud-de-titulacion\/","title":{"rendered":"Solicitud de titulaci\u00f3n"},"content":{"rendered":"<p><span style=\"text-decoration: underline\">Requisitos para solicitar el t\u00edtulo de ESO, Bachillerato y Ciclos formativos:<\/span><\/p>\n<p>1. <strong><span style=\"text-decoration: underline\"><a href=\"https:\/\/www.juntadeandalucia.es\/educacion\/secretariavirtual\/accesoTramite\/302\/\" target=\"_blank\" rel=\"noopener\">Acceso a solicitud telem\u00e1tica de expedici\u00f3n de t\u00edtulos del alumnado por Secretar\u00eda Virtual<\/a><\/span><\/strong>.<\/p>\n<p>2. Fotocopia DNI del alumno\/a por las dos caras.<\/p>\n<p>3. Pagar las tasas mediante el<span style=\"text-decoration: underline\"><em><strong> <a href=\"https:\/\/www.juntadeandalucia.es\/economiayhacienda\/apl\/surweb\/modelos\/modelo046\/046.jsp\">modelo 046<\/a><\/strong><\/em><\/span> (cumplimentar telem\u00e1ticamente &#8211; con descuento de 5,50 \u20ac &#8211; o bien imprimir y pagar en cualquier banco).<\/p>\n<p>C\u00d3DIGO TERRITORIAL DEL CENTRO: <strong>ED23F1<\/strong><\/p>\n<h4 class=\"title\"><span style=\"text-decoration: underline\"><a href=\"https:\/\/www.juntadeandalucia.es\/organismos\/economiahaciendayfondoseuropeos\/areas\/tributos-juego\/tributos\/paginas\/cuotatrib_titulos.html\"><span class=\"field field--name-title field--type-string field--label-hidden\">Enlace a la web con la Tasa por expedici\u00f3n de t\u00edtulos acad\u00e9micos y profesionales no universitarios en materia de educaci\u00f3n.<\/span><\/a><\/span><\/h4>\n<hr>\n<p><strong>NOTA IMPORTANTE:<\/strong><\/p>\n<p><strong>1. LA FAMILIA NUMEROSA, CATEGOR\u00cdA GENERAL, ADJUNTAR\u00c1:<\/strong><\/p>\n<p>&nbsp;&nbsp; &nbsp;&#8211; FOTOCOPIA CARNET DE FAMILIA NUMEROSA V\u00c1LIDO HASTA LA FECHA<\/p>\n<p><strong>2. LA FAMILIA NUMEROSA ESPECIAL EST\u00c1 EXENTA DEL PAGO DE TASAS,&nbsp; ADJUNTAR\u00c1:<\/strong><\/p>\n<p>&nbsp;&nbsp; &nbsp;&#8211; FOTOCOPIA CARNET DE FAMILIA NUMEROSA CATEGOR\u00cdA ESPECIAL VALEDERO HASTA LA FECHA<\/p>\n<p><iframe loading=\"lazy\" src=\"https:\/\/drive.google.com\/file\/d\/1dDeOnUXM1m6RQbzDO4sJ_4Vp9DnMNl0a\/preview\" width=\"640\" height=\"480\"><\/iframe><\/p>\n","protected":false},"excerpt":{"rendered":"<p>Requisitos para solicitar el t\u00edtulo de ESO, Bachillerato y Ciclos formativos: 1. Acceso a solicitud telem\u00e1tica de expedici\u00f3n de t\u00edtulos del alumnado por Secretar\u00eda Virtual. 2. Fotocopia DNI del alumno\/a por las dos caras. 3. Pagar las tasas mediante el modelo 046 (cumplimentar telem\u00e1ticamente &#8211; con descuento de 5,50 \u20ac &#8211; o bien imprimir y &hellip; <a href=\"https:\/\/blogsaverroes.juntadeandalucia.es\/iesvirgendelcollado\/solicitud-de-titulacion\/\" class=\"more-link\">Seguir leyendo <span class=\"screen-reader-text\">Solicitud de titulaci\u00f3n<\/span> <span class=\"meta-nav\">&rarr;<\/span><\/a><\/p>\n","protected":false},"author":10578,"featured_media":0,"parent":0,"menu_order":0,"comment_status":"closed","ping_status":"closed","template":"","meta":{"ngg_post_thumbnail":0,"footnotes":"","_mc_calendar":[]},"aioseo_notices":[],"_links":{"self":[{"href":"https:\/\/blogsaverroes.juntadeandalucia.es\/iesvirgendelcollado\/wp-json\/wp\/v2\/pages\/2773"}],"collection":[{"href":"https:\/\/blogsaverroes.juntadeandalucia.es\/iesvirgendelcollado\/wp-json\/wp\/v2\/pages"}],"about":[{"href":"https:\/\/blogsaverroes.juntadeandalucia.es\/iesvirgendelcollado\/wp-json\/wp\/v2\/types\/page"}],"author":[{"embeddable":true,"href":"https:\/\/blogsaverroes.juntadeandalucia.es\/iesvirgendelcollado\/wp-json\/wp\/v2\/users\/10578"}],"replies":[{"embeddable":true,"href":"https:\/\/blogsaverroes.juntadeandalucia.es\/iesvirgendelcollado\/wp-json\/wp\/v2\/comments?post=2773"}],"version-history":[{"count":21,"href":"https:\/\/blogsaverroes.juntadeandalucia.es\/iesvirgendelcollado\/wp-json\/wp\/v2\/pages\/2773\/revisions"}],"predecessor-version":[{"id":6219,"href":"https:\/\/blogsaverroes.juntadeandalucia.es\/iesvirgendelcollado\/wp-json\/wp\/v2\/pages\/2773\/revisions\/6219"}],"wp:attachment":[{"href":"https:\/\/blogsaverroes.juntadeandalucia.es\/iesvirgendelcollado\/wp-json\/wp\/v2\/media?parent=2773"}],"curies":[{"name":"wp","href":"https:\/\/api.w.org\/{rel}","templated":true}]}}