{"id":3054,"date":"2021-04-23T19:13:40","date_gmt":"2021-04-23T19:13:40","guid":{"rendered":"https:\/\/blogsaverroes.juntadeandalucia.es\/iesvirgendelcollado\/?page_id=3054"},"modified":"2026-01-12T15:15:52","modified_gmt":"2026-01-12T13:15:52","slug":"que-es","status":"publish","type":"page","link":"https:\/\/blogsaverroes.juntadeandalucia.es\/iesvirgendelcollado\/que-es\/","title":{"rendered":"ACREDITA"},"content":{"rendered":"<p style=\"text-align: center\"><a href=\"https:\/\/blogsaverroes.juntadeandalucia.es\/iesvirgendelcollado\/que-es\/diapositiva1\/\" rel=\"attachment wp-att-5354\"><img loading=\"lazy\" decoding=\"async\" class=\"alignnone wp-image-5354\" src=\"https:\/\/blogsaverroes.juntadeandalucia.es\/iesvirgendelcollado\/files\/2024\/04\/Diapositiva1-300x64.jpg\" alt=\"\" width=\"478\" height=\"102\" srcset=\"https:\/\/blogsaverroes.juntadeandalucia.es\/iesvirgendelcollado\/files\/2024\/04\/Diapositiva1-300x64.jpg 300w, https:\/\/blogsaverroes.juntadeandalucia.es\/iesvirgendelcollado\/files\/2024\/04\/Diapositiva1-1024x219.jpg 1024w, https:\/\/blogsaverroes.juntadeandalucia.es\/iesvirgendelcollado\/files\/2024\/04\/Diapositiva1-768x165.jpg 768w, https:\/\/blogsaverroes.juntadeandalucia.es\/iesvirgendelcollado\/files\/2024\/04\/Diapositiva1.jpg 1134w\" sizes=\"(max-width: 478px) 100vw, 478px\" \/><\/a><\/p>\n<p><a href=\"https:\/\/blogsaverroes.juntadeandalucia.es\/iesvirgendelcollado\/que-es\/imagen-eu-next-generation\/\" rel=\"attachment wp-att-5410\"><img loading=\"lazy\" decoding=\"async\" class=\"wp-image-5410 aligncenter\" src=\"https:\/\/blogsaverroes.juntadeandalucia.es\/iesvirgendelcollado\/files\/2024\/05\/Imagen-EU-next-generation-300x25.jpg\" alt=\"\" width=\"348\" height=\"29\" srcset=\"https:\/\/blogsaverroes.juntadeandalucia.es\/iesvirgendelcollado\/files\/2024\/05\/Imagen-EU-next-generation-300x25.jpg 300w, https:\/\/blogsaverroes.juntadeandalucia.es\/iesvirgendelcollado\/files\/2024\/05\/Imagen-EU-next-generation.jpg 663w\" sizes=\"(max-width: 348px) 100vw, 348px\" \/><\/a><\/p>\n<article id=\"post-6220\" class=\"post-6220 post type-post status-publish format-standard hentry category-novedades\">\n<div class=\"entry-content\">\n<p><strong><a href=\"https:\/\/drive.google.com\/file\/d\/11wfQR3D7dTp_MGNsleiyG3uj3E4O0NkT\/view?usp=sharing\">Enlace a promoci\u00f3n de ACREDITA en el IES Virgen del Collado.<\/a><\/strong><\/p>\n<p>Enero 2026.<\/p>\n<p><iframe loading=\"lazy\" src=\"https:\/\/drive.google.com\/file\/d\/11wfQR3D7dTp_MGNsleiyG3uj3E4O0NkT\/preview\" width=\"640\" height=\"480\"><\/iframe><\/p>\n<div class=\"addtoany_share_save_container addtoany_content addtoany_content_bottom\">\n<div class=\"a2a_kit a2a_kit_size_32 addtoany_list\" data-a2a-url=\"https:\/\/blogsaverroes.juntadeandalucia.es\/iesvirgendelcollado\/promocion-acredita-entrevista-en-onda-cero-jaen\/\" data-a2a-title=\"Promoci\u00f3n ACREDITA entrevista en Onda Cero Ja\u00e9n\">&nbsp;<\/div>\n<\/div>\n<\/div>\n<\/article>\n<article id=\"post-6208\" class=\"post-6208 post type-post status-publish format-standard hentry category-novedades\">\n<header class=\"entry-header\">\n<div class=\"entry-meta\"><span class=\"cat-links\"><a href=\"https:\/\/blogsaverroes.juntadeandalucia.es\/iesvirgendelcollado\/category\/novedades\/\" rel=\"category tag\">Novedades<\/a><\/span><\/div>\n<\/header>\n<\/article>\n<p><a title=\"Acceso a la zona de descargas de Secretar\u00eda Virtual.\" href=\"https:\/\/www.juntadeandalucia.es\/educacion\/secretariavirtual\/sede\/accesoDescarga\/\" target=\"_blank\" rel=\"noopener\">Acceso a la zona de descargas de Secretar\u00eda Virtual.<\/a><\/p>\n<hr>\n<p>&nbsp;<\/p>\n<p><em><span style=\"color: #000000\"><span style=\"font-family: Source Sans Pro, sans-serif\"><span lang=\"es-ES\">El procedimiento de acreditaci\u00f3n de competencias que se desarrolla en este centro educativo <\/span><\/span><\/span><\/em><em><span style=\"color: #000000\"><span style=\"font-family: Source Sans Pro, sans-serif\"><span lang=\"es-ES\">est\u00e1 financiado por: <\/span><\/span><\/span><\/em><em><span style=\"color: #000000\"><span style=\"font-family: Source Sans Pro, sans-serif\"><span lang=\"es-ES\">el&nbsp;<\/span><\/span><\/span><\/em><em><span style=\"color: #000000\"><span style=\"font-family: Source Sans Pro, sans-serif\"><span lang=\"es-ES\"><a href=\"https:\/\/www.educacionfpydeportes.gob.es\/portada.html\"><strong>Ministerio de Educaci\u00f3n, Formaci\u00f3n Profesional y Deportes<\/strong><\/a>&nbsp;<\/span><\/span><\/span><\/em><em><span style=\"color: #000000\"><span style=\"font-family: Source Sans Pro, sans-serif\"><span lang=\"es-ES\">y la <a href=\"https:\/\/next-generation-eu.europa.eu\/index_es\"><strong>Uni\u00f3n Europea-Next GenerationEU<\/strong><\/a>, en el marco del <\/span><\/span><\/span><\/em><em><span style=\"color: #000000\"><span style=\"font-family: Source Sans Pro, sans-serif\"><span lang=\"es-ES\"><a href=\"https:\/\/planderecuperacion.gob.es\/\"><strong>Plan de Recuperaci\u00f3n, Transformaci\u00f3n y Resiliencia<\/strong><\/a>,<\/span><\/span><\/span><\/em><em><span style=\"color: #000000\"><span style=\"font-family: Source Sans Pro, sans-serif\"><span lang=\"es-ES\"> a trav\u00e9s del <a href=\"https:\/\/planderecuperacion.gob.es\/politicas-y-componentes\/componente-20-plan-estrategico-de-impulso-de-la-formacion-profesional\"><strong>Plan <\/strong><\/a><\/span><\/span><\/span><\/em><strong><em><span style=\"color: #000000\"><span style=\"font-family: Source Sans Pro, sans-serif\"><span lang=\"es-ES\">estrat\u00e9gico de impulso de la&nbsp;<\/span><\/span><\/span><\/em><\/strong><em><span style=\"color: #000000\"><span style=\"font-family: Source Sans Pro, sans-serif\"><span lang=\"es-ES\"><strong>Formaci\u00f3n Profesional<\/strong>,&nbsp;<\/span><\/span><\/span><\/em><em><span style=\"color: #000000\"><span style=\"font-family: Source Sans Pro, sans-serif\"><span lang=\"es-ES\">con fondos <\/span><\/span><\/span><\/em><em><span style=\"color: #000000\"><span style=\"font-family: Source Sans Pro, sans-serif\"><span lang=\"es-ES\">del <strong>Mecanismo de Recuperaci\u00f3n y Resiliencia (MRR).<\/strong><\/span><\/span><\/span><\/em><\/p>\n<hr>\n<p><em><span style=\"color: #000000\"><span style=\"font-family: Source Sans Pro, sans-serif\"><span lang=\"es-ES\">Informaci\u00f3n publicada en el portal web del IACP <\/span><\/span><\/span><\/em><em><span style=\"color: #000000\"><span style=\"font-family: Source Sans Pro, sans-serif\"><span lang=\"es-ES\">relativa a<\/span><\/span><\/span><\/em><em><span style=\"color: #000000\"><span style=\"font-family: Source Sans Pro, sans-serif\"><span lang=\"es-ES\">l&nbsp;<\/span><\/span><\/span><\/em><em><span style=\"color: #000000\"><span style=\"font-family: Source Sans Pro, sans-serif\"><span lang=\"es-ES\">procedimiento abierto y permanente,&nbsp;<\/span><\/span><\/span><\/em><em><span style=\"color: #000000\"><span style=\"font-family: Source Sans Pro, sans-serif\"><span lang=\"es-ES\">y a<\/span><\/span><\/span><\/em><em><span style=\"color: #000000\"><span style=\"font-family: Source Sans Pro, sans-serif\"><span lang=\"es-ES\">&nbsp;las&nbsp;<\/span><\/span><\/span><\/em><em><span style=\"color: #000000\"><span style=\"font-family: Source Sans Pro, sans-serif\"><span lang=\"es-ES\">convocatoria&nbsp;<\/span><\/span><\/span><\/em><em><span style=\"color: #000000\"><span style=\"font-family: Source Sans Pro, sans-serif\"><span lang=\"es-ES\">espec\u00edficas que&nbsp;<\/span><\/span><\/span><\/em><em><span style=\"color: #000000\"><span style=\"font-family: Source Sans Pro, sans-serif\"><span lang=\"es-ES\">s<\/span><\/span><\/span><\/em><em><span style=\"color: #000000\"><span style=\"font-family: Source Sans Pro, sans-serif\"><span lang=\"es-ES\">e lleven a cabo,<\/span><\/span><\/span><\/em><em><span style=\"color: #000000\"><span style=\"font-family: Source Sans Pro, sans-serif\"><span lang=\"es-ES\">&nbsp;<\/span><\/span><\/span><\/em><em><span style=\"color: #000000\"><span style=\"font-family: Source Sans Pro, sans-serif\"><span lang=\"es-ES\">y&nbsp;<\/span><\/span><\/span><\/em><em><span style=\"color: #000000\"><span style=\"font-family: Source Sans Pro, sans-serif\"><span lang=\"es-ES\">que podr\u00e1n encontrar en el siguiente enlace:<\/span><\/span><\/span><\/em><\/p>\n<p><em><a href=\"https:\/\/www.juntadeandalucia.es\/educacion\/portals\/web\/iacp\/convocatorias\" target=\"_blank\" rel=\"noopener\" data-saferedirecturl=\"https:\/\/www.google.com\/url?q=https:\/\/www.juntadeandalucia.es\/educacion\/portals\/web\/iacp\/convocatorias&amp;source=gmail&amp;ust=1713516522131000&amp;usg=AOvVaw1Uq00Tv6VClJ5i2P9cMtsb\">https:\/\/www.juntadeandalucia.es\/educacion\/portals\/web\/iacp\/convocatorias<\/a><\/em><em><span style=\"color: #000000\"><span style=\"font-family: Source Sans Pro, sans-serif\"><span lang=\"es-ES\">&nbsp;.<\/span><\/span><\/span><\/em><\/p>\n<p><span style=\"color: #0000ff\"><a style=\"color: #0000ff\" title=\"Evaluaci\u00f3n y Acreditaci\u00f3n de Competencias Profesionales\" href=\"https:\/\/www.juntadeandalucia.es\/educacion\/acredita\/#\" target=\"_blank\" rel=\"noopener noreferrer\">Evaluaci\u00f3n y Acreditaci\u00f3n de Competencias Profesionales<\/a><\/span><\/p>\n<p style=\"text-align: center\"><iframe loading=\"lazy\" src=\"https:\/\/drive.google.com\/file\/d\/1TV-dChu4vPvw5tEBSnfTaEnRhP97i5LA\/preview\" width=\"640\" height=\"480\"><\/iframe><\/p>\n<p>Es un proceso mediante el cual se otorga una acreditaci\u00f3n oficial a la persona candidata, <strong>previa evaluaci\u00f3n de las competencias profesionales adquiridas por la experiencia laboral y v\u00edas no formales de formaci\u00f3n.<\/strong><\/p>\n<p>Las personas que participen en las convocatorias <strong>podr\u00e1n ver acreditadas unidades de competencia que constituyen una parte de un t\u00edtulo de Formaci\u00f3n Profesional o de un Certificado de Profesionalidad. <\/strong> Al finalizar el procedimiento, la comisi\u00f3n de evaluaci\u00f3n pertinente les indicar\u00e1 la formaci\u00f3n complementaria que el participante tiene que cursar, si desea continuar con su formaci\u00f3n, para poder obtener el t\u00edtulo de Formaci\u00f3n Profesional o el Certificado de Profesionalidad.<\/p>\n<p><a title=\"INCUAL. Familias Profesionales. Niveles de cualificaci\u00f3n.\" href=\"https:\/\/incual.educacion.gob.es\/servicios_cualificaciones\" target=\"_blank\" rel=\"noopener noreferrer\">INCUAL. Familias Profesionales. Niveles de cualificaci\u00f3n.<\/a><\/p>\n<p><a href=\"https:\/\/blogsaverroes.juntadeandalucia.es\/iesvirgendelcollado\/files\/2022\/09\/Acreditaci\u00f3n-de-Competencias-Profesionales-TodoFP-Ministerio-de-Educaci\u00f3n-y-.pdf\">Informaci\u00f3n general. Acreditaci\u00f3n de Competencias Profesionales &#8211; TodoFP&nbsp; Ministerio de Educaci\u00f3n<\/a><\/p>\n<p><a href=\"https:\/\/incual.educacion.gob.es\/servicios_cualificaciones\">Acreditaci\u00f3n en Servicios Socioculturales y a la Comunidad. Descripci\u00f3n. Cualificaciones. Oferta formativa.<\/a><\/p>\n<p><a href=\"https:\/\/www.juntadeandalucia.es\/educacion\/portals\/web\/iacp\/inicio\/-\/novedades\/detalle\/0LMVvT0XMs8J\/nota-informativa-andalucia-acredita-2021\">IACP Instituto Andaluz de Cualificaciones Profesionales. Descarga de acreditaciones.<\/a><\/p>\n<p><a href=\"https:\/\/www.juntadeandalucia.es\/educacion\/secretariavirtual\/sede\/accesoDescarga\/\" target=\"_blank\" rel=\"noopener noreferrer\">Secretar\u00eda virtual.<\/a><\/p>\n<p><a href=\"https:\/\/www.juntadeandalucia.es\/educacion\/portals\/web\/iacp\/coordinadores\">Personas Asesoras y Evaluadoras ACREDITA<\/a><\/p>\n<hr>\n<p>&nbsp;<\/p>\n<p><a title=\"B\u00fasqueda de Centros Entidades de formaci\u00f3n (Especialidades Formativas).\" href=\"https:\/\/sede.sepe.gob.es\/especialidadesformativas\/RXBuscadorEFRED\/InicioBusquedaTipoCentro.do\" target=\"_blank\" rel=\"noopener noreferrer\">B\u00fasqueda de Centros Entidades de formaci\u00f3n (Especialidades Formativas).<\/a><\/p>\n","protected":false},"excerpt":{"rendered":"<p>Enlace a promoci\u00f3n de ACREDITA en el IES Virgen del Collado. Enero 2026. &nbsp; Novedades Acceso a la zona de descargas de Secretar\u00eda Virtual. &nbsp; El procedimiento de acreditaci\u00f3n de competencias que se desarrolla en este centro educativo est\u00e1 financiado por: el&nbsp;Ministerio de Educaci\u00f3n, Formaci\u00f3n Profesional y Deportes&nbsp;y la Uni\u00f3n Europea-Next GenerationEU, en el marco &hellip; <a href=\"https:\/\/blogsaverroes.juntadeandalucia.es\/iesvirgendelcollado\/que-es\/\" class=\"more-link\">Seguir leyendo <span class=\"screen-reader-text\">ACREDITA<\/span> <span class=\"meta-nav\">&rarr;<\/span><\/a><\/p>\n","protected":false},"author":10574,"featured_media":0,"parent":0,"menu_order":0,"comment_status":"closed","ping_status":"closed","template":"","meta":{"ngg_post_thumbnail":0,"footnotes":"","_mc_calendar":[]},"aioseo_notices":[],"_links":{"self":[{"href":"https:\/\/blogsaverroes.juntadeandalucia.es\/iesvirgendelcollado\/wp-json\/wp\/v2\/pages\/3054"}],"collection":[{"href":"https:\/\/blogsaverroes.juntadeandalucia.es\/iesvirgendelcollado\/wp-json\/wp\/v2\/pages"}],"about":[{"href":"https:\/\/blogsaverroes.juntadeandalucia.es\/iesvirgendelcollado\/wp-json\/wp\/v2\/types\/page"}],"author":[{"embeddable":true,"href":"https:\/\/blogsaverroes.juntadeandalucia.es\/iesvirgendelcollado\/wp-json\/wp\/v2\/users\/10574"}],"replies":[{"embeddable":true,"href":"https:\/\/blogsaverroes.juntadeandalucia.es\/iesvirgendelcollado\/wp-json\/wp\/v2\/comments?post=3054"}],"version-history":[{"count":37,"href":"https:\/\/blogsaverroes.juntadeandalucia.es\/iesvirgendelcollado\/wp-json\/wp\/v2\/pages\/3054\/revisions"}],"predecessor-version":[{"id":6226,"href":"https:\/\/blogsaverroes.juntadeandalucia.es\/iesvirgendelcollado\/wp-json\/wp\/v2\/pages\/3054\/revisions\/6226"}],"wp:attachment":[{"href":"https:\/\/blogsaverroes.juntadeandalucia.es\/iesvirgendelcollado\/wp-json\/wp\/v2\/media?parent=3054"}],"curies":[{"name":"wp","href":"https:\/\/api.w.org\/{rel}","templated":true}]}}