{"id":35,"date":"2015-03-13T08:21:43","date_gmt":"2015-03-13T08:21:43","guid":{"rendered":"http:\/\/blogsaverroes.juntadeandalucia.es\/pre\/ceip\/?page_id=35"},"modified":"2025-02-19T12:33:32","modified_gmt":"2025-02-19T10:33:32","slug":"el-centro-2","status":"publish","type":"page","link":"https:\/\/blogsaverroes.juntadeandalucia.es\/iesvirgendelcollado\/el-centro-2\/","title":{"rendered":"Datos del centro"},"content":{"rendered":"<p><a href=\"https:\/\/blogsaverroes.juntadeandalucia.es\/iesvirgendelcollado\/files\/2025\/02\/photo_2025-02-19_11-33-04.jpg\"><img loading=\"lazy\" decoding=\"async\" class=\"size-medium wp-image-5825 aligncenter\" src=\"https:\/\/blogsaverroes.juntadeandalucia.es\/iesvirgendelcollado\/files\/2025\/02\/photo_2025-02-19_11-33-04-300x300.jpg\" alt=\"\" width=\"300\" height=\"300\" srcset=\"https:\/\/blogsaverroes.juntadeandalucia.es\/iesvirgendelcollado\/files\/2025\/02\/photo_2025-02-19_11-33-04-300x300.jpg 300w, https:\/\/blogsaverroes.juntadeandalucia.es\/iesvirgendelcollado\/files\/2025\/02\/photo_2025-02-19_11-33-04-150x150.jpg 150w, https:\/\/blogsaverroes.juntadeandalucia.es\/iesvirgendelcollado\/files\/2025\/02\/photo_2025-02-19_11-33-04.jpg 500w\" sizes=\"(max-width: 300px) 100vw, 300px\" \/><\/a><iframe loading=\"lazy\" src=\"https:\/\/www.google.com\/maps\/embed?pb=!1m18!1m12!1m3!1d3044.0022751688075!2d-3.2003396655935634!3d38.2517090239321!2m3!1f0!2f0!3f0!3m2!1i1024!2i768!4f13.1!3m3!1m2!1s0xd6ee711772f974b%3A0xc42bade6d39f41b!2sIES%20Virgen%20del%20Collado!5e0!3m2!1ses!2ses!4v1657178749771!5m2!1ses!2ses\" width=\"600\" height=\"450\"><\/iframe><\/p>\n<p>IES \u00bb VIRGEN DEL COLLADO\u00bb<\/p>\n<p><strong>Direcci\u00f3n:<\/strong> Avenida de Andaluc\u00eda, n\u00ba 6. 23250 Santisteban del Puerto. Ja\u00e9n<\/p>\n<p><strong>Tel\u00e9fono: 953 40 99 00<\/strong><br \/>\n<strong>Email:<\/strong> 23700566.edu@juntadeandalucia.es<\/p>\n<hr>\n<h4>Facturaci\u00f3n electr\u00f3nica<\/h4>\n<p>CIF: <strong>S4111001F<\/strong><\/p>\n<p><strong>Oficina contable: A01004456<\/strong><\/p>\n<p>Intervenci\u00f3n General de la Junta de Andaluc\u00eda<\/p>\n<p><strong>Unidad tramitadora: GE0010526<\/strong><\/p>\n<p>Centros educativos<\/p>\n<p><strong>\u00d3rgano gestor: GE0008892<\/strong><\/p>\n<p>IES Virgen del Collado (Santisteban del Puerto -Ja\u00e9n-) &#8211; 23700566<\/p>\n<p><a title=\"Canal REDEJA Agencia Andaluza de Energ\u00eda\" href=\"https:\/\/ws211.juntadeandalucia.es\/redeja\/login.form\" target=\"_blank\" rel=\"noopener\">Canal REDEJA Agencia Andaluza de Energ\u00eda.<\/a><\/p>\n<hr>\n<h4><strong>Horarios<\/strong><\/h4>\n<p>Julio de 9 a 14 h.<\/p>\n<p>De septiembre a junio de 8:15 h. a 14:45 h.<\/p>\n<h4><strong>Oferta educativa<\/strong><\/h4>\n<ul>\n<li>Educaci\u00f3n Secundaria Obligatoria.<\/li>\n<li>Bachillerato Ciencias.<\/li>\n<li>Bachillerato Humanidades y Ciencias Sociales.<\/li>\n<li>Ciclo Formativo de Grado B\u00e1sico en Actividades Dom\u00e9sticas y Limpieza de Edificios.<\/li>\n<li>Ciclo Formativo de Grado Medio ( CFGM) en Atenci\u00f3n a Personas en Situaci\u00f3n de Dependencia.<\/li>\n<li>Ciclo Formativo de Grado Superior ( CFGS) en Integraci\u00f3n Social.<\/li>\n<\/ul>\n<h4><a title=\"Resoluci\u00f3n de 14 de diciembre de 2022, de la Direcci\u00f3n General de Trabajo, Seguridad y Salud Laboral, por la que se publica la relaci\u00f3n de fiestas locales de los municipios de la Comunidad Aut\u00f3noma de Andaluc\u00eda para el a\u00f1o 2023.\" href=\"https:\/\/juntadeandalucia.es\/boja\/2022\/243\/41#descargas\" target=\"_blank\" rel=\"noopener noreferrer\">Resoluci\u00f3n de 14 de diciembre de 2022, de la Direcci\u00f3n General de Trabajo, Seguridad y Salud Laboral, por la que se publica la relaci\u00f3n de fiestas locales de los municipios de la Comunidad Aut\u00f3noma de Andaluc\u00eda para el a\u00f1o 2023.<\/a><\/h4>\n<hr>\n<p><a title=\"C\u00f3mo configurar la nueva red Andared Corporativo en tu dispositivo\" href=\"https:\/\/www.youtube.com\/watch?v=Jsthn3l8IE8\">C\u00f3mo configurar la nueva red Andared Corporativo en tu dispositivo<\/a><\/p>\n<p>Facebook: <a href=\"https:\/\/www.facebook.com\/people\/Collado-Ies-Virgen\/pfbid0pydBXdPkF4Mx9sZuDpQkpESwfV43swPreKQr3Noi5Q6BKbsbESYj5h5QuUaPRj1nl\/\">Collado Ies Virgen<\/a><\/p>\n<p><a href=\"https:\/\/www.facebook.com\/people\/Collado-Ies-Virgen\/pfbid0pydBXdPkF4Mx9sZuDpQkpESwfV43swPreKQr3Noi5Q6BKbsbESYj5h5QuUaPRj1nl\/\"><img loading=\"lazy\" decoding=\"async\" class=\"wp-image-5589 size-full aligncenter\" src=\"https:\/\/blogsaverroes.juntadeandalucia.es\/iesvirgendelcollado\/files\/2024\/07\/images-facebook.png\" alt=\"\" width=\"225\" height=\"225\" srcset=\"https:\/\/blogsaverroes.juntadeandalucia.es\/iesvirgendelcollado\/files\/2024\/07\/images-facebook.png 225w, https:\/\/blogsaverroes.juntadeandalucia.es\/iesvirgendelcollado\/files\/2024\/07\/images-facebook-150x150.png 150w\" sizes=\"(max-width: 225px) 100vw, 225px\" \/><\/a><\/p>\n<p>Instagram:<a href=\"https:\/\/www.instagram.com\/iesvcollado\/\"> @iesvcollado<\/a><\/p>\n<p><a href=\"https:\/\/www.instagram.com\/iesvcollado\/\"><img loading=\"lazy\" decoding=\"async\" class=\"aligncenter wp-image-5591 size-full\" src=\"https:\/\/blogsaverroes.juntadeandalucia.es\/iesvirgendelcollado\/files\/2024\/07\/insta-imagen.png\" alt=\"\" width=\"247\" height=\"244\"><\/a><\/p>\n<p>Youtube: <a href=\"https:\/\/www.youtube.com\/channel\/UCdA5iKDEitKWk2bUndlovgA\">@iesvirgendelcollado992<\/a><\/p>\n<p style=\"text-align: center\"><a href=\"https:\/\/blogsaverroes.juntadeandalucia.es\/iesvirgendelcollado\/files\/2024\/07\/youtube-logo.jpg\"><img loading=\"lazy\" decoding=\"async\" class=\"alignnone size-full wp-image-5597\" src=\"https:\/\/blogsaverroes.juntadeandalucia.es\/iesvirgendelcollado\/files\/2024\/07\/youtube-logo.jpg\" alt=\"\" width=\"194\" height=\"182\"><\/a><\/p>\n<p>Biblioteca: @bibliotecaiesvirgendelcollado<\/p>\n<p style=\"text-align: center\"><a href=\"https:\/\/www.tiktok.com\/@biblio.ies.virgen?_t=8nqj1SPNVZI&amp;_r=1\"><img loading=\"lazy\" decoding=\"async\" class=\"alignnone wp-image-5600 size-full\" src=\"https:\/\/blogsaverroes.juntadeandalucia.es\/iesvirgendelcollado\/files\/2024\/07\/biblioteca-1.jpg\" alt=\"\" width=\"227\" height=\"209\"><\/a><\/p>\n<p style=\"text-align: left\">Tik Tok: @biblio.ies.virgen<\/p>\n<p style=\"text-align: center\"><a href=\"https:\/\/www.tiktok.com\/@biblio.ies.virgen?_t=8nqj1SPNVZI&amp;_r=1\"><img loading=\"lazy\" decoding=\"async\" class=\"alignnone wp-image-5602 size-full\" src=\"https:\/\/blogsaverroes.juntadeandalucia.es\/iesvirgendelcollado\/files\/2024\/07\/tiktok.jpg\" alt=\"\" width=\"204\" height=\"192\"><\/a><\/p>\n<p style=\"text-align: left\">&nbsp;<\/p>\n<hr>\n<p>&nbsp;<\/p>\n","protected":false},"excerpt":{"rendered":"<p>IES \u00bb VIRGEN DEL COLLADO\u00bb Direcci\u00f3n: Avenida de Andaluc\u00eda, n\u00ba 6. 23250 Santisteban del Puerto. Ja\u00e9n Tel\u00e9fono: 953 40 99 00 Email: 23700566.edu@juntadeandalucia.es Facturaci\u00f3n electr\u00f3nica CIF: S4111001F Oficina contable: A01004456 Intervenci\u00f3n General de la Junta de Andaluc\u00eda Unidad tramitadora: GE0010526 Centros educativos \u00d3rgano gestor: GE0008892 IES Virgen del Collado (Santisteban del Puerto -Ja\u00e9n-) &#8211; 23700566 &hellip; <a href=\"https:\/\/blogsaverroes.juntadeandalucia.es\/iesvirgendelcollado\/el-centro-2\/\" class=\"more-link\">Seguir leyendo <span class=\"screen-reader-text\">Datos del centro<\/span> <span class=\"meta-nav\">&rarr;<\/span><\/a><\/p>\n","protected":false},"author":1,"featured_media":0,"parent":0,"menu_order":0,"comment_status":"closed","ping_status":"closed","template":"","meta":{"ngg_post_thumbnail":0,"footnotes":"","_mc_calendar":[]},"aioseo_notices":[],"_links":{"self":[{"href":"https:\/\/blogsaverroes.juntadeandalucia.es\/iesvirgendelcollado\/wp-json\/wp\/v2\/pages\/35"}],"collection":[{"href":"https:\/\/blogsaverroes.juntadeandalucia.es\/iesvirgendelcollado\/wp-json\/wp\/v2\/pages"}],"about":[{"href":"https:\/\/blogsaverroes.juntadeandalucia.es\/iesvirgendelcollado\/wp-json\/wp\/v2\/types\/page"}],"author":[{"embeddable":true,"href":"https:\/\/blogsaverroes.juntadeandalucia.es\/iesvirgendelcollado\/wp-json\/wp\/v2\/users\/1"}],"replies":[{"embeddable":true,"href":"https:\/\/blogsaverroes.juntadeandalucia.es\/iesvirgendelcollado\/wp-json\/wp\/v2\/comments?post=35"}],"version-history":[{"count":56,"href":"https:\/\/blogsaverroes.juntadeandalucia.es\/iesvirgendelcollado\/wp-json\/wp\/v2\/pages\/35\/revisions"}],"predecessor-version":[{"id":5826,"href":"https:\/\/blogsaverroes.juntadeandalucia.es\/iesvirgendelcollado\/wp-json\/wp\/v2\/pages\/35\/revisions\/5826"}],"wp:attachment":[{"href":"https:\/\/blogsaverroes.juntadeandalucia.es\/iesvirgendelcollado\/wp-json\/wp\/v2\/media?parent=35"}],"curies":[{"name":"wp","href":"https:\/\/api.w.org\/{rel}","templated":true}]}}