{"id":3708,"date":"2022-09-04T21:33:59","date_gmt":"2022-09-04T19:33:59","guid":{"rendered":"https:\/\/blogsaverroes.juntadeandalucia.es\/iesvirgendelcollado\/?page_id=3708"},"modified":"2024-05-17T13:24:09","modified_gmt":"2024-05-17T11:24:09","slug":"bilinguismo","status":"publish","type":"page","link":"https:\/\/blogsaverroes.juntadeandalucia.es\/iesvirgendelcollado\/bilinguismo\/","title":{"rendered":"Bilingualism"},"content":{"rendered":"<p><span style=\"text-decoration: underline\"><strong><a href=\"https:\/\/blogsaverroes.juntadeandalucia.es\/plurilinguismodelegacionjaen\/cronograma-de-actuaciones-relacionadas-con-auxiliares-de-conversacion-curso-2023-2024\/\">ENLACE WEB AL PORTAL DE PLURILING\u00dcISMO DE LA CONSEJER\u00cdA.<\/a><\/strong><\/span><\/p>\n<p style=\"text-align: center\"><a href=\"https:\/\/blogsaverroes.juntadeandalucia.es\/iesvirgendelcollado\/bilinguismo\/conversation-assistant\/\" rel=\"attachment wp-att-5051\"><img loading=\"lazy\" decoding=\"async\" class=\"alignnone wp-image-5051\" src=\"https:\/\/blogsaverroes.juntadeandalucia.es\/iesvirgendelcollado\/files\/2023\/10\/ron-is-here-300x169.jpg\" alt=\"\" width=\"454\" height=\"256\" srcset=\"https:\/\/blogsaverroes.juntadeandalucia.es\/iesvirgendelcollado\/files\/2023\/10\/ron-is-here-300x169.jpg 300w, https:\/\/blogsaverroes.juntadeandalucia.es\/iesvirgendelcollado\/files\/2023\/10\/ron-is-here-1024x576.jpg 1024w, https:\/\/blogsaverroes.juntadeandalucia.es\/iesvirgendelcollado\/files\/2023\/10\/ron-is-here-768x432.jpg 768w, https:\/\/blogsaverroes.juntadeandalucia.es\/iesvirgendelcollado\/files\/2023\/10\/ron-is-here.jpg 1280w\" sizes=\"(max-width: 454px) 100vw, 454px\" \/><\/a><\/p>\n<hr>\n<p style=\"text-align: center\"><a title=\"Assistant teacher.\" href=\"https:\/\/drive.google.com\/file\/d\/1URjSlMe9xJ50hkAJFe6Jaj2wyhHNRxqK\/view?usp=share_link\" target=\"_blank\" rel=\"noopener noreferrer\">Assistant teacher.<\/a><\/p>\n<p><iframe loading=\"lazy\" src=\"https:\/\/drive.google.com\/file\/d\/1URjSlMe9xJ50hkAJFe6Jaj2wyhHNRxqK\/preview\" width=\"640\" height=\"480\"><\/iframe><br \/>\n&nbsp;<\/p>\n<p><a title=\"Web Novedades Pluriling\u00fcismo Consejer\u00eda Desarrollo Educativo y FP.\" href=\"https:\/\/portals.ced.junta-andalucia.es\/educacion\/portals\/web\/plurilinguismo\/novedades\/-\/contenidos\/detalle\/ficha-informativa-para-auxiliares-de-conversacion-1f0j7503bhaq5\">Web Novedades Pluriling\u00fcismo Consejer\u00eda Desarrollo Educativo y FP.<\/a><\/p>\n<p><a title=\"AUX@ND. Programa de Auxiliares de Conversaci\u00f3n de Andaluc\u00eda.\" href=\"https:\/\/ws098.juntadeandalucia.es\/educacion\/auxcon\/r\/auxiliar-conversacion\/login?session=1533661110397\">AUX@ND. Programa de Auxiliares de Conversaci\u00f3n de Andaluc\u00eda.<\/a><\/p>\n<hr>\n<p><a href=\"https:\/\/drive.google.com\/file\/d\/1VeyKLLSlPPzqguvJmFKzJ-Pk_aBkQ5VQ\/view?usp=sharing\" target=\"_blank\" rel=\"noopener noreferrer\"><strong><span style=\"color: #0000ff\">ENLACE A LAS INSTRUCCIONES SOBRE ORGANIZACI\u00d3N Y FUNCIONAMIENTO BILING\u00dcE EN LOS CENTROS EDUCATIVOS PARA 2023\/2024<\/span><\/strong><\/a>.<\/p>\n<p><strong><em><a href=\"https:\/\/usie.es\/andalucia\/legislacion\/plan-de-plurilinguismo\/\">Enlace a normativa centros bilingues. Uni\u00f3n Sindical de Inspectores de Educaci\u00f3n.<\/a><\/em><\/strong><\/p>\n<p><a title=\"\u00d3rdenes que regulan titulaciones y certificaciones ling\u00fc\u00edsticas que permiten impartir ense\u00f1anza biling\u00fce en la Comunidad Aut\u00f3noma de Andaluc\u00eda hasta 2022, con actualizaci\u00f3n hasta el 17 de enero de 2023.\" href=\"https:\/\/www.calameo.com\/csif\/read\/005347938b08ef0003e09\">\u00d3rdenes que regulan titulaciones y certificaciones ling\u00fc\u00edsticas que permiten impartir ense\u00f1anza biling\u00fce en la Comunidad Aut\u00f3noma de Andaluc\u00eda hasta 2022, con actualizaci\u00f3n hasta el 17 de enero de 2023.<\/a><\/p>\n<p><a title=\"Certificaciones ling\u00fc\u00edsticas.\" href=\"https:\/\/portals.ced.junta-andalucia.es\/educacion\/portals\/web\/plurilinguismo\/titulaciones-y-certificaciones-que-permiten-la-imparticion-de-ensenanza-bilingue?fbclid=IwAR0epZtd-tWSeqYC5fr2VVnbHchyf_N0aqShMSRhP_sq0Drwe8qMmXaC0mY\">Certificaciones ling\u00fc\u00edsticas.<\/a><\/p>\n<hr>\n<p><a href=\"https:\/\/youtu.be\/gMWK0nYxPnM\">Tutorial S\u00e9neca para Coordinaci\u00f3n Biling\u00fce<\/a><\/p>\n<p style=\"text-align: center\">The 2023-2024 academic year begins with the gradual implementation of the Bilingualism Program in English in 1st ESO and 2nd ESO. Coordinated by teacher Ms. Mar\u00eda Adela Sola L\u00f3pez together with the technical assistance of the head of the English department Mr. Luis Miguel Luna Perea and his language department colleagues.<\/p>\n<hr>\n","protected":false},"excerpt":{"rendered":"<p>ENLACE WEB AL PORTAL DE PLURILING\u00dcISMO DE LA CONSEJER\u00cdA. Assistant teacher. &nbsp; Web Novedades Pluriling\u00fcismo Consejer\u00eda Desarrollo Educativo y FP. AUX@ND. Programa de Auxiliares de Conversaci\u00f3n de Andaluc\u00eda. ENLACE A LAS INSTRUCCIONES SOBRE ORGANIZACI\u00d3N Y FUNCIONAMIENTO BILING\u00dcE EN LOS CENTROS EDUCATIVOS PARA 2023\/2024. Enlace a normativa centros bilingues. Uni\u00f3n Sindical de Inspectores de Educaci\u00f3n. \u00d3rdenes &hellip; <a href=\"https:\/\/blogsaverroes.juntadeandalucia.es\/iesvirgendelcollado\/bilinguismo\/\" class=\"more-link\">Seguir leyendo <span class=\"screen-reader-text\">Bilingualism<\/span> <span class=\"meta-nav\">&rarr;<\/span><\/a><\/p>\n","protected":false},"author":10578,"featured_media":0,"parent":0,"menu_order":0,"comment_status":"closed","ping_status":"closed","template":"","meta":{"ngg_post_thumbnail":0,"footnotes":"","_mc_calendar":[]},"aioseo_notices":[],"_links":{"self":[{"href":"https:\/\/blogsaverroes.juntadeandalucia.es\/iesvirgendelcollado\/wp-json\/wp\/v2\/pages\/3708"}],"collection":[{"href":"https:\/\/blogsaverroes.juntadeandalucia.es\/iesvirgendelcollado\/wp-json\/wp\/v2\/pages"}],"about":[{"href":"https:\/\/blogsaverroes.juntadeandalucia.es\/iesvirgendelcollado\/wp-json\/wp\/v2\/types\/page"}],"author":[{"embeddable":true,"href":"https:\/\/blogsaverroes.juntadeandalucia.es\/iesvirgendelcollado\/wp-json\/wp\/v2\/users\/10578"}],"replies":[{"embeddable":true,"href":"https:\/\/blogsaverroes.juntadeandalucia.es\/iesvirgendelcollado\/wp-json\/wp\/v2\/comments?post=3708"}],"version-history":[{"count":31,"href":"https:\/\/blogsaverroes.juntadeandalucia.es\/iesvirgendelcollado\/wp-json\/wp\/v2\/pages\/3708\/revisions"}],"predecessor-version":[{"id":5444,"href":"https:\/\/blogsaverroes.juntadeandalucia.es\/iesvirgendelcollado\/wp-json\/wp\/v2\/pages\/3708\/revisions\/5444"}],"wp:attachment":[{"href":"https:\/\/blogsaverroes.juntadeandalucia.es\/iesvirgendelcollado\/wp-json\/wp\/v2\/media?parent=3708"}],"curies":[{"name":"wp","href":"https:\/\/api.w.org\/{rel}","templated":true}]}}