{"id":3779,"date":"2022-09-08T16:14:55","date_gmt":"2022-09-08T14:14:55","guid":{"rendered":"https:\/\/blogsaverroes.juntadeandalucia.es\/iesvirgendelcollado\/?page_id=3779"},"modified":"2022-09-08T16:14:55","modified_gmt":"2022-09-08T14:14:55","slug":"proyecto-steam","status":"publish","type":"page","link":"https:\/\/blogsaverroes.juntadeandalucia.es\/iesvirgendelcollado\/proyecto-steam\/","title":{"rendered":"Proyecto Steam"},"content":{"rendered":"<p>Con fecha 23 de julio de 2021 se publica en el Bolet\u00edn Oficial de la Junta de Andaluc\u00eda la&nbsp;<a href=\"https:\/\/juntadeandalucia.es\/eboja\/2021\/141\/BOJA21-141-00011-12336-01_00196174.pdf\" target=\"_blank\" rel=\"noopener noreferrer\">Resoluci\u00f3n de 16 de julio de 2021<\/a>, de la Direcci\u00f3n General de Formaci\u00f3n del Profesorado e Innovaci\u00f3n Educativa, por la que se convoca a los centros docentes sostenidos con fondos p\u00fablicos de Educaci\u00f3n Infantil, Primaria y Secundaria para el desarrollo del \u00ab<strong>Proyecto STEAM: Investigaci\u00f3n Aeroespacial aplicada al aula<\/strong>\u00bb, durante el curso escolar&nbsp;<strong>2021-2022<\/strong>.<\/p>\n<p>Adem\u00e1s los centros participantes tendr\u00e1n acceso a:<\/p>\n<ul>\n<li>Kits y recursos aeroespaciales.<\/li>\n<li>Formaci\u00f3n en la manipulaci\u00f3n de dichos recursos as\u00ed como en el proceso de participaci\u00f3n en concursos aeroespaciales.<\/li>\n<li>Visitas educativas aeroespaciales.<\/li>\n<\/ul>\n<p style=\"text-align: center\"><a href=\"https:\/\/www.juntadeandalucia.es\/educacion\/portals\/web\/transformacion-digital-educativa\/proyecto_steam\">Enlace a p\u00e1gina web Proyevto Steam Consejer\u00eda Desarrollo Educativo<\/a><\/p>\n<p style=\"text-align: center\"><a href=\"https:\/\/www.juntadeandalucia.es\/educacion\/portals\/web\/ced\/innovacion-educativa\/investigacion\/proyectos\/proyecto-steam\">Informaci\u00f3n actualizada sep 2022 Proyecto Steam<\/a><\/p>\n","protected":false},"excerpt":{"rendered":"<p>Con fecha 23 de julio de 2021 se publica en el Bolet\u00edn Oficial de la Junta de Andaluc\u00eda la&nbsp;Resoluci\u00f3n de 16 de julio de 2021, de la Direcci\u00f3n General de Formaci\u00f3n del Profesorado e Innovaci\u00f3n Educativa, por la que se convoca a los centros docentes sostenidos con fondos p\u00fablicos de Educaci\u00f3n Infantil, Primaria y Secundaria &hellip; <a href=\"https:\/\/blogsaverroes.juntadeandalucia.es\/iesvirgendelcollado\/proyecto-steam\/\" class=\"more-link\">Seguir leyendo <span class=\"screen-reader-text\">Proyecto Steam<\/span> <span class=\"meta-nav\">&rarr;<\/span><\/a><\/p>\n","protected":false},"author":10578,"featured_media":0,"parent":0,"menu_order":0,"comment_status":"closed","ping_status":"closed","template":"","meta":{"ngg_post_thumbnail":0,"footnotes":"","_mc_calendar":[]},"aioseo_notices":[],"_links":{"self":[{"href":"https:\/\/blogsaverroes.juntadeandalucia.es\/iesvirgendelcollado\/wp-json\/wp\/v2\/pages\/3779"}],"collection":[{"href":"https:\/\/blogsaverroes.juntadeandalucia.es\/iesvirgendelcollado\/wp-json\/wp\/v2\/pages"}],"about":[{"href":"https:\/\/blogsaverroes.juntadeandalucia.es\/iesvirgendelcollado\/wp-json\/wp\/v2\/types\/page"}],"author":[{"embeddable":true,"href":"https:\/\/blogsaverroes.juntadeandalucia.es\/iesvirgendelcollado\/wp-json\/wp\/v2\/users\/10578"}],"replies":[{"embeddable":true,"href":"https:\/\/blogsaverroes.juntadeandalucia.es\/iesvirgendelcollado\/wp-json\/wp\/v2\/comments?post=3779"}],"version-history":[{"count":1,"href":"https:\/\/blogsaverroes.juntadeandalucia.es\/iesvirgendelcollado\/wp-json\/wp\/v2\/pages\/3779\/revisions"}],"predecessor-version":[{"id":3781,"href":"https:\/\/blogsaverroes.juntadeandalucia.es\/iesvirgendelcollado\/wp-json\/wp\/v2\/pages\/3779\/revisions\/3781"}],"wp:attachment":[{"href":"https:\/\/blogsaverroes.juntadeandalucia.es\/iesvirgendelcollado\/wp-json\/wp\/v2\/media?parent=3779"}],"curies":[{"name":"wp","href":"https:\/\/api.w.org\/{rel}","templated":true}]}}