{"id":3792,"date":"2022-09-10T09:08:25","date_gmt":"2022-09-10T07:08:25","guid":{"rendered":"https:\/\/blogsaverroes.juntadeandalucia.es\/iesvirgendelcollado\/?page_id=3792"},"modified":"2022-09-10T23:44:38","modified_gmt":"2022-09-10T21:44:38","slug":"3792-2","status":"publish","type":"page","link":"https:\/\/blogsaverroes.juntadeandalucia.es\/iesvirgendelcollado\/3792-2\/","title":{"rendered":"TDE. Plataformas Virtuales"},"content":{"rendered":"<p style=\"text-align: center\"><strong>Transformaci\u00f3n &nbsp;Digital Educativa (TDE). Plataformas y recursos educativos<\/strong><\/p>\n<figure id=\"attachment_3793\" aria-describedby=\"caption-attachment-3793\" style=\"width: 300px\" class=\"wp-caption aligncenter\"><a href=\"https:\/\/recursostde.notion.site\/Moodle-Centros-e88217d231b74653976d2eade3203140\"><img loading=\"lazy\" decoding=\"async\" class=\"wp-image-3793 size-medium\" src=\"https:\/\/blogsaverroes.juntadeandalucia.es\/iesvirgendelcollado\/files\/2022\/09\/2EA8C4B5-CED1-46E4-AB82-E8A5E338BDB1-300x118.png\" alt=\"Enlace a UTILIDADES Y RECURSOS MOODLE CENTROS\" width=\"300\" height=\"118\" srcset=\"https:\/\/blogsaverroes.juntadeandalucia.es\/iesvirgendelcollado\/files\/2022\/09\/2EA8C4B5-CED1-46E4-AB82-E8A5E338BDB1-300x118.png 300w, https:\/\/blogsaverroes.juntadeandalucia.es\/iesvirgendelcollado\/files\/2022\/09\/2EA8C4B5-CED1-46E4-AB82-E8A5E338BDB1.png 357w\" sizes=\"(max-width: 300px) 100vw, 300px\" \/><\/a><figcaption id=\"caption-attachment-3793\" class=\"wp-caption-text\"><span style=\"color: #ff0000\">Enlace a UTILIDADES Y RECURSOS MOODLE CENTROS<\/span><\/figcaption><\/figure>\n<p><em><span style=\"color: #0000ff\"><strong><a style=\"color: #0000ff\" href=\"https:\/\/www.juntadeandalucia.es\/educacion\/portals\/web\/transformacion-digital-educativa\/moodle-centros\">Moodle<\/a><a style=\"color: #0000ff\" href=\"https:\/\/www.juntadeandalucia.es\/educacion\/portals\/web\/transformacion-digital-educativa\/moodle-centros\"> centros Ja\u00e9n<\/a>.<br \/>\n<\/strong><\/span><\/em>En el IES Virgen del Collado, Moodle Centros&nbsp; es la herramienta de gesti\u00f3n de aprendizaje (LMS), de Software Libre y gratuito, concebida para ayudar al profesorado a crear comunidades de aprendizaje en l\u00ednea, facilitando la gesti\u00f3n de contenidos, la comunicaci\u00f3n y la evaluaci\u00f3n. Su dise\u00f1o est\u00e1 inspirado en el constructivismo y en el aprendizaje cooperativo.<\/p>\n<p style=\"text-align: center\"><strong><a href=\"https:\/\/educacionadistancia.juntadeandalucia.es\/centros\/jaen\/\">Acceso a Moodle centros Ja\u00e9n<\/a><\/strong><\/p>\n<p style=\"text-align: center\"><a href=\"https:\/\/youtu.be\/v2YNUIVz7CE\">Tutorial recordat\u00f3rio in\u00edcio Moodle Centros<\/a><\/p>\n<figure id=\"attachment_3800\" aria-describedby=\"caption-attachment-3800\" style=\"width: 300px\" class=\"wp-caption aligncenter\"><a href=\"https:\/\/recursostde.notion.site\/Plataforma-Google-8905754c7d384859b3a67487409cfb4d\"><img loading=\"lazy\" decoding=\"async\" class=\"wp-image-3800 size-full\" src=\"https:\/\/blogsaverroes.juntadeandalucia.es\/iesvirgendelcollado\/files\/2022\/09\/D44C95E4-C6A6-4F83-BC1A-E773A3495DB4.png\" alt=\"Enlace a LISTADO RECURSOS GOOGLE WORKSPACE\" width=\"300\" height=\"168\"><\/a><figcaption id=\"caption-attachment-3800\" class=\"wp-caption-text\"><span style=\"color: #ff0000\">Enlace a LISTADO RECURSOS GOOGLE WORKSPACE<\/span><\/figcaption><\/figure>\n<p><a href=\"https:\/\/recursostde.notion.site\/Plataforma-Google-8905754c7d384859b3a67487409cfb4d\"><span style=\"color: #0000ff\"><strong>Google Workspace<\/strong><\/span><br \/>\n<\/a>&nbsp;El alumnado, profesorado y personal de nuestro &nbsp;centro dispone de la plataforma GSuite para su uso educativo gestionada por la Consejer\u00eda de Desarrollo Educativo y Formaci\u00f3n Profesional de la Junta de Andaluc\u00eda,, bajo el dominio <span style=\"color: #ff0000\"><strong>@g.educaand.es<\/strong><\/span> con un funcionamiento similar a las @gmail.com, si bien sus servicios est\u00e1n adaptados a las necesidades de un entorno educativo.<\/p>\n<p style=\"text-align: center\"><a href=\"https:\/\/www.juntadeandalucia.es\/educacion\/eaprendizaje\/gsuite\/\"><strong>GSuite en eAprendizaje. Preguntas frecuentes.<\/strong><br \/>\n<\/a><\/p>\n<blockquote>\n<figure id=\"attachment_3801\" aria-describedby=\"caption-attachment-3801\" style=\"width: 300px\" class=\"wp-caption aligncenter\"><a href=\"https:\/\/recursostde.notion.site\/Microsoft-Educaci-n-ce260fb74e7842eb92a977a99a49436f\"><img loading=\"lazy\" decoding=\"async\" class=\"wp-image-3801 size-medium\" src=\"https:\/\/blogsaverroes.juntadeandalucia.es\/iesvirgendelcollado\/files\/2022\/09\/5D0DDD34-05F4-41F4-88C4-9FACB717CE1F-300x197.png\" alt=\"Enlace a UTILIDADES Y RECURSOS MICROSOFT EDUCACI\u00d3N\" width=\"300\" height=\"197\" srcset=\"https:\/\/blogsaverroes.juntadeandalucia.es\/iesvirgendelcollado\/files\/2022\/09\/5D0DDD34-05F4-41F4-88C4-9FACB717CE1F-300x197.png 300w, https:\/\/blogsaverroes.juntadeandalucia.es\/iesvirgendelcollado\/files\/2022\/09\/5D0DDD34-05F4-41F4-88C4-9FACB717CE1F.png 531w\" sizes=\"(max-width: 300px) 100vw, 300px\" \/><\/a><figcaption id=\"caption-attachment-3801\" class=\"wp-caption-text\"><strong><span style=\"color: #ff0000\">Enlace a UTILIDADES Y RECURSOS MICROSOFT EDUCACI\u00d3N<\/span><\/strong><\/figcaption><\/figure><\/blockquote>\n<p><a href=\"https:\/\/recursostde.notion.site\/Microsoft-Educaci-n-ce260fb74e7842eb92a977a99a49436f\"><span style=\"color: #0000ff\"><strong>Microsoft educaci\u00f3n Office 365<\/strong><\/span><br \/>\n<\/a>El alumnado, profesorado y personal de nuestro centro dispone tambi\u00e9n de la plataforma Office 365 &nbsp;para su uso educativo gestionada por la Consejer\u00eda de Desarrollo Educativo y Formaci\u00f3n Profesional de la Junta de Andaluc\u00eda,, bajo el dominio <span style=\"color: #ff0000\"><strong>@m.educaand.es.&nbsp;<\/strong><\/span><\/p>\n<p>Microsoft 365 para educaci\u00f3n es un servicio de Microsoft para instituciones educativas que ofrece el paquete Office 365 de f\u00e1cil manejo para el usuario y que ofrece la posibilidad de creaci\u00f3n y compartici\u00f3n de archivos.<\/p>\n<p style=\"text-align: center\"><strong><a href=\"https:\/\/www.juntadeandalucia.es\/educacion\/eaprendizaje\/microsoft365\/\">Office 365 en eAprendizaje. Preguntas frecuentes.<\/a><\/strong><\/p>\n<p>&nbsp;<\/p>\n","protected":false},"excerpt":{"rendered":"<p>Transformaci\u00f3n &nbsp;Digital Educativa (TDE). Plataformas y recursos educativos Moodle centros Ja\u00e9n. En el IES Virgen del Collado, Moodle Centros&nbsp; es la herramienta de gesti\u00f3n de aprendizaje (LMS), de Software Libre y gratuito, concebida para ayudar al profesorado a crear comunidades de aprendizaje en l\u00ednea, facilitando la gesti\u00f3n de contenidos, la comunicaci\u00f3n y la evaluaci\u00f3n. Su &hellip; <a href=\"https:\/\/blogsaverroes.juntadeandalucia.es\/iesvirgendelcollado\/3792-2\/\" class=\"more-link\">Seguir leyendo <span class=\"screen-reader-text\">TDE. Plataformas Virtuales<\/span> <span class=\"meta-nav\">&rarr;<\/span><\/a><\/p>\n","protected":false},"author":10578,"featured_media":0,"parent":0,"menu_order":0,"comment_status":"closed","ping_status":"closed","template":"","meta":{"ngg_post_thumbnail":0,"footnotes":"","_mc_calendar":[]},"aioseo_notices":[],"_links":{"self":[{"href":"https:\/\/blogsaverroes.juntadeandalucia.es\/iesvirgendelcollado\/wp-json\/wp\/v2\/pages\/3792"}],"collection":[{"href":"https:\/\/blogsaverroes.juntadeandalucia.es\/iesvirgendelcollado\/wp-json\/wp\/v2\/pages"}],"about":[{"href":"https:\/\/blogsaverroes.juntadeandalucia.es\/iesvirgendelcollado\/wp-json\/wp\/v2\/types\/page"}],"author":[{"embeddable":true,"href":"https:\/\/blogsaverroes.juntadeandalucia.es\/iesvirgendelcollado\/wp-json\/wp\/v2\/users\/10578"}],"replies":[{"embeddable":true,"href":"https:\/\/blogsaverroes.juntadeandalucia.es\/iesvirgendelcollado\/wp-json\/wp\/v2\/comments?post=3792"}],"version-history":[{"count":8,"href":"https:\/\/blogsaverroes.juntadeandalucia.es\/iesvirgendelcollado\/wp-json\/wp\/v2\/pages\/3792\/revisions"}],"predecessor-version":[{"id":3799,"href":"https:\/\/blogsaverroes.juntadeandalucia.es\/iesvirgendelcollado\/wp-json\/wp\/v2\/pages\/3792\/revisions\/3799"}],"wp:attachment":[{"href":"https:\/\/blogsaverroes.juntadeandalucia.es\/iesvirgendelcollado\/wp-json\/wp\/v2\/media?parent=3792"}],"curies":[{"name":"wp","href":"https:\/\/api.w.org\/{rel}","templated":true}]}}