{"id":3879,"date":"2022-09-10T15:00:36","date_gmt":"2022-09-10T13:00:36","guid":{"rendered":"https:\/\/blogsaverroes.juntadeandalucia.es\/iesvirgendelcollado\/?page_id=3879"},"modified":"2023-03-02T14:37:31","modified_gmt":"2023-03-02T12:37:31","slug":"steam","status":"publish","type":"page","link":"https:\/\/blogsaverroes.juntadeandalucia.es\/iesvirgendelcollado\/tde\/steam\/","title":{"rendered":"STEAM"},"content":{"rendered":"<p><span style=\"color: #ff0000\"><strong>STEAM:<\/strong><\/span><\/p>\n<p><span style=\"text-decoration: underline\"><a title=\"IRST\u00ae LEGO\u00ae League Espa\u00f1a 2022-2023\" href=\"https:\/\/www.firstlegoleague.soy\/\" target=\"_blank\" rel=\"noopener noreferrer\">FIRST\u00ae LEGO\u00ae League Espa\u00f1a 2022-2023.<\/a><\/span><\/p>\n<ul>\n<li>Metodolog\u00eda STEAM en el aula.<\/li>\n<li>Rob\u00f3tica.<\/li>\n<li>C\u00f3digo en el aula. Scratch.<\/li>\n<li>Impresoras 3D.<\/li>\n<li>Virtualizaci\u00f3n.<\/li>\n<li>Investigaci\u00f3n Aeroespacial.<\/li>\n<li>Aula del Futuro.<\/li>\n<li>Inteligencia Artificial.<\/li>\n<\/ul>\n<table style=\"border-collapse: collapse;width: 156.962%;height: 174px\">\n<tbody>\n<tr>\n<td style=\"width: 50%\">\n<p><figure id=\"attachment_3880\" aria-describedby=\"caption-attachment-3880\" style=\"width: 300px\" class=\"wp-caption alignnone\"><a href=\"https:\/\/recursostde.notion.site\/Metodolog-a-STEAM-en-el-aula-2bd8b00f332d4603af4ead118184c97b\"><img loading=\"lazy\" decoding=\"async\" class=\"wp-image-3880 size-medium\" src=\"https:\/\/blogsaverroes.juntadeandalucia.es\/iesvirgendelcollado\/files\/2022\/09\/Metodolog\u00eda-STEAM-300x89.gif\" alt=\"Metodolog\u00eda STEAM en el aula\" width=\"300\" height=\"89\" srcset=\"https:\/\/blogsaverroes.juntadeandalucia.es\/iesvirgendelcollado\/files\/2022\/09\/Metodolog\u00eda-STEAM-300x89.gif 300w, https:\/\/blogsaverroes.juntadeandalucia.es\/iesvirgendelcollado\/files\/2022\/09\/Metodolog\u00eda-STEAM-768x229.gif 768w\" sizes=\"(max-width: 300px) 100vw, 300px\" \/><\/a><figcaption id=\"caption-attachment-3880\" class=\"wp-caption-text\"><strong><span style=\"color: #ff0000\">Metodolog\u00eda STEAM en el aula<\/span><\/strong><\/figcaption><\/figure><\/td>\n<td style=\"width: 50%\">\n<p><figure id=\"attachment_3881\" aria-describedby=\"caption-attachment-3881\" style=\"width: 300px\" class=\"wp-caption alignnone\"><a href=\"https:\/\/recursostde.notion.site\/Rob-tica-627556f2137e4c8b92db12c7ef8c610b\"><img loading=\"lazy\" decoding=\"async\" class=\"wp-image-3881 size-medium\" src=\"https:\/\/blogsaverroes.juntadeandalucia.es\/iesvirgendelcollado\/files\/2022\/09\/Rob\u00f3tica-300x200.png\" alt=\"Rob\u00f3tica\" width=\"300\" height=\"200\" srcset=\"https:\/\/blogsaverroes.juntadeandalucia.es\/iesvirgendelcollado\/files\/2022\/09\/Rob\u00f3tica-300x200.png 300w, https:\/\/blogsaverroes.juntadeandalucia.es\/iesvirgendelcollado\/files\/2022\/09\/Rob\u00f3tica-1024x683.png 1024w, https:\/\/blogsaverroes.juntadeandalucia.es\/iesvirgendelcollado\/files\/2022\/09\/Rob\u00f3tica-768x512.png 768w, https:\/\/blogsaverroes.juntadeandalucia.es\/iesvirgendelcollado\/files\/2022\/09\/Rob\u00f3tica.png 1366w\" sizes=\"(max-width: 300px) 100vw, 300px\" \/><\/a><figcaption id=\"caption-attachment-3881\" class=\"wp-caption-text\"><strong><span style=\"color: #ff0000\">Rob\u00f3tica<\/span><\/strong><\/figcaption><\/figure><\/td>\n<\/tr>\n<tr>\n<td style=\"width: 50%\">\n<p><figure id=\"attachment_3882\" aria-describedby=\"caption-attachment-3882\" style=\"width: 300px\" class=\"wp-caption alignnone\"><a href=\"https:\/\/recursostde.notion.site\/C-digo-en-el-aula-368af593f5a845bb839cee6d94f67f7e\"><img loading=\"lazy\" decoding=\"async\" class=\"wp-image-3882 size-medium\" src=\"https:\/\/blogsaverroes.juntadeandalucia.es\/iesvirgendelcollado\/files\/2022\/09\/C\u00f3digo-en-el-aula-300x101.png\" alt=\"C\u00f3digo en el aula. Scratch.\" width=\"300\" height=\"101\" srcset=\"https:\/\/blogsaverroes.juntadeandalucia.es\/iesvirgendelcollado\/files\/2022\/09\/C\u00f3digo-en-el-aula-300x101.png 300w, https:\/\/blogsaverroes.juntadeandalucia.es\/iesvirgendelcollado\/files\/2022\/09\/C\u00f3digo-en-el-aula-1024x344.png 1024w, https:\/\/blogsaverroes.juntadeandalucia.es\/iesvirgendelcollado\/files\/2022\/09\/C\u00f3digo-en-el-aula-768x258.png 768w, https:\/\/blogsaverroes.juntadeandalucia.es\/iesvirgendelcollado\/files\/2022\/09\/C\u00f3digo-en-el-aula.png 1366w\" sizes=\"(max-width: 300px) 100vw, 300px\" \/><\/a><figcaption id=\"caption-attachment-3882\" class=\"wp-caption-text\"><strong><span style=\"color: #ff0000\">C\u00f3digo en el aula. Scratch.<\/span><\/strong><\/figcaption><\/figure><\/td>\n<td style=\"width: 50%\">\n<p><figure id=\"attachment_3883\" aria-describedby=\"caption-attachment-3883\" style=\"width: 300px\" class=\"wp-caption alignnone\"><a href=\"https:\/\/recursostde.notion.site\/Impresoras-3D-6c0b625a0c43449488d5f44fd6d048d7\"><img loading=\"lazy\" decoding=\"async\" class=\"wp-image-3883 size-medium\" src=\"https:\/\/blogsaverroes.juntadeandalucia.es\/iesvirgendelcollado\/files\/2022\/09\/Impresoras-3D-300x200.png\" alt=\"Impresoras 3D\" width=\"300\" height=\"200\" srcset=\"https:\/\/blogsaverroes.juntadeandalucia.es\/iesvirgendelcollado\/files\/2022\/09\/Impresoras-3D-300x200.png 300w, https:\/\/blogsaverroes.juntadeandalucia.es\/iesvirgendelcollado\/files\/2022\/09\/Impresoras-3D-1024x683.png 1024w, https:\/\/blogsaverroes.juntadeandalucia.es\/iesvirgendelcollado\/files\/2022\/09\/Impresoras-3D-768x512.png 768w, https:\/\/blogsaverroes.juntadeandalucia.es\/iesvirgendelcollado\/files\/2022\/09\/Impresoras-3D.png 1313w\" sizes=\"(max-width: 300px) 100vw, 300px\" \/><\/a><figcaption id=\"caption-attachment-3883\" class=\"wp-caption-text\"><strong><span style=\"color: #ff0000\">Impresoras 3D<\/span><\/strong><\/figcaption><\/figure><\/td>\n<\/tr>\n<tr>\n<td style=\"width: 50%\">\n<p><figure id=\"attachment_3884\" aria-describedby=\"caption-attachment-3884\" style=\"width: 300px\" class=\"wp-caption alignnone\"><a href=\"https:\/\/recursostde.notion.site\/Virtualizaci-n-da4865a47c994084b05f1f407728aefd\"><img loading=\"lazy\" decoding=\"async\" class=\"wp-image-3884 size-medium\" src=\"https:\/\/blogsaverroes.juntadeandalucia.es\/iesvirgendelcollado\/files\/2022\/09\/Virtualizaci\u00f3n-300x200.png\" alt=\"Virtualizaci\u00f3n\" width=\"300\" height=\"200\" srcset=\"https:\/\/blogsaverroes.juntadeandalucia.es\/iesvirgendelcollado\/files\/2022\/09\/Virtualizaci\u00f3n-300x200.png 300w, https:\/\/blogsaverroes.juntadeandalucia.es\/iesvirgendelcollado\/files\/2022\/09\/Virtualizaci\u00f3n-1024x683.png 1024w, https:\/\/blogsaverroes.juntadeandalucia.es\/iesvirgendelcollado\/files\/2022\/09\/Virtualizaci\u00f3n-768x512.png 768w, https:\/\/blogsaverroes.juntadeandalucia.es\/iesvirgendelcollado\/files\/2022\/09\/Virtualizaci\u00f3n.png 1200w\" sizes=\"(max-width: 300px) 100vw, 300px\" \/><\/a><figcaption id=\"caption-attachment-3884\" class=\"wp-caption-text\"><strong><span style=\"color: #ff0000\">Virtualizaci\u00f3n<\/span><\/strong><\/figcaption><\/figure><\/td>\n<td style=\"width: 50%\">\n<p><figure id=\"attachment_3885\" aria-describedby=\"caption-attachment-3885\" style=\"width: 300px\" class=\"wp-caption alignnone\"><a href=\"https:\/\/recursostde.notion.site\/Investigaci-n-aeroespacial-493d751c08764794ae3a3a77cc0c9886\"><img loading=\"lazy\" decoding=\"async\" class=\"wp-image-3885 size-medium\" src=\"https:\/\/blogsaverroes.juntadeandalucia.es\/iesvirgendelcollado\/files\/2022\/09\/aeroespacial-300x204.jpg\" alt=\"Investigaci\u00f3n Aeroespacial\" width=\"300\" height=\"204\" srcset=\"https:\/\/blogsaverroes.juntadeandalucia.es\/iesvirgendelcollado\/files\/2022\/09\/aeroespacial-300x204.jpg 300w, https:\/\/blogsaverroes.juntadeandalucia.es\/iesvirgendelcollado\/files\/2022\/09\/aeroespacial-1024x698.jpg 1024w, https:\/\/blogsaverroes.juntadeandalucia.es\/iesvirgendelcollado\/files\/2022\/09\/aeroespacial-768x523.jpg 768w, https:\/\/blogsaverroes.juntadeandalucia.es\/iesvirgendelcollado\/files\/2022\/09\/aeroespacial.jpg 1108w\" sizes=\"(max-width: 300px) 100vw, 300px\" \/><\/a><figcaption id=\"caption-attachment-3885\" class=\"wp-caption-text\"><strong><span style=\"color: #ff0000\">Investigaci\u00f3n Aeroespacial<\/span><\/strong><\/figcaption><\/figure><\/td>\n<\/tr>\n<tr>\n<td style=\"width: 50%\">\n<p><figure id=\"attachment_3886\" aria-describedby=\"caption-attachment-3886\" style=\"width: 300px\" class=\"wp-caption alignnone\"><a href=\"https:\/\/recursostde.notion.site\/Aula-del-Futuro-844347dfa77045d7919b20737edb9a76\"><img loading=\"lazy\" decoding=\"async\" class=\"wp-image-3886 size-medium\" src=\"https:\/\/blogsaverroes.juntadeandalucia.es\/iesvirgendelcollado\/files\/2022\/09\/Aula_Futuro_INTEF_Zonas-300x200.png\" alt=\"Aula del Futuro\" width=\"300\" height=\"200\" srcset=\"https:\/\/blogsaverroes.juntadeandalucia.es\/iesvirgendelcollado\/files\/2022\/09\/Aula_Futuro_INTEF_Zonas-300x200.png 300w, https:\/\/blogsaverroes.juntadeandalucia.es\/iesvirgendelcollado\/files\/2022\/09\/Aula_Futuro_INTEF_Zonas-1024x684.png 1024w, https:\/\/blogsaverroes.juntadeandalucia.es\/iesvirgendelcollado\/files\/2022\/09\/Aula_Futuro_INTEF_Zonas-768x513.png 768w, https:\/\/blogsaverroes.juntadeandalucia.es\/iesvirgendelcollado\/files\/2022\/09\/Aula_Futuro_INTEF_Zonas-1536x1025.png 1536w, https:\/\/blogsaverroes.juntadeandalucia.es\/iesvirgendelcollado\/files\/2022\/09\/Aula_Futuro_INTEF_Zonas.png 1600w\" sizes=\"(max-width: 300px) 100vw, 300px\" \/><\/a><figcaption id=\"caption-attachment-3886\" class=\"wp-caption-text\"><strong><span style=\"color: #ff0000\">Aula del Futuro<\/span><\/strong><\/figcaption><\/figure><\/td>\n<td style=\"width: 50%\">\n<p><figure id=\"attachment_3887\" aria-describedby=\"caption-attachment-3887\" style=\"width: 300px\" class=\"wp-caption alignnone\"><a href=\"https:\/\/recursostde.notion.site\/IA-Inteligencia-Artificial-206a81d5b58d419dbcfa9608436cde57\"><img loading=\"lazy\" decoding=\"async\" class=\"wp-image-3887 size-medium\" src=\"https:\/\/blogsaverroes.juntadeandalucia.es\/iesvirgendelcollado\/files\/2022\/09\/Inteligencia-Artificial-300x188.png\" alt=\"Inteligencia Artificial\" width=\"300\" height=\"188\" srcset=\"https:\/\/blogsaverroes.juntadeandalucia.es\/iesvirgendelcollado\/files\/2022\/09\/Inteligencia-Artificial-300x188.png 300w, https:\/\/blogsaverroes.juntadeandalucia.es\/iesvirgendelcollado\/files\/2022\/09\/Inteligencia-Artificial-1024x640.png 1024w, https:\/\/blogsaverroes.juntadeandalucia.es\/iesvirgendelcollado\/files\/2022\/09\/Inteligencia-Artificial-768x480.png 768w, https:\/\/blogsaverroes.juntadeandalucia.es\/iesvirgendelcollado\/files\/2022\/09\/Inteligencia-Artificial-1536x960.png 1536w, https:\/\/blogsaverroes.juntadeandalucia.es\/iesvirgendelcollado\/files\/2022\/09\/Inteligencia-Artificial.png 1600w\" sizes=\"(max-width: 300px) 100vw, 300px\" \/><\/a><figcaption id=\"caption-attachment-3887\" class=\"wp-caption-text\"><strong><span style=\"color: #ff0000\">Inteligencia Artificial<\/span><\/strong><\/figcaption><\/figure><\/td>\n<\/tr>\n<\/tbody>\n<\/table>\n","protected":false},"excerpt":{"rendered":"<p>STEAM: FIRST\u00ae LEGO\u00ae League Espa\u00f1a 2022-2023. Metodolog\u00eda STEAM en el aula. Rob\u00f3tica. C\u00f3digo en el aula. Scratch. Impresoras 3D. Virtualizaci\u00f3n. Investigaci\u00f3n Aeroespacial. Aula del Futuro. Inteligencia Artificial.<\/p>\n","protected":false},"author":10578,"featured_media":0,"parent":3804,"menu_order":0,"comment_status":"closed","ping_status":"closed","template":"","meta":{"ngg_post_thumbnail":0,"footnotes":"","_mc_calendar":[]},"aioseo_notices":[],"_links":{"self":[{"href":"https:\/\/blogsaverroes.juntadeandalucia.es\/iesvirgendelcollado\/wp-json\/wp\/v2\/pages\/3879"}],"collection":[{"href":"https:\/\/blogsaverroes.juntadeandalucia.es\/iesvirgendelcollado\/wp-json\/wp\/v2\/pages"}],"about":[{"href":"https:\/\/blogsaverroes.juntadeandalucia.es\/iesvirgendelcollado\/wp-json\/wp\/v2\/types\/page"}],"author":[{"embeddable":true,"href":"https:\/\/blogsaverroes.juntadeandalucia.es\/iesvirgendelcollado\/wp-json\/wp\/v2\/users\/10578"}],"replies":[{"embeddable":true,"href":"https:\/\/blogsaverroes.juntadeandalucia.es\/iesvirgendelcollado\/wp-json\/wp\/v2\/comments?post=3879"}],"version-history":[{"count":4,"href":"https:\/\/blogsaverroes.juntadeandalucia.es\/iesvirgendelcollado\/wp-json\/wp\/v2\/pages\/3879\/revisions"}],"predecessor-version":[{"id":4458,"href":"https:\/\/blogsaverroes.juntadeandalucia.es\/iesvirgendelcollado\/wp-json\/wp\/v2\/pages\/3879\/revisions\/4458"}],"up":[{"embeddable":true,"href":"https:\/\/blogsaverroes.juntadeandalucia.es\/iesvirgendelcollado\/wp-json\/wp\/v2\/pages\/3804"}],"wp:attachment":[{"href":"https:\/\/blogsaverroes.juntadeandalucia.es\/iesvirgendelcollado\/wp-json\/wp\/v2\/media?parent=3879"}],"curies":[{"name":"wp","href":"https:\/\/api.w.org\/{rel}","templated":true}]}}