{"id":4041,"date":"2022-11-03T11:33:02","date_gmt":"2022-11-03T09:33:02","guid":{"rendered":"https:\/\/blogsaverroes.juntadeandalucia.es\/iesvirgendelcollado\/?page_id=4041"},"modified":"2022-11-03T13:09:55","modified_gmt":"2022-11-03T11:09:55","slug":"aula-djaque","status":"publish","type":"page","link":"https:\/\/blogsaverroes.juntadeandalucia.es\/iesvirgendelcollado\/planes-y-proyectos\/aula-djaque\/","title":{"rendered":"Aula DJaque"},"content":{"rendered":"<header class=\"\">\n<h2 id=\"detalle_contenido-programas-culturales-auladjaque\" class=\"titulo\">AulaDjaque&nbsp;<\/h2>\n<h2 class=\"titulo\"><a title=\"P\u00e1gina web COLABORA\" href=\"https:\/\/colaboraeducacion30.juntadeandalucia.es\/educacion\/colabora\/web\/auladjaque\">P\u00e1gina web COLABORA<\/a><\/h2>\n<\/header>\n<div class=\"contenido_detalle\">\n<div class=\"imagen-representativa imagen-web image-position-right\">\n<figure><img decoding=\"async\" src=\"https:\/\/www.juntadeandalucia.es\/educacion\/portals\/delegate\/thumbnail\/png_abaco_big\/6be23915-7415-4847-9782-2bf04e3a52d3\" alt=\"Logotipo aulaDjaque\"><\/figure>\n<\/div>\n<section class=\"cuerpo detalle_html\">\n<div class=\"inner_cuerpo\">\n<p>En las \u00faltimas d\u00e9cadas, y en distintos contextos y lugares, el ajedrez se ha revelado como un recurso eficaz de innovaci\u00f3n educativa, l\u00fadico, transversal e interdisciplinar. El presente proyecto nace con el objetivo de formar y capacitar al profesorado de los distintos ciclos educativos, a fin de que puedan implementar el ajedrez como una herramienta pedag\u00f3gica en el aula.<\/p>\n<p>Con este proyecto pretendemos ayudar al alumnado en el desarrollo de sus habilidades cognitivas y socio-afectivas. El juego del ajedrez favorece, entre otras capacidades, la memoria, la concentraci\u00f3n, la toma de decisiones, la reflexi\u00f3n, la visi\u00f3n espacial o el razonamiento l\u00f3gico-matem\u00e1tico. Desde un punto de vista emocional la pr\u00e1ctica del ajedrez ayuda a reconocer los errores, a no buscar excusas, a obtener un sentido de logro y una mayor autoestima, a llevar la iniciativa cuando es preciso; y todo ello tanto dentro como fuera del tablero.<\/p>\n<p><a title=\"Enlace Aula DJaque Consejer\u00eda\" href=\"https:\/\/www.juntadeandalucia.es\/educacion\/portals\/web\/ced\/planesyprogramas\/detalle\/-\/contenidos\/detalle\/contenido-programas-culturales-auladjaque\">Enlace Aula DJaque Consejer\u00eda<\/a><\/p>\n<p>&nbsp;<\/p>\n<\/div>\n<\/section>\n<\/div>\n","protected":false},"excerpt":{"rendered":"<p>AulaDjaque&nbsp; P\u00e1gina web COLABORA En las \u00faltimas d\u00e9cadas, y en distintos contextos y lugares, el ajedrez se ha revelado como un recurso eficaz de innovaci\u00f3n educativa, l\u00fadico, transversal e interdisciplinar. El presente proyecto nace con el objetivo de formar y capacitar al profesorado de los distintos ciclos educativos, a fin de que puedan implementar el &hellip; <a href=\"https:\/\/blogsaverroes.juntadeandalucia.es\/iesvirgendelcollado\/planes-y-proyectos\/aula-djaque\/\" class=\"more-link\">Seguir leyendo <span class=\"screen-reader-text\">Aula DJaque<\/span> <span class=\"meta-nav\">&rarr;<\/span><\/a><\/p>\n","protected":false},"author":10578,"featured_media":0,"parent":44,"menu_order":0,"comment_status":"closed","ping_status":"closed","template":"","meta":{"ngg_post_thumbnail":0,"footnotes":"","_mc_calendar":[]},"aioseo_notices":[],"_links":{"self":[{"href":"https:\/\/blogsaverroes.juntadeandalucia.es\/iesvirgendelcollado\/wp-json\/wp\/v2\/pages\/4041"}],"collection":[{"href":"https:\/\/blogsaverroes.juntadeandalucia.es\/iesvirgendelcollado\/wp-json\/wp\/v2\/pages"}],"about":[{"href":"https:\/\/blogsaverroes.juntadeandalucia.es\/iesvirgendelcollado\/wp-json\/wp\/v2\/types\/page"}],"author":[{"embeddable":true,"href":"https:\/\/blogsaverroes.juntadeandalucia.es\/iesvirgendelcollado\/wp-json\/wp\/v2\/users\/10578"}],"replies":[{"embeddable":true,"href":"https:\/\/blogsaverroes.juntadeandalucia.es\/iesvirgendelcollado\/wp-json\/wp\/v2\/comments?post=4041"}],"version-history":[{"count":3,"href":"https:\/\/blogsaverroes.juntadeandalucia.es\/iesvirgendelcollado\/wp-json\/wp\/v2\/pages\/4041\/revisions"}],"predecessor-version":[{"id":4046,"href":"https:\/\/blogsaverroes.juntadeandalucia.es\/iesvirgendelcollado\/wp-json\/wp\/v2\/pages\/4041\/revisions\/4046"}],"up":[{"embeddable":true,"href":"https:\/\/blogsaverroes.juntadeandalucia.es\/iesvirgendelcollado\/wp-json\/wp\/v2\/pages\/44"}],"wp:attachment":[{"href":"https:\/\/blogsaverroes.juntadeandalucia.es\/iesvirgendelcollado\/wp-json\/wp\/v2\/media?parent=4041"}],"curies":[{"name":"wp","href":"https:\/\/api.w.org\/{rel}","templated":true}]}}